{"id":10329,"date":"2025-06-10T09:02:12","date_gmt":"2025-06-10T09:02:12","guid":{"rendered":"https:\/\/www.marbella.gr\/?page_id=10329"},"modified":"2025-06-16T10:28:32","modified_gmt":"2025-06-16T10:28:32","slug":"magazine","status":"publish","type":"page","link":"https:\/\/www.marbella.gr\/de\/magazine\/","title":{"rendered":"Amalgam"},"content":{"rendered":"<p>Willkommen zur ersten Ausgabe von Amalgam - dem Jahresmagazin von Mar-Bella Collection. Wie der Name schon sagt, ist diese Ausgabe eine harmonische Verschmelzung von Perspektiven, Orten und Geschichten, die die Essenz dessen widerspiegeln, was wir sind.<br \/>\nAmalgam f\u00e4ngt den Geist unserer beiden gesch\u00e4tzten Reiseziele ein: Korfu mit seinem feinen ionischen Charme und seinem kulturellen Reichtum und Epirus, wo unber\u00fchrte Natur und tief verwurzelte Authentizit\u00e4t die Landschaft pr\u00e4gen. Zusammen bilden sie einen unwiderstehlichen Kontrast - ein Mosaik aus Erfahrungen und Emotionen, das den Kern unserer Kollektion bildet.<\/p>\n<p>Wir teilen die Werte, Visionen und Gef\u00fchle, die unseren Ansatz der Gastfreundschaft pr\u00e4gen.<\/p>","protected":false},"excerpt":{"rendered":"<p>Welcome to the first issue of Amalgam \u2014 the annual magazine of Mar-Bella Collection. True to its name, this edition is a harmonious fusion of perspectives, places, and stories that reflect the essence of who we are. Amalgam captures the spirit of our two cherished destinations: Corfu, with its refined Ionian charm and cultural richness, [&#8230;]<\/p>\n<p><a class=\"btn btn-secondary understrap-read-more-link\" href=\"https:\/\/www.marbella.gr\/de\/magazine\/\">Read More&#8230;<span class=\"screen-reader-text\"> from Amalgam<\/span><\/a><\/p>\n","protected":false},"author":13,"featured_media":0,"parent":0,"menu_order":0,"comment_status":"closed","ping_status":"closed","template":"page-templates\/flipbooks.php","meta":{"_acf_changed":false,"footnotes":""},"class_list":["post-10329","page","type-page","status-publish","hentry"],"acf":[],"yoast_head":"<!-- This site is optimized with the Yoast SEO plugin v27.5 - https:\/\/yoast.com\/product\/yoast-seo-wordpress\/ -->\n<title>Amalgam - Mar-Bella Collection<\/title>\n<meta name=\"robots\" content=\"index, follow, max-snippet:-1, max-image-preview:large, max-video-preview:-1\" \/>\n<link rel=\"canonical\" href=\"https:\/\/www.marbella.gr\/de\/magazine\/\" \/>\n<meta property=\"og:locale\" content=\"de_DE\" \/>\n<meta property=\"og:type\" content=\"article\" \/>\n<meta property=\"og:title\" content=\"Amalgam - Mar-Bella Collection\" \/>\n<meta property=\"og:description\" content=\"Welcome to the first issue of Amalgam \u2014 the annual magazine of Mar-Bella Collection. True to its name, this edition is a harmonious fusion of perspectives, places, and stories that reflect the essence of who we are. Amalgam captures the spirit of our two cherished destinations: Corfu, with its refined Ionian charm and cultural richness, [...]Read More... from Amalgam\" \/>\n<meta property=\"og:url\" content=\"https:\/\/www.marbella.gr\/de\/magazine\/\" \/>\n<meta property=\"og:site_name\" content=\"Mar-Bella Collection\" \/>\n<meta property=\"article:modified_time\" content=\"2025-06-16T10:28:32+00:00\" \/>\n<meta property=\"og:image\" content=\"https:\/\/www.marbella.gr\/app\/uploads\/2024\/05\/Elix_Water-Sports-2-scaled.jpg\" \/>\n\t<meta property=\"og:image:width\" content=\"2560\" \/>\n\t<meta property=\"og:image:height\" content=\"1705\" \/>\n\t<meta property=\"og:image:type\" content=\"image\/jpeg\" \/>\n<meta name=\"twitter:card\" content=\"summary_large_image\" \/>\n<meta name=\"twitter:label1\" content=\"Gesch\u00e4tzte Lesezeit\" \/>\n\t<meta name=\"twitter:data1\" content=\"1\u00a0Minute\" \/>\n<!-- \/ Yoast SEO plugin. -->","yoast_head_json":{"title":"Amalgam - Kollektion Mar-Bella","robots":{"index":"index","follow":"follow","max-snippet":"max-snippet:-1","max-image-preview":"max-image-preview:large","max-video-preview":"max-video-preview:-1"},"canonical":"https:\/\/www.marbella.gr\/de\/magazine\/","og_locale":"de_DE","og_type":"article","og_title":"Amalgam - Mar-Bella Collection","og_description":"Welcome to the first issue of Amalgam \u2014 the annual magazine of Mar-Bella Collection. True to its name, this edition is a harmonious fusion of perspectives, places, and stories that reflect the essence of who we are. Amalgam captures the spirit of our two cherished destinations: Corfu, with its refined Ionian charm and cultural richness, [...]Read More... from Amalgam","og_url":"https:\/\/www.marbella.gr\/de\/magazine\/","og_site_name":"Mar-Bella Collection","article_modified_time":"2025-06-16T10:28:32+00:00","og_image":[{"width":2560,"height":1705,"url":"https:\/\/www.marbella.gr\/app\/uploads\/2024\/05\/Elix_Water-Sports-2-scaled.jpg","type":"image\/jpeg"}],"twitter_card":"summary_large_image","twitter_misc":{"Gesch\u00e4tzte Lesezeit":"1\u00a0Minute"},"schema":{"@context":"https:\/\/schema.org","@graph":[{"@type":"WebPage","@id":"https:\/\/www.marbella.gr\/magazine\/","url":"https:\/\/www.marbella.gr\/magazine\/","name":"Amalgam - Kollektion Mar-Bella","isPartOf":{"@id":"https:\/\/www.marbella.gr\/#website"},"datePublished":"2025-06-10T09:02:12+00:00","dateModified":"2025-06-16T10:28:32+00:00","breadcrumb":{"@id":"https:\/\/www.marbella.gr\/magazine\/#breadcrumb"},"inLanguage":"de","potentialAction":[{"@type":"ReadAction","target":["https:\/\/www.marbella.gr\/magazine\/"]}]},{"@type":"BreadcrumbList","@id":"https:\/\/www.marbella.gr\/magazine\/#breadcrumb","itemListElement":[{"@type":"ListItem","position":1,"name":"Home","item":"https:\/\/www.marbella.gr\/"},{"@type":"ListItem","position":2,"name":"Amalgam"}]},{"@type":"WebSite","@id":"https:\/\/www.marbella.gr\/#website","url":"https:\/\/www.marbella.gr\/","name":"MarBella","description":"Eine Familie von Hotels, die Sie mit dem wundersch\u00f6nen Ionischen Meer verbindet","publisher":{"@id":"https:\/\/www.marbella.gr\/#organization"},"alternateName":"MarBella","potentialAction":[{"@type":"SearchAction","target":{"@type":"EntryPoint","urlTemplate":"https:\/\/www.marbella.gr\/?s={search_term_string}"},"query-input":{"@type":"PropertyValueSpecification","valueRequired":true,"valueName":"search_term_string"}}],"inLanguage":"de"},{"@type":"Organization","@id":"https:\/\/www.marbella.gr\/#organization","name":"MarBella","url":"https:\/\/www.marbella.gr\/","logo":{"@type":"ImageObject","inLanguage":"de","@id":"https:\/\/www.marbella.gr\/#\/schema\/logo\/image\/","url":"https:\/\/www.marbella.gr\/app\/uploads\/2023\/06\/Marbella-collection.png","contentUrl":"https:\/\/www.marbella.gr\/app\/uploads\/2023\/06\/Marbella-collection.png","width":230,"height":75,"caption":"MarBella"},"image":{"@id":"https:\/\/www.marbella.gr\/#\/schema\/logo\/image\/"}}]}},"_links":{"self":[{"href":"https:\/\/www.marbella.gr\/de\/wp-json\/wp\/v2\/pages\/10329","targetHints":{"allow":["GET"]}}],"collection":[{"href":"https:\/\/www.marbella.gr\/de\/wp-json\/wp\/v2\/pages"}],"about":[{"href":"https:\/\/www.marbella.gr\/de\/wp-json\/wp\/v2\/types\/page"}],"author":[{"embeddable":true,"href":"https:\/\/www.marbella.gr\/de\/wp-json\/wp\/v2\/users\/13"}],"replies":[{"embeddable":true,"href":"https:\/\/www.marbella.gr\/de\/wp-json\/wp\/v2\/comments?post=10329"}],"version-history":[{"count":7,"href":"https:\/\/www.marbella.gr\/de\/wp-json\/wp\/v2\/pages\/10329\/revisions"}],"predecessor-version":[{"id":10338,"href":"https:\/\/www.marbella.gr\/de\/wp-json\/wp\/v2\/pages\/10329\/revisions\/10338"}],"wp:attachment":[{"href":"https:\/\/www.marbella.gr\/de\/wp-json\/wp\/v2\/media?parent=10329"}],"curies":[{"name":"wp","href":"https:\/\/api.w.org\/{rel}","templated":true}]}}