{"id":1038,"date":"2023-03-17T10:02:04","date_gmt":"2023-03-17T10:02:04","guid":{"rendered":"https:\/\/www.marbella.gr\/?page_id=1038"},"modified":"2025-01-27T08:41:19","modified_gmt":"2025-01-27T08:41:19","slug":"privacy-policy","status":"publish","type":"page","link":"https:\/\/www.marbella.gr\/de\/privacy-policy\/","title":{"rendered":"Datenschutzbestimmungen"},"content":{"rendered":"<p><strong>Die S.A. mit dem Firmennamen \"MARBELLA Hotel and Tourist Enterprises S.A.\".\u00a0<\/strong>und der unverwechselbare Titel\u00a0<strong>\"MARBELLA S.A.\"<\/strong>\u00a0<strong>(nachstehend das Unternehmen),<\/strong>\u00a0mit Sitz in Agios Ioannis Peristeron, Korfu, ist Eigent\u00fcmer und Betreiber von\u00a0<strong>das Hotel \"MARBELLA CORFU\" (nachstehend das Hotel)<\/strong>ist sich der Schwere des Problems der Gew\u00e4hrleistung des Schutzes personenbezogener Daten bewusst und informiert Sie dar\u00fcber, dass die Verarbeitung Ihrer personenbezogenen Daten, die entweder \u00fcber die Website gesammelt werden\u00a0<strong>\"www.marbella.gr\" (nachstehend die Website)<\/strong>\u00a0oder aus anderen Quellen, wenn Sie das Hotel besuchen, wird gem\u00e4\u00df der geltenden Gesetzgebung zum Datenschutz (Verordnung (EU) 2016\/679) - im Folgenden die \"GDPR-Verordnung\") und der vorliegenden\u00a0<strong>Datenschutzbestimmungen<\/strong>.<\/p>\n<p>Die\u00a0<strong>Datenschutzbestimmungen<\/strong>\u00a0informiert Sie \u00fcber die Art und Weise der Verarbeitung Ihrer personenbezogenen Daten, die von der Gesellschaft entweder \u00fcber die Website \"www.marbella.gr\" oder aus anderen Quellen gesammelt werden, wenn Sie das Hotel besuchen, und stellt einen Informationshinweis f\u00fcr die betroffenen Personen gem\u00e4\u00df den Bestimmungen der DSGVO dar. Besondere Informationen \u00fcber die Verarbeitung Ihrer personenbezogenen Daten k\u00f6nnen auch in Formularen enthalten sein, die Sie unterschreiben m\u00fcssen, um an den Aktivit\u00e4ten des Hotels teilzunehmen oder um die im Hotel angebotenen Dienstleistungen in Anspruch nehmen zu k\u00f6nnen.<\/p>\n<p>&nbsp;<\/p>","protected":false},"excerpt":{"rendered":"<p>The S.A. company with the corporate name \u201cMARBELLA Hotel and Tourist Enterprises S.A.\u201d\u00a0and the distinctive title\u00a0\u201cMARBELLA S.A.\u201d\u00a0(hereinafter the Company),\u00a0which is seated in Agios Ioannis Peristeron Corfu, is the owner of and is operating\u00a0the Hotel \u201cMARBELLA CORFU\u201d (hereinafter the Hotel)acknowledges the severity of the issue of ensuring the protection of personal data and informs you that [&#8230;]<\/p>\n<p><a class=\"btn btn-secondary understrap-read-more-link\" href=\"https:\/\/www.marbella.gr\/de\/privacy-policy\/\">Read More&#8230;<span class=\"screen-reader-text\"> from Privacy Policy<\/span><\/a><\/p>\n","protected":false},"author":1,"featured_media":0,"parent":0,"menu_order":0,"comment_status":"closed","ping_status":"closed","template":"","meta":{"_acf_changed":false,"footnotes":""},"class_list":["post-1038","page","type-page","status-publish","hentry"],"acf":[],"yoast_head":"<!-- This site is optimized with the Yoast SEO plugin v27.5 - https:\/\/yoast.com\/product\/yoast-seo-wordpress\/ -->\n<title>Privacy Policy | Mar-Bella Collection<\/title>\n<meta name=\"description\" content=\"At Mar-Bella Collection, we value and respect the time you spend on our websites. Read all about our Privacy Policy and how your personal data is protected.\" \/>\n<meta name=\"robots\" content=\"index, follow, max-snippet:-1, max-image-preview:large, max-video-preview:-1\" \/>\n<link rel=\"canonical\" href=\"https:\/\/www.marbella.gr\/de\/privacy-policy\/\" \/>\n<meta property=\"og:locale\" content=\"de_DE\" \/>\n<meta property=\"og:type\" content=\"article\" \/>\n<meta property=\"og:title\" content=\"Privacy Policy | Mar-Bella Collection\" \/>\n<meta property=\"og:description\" content=\"At Mar-Bella Collection, we value and respect the time you spend on our websites. Read all about our Privacy Policy and how your personal data is protected.\" \/>\n<meta property=\"og:url\" content=\"https:\/\/www.marbella.gr\/de\/privacy-policy\/\" \/>\n<meta property=\"og:site_name\" content=\"Mar-Bella Collection\" \/>\n<meta property=\"article:modified_time\" content=\"2025-01-27T08:41:19+00:00\" \/>\n<meta property=\"og:image\" content=\"https:\/\/www.marbella.gr\/app\/uploads\/2024\/05\/Elix_Water-Sports-2-scaled.jpg\" \/>\n\t<meta property=\"og:image:width\" content=\"2560\" \/>\n\t<meta property=\"og:image:height\" content=\"1705\" \/>\n\t<meta property=\"og:image:type\" content=\"image\/jpeg\" \/>\n<meta name=\"twitter:card\" content=\"summary_large_image\" \/>\n<meta name=\"twitter:label1\" content=\"Gesch\u00e4tzte Lesezeit\" \/>\n\t<meta name=\"twitter:data1\" content=\"1\u00a0Minute\" \/>\n<!-- \/ Yoast SEO plugin. -->","yoast_head_json":{"title":"Datenschutzerkl\u00e4rung | Mar-Bella Collection","description":"Wir von Mar-Bella Collection sch\u00e4tzen und respektieren die Zeit, die Sie auf unseren Websites verbringen. Lesen Sie alles \u00fcber unsere Datenschutzpolitik und wie Ihre pers\u00f6nlichen Daten gesch\u00fctzt werden.","robots":{"index":"index","follow":"follow","max-snippet":"max-snippet:-1","max-image-preview":"max-image-preview:large","max-video-preview":"max-video-preview:-1"},"canonical":"https:\/\/www.marbella.gr\/de\/privacy-policy\/","og_locale":"de_DE","og_type":"article","og_title":"Privacy Policy | Mar-Bella Collection","og_description":"At Mar-Bella Collection, we value and respect the time you spend on our websites. Read all about our Privacy Policy and how your personal data is protected.","og_url":"https:\/\/www.marbella.gr\/de\/privacy-policy\/","og_site_name":"Mar-Bella Collection","article_modified_time":"2025-01-27T08:41:19+00:00","og_image":[{"width":2560,"height":1705,"url":"https:\/\/www.marbella.gr\/app\/uploads\/2024\/05\/Elix_Water-Sports-2-scaled.jpg","type":"image\/jpeg"}],"twitter_card":"summary_large_image","twitter_misc":{"Gesch\u00e4tzte Lesezeit":"1\u00a0Minute"},"schema":{"@context":"https:\/\/schema.org","@graph":[{"@type":"WebPage","@id":"https:\/\/www.marbella.gr\/privacy-policy\/","url":"https:\/\/www.marbella.gr\/privacy-policy","name":"Datenschutzerkl\u00e4rung | Mar-Bella Collection","isPartOf":{"@id":"https:\/\/www.marbella.gr\/#website"},"datePublished":"2023-03-17T10:02:04+00:00","dateModified":"2025-01-27T08:41:19+00:00","description":"Wir von Mar-Bella Collection sch\u00e4tzen und respektieren die Zeit, die Sie auf unseren Websites verbringen. Lesen Sie alles \u00fcber unsere Datenschutzpolitik und wie Ihre pers\u00f6nlichen Daten gesch\u00fctzt werden.","breadcrumb":{"@id":"https:\/\/www.marbella.gr\/privacy-policy#breadcrumb"},"inLanguage":"de","potentialAction":[{"@type":"ReadAction","target":["https:\/\/www.marbella.gr\/privacy-policy"]}]},{"@type":"BreadcrumbList","@id":"https:\/\/www.marbella.gr\/privacy-policy#breadcrumb","itemListElement":[{"@type":"ListItem","position":1,"name":"Home","item":"https:\/\/www.marbella.gr\/"},{"@type":"ListItem","position":2,"name":"Privacy Policy"}]},{"@type":"WebSite","@id":"https:\/\/www.marbella.gr\/#website","url":"https:\/\/www.marbella.gr\/","name":"MarBella","description":"Eine Familie von Hotels, die Sie mit dem wundersch\u00f6nen Ionischen Meer verbindet","publisher":{"@id":"https:\/\/www.marbella.gr\/#organization"},"alternateName":"MarBella","potentialAction":[{"@type":"SearchAction","target":{"@type":"EntryPoint","urlTemplate":"https:\/\/www.marbella.gr\/?s={search_term_string}"},"query-input":{"@type":"PropertyValueSpecification","valueRequired":true,"valueName":"search_term_string"}}],"inLanguage":"de"},{"@type":"Organization","@id":"https:\/\/www.marbella.gr\/#organization","name":"MarBella","url":"https:\/\/www.marbella.gr\/","logo":{"@type":"ImageObject","inLanguage":"de","@id":"https:\/\/www.marbella.gr\/#\/schema\/logo\/image\/","url":"https:\/\/www.marbella.gr\/app\/uploads\/2023\/06\/Marbella-collection.png","contentUrl":"https:\/\/www.marbella.gr\/app\/uploads\/2023\/06\/Marbella-collection.png","width":230,"height":75,"caption":"MarBella"},"image":{"@id":"https:\/\/www.marbella.gr\/#\/schema\/logo\/image\/"}}]}},"_links":{"self":[{"href":"https:\/\/www.marbella.gr\/de\/wp-json\/wp\/v2\/pages\/1038","targetHints":{"allow":["GET"]}}],"collection":[{"href":"https:\/\/www.marbella.gr\/de\/wp-json\/wp\/v2\/pages"}],"about":[{"href":"https:\/\/www.marbella.gr\/de\/wp-json\/wp\/v2\/types\/page"}],"author":[{"embeddable":true,"href":"https:\/\/www.marbella.gr\/de\/wp-json\/wp\/v2\/users\/1"}],"replies":[{"embeddable":true,"href":"https:\/\/www.marbella.gr\/de\/wp-json\/wp\/v2\/comments?post=1038"}],"version-history":[{"count":21,"href":"https:\/\/www.marbella.gr\/de\/wp-json\/wp\/v2\/pages\/1038\/revisions"}],"predecessor-version":[{"id":9234,"href":"https:\/\/www.marbella.gr\/de\/wp-json\/wp\/v2\/pages\/1038\/revisions\/9234"}],"wp:attachment":[{"href":"https:\/\/www.marbella.gr\/de\/wp-json\/wp\/v2\/media?parent=1038"}],"curies":[{"name":"wp","href":"https:\/\/api.w.org\/{rel}","templated":true}]}}