{"id":10474,"date":"2025-07-17T12:24:59","date_gmt":"2025-07-17T12:24:59","guid":{"rendered":"https:\/\/www.marbella.gr\/?page_id=10474"},"modified":"2025-09-18T12:18:54","modified_gmt":"2025-09-18T09:18:54","slug":"ionian-environment-foundation","status":"publish","type":"page","link":"https:\/\/www.marbella.gr\/de\/ionian-environment-foundation\/","title":{"rendered":"Ionische Umweltstiftung"},"content":{"rendered":"<p>Die Geschichte der Mar-Bella Collection beginnt und endet mit dem Meer. Das schillernde Ionische Meer ist nicht nur eine wundersch\u00f6ne Kulisse f\u00fcr unsere Hotels. Es ist ein Teil dessen, was wir sind. Es verbindet uns und inspiriert uns.<\/p>\n<p>Deshalb sind wir so stolz darauf, Unterst\u00fctzer der <strong>Ionische Umweltstiftung (IEF)<\/strong> um zum Schutz der erstaunlichen Meeresfauna und -flora in der Region beizutragen. Als Teil unseres Engagements haben wir eine erste Spende an die<strong> Projekt Ionischer Delphin.<\/strong><\/p>\n<p>Seit 1991 setzt sich das Ionian Dolphin Project f\u00fcr das langfristige \u00dcberleben der in den K\u00fcstengew\u00e4ssern des \u00f6stlichen Ionischen Meeres lebenden Meeress\u00e4uger ein. In diesen Gew\u00e4ssern leben Delfine und die vom Aussterben bedrohte Mittelmeer-M\u00f6nchsrobbe - Arten, die durch die zunehmenden menschlichen Aktivit\u00e4ten und den Verlust ihres Lebensraums stark bedroht sind. Unser Beitrag wird f\u00fcr die Anschaffung eines hochwertigen Kameraobjektivs verwendet, ein wichtiges Hilfsmittel, das die F\u00e4higkeit zur detaillierten fotografischen Identifizierung von Delfinen und anderen Meeress\u00e4ugern w\u00e4hrend der Erhebungen vor Ort verbessern wird, und zwar nicht nur im Rahmen des laufenden Projekts, sondern auch in der laufenden Forschung der kommenden Jahre.<\/p>\n<p>Die 2019 gegr\u00fcndete IEF widmet sich dem Schutz und der Bewahrung der nat\u00fcrlichen Sch\u00f6nheit der ionischen Region. Durch die Unterst\u00fctzung lokaler Initiativen hilft die IEF diesen, zu wachsen, erfolgreich zu sein und eine nachhaltige Wirkung zu erzielen, indem sie ihre Bem\u00fchungen auf die effektivsten und sinnvollsten Naturschutzprojekte konzentriert.<\/p>","protected":false},"excerpt":{"rendered":"<p>At Mar-Bella Collection, our story begins and flows with the sea. The dazzling Ionian Sea isn\u2019t just a beautiful backdrop to our hotels. It\u2019s part of who we are. It connects us and inspires us. That\u2019s why we\u2019re so proud to be supporters of the Ionian Environment Foundation (IEF) to help protect the amazing marine [&#8230;]<\/p>\n<p><a class=\"btn btn-secondary understrap-read-more-link\" href=\"https:\/\/www.marbella.gr\/de\/ionian-environment-foundation\/\">Read More&#8230;<span class=\"screen-reader-text\"> from Ionian Environment Foundation<\/span><\/a><\/p>\n","protected":false},"author":16,"featured_media":0,"parent":0,"menu_order":0,"comment_status":"closed","ping_status":"closed","template":"","meta":{"_acf_changed":false,"footnotes":""},"class_list":["post-10474","page","type-page","status-publish","hentry"],"acf":[],"yoast_head":"<!-- This site is optimized with the Yoast SEO plugin v27.4 - https:\/\/yoast.com\/product\/yoast-seo-wordpress\/ -->\n<title>Ionian Environment Foundation - Mar-Bella Collection<\/title>\n<meta name=\"robots\" content=\"index, follow, max-snippet:-1, max-image-preview:large, max-video-preview:-1\" \/>\n<link rel=\"canonical\" href=\"https:\/\/www.marbella.gr\/de\/ionian-environment-foundation\/\" \/>\n<meta property=\"og:locale\" content=\"de_DE\" \/>\n<meta property=\"og:type\" content=\"article\" \/>\n<meta property=\"og:title\" content=\"Ionian Environment Foundation - Mar-Bella Collection\" \/>\n<meta property=\"og:description\" content=\"At Mar-Bella Collection, our story begins and flows with the sea. The dazzling Ionian Sea isn\u2019t just a beautiful backdrop to our hotels. It\u2019s part of who we are. It connects us and inspires us. That\u2019s why we\u2019re so proud to be supporters of the Ionian Environment Foundation (IEF) to help protect the amazing marine [...]Read More... from Ionian Environment Foundation\" \/>\n<meta property=\"og:url\" content=\"https:\/\/www.marbella.gr\/de\/ionian-environment-foundation\/\" \/>\n<meta property=\"og:site_name\" content=\"Mar-Bella Collection\" \/>\n<meta property=\"article:modified_time\" content=\"2025-09-18T09:18:54+00:00\" \/>\n<meta property=\"og:image\" content=\"https:\/\/www.marbella.gr\/app\/uploads\/2024\/05\/Elix_Water-Sports-2-scaled.jpg\" \/>\n\t<meta property=\"og:image:width\" content=\"2560\" \/>\n\t<meta property=\"og:image:height\" content=\"1705\" \/>\n\t<meta property=\"og:image:type\" content=\"image\/jpeg\" \/>\n<meta name=\"twitter:card\" content=\"summary_large_image\" \/>\n<meta name=\"twitter:label1\" content=\"Gesch\u00e4tzte Lesezeit\" \/>\n\t<meta name=\"twitter:data1\" content=\"1\u00a0Minute\" \/>\n<!-- \/ Yoast SEO plugin. -->","yoast_head_json":{"title":"Ionische Umweltstiftung - Sammlung Mar-Bella","robots":{"index":"index","follow":"follow","max-snippet":"max-snippet:-1","max-image-preview":"max-image-preview:large","max-video-preview":"max-video-preview:-1"},"canonical":"https:\/\/www.marbella.gr\/de\/ionian-environment-foundation\/","og_locale":"de_DE","og_type":"article","og_title":"Ionian Environment Foundation - Mar-Bella Collection","og_description":"At Mar-Bella Collection, our story begins and flows with the sea. The dazzling Ionian Sea isn\u2019t just a beautiful backdrop to our hotels. It\u2019s part of who we are. It connects us and inspires us. That\u2019s why we\u2019re so proud to be supporters of the Ionian Environment Foundation (IEF) to help protect the amazing marine [...]Read More... from Ionian Environment Foundation","og_url":"https:\/\/www.marbella.gr\/de\/ionian-environment-foundation\/","og_site_name":"Mar-Bella Collection","article_modified_time":"2025-09-18T09:18:54+00:00","og_image":[{"width":2560,"height":1705,"url":"https:\/\/www.marbella.gr\/app\/uploads\/2024\/05\/Elix_Water-Sports-2-scaled.jpg","type":"image\/jpeg"}],"twitter_card":"summary_large_image","twitter_misc":{"Gesch\u00e4tzte Lesezeit":"1\u00a0Minute"},"schema":{"@context":"https:\/\/schema.org","@graph":[{"@type":"WebPage","@id":"https:\/\/www.marbella.gr\/ionian-environment-foundation\/","url":"https:\/\/www.marbella.gr\/ionian-environment-foundation\/","name":"Ionische Umweltstiftung - Sammlung Mar-Bella","isPartOf":{"@id":"https:\/\/www.marbella.gr\/#website"},"datePublished":"2025-07-17T12:24:59+00:00","dateModified":"2025-09-18T09:18:54+00:00","breadcrumb":{"@id":"https:\/\/www.marbella.gr\/ionian-environment-foundation\/#breadcrumb"},"inLanguage":"de","potentialAction":[{"@type":"ReadAction","target":["https:\/\/www.marbella.gr\/ionian-environment-foundation\/"]}]},{"@type":"BreadcrumbList","@id":"https:\/\/www.marbella.gr\/ionian-environment-foundation\/#breadcrumb","itemListElement":[{"@type":"ListItem","position":1,"name":"Home","item":"https:\/\/www.marbella.gr\/"},{"@type":"ListItem","position":2,"name":"Ionian Environment Foundation"}]},{"@type":"WebSite","@id":"https:\/\/www.marbella.gr\/#website","url":"https:\/\/www.marbella.gr\/","name":"MarBella","description":"Eine Familie von Hotels, die Sie mit dem wundersch\u00f6nen Ionischen Meer verbindet","publisher":{"@id":"https:\/\/www.marbella.gr\/#organization"},"alternateName":"MarBella","potentialAction":[{"@type":"SearchAction","target":{"@type":"EntryPoint","urlTemplate":"https:\/\/www.marbella.gr\/?s={search_term_string}"},"query-input":{"@type":"PropertyValueSpecification","valueRequired":true,"valueName":"search_term_string"}}],"inLanguage":"de"},{"@type":"Organization","@id":"https:\/\/www.marbella.gr\/#organization","name":"MarBella","url":"https:\/\/www.marbella.gr\/","logo":{"@type":"ImageObject","inLanguage":"de","@id":"https:\/\/www.marbella.gr\/#\/schema\/logo\/image\/","url":"https:\/\/www.marbella.gr\/app\/uploads\/2023\/06\/Marbella-collection.png","contentUrl":"https:\/\/www.marbella.gr\/app\/uploads\/2023\/06\/Marbella-collection.png","width":230,"height":75,"caption":"MarBella"},"image":{"@id":"https:\/\/www.marbella.gr\/#\/schema\/logo\/image\/"}}]}},"_links":{"self":[{"href":"https:\/\/www.marbella.gr\/de\/wp-json\/wp\/v2\/pages\/10474","targetHints":{"allow":["GET"]}}],"collection":[{"href":"https:\/\/www.marbella.gr\/de\/wp-json\/wp\/v2\/pages"}],"about":[{"href":"https:\/\/www.marbella.gr\/de\/wp-json\/wp\/v2\/types\/page"}],"author":[{"embeddable":true,"href":"https:\/\/www.marbella.gr\/de\/wp-json\/wp\/v2\/users\/16"}],"replies":[{"embeddable":true,"href":"https:\/\/www.marbella.gr\/de\/wp-json\/wp\/v2\/comments?post=10474"}],"version-history":[{"count":23,"href":"https:\/\/www.marbella.gr\/de\/wp-json\/wp\/v2\/pages\/10474\/revisions"}],"predecessor-version":[{"id":10964,"href":"https:\/\/www.marbella.gr\/de\/wp-json\/wp\/v2\/pages\/10474\/revisions\/10964"}],"wp:attachment":[{"href":"https:\/\/www.marbella.gr\/de\/wp-json\/wp\/v2\/media?parent=10474"}],"curies":[{"name":"wp","href":"https:\/\/api.w.org\/{rel}","templated":true}]}}