{"id":11804,"date":"2025-12-16T14:11:37","date_gmt":"2025-12-16T12:11:37","guid":{"rendered":"https:\/\/www.marbella.gr\/?page_id=11804"},"modified":"2026-01-26T11:38:17","modified_gmt":"2026-01-26T09:38:17","slug":"resort-area","status":"publish","type":"page","link":"https:\/\/www.marbella.gr\/de\/resort-area\/","title":{"rendered":"Drei Hotels, ein bemerkenswertes Reiseziel."},"content":{"rendered":"<p><span class=\"TextRun SCXW121623606 BCX0\" lang=\"EN-GB\" xml:lang=\"EN-GB\" data-contrast=\"auto\"><span class=\"NormalTextRun SCXW121623606 BCX0\" data-ccp-parastyle=\"No Spacing\">Willkommen in einem<\/span><span class=\"NormalTextRun SCXW121623606 BCX0\" data-ccp-parastyle=\"No Spacing\">\u00a0Konstellation von t<\/span><span class=\"NormalTextRun SCXW121623606 BCX0\" data-ccp-parastyle=\"No Spacing\">hree atemberaubend\u00a0<\/span><span class=\"NormalTextRun SCXW121623606 BCX0\" data-ccp-parastyle=\"No Spacing\">Hotels<\/span><span class=\"NormalTextRun SCXW121623606 BCX0\" data-ccp-parastyle=\"No Spacing\">\u00a0<\/span><\/span><span class=\"TrackedChange SCXW121623606 BCX0\"><span class=\"TextRun Highlight SCXW121623606 BCX0\" lang=\"EN-GB\" xml:lang=\"EN-GB\" data-contrast=\"auto\"><span class=\"NormalTextRun SCXW121623606 BCX0\" data-ccp-parastyle=\"No Spacing\">in einem<\/span><\/span><\/span><span class=\"TrackedChange SCXW121623606 BCX0\"><span class=\"TextRun Highlight SCXW121623606 BCX0\" lang=\"EN-GB\" xml:lang=\"EN-GB\" data-contrast=\"auto\"><span class=\"NormalTextRun SCXW121623606 BCX0\" data-ccp-parastyle=\"No Spacing\">\u00a0<\/span><\/span><\/span><span class=\"TrackedChange SCXW121623606 BCX0\"><span class=\"TextRun Highlight SCXW121623606 BCX0\" lang=\"EN-GB\" xml:lang=\"EN-GB\" data-contrast=\"auto\"><span class=\"NormalTextRun SCXW121623606 BCX0\" data-ccp-parastyle=\"No Spacing\">in der Sonne<\/span><\/span><\/span><span class=\"TrackedChange SCXW121623606 BCX0\"><span class=\"TextRun Highlight SCXW121623606 BCX0\" lang=\"EN-GB\" xml:lang=\"EN-GB\" data-contrast=\"auto\"><span class=\"NormalTextRun SCXW121623606 BCX0\" data-ccp-parastyle=\"No Spacing\">\u00a0Einstellung<\/span><\/span><\/span><span class=\"TrackedChange SCXW121623606 BCX0\"><span class=\"TextRun Highlight SCXW121623606 BCX0\" lang=\"EN-GB\" xml:lang=\"EN-GB\" data-contrast=\"auto\"><span class=\"NormalTextRun SCXW121623606 BCX0\" data-ccp-parastyle=\"No Spacing\">\u00a0<\/span><\/span><\/span><span class=\"TrackedChange SCXW121623606 BCX0\"><span class=\"TextRun Highlight SCXW121623606 BCX0\" lang=\"EN-GB\" xml:lang=\"EN-GB\" data-contrast=\"auto\"><span class=\"NormalTextRun SCXW121623606 BCX0\" data-ccp-parastyle=\"No Spacing\">an der ionischen K\u00fcste von Korfu<\/span><\/span><\/span><span class=\"TrackedChange SCXW121623606 BCX0\"><span class=\"TextRun Highlight SCXW121623606 BCX0\" lang=\"EN-GB\" xml:lang=\"EN-GB\" data-contrast=\"auto\"><span class=\"NormalTextRun SCXW121623606 BCX0\" data-ccp-parastyle=\"No Spacing\">.<\/span><\/span><\/span><span class=\"TextRun SCXW121623606 BCX0\" lang=\"EN-GB\" xml:lang=\"EN-GB\" data-contrast=\"auto\"><span class=\"NormalTextRun SCXW121623606 BCX0\" data-ccp-parastyle=\"No Spacing\">\u00a0<\/span><span class=\"NormalTextRun SCXW121623606 BCX0\" data-ccp-parastyle=\"No Spacing\">Alle nahtlos<\/span><span class=\"NormalTextRun SCXW121623606 BCX0\" data-ccp-parastyle=\"No Spacing\">ly<\/span><span class=\"NormalTextRun SCXW121623606 BCX0\" data-ccp-parastyle=\"No Spacing\">\u00a0verbunden<\/span><span class=\"NormalTextRun SCXW121623606 BCX0\" data-ccp-parastyle=\"No Spacing\">\u00a0und alle teilen die gleiche Leidenschaft f\u00fcr Gastfreundschaft<\/span><span class=\"NormalTextRun SCXW121623606 BCX0\" data-ccp-parastyle=\"No Spacing\">.<\/span><\/span><span class=\"EOP SCXW121623606 BCX0\" data-ccp-props=\"{&quot;201341983&quot;:0,&quot;335559739&quot;:0,&quot;335559740&quot;:240}\">\u00a0<\/span><\/p>\n<p><span class=\"TextRun SCXW107207762 BCX0\" lang=\"EN-GB\" xml:lang=\"EN-GB\" data-contrast=\"auto\"><span class=\"NormalTextRun SCXW107207762 BCX0\" data-ccp-parastyle=\"No Spacing\">Wenn Sie in einem der folgenden Hotels einchecken\u00a0<\/span><\/span><span class=\"TrackChangeTextInsertion TrackedChange SCXW107207762 BCX0\"><span class=\"TrackedChange SCXW107207762 BCX0\"><span class=\"TextRun SCXW107207762 BCX0\" lang=\"EN-GB\" xml:lang=\"EN-GB\" data-contrast=\"none\"><span class=\"NormalTextRun SCXW107207762 BCX0\" data-ccp-parastyle=\"No Spacing\">die<\/span><\/span><\/span><\/span><span class=\"TrackChangeTextInsertion TrackedChange SCXW107207762 BCX0\"><span class=\"TextRun SCXW107207762 BCX0\" lang=\"EN-GB\" xml:lang=\"EN-GB\" data-contrast=\"auto\"><span class=\"NormalTextRun SCXW107207762 BCX0\" data-ccp-parastyle=\"No Spacing\">\u00a0<\/span><\/span><\/span><span class=\"TextRun SCXW107207762 BCX0\" lang=\"EN-GB\" xml:lang=\"EN-GB\" data-contrast=\"auto\"><span class=\"NormalTextRun SCXW107207762 BCX0\" data-ccp-parastyle=\"No Spacing\">M\u00e4r-<\/span><span class=\"NormalTextRun SCXW107207762 BCX0\" data-ccp-parastyle=\"No Spacing\">B<\/span><span class=\"NormalTextRun SCXW107207762 BCX0\" data-ccp-parastyle=\"No Spacing\">ella<\/span><\/span><span class=\"TrackChangeTextInsertion TrackedChange SCXW107207762 BCX0\"><span class=\"TextRun SCXW107207762 BCX0\" lang=\"EN-GB\" xml:lang=\"EN-GB\" data-contrast=\"auto\"><span class=\"NormalTextRun SCXW107207762 BCX0\" data-ccp-parastyle=\"No Spacing\">\u00a0<\/span><\/span><\/span><span class=\"TrackChangeTextInsertion TrackedChange SCXW107207762 BCX0\"><span class=\"TrackedChange SCXW107207762 BCX0\"><span class=\"TextRun SCXW107207762 BCX0\" lang=\"EN-GB\" xml:lang=\"EN-GB\" data-contrast=\"none\"><span class=\"NormalTextRun SCXW107207762 BCX0\" data-ccp-parastyle=\"No Spacing\">Sammlung<\/span><\/span><\/span><\/span><span class=\"TrackChangeTextDeletionMarker TrackedChange SCXW107207762 BCX0\"><span class=\"TextRun SCXW107207762 BCX0\" lang=\"EN-GB\" xml:lang=\"EN-GB\" data-contrast=\"auto\"><span class=\"NormalTextRun TrackChangeTextDeletion SCXW107207762 BCX0\" data-ccp-parastyle=\"No Spacing\">'s<\/span><\/span><\/span> <span class=\"TextRun SCXW107207762 BCX0\" lang=\"EN-GB\" xml:lang=\"EN-GB\" data-contrast=\"auto\"><span class=\"NormalTextRun SCXW107207762 BCX0\" data-ccp-parastyle=\"No Spacing\">Hotels<\/span><\/span><span class=\"TrackChangeTextInsertion TrackedChange SCXW107207762 BCX0\"><span class=\"TextRun SCXW107207762 BCX0\" lang=\"EN-GB\" xml:lang=\"EN-GB\" data-contrast=\"auto\"><span class=\"NormalTextRun SCXW107207762 BCX0\" data-ccp-parastyle=\"No Spacing\">\u00a0<\/span><\/span><\/span><span class=\"TrackChangeTextInsertion TrackedChange SCXW107207762 BCX0\"><span class=\"TrackedChange SCXW107207762 BCX0\"><span class=\"TextRun SCXW107207762 BCX0\" lang=\"EN-GB\" xml:lang=\"EN-GB\" data-contrast=\"none\"><span class=\"NormalTextRun SCXW107207762 BCX0\" data-ccp-parastyle=\"No Spacing\">i<\/span><\/span><\/span><\/span><span class=\"TrackChangeTextInsertion TrackedChange SCXW107207762 BCX0\"><span class=\"TrackedChange SCXW107207762 BCX0\"><span class=\"TextRun SCXW107207762 BCX0\" lang=\"EN-GB\" xml:lang=\"EN-GB\" data-contrast=\"none\"><span class=\"NormalTextRun SCXW107207762 BCX0\" data-ccp-parastyle=\"No Spacing\">n<\/span><\/span><\/span><\/span><span class=\"TrackChangeTextInsertion TrackedChange SCXW107207762 BCX0\"><span class=\"TrackedChange SCXW107207762 BCX0\"><span class=\"TextRun SCXW107207762 BCX0\" lang=\"EN-GB\" xml:lang=\"EN-GB\" data-contrast=\"none\"><span class=\"NormalTextRun SCXW107207762 BCX0\" data-ccp-parastyle=\"No Spacing\">\u00a0Korfu<\/span><\/span><\/span><\/span><span class=\"TextRun SCXW107207762 BCX0\" lang=\"EN-GB\" xml:lang=\"EN-GB\" data-contrast=\"auto\"><span class=\"NormalTextRun SCXW107207762 BCX0\" data-ccp-parastyle=\"No Spacing\">,\u00a0<\/span><span class=\"NormalTextRun SCXW107207762 BCX0\" data-ccp-parastyle=\"No Spacing\">Sie sind<\/span><span class=\"NormalTextRun SCXW107207762 BCX0\" data-ccp-parastyle=\"No Spacing\">\u00a0und \u00f6ffnet die T\u00fcr zu so viel mehr. Zus\u00e4tzlich zu\u00a0<\/span><span class=\"NormalTextRun SCXW107207762 BCX0\" data-ccp-parastyle=\"No Spacing\">all das\u00a0<\/span><span class=\"NormalTextRun SCXW107207762 BCX0\" data-ccp-parastyle=\"No Spacing\">ben\u00f6tigen\u00a0<\/span><\/span><span class=\"TrackChangeTextInsertion TrackedChange SCXW107207762 BCX0\"><span class=\"TextRun SCXW107207762 BCX0\" lang=\"EN-US\" xml:lang=\"EN-US\" data-contrast=\"auto\"><span class=\"NormalTextRun SCXW107207762 BCX0\" data-ccp-parastyle=\"No Spacing\">c<\/span><\/span><\/span><span class=\"TrackChangeTextInsertion TrackedChange SCXW107207762 BCX0\"><span class=\"TextRun SCXW107207762 BCX0\" lang=\"EN-US\" xml:lang=\"EN-US\" data-contrast=\"auto\"><span class=\"NormalTextRun SCXW107207762 BCX0\" data-ccp-parastyle=\"No Spacing\">hosen\u00a0<\/span><\/span><\/span><span class=\"TextRun SCXW107207762 BCX0\" lang=\"EN-GB\" xml:lang=\"EN-GB\" data-contrast=\"auto\"><span class=\"NormalTextRun SCXW107207762 BCX0\" data-ccp-parastyle=\"No Spacing\">Hotel\u00a0<\/span><span class=\"NormalTextRun SCXW107207762 BCX0\" data-ccp-parastyle=\"No Spacing\">bringt<\/span><span class=\"NormalTextRun SCXW107207762 BCX0\" data-ccp-parastyle=\"No Spacing\">,\u00a0<\/span><span class=\"NormalTextRun SCXW107207762 BCX0\" data-ccp-parastyle=\"No Spacing\">unsere anderen\u00a0<\/span><span class=\"NormalTextRun SCXW107207762 BCX0\" data-ccp-parastyle=\"No Spacing\">Eigenschaft<\/span><span class=\"NormalTextRun SCXW107207762 BCX0\" data-ccp-parastyle=\"No Spacing\">s\u00a0<\/span><span class=\"NormalTextRun SCXW107207762 BCX0\" data-ccp-parastyle=\"No Spacing\">siehe\u00a0<\/span><span class=\"NormalTextRun SCXW107207762 BCX0\" data-ccp-parastyle=\"No Spacing\">Wir freuen uns, auch Sie begr\u00fc\u00dfen zu d\u00fcrfen.<\/span><span class=\"NormalTextRun SCXW107207762 BCX0\" data-ccp-parastyle=\"No Spacing\">.\u00a0<\/span><span class=\"NormalTextRun SCXW107207762 BCX0\" data-ccp-parastyle=\"No Spacing\">Erweitern Sie also Ihren Horizont und genie\u00dfen Sie alles, was sie zu bieten haben.\u00a0<\/span><span class=\"NormalTextRun SCXW107207762 BCX0\" data-ccp-parastyle=\"No Spacing\">Angebot<\/span><span class=\"NormalTextRun SCXW107207762 BCX0\" data-ccp-parastyle=\"No Spacing\">?<\/span><\/span><\/p>\n<p><strong>Tauchen Sie ein in mehr Restaurants, mehr Einrichtungen, mehr Aktivit\u00e4ten und mehr Unterhaltung!<\/strong><\/p>\n<p>&nbsp;<\/p>\n<p><em>Die Zeichnungen des Resorts dienen nur zur Veranschaulichung und spiegeln die Umgebung m\u00f6glicherweise nicht vollst\u00e4ndig wider. \u00d6ffentliche Restaurants und Gesch\u00e4fte befinden sich zwischen MarBella und Avali.<\/em><\/p>","protected":false},"excerpt":{"rendered":"<p>Welcome to a\u00a0constellation of three stunning\u00a0hotels\u00a0in one\u00a0sun-soaked\u00a0setting\u00a0on Corfu\u2019s Ionian shores.\u00a0All seamlessly\u00a0connected\u00a0and all sharing the same passion for hospitality.\u00a0 When you check into any of\u00a0the\u00a0Mar-Bella\u00a0Collection\u2019s hotels\u00a0in\u00a0Corfu,\u00a0you\u2019re\u00a0opening the door to so much more. In addition to\u00a0all that\u00a0your\u00a0chosen\u00a0hotel\u00a0brings,\u00a0our other\u00a0properties\u00a0look\u00a0forward to welcoming you too.\u00a0So why not expand your horizons by stepping out to enjoy everything they\u00a0offer? Dive into more [&#8230;]<\/p>\n<p><a class=\"btn btn-secondary understrap-read-more-link\" href=\"https:\/\/www.marbella.gr\/de\/resort-area\/\">Read More&#8230;<span class=\"screen-reader-text\"> from Three hotels, one remarkable destination.<\/span><\/a><\/p>\n","protected":false},"author":27,"featured_media":11805,"parent":0,"menu_order":0,"comment_status":"closed","ping_status":"closed","template":"","meta":{"_acf_changed":false,"footnotes":""},"class_list":["post-11804","page","type-page","status-publish","has-post-thumbnail","hentry"],"acf":[],"yoast_head":"<!-- This site is optimized with the Yoast SEO plugin v27.4 - https:\/\/yoast.com\/product\/yoast-seo-wordpress\/ -->\n<title>Three destinations, one remarkable resort.<\/title>\n<meta name=\"description\" content=\"Here is where to find all the latest News, exciting information and what&#039;s happening at Mar-Bella Collection&#039;s luxury hotels in Corfu &amp; Parga, Greece.\" \/>\n<meta name=\"robots\" content=\"index, follow, max-snippet:-1, max-image-preview:large, max-video-preview:-1\" \/>\n<link rel=\"canonical\" href=\"https:\/\/www.marbella.gr\/de\/news\/\" \/>\n<meta property=\"og:locale\" content=\"de_DE\" \/>\n<meta property=\"og:type\" content=\"article\" \/>\n<meta property=\"og:title\" content=\"Three destinations, one remarkable resort.\" \/>\n<meta property=\"og:description\" content=\"Here is where to find all the latest News, exciting information and what&#039;s happening at Mar-Bella Collection&#039;s luxury hotels in Corfu &amp; Parga, Greece.\" \/>\n<meta property=\"og:url\" content=\"https:\/\/www.marbella.gr\/de\/news\/\" \/>\n<meta property=\"og:site_name\" content=\"Mar-Bella Collection\" \/>\n<meta property=\"article:modified_time\" content=\"2026-01-26T09:38:17+00:00\" \/>\n<meta property=\"og:image\" content=\"https:\/\/www.marbella.gr\/app\/uploads\/2025\/12\/MAPCORFUCOLLECTION.png\" \/>\n\t<meta property=\"og:image:width\" content=\"940\" \/>\n\t<meta property=\"og:image:height\" content=\"550\" \/>\n\t<meta property=\"og:image:type\" content=\"image\/png\" \/>\n<meta name=\"twitter:card\" content=\"summary_large_image\" \/>\n<meta name=\"twitter:label1\" content=\"Gesch\u00e4tzte Lesezeit\" \/>\n\t<meta name=\"twitter:data1\" content=\"1\u00a0Minute\" \/>\n<!-- \/ Yoast SEO plugin. -->","yoast_head_json":{"title":"Drei Reiseziele, ein bemerkenswertes Resort.","description":"Hier finden Sie die neuesten Nachrichten, spannende Informationen und was in den Luxushotels der Mar-Bella Collection in Korfu &amp; Parga, Griechenland, passiert.","robots":{"index":"index","follow":"follow","max-snippet":"max-snippet:-1","max-image-preview":"max-image-preview:large","max-video-preview":"max-video-preview:-1"},"canonical":"https:\/\/www.marbella.gr\/de\/news\/","og_locale":"de_DE","og_type":"article","og_title":"Three destinations, one remarkable resort.","og_description":"Here is where to find all the latest News, exciting information and what's happening at Mar-Bella Collection's luxury hotels in Corfu & Parga, Greece.","og_url":"https:\/\/www.marbella.gr\/de\/news\/","og_site_name":"Mar-Bella Collection","article_modified_time":"2026-01-26T09:38:17+00:00","og_image":[{"width":940,"height":550,"url":"https:\/\/www.marbella.gr\/app\/uploads\/2025\/12\/MAPCORFUCOLLECTION.png","type":"image\/png"}],"twitter_card":"summary_large_image","twitter_misc":{"Gesch\u00e4tzte Lesezeit":"1\u00a0Minute"},"schema":{"@context":"https:\/\/schema.org","@graph":[{"@type":"WebPage","@id":"https:\/\/www.marbella.gr\/resort-area\/","url":"https:\/\/www.marbella.gr\/news\/","name":"Drei Reiseziele, ein bemerkenswertes Resort.","isPartOf":{"@id":"https:\/\/www.marbella.gr\/#website"},"primaryImageOfPage":{"@id":"https:\/\/www.marbella.gr\/news\/#primaryimage"},"image":{"@id":"https:\/\/www.marbella.gr\/news\/#primaryimage"},"thumbnailUrl":"https:\/\/www.marbella.gr\/app\/uploads\/2025\/12\/MAPCORFUCOLLECTION.png","datePublished":"2025-12-16T12:11:37+00:00","dateModified":"2026-01-26T09:38:17+00:00","description":"Hier finden Sie die neuesten Nachrichten, spannende Informationen und was in den Luxushotels der Mar-Bella Collection in Korfu &amp; Parga, Griechenland, passiert.","breadcrumb":{"@id":"https:\/\/www.marbella.gr\/news\/#breadcrumb"},"inLanguage":"de","potentialAction":[{"@type":"ReadAction","target":["https:\/\/www.marbella.gr\/news\/"]}]},{"@type":"ImageObject","inLanguage":"de","@id":"https:\/\/www.marbella.gr\/news\/#primaryimage","url":"https:\/\/www.marbella.gr\/app\/uploads\/2025\/12\/MAPCORFUCOLLECTION.png","contentUrl":"https:\/\/www.marbella.gr\/app\/uploads\/2025\/12\/MAPCORFUCOLLECTION.png","width":940,"height":550},{"@type":"BreadcrumbList","@id":"https:\/\/www.marbella.gr\/news\/#breadcrumb","itemListElement":[{"@type":"ListItem","position":1,"name":"Home","item":"https:\/\/www.marbella.gr\/"},{"@type":"ListItem","position":2,"name":"Three hotels, one remarkable destination."}]},{"@type":"WebSite","@id":"https:\/\/www.marbella.gr\/#website","url":"https:\/\/www.marbella.gr\/","name":"MarBella","description":"Eine Familie von Hotels, die Sie mit dem wundersch\u00f6nen Ionischen Meer verbindet","publisher":{"@id":"https:\/\/www.marbella.gr\/#organization"},"alternateName":"MarBella","potentialAction":[{"@type":"SearchAction","target":{"@type":"EntryPoint","urlTemplate":"https:\/\/www.marbella.gr\/?s={search_term_string}"},"query-input":{"@type":"PropertyValueSpecification","valueRequired":true,"valueName":"search_term_string"}}],"inLanguage":"de"},{"@type":"Organization","@id":"https:\/\/www.marbella.gr\/#organization","name":"MarBella","url":"https:\/\/www.marbella.gr\/","logo":{"@type":"ImageObject","inLanguage":"de","@id":"https:\/\/www.marbella.gr\/#\/schema\/logo\/image\/","url":"https:\/\/www.marbella.gr\/app\/uploads\/2023\/06\/Marbella-collection.png","contentUrl":"https:\/\/www.marbella.gr\/app\/uploads\/2023\/06\/Marbella-collection.png","width":230,"height":75,"caption":"MarBella"},"image":{"@id":"https:\/\/www.marbella.gr\/#\/schema\/logo\/image\/"}}]}},"_links":{"self":[{"href":"https:\/\/www.marbella.gr\/de\/wp-json\/wp\/v2\/pages\/11804","targetHints":{"allow":["GET"]}}],"collection":[{"href":"https:\/\/www.marbella.gr\/de\/wp-json\/wp\/v2\/pages"}],"about":[{"href":"https:\/\/www.marbella.gr\/de\/wp-json\/wp\/v2\/types\/page"}],"author":[{"embeddable":true,"href":"https:\/\/www.marbella.gr\/de\/wp-json\/wp\/v2\/users\/27"}],"replies":[{"embeddable":true,"href":"https:\/\/www.marbella.gr\/de\/wp-json\/wp\/v2\/comments?post=11804"}],"version-history":[{"count":26,"href":"https:\/\/www.marbella.gr\/de\/wp-json\/wp\/v2\/pages\/11804\/revisions"}],"predecessor-version":[{"id":12973,"href":"https:\/\/www.marbella.gr\/de\/wp-json\/wp\/v2\/pages\/11804\/revisions\/12973"}],"wp:featuredmedia":[{"embeddable":true,"href":"https:\/\/www.marbella.gr\/de\/wp-json\/wp\/v2\/media\/11805"}],"wp:attachment":[{"href":"https:\/\/www.marbella.gr\/de\/wp-json\/wp\/v2\/media?parent=11804"}],"curies":[{"name":"wp","href":"https:\/\/api.w.org\/{rel}","templated":true}]}}