{"id":13788,"date":"2026-02-11T12:45:54","date_gmt":"2026-02-11T10:45:54","guid":{"rendered":"https:\/\/www.marbella.gr\/?page_id=13788"},"modified":"2026-02-12T10:12:42","modified_gmt":"2026-02-12T08:12:42","slug":"adults-marsterclasses","status":"publish","type":"page","link":"https:\/\/www.marbella.gr\/de\/adults-marsterclasses\/","title":{"rendered":"MASTERCLASSES F\u00dcR ERWACHSENE"},"content":{"rendered":"<p><span data-contrast=\"auto\">Machen Sie Ihren Aufenthalt in der MarBella Collection noch lohnenswerter mit einer unserer authentischen griechischen Hospitality-Erfahrungen. Unter der Leitung unseres Food &amp; Beverage-Teams bieten diese entspannten Sessions Einblicke in die kulinarischen Geschm\u00e4cker und Traditionen der Region. Sie sind eine Gelegenheit, Instagram-w\u00fcrdige Momente zu erleben und neue F\u00e4higkeiten mitzunehmen. <\/span><\/p>\n<p class=\"translation-block\">Buchen Sie diese Sessions jetzt \u00fcber die Mar-Bella Collection Greece App, um Ihren Platz zu sichern.<\/p>","protected":false},"excerpt":{"rendered":"<p>Make your stay at MarBella even more rewarding with one of our authentic Greek hospitality experiences. Led by our Food &amp; Beverage team these relaxed sessions bring you insights into the area\u2019s culinary tastes and traditions. It\u2019s an opportunity to enjoy Instagram-worthy moments and take home new skills. Book these sessions\u00a0now\u00a0through the\u00a0Mar-Bella Collection Greece App\u00a0to\u00a0reserve [&#8230;]<\/p>\n<p><a class=\"btn btn-secondary understrap-read-more-link\" href=\"https:\/\/www.marbella.gr\/de\/adults-marsterclasses\/\">Read More&#8230;<span class=\"screen-reader-text\"> from Adults marsterclasses<\/span><\/a><\/p>\n","protected":false},"author":16,"featured_media":0,"parent":0,"menu_order":0,"comment_status":"closed","ping_status":"closed","template":"","meta":{"_acf_changed":false,"footnotes":""},"class_list":["post-13788","page","type-page","status-publish","hentry"],"acf":[],"yoast_head":"<!-- This site is optimized with the Yoast SEO plugin v27.2 - https:\/\/yoast.com\/product\/yoast-seo-wordpress\/ -->\n<title>Adults marsterclasses - Mar-Bella Collection<\/title>\n<meta name=\"robots\" content=\"index, follow, max-snippet:-1, max-image-preview:large, max-video-preview:-1\" \/>\n<link rel=\"canonical\" href=\"https:\/\/www.marbella.gr\/de\/adults-marsterclasses\/\" \/>\n<meta property=\"og:locale\" content=\"de_DE\" \/>\n<meta property=\"og:type\" content=\"article\" \/>\n<meta property=\"og:title\" content=\"Adults marsterclasses - Mar-Bella Collection\" \/>\n<meta property=\"og:description\" content=\"Make your stay at MarBella even more rewarding with one of our authentic Greek hospitality experiences. Led by our Food &amp; Beverage team these relaxed sessions bring you insights into the area\u2019s culinary tastes and traditions. It\u2019s an opportunity to enjoy Instagram-worthy moments and take home new skills. Book these sessions\u00a0now\u00a0through the\u00a0Mar-Bella Collection Greece App\u00a0to\u00a0reserve [...]Read More... from Adults marsterclasses\" \/>\n<meta property=\"og:url\" content=\"https:\/\/www.marbella.gr\/de\/adults-marsterclasses\/\" \/>\n<meta property=\"og:site_name\" content=\"Mar-Bella Collection\" \/>\n<meta property=\"article:modified_time\" content=\"2026-02-12T08:12:42+00:00\" \/>\n<meta property=\"og:image\" content=\"https:\/\/www.marbella.gr\/app\/uploads\/2024\/05\/Elix_Water-Sports-2-scaled.jpg\" \/>\n\t<meta property=\"og:image:width\" content=\"2560\" \/>\n\t<meta property=\"og:image:height\" content=\"1705\" \/>\n\t<meta property=\"og:image:type\" content=\"image\/jpeg\" \/>\n<meta name=\"twitter:card\" content=\"summary_large_image\" \/>\n<meta name=\"twitter:label1\" content=\"Gesch\u00e4tzte Lesezeit\" \/>\n\t<meta name=\"twitter:data1\" content=\"1\u00a0Minute\" \/>\n<!-- \/ Yoast SEO plugin. -->","yoast_head_json":{"title":"Adults marsterclasses - Mar-Bella Collection","robots":{"index":"index","follow":"follow","max-snippet":"max-snippet:-1","max-image-preview":"max-image-preview:large","max-video-preview":"max-video-preview:-1"},"canonical":"https:\/\/www.marbella.gr\/de\/adults-marsterclasses\/","og_locale":"de_DE","og_type":"article","og_title":"Adults marsterclasses - Mar-Bella Collection","og_description":"Make your stay at MarBella even more rewarding with one of our authentic Greek hospitality experiences. Led by our Food &amp; Beverage team these relaxed sessions bring you insights into the area\u2019s culinary tastes and traditions. It\u2019s an opportunity to enjoy Instagram-worthy moments and take home new skills. Book these sessions\u00a0now\u00a0through the\u00a0Mar-Bella Collection Greece App\u00a0to\u00a0reserve [...]Read More... from Adults marsterclasses","og_url":"https:\/\/www.marbella.gr\/de\/adults-marsterclasses\/","og_site_name":"Mar-Bella Collection","article_modified_time":"2026-02-12T08:12:42+00:00","og_image":[{"width":2560,"height":1705,"url":"https:\/\/www.marbella.gr\/app\/uploads\/2024\/05\/Elix_Water-Sports-2-scaled.jpg","type":"image\/jpeg"}],"twitter_card":"summary_large_image","twitter_misc":{"Gesch\u00e4tzte Lesezeit":"1\u00a0Minute"},"schema":{"@context":"https:\/\/schema.org","@graph":[{"@type":"WebPage","@id":"https:\/\/www.marbella.gr\/adults-marsterclasses\/","url":"https:\/\/www.marbella.gr\/adults-marsterclasses\/","name":"Adults marsterclasses - Mar-Bella Collection","isPartOf":{"@id":"https:\/\/www.marbella.gr\/#website"},"datePublished":"2026-02-11T10:45:54+00:00","dateModified":"2026-02-12T08:12:42+00:00","breadcrumb":{"@id":"https:\/\/www.marbella.gr\/adults-marsterclasses\/#breadcrumb"},"inLanguage":"de","potentialAction":[{"@type":"ReadAction","target":["https:\/\/www.marbella.gr\/adults-marsterclasses\/"]}]},{"@type":"BreadcrumbList","@id":"https:\/\/www.marbella.gr\/adults-marsterclasses\/#breadcrumb","itemListElement":[{"@type":"ListItem","position":1,"name":"Home","item":"https:\/\/www.marbella.gr\/"},{"@type":"ListItem","position":2,"name":"Adults marsterclasses"}]},{"@type":"WebSite","@id":"https:\/\/www.marbella.gr\/#website","url":"https:\/\/www.marbella.gr\/","name":"MarBella","description":"Eine Familie von Hotels, die Sie mit dem wundersch\u00f6nen Ionischen Meer verbindet","publisher":{"@id":"https:\/\/www.marbella.gr\/#organization"},"alternateName":"MarBella","potentialAction":[{"@type":"SearchAction","target":{"@type":"EntryPoint","urlTemplate":"https:\/\/www.marbella.gr\/?s={search_term_string}"},"query-input":{"@type":"PropertyValueSpecification","valueRequired":true,"valueName":"search_term_string"}}],"inLanguage":"de"},{"@type":"Organization","@id":"https:\/\/www.marbella.gr\/#organization","name":"MarBella","url":"https:\/\/www.marbella.gr\/","logo":{"@type":"ImageObject","inLanguage":"de","@id":"https:\/\/www.marbella.gr\/#\/schema\/logo\/image\/","url":"https:\/\/www.marbella.gr\/app\/uploads\/2023\/06\/Marbella-collection.png","contentUrl":"https:\/\/www.marbella.gr\/app\/uploads\/2023\/06\/Marbella-collection.png","width":230,"height":75,"caption":"MarBella"},"image":{"@id":"https:\/\/www.marbella.gr\/#\/schema\/logo\/image\/"}}]}},"_links":{"self":[{"href":"https:\/\/www.marbella.gr\/de\/wp-json\/wp\/v2\/pages\/13788","targetHints":{"allow":["GET"]}}],"collection":[{"href":"https:\/\/www.marbella.gr\/de\/wp-json\/wp\/v2\/pages"}],"about":[{"href":"https:\/\/www.marbella.gr\/de\/wp-json\/wp\/v2\/types\/page"}],"author":[{"embeddable":true,"href":"https:\/\/www.marbella.gr\/de\/wp-json\/wp\/v2\/users\/16"}],"replies":[{"embeddable":true,"href":"https:\/\/www.marbella.gr\/de\/wp-json\/wp\/v2\/comments?post=13788"}],"version-history":[{"count":8,"href":"https:\/\/www.marbella.gr\/de\/wp-json\/wp\/v2\/pages\/13788\/revisions"}],"predecessor-version":[{"id":13801,"href":"https:\/\/www.marbella.gr\/de\/wp-json\/wp\/v2\/pages\/13788\/revisions\/13801"}],"wp:attachment":[{"href":"https:\/\/www.marbella.gr\/de\/wp-json\/wp\/v2\/media?parent=13788"}],"curies":[{"name":"wp","href":"https:\/\/api.w.org\/{rel}","templated":true}]}}