{"id":14671,"date":"2026-04-21T13:56:07","date_gmt":"2026-04-21T10:56:07","guid":{"rendered":"https:\/\/www.marbella.gr\/?page_id=14671"},"modified":"2026-04-27T10:37:35","modified_gmt":"2026-04-27T07:37:35","slug":"inspire-the-body-and-mind-2026","status":"publish","type":"page","link":"https:\/\/www.marbella.gr\/de\/partnerships\/inspire-the-body-and-mind-2026\/","title":{"rendered":"Inspire the body and mind 2026"},"content":{"rendered":"<p>Ganz gleich, ob Sie ein erfahrener Wellness-Enthusiast sind oder sich im Urlaub mit Fitness besch\u00e4ftigen, unsere kostenlosen Sitzungen sollen Ihnen dabei helfen, sich zu bewegen und wieder in Schwung zu kommen, w\u00e4hrend Sie weg sind.<\/p>\n<p>In dieser Saison kehrt Oyogo ab Mai mit einem ausgew\u00e4hlten Programm von Fitness- und Wellness-Trainern ins Elix und ins Nido zur\u00fcck, die w\u00e4hrend der wichtigsten Wochen der Sommersaison anwesend sein werden. Sp\u00e4ter im Sommer wird Oyogo auch im Avali mit zwei Trainerresidenzen zu Gast sein.<\/p>\n<p>Im Nido k\u00f6nnen Sie bei Yoga und Pilates auf der neu eingerichteten Terrasse mit Blick auf das Ionische Meer entspannen. Im Elix k\u00f6nnen Sie sich bei Fitness-, Yoga-, Pilates- und regenerativen Stretching-Sitzungen, die von einer Mischung aus alten und neuen Trainern geleitet werden, erholen.<\/p>\n<p>Alle Sitzungen sind f\u00fcr Hotelg\u00e4ste kostenlos. Sie k\u00f6nnen sich an der Rezeption Ihres Hotels oder \u00fcber die mobile App der Mar-Bella Collection anmelden.<\/p>","protected":false},"excerpt":{"rendered":"<p>Whether you&#8217;re a seasoned wellness enthusiast or exploring fitness on holiday, our complimentary sessions are designed to help you move and reset while away. This season, Oyogo returns to Elix and Nido from May with a curated lineup of fitness and wellness trainer residencies throughout highlight weeks of the summer season. Oyogo will also take [&#8230;]<\/p>\n<p><a class=\"btn btn-secondary understrap-read-more-link\" href=\"https:\/\/www.marbella.gr\/de\/partnerships\/inspire-the-body-and-mind-2026\/\">Read More&#8230;<span class=\"screen-reader-text\"> from Inspire the body and mind 2026<\/span><\/a><\/p>\n","protected":false},"author":27,"featured_media":8436,"parent":1034,"menu_order":0,"comment_status":"closed","ping_status":"closed","template":"","meta":{"_acf_changed":false,"footnotes":""},"class_list":["post-14671","page","type-page","status-publish","has-post-thumbnail","hentry"],"acf":[],"yoast_head":"<!-- This site is optimized with the Yoast SEO plugin v27.5 - https:\/\/yoast.com\/product\/yoast-seo-wordpress\/ -->\n<title>Elevate Body and Mind - Partnerships | Mar-Bella Collection<\/title>\n<meta name=\"description\" content=\"Help youself to move and reset, while away, with our complimentary wellness sessions, suitable for all levels.\" \/>\n<meta name=\"robots\" content=\"index, follow, max-snippet:-1, max-image-preview:large, max-video-preview:-1\" \/>\n<link rel=\"canonical\" href=\"https:\/\/www.marbella.gr\/de\/partnerships\/inspire-the-body-and-mind-2026\/\" \/>\n<meta property=\"og:locale\" content=\"de_DE\" \/>\n<meta property=\"og:type\" content=\"article\" \/>\n<meta property=\"og:title\" content=\"Elevate Body and Mind - Partnerships | Mar-Bella Collection\" \/>\n<meta property=\"og:description\" content=\"Help youself to move and reset, while away, with our complimentary wellness sessions, suitable for all levels.\" \/>\n<meta property=\"og:url\" content=\"https:\/\/www.marbella.gr\/de\/partnerships\/inspire-the-body-and-mind-2026\/\" \/>\n<meta property=\"og:site_name\" content=\"Mar-Bella Collection\" \/>\n<meta property=\"article:modified_time\" content=\"2026-04-27T07:37:35+00:00\" \/>\n<meta property=\"og:image\" content=\"https:\/\/www.marbella.gr\/app\/uploads\/2024\/11\/2024_05_MARBELLA_009-Yoga_0063-scaled.jpg\" \/>\n\t<meta property=\"og:image:width\" content=\"2560\" \/>\n\t<meta property=\"og:image:height\" content=\"1920\" \/>\n\t<meta property=\"og:image:type\" content=\"image\/jpeg\" \/>\n<meta name=\"twitter:card\" content=\"summary_large_image\" \/>\n<meta name=\"twitter:label1\" content=\"Gesch\u00e4tzte Lesezeit\" \/>\n\t<meta name=\"twitter:data1\" content=\"1\u00a0Minute\" \/>\n<!-- \/ Yoast SEO plugin. -->","yoast_head_json":{"title":"Elevate Body and Mind - Partnerschaften | Mar-Bella Collection","description":"Mit unseren kostenlosen Wellness-Sitzungen, die f\u00fcr alle Niveaus geeignet sind, k\u00f6nnen Sie sich w\u00e4hrend Ihrer Abwesenheit bewegen und erholen.","robots":{"index":"index","follow":"follow","max-snippet":"max-snippet:-1","max-image-preview":"max-image-preview:large","max-video-preview":"max-video-preview:-1"},"canonical":"https:\/\/www.marbella.gr\/de\/partnerships\/inspire-the-body-and-mind-2026\/","og_locale":"de_DE","og_type":"article","og_title":"Elevate Body and Mind - Partnerships | Mar-Bella Collection","og_description":"Help youself to move and reset, while away, with our complimentary wellness sessions, suitable for all levels.","og_url":"https:\/\/www.marbella.gr\/de\/partnerships\/inspire-the-body-and-mind-2026\/","og_site_name":"Mar-Bella Collection","article_modified_time":"2026-04-27T07:37:35+00:00","og_image":[{"width":2560,"height":1920,"url":"https:\/\/www.marbella.gr\/app\/uploads\/2024\/11\/2024_05_MARBELLA_009-Yoga_0063-scaled.jpg","type":"image\/jpeg"}],"twitter_card":"summary_large_image","twitter_misc":{"Gesch\u00e4tzte Lesezeit":"1\u00a0Minute"},"schema":{"@context":"https:\/\/schema.org","@graph":[{"@type":"WebPage","@id":"https:\/\/www.marbella.gr\/partnerships\/inspire-the-body-and-mind-2026\/","url":"https:\/\/www.marbella.gr\/partnerships\/inspire-the-body-and-mind-2026\/","name":"Elevate Body and Mind - Partnerschaften | Mar-Bella Collection","isPartOf":{"@id":"https:\/\/www.marbella.gr\/#website"},"primaryImageOfPage":{"@id":"https:\/\/www.marbella.gr\/partnerships\/inspire-the-body-and-mind-2026\/#primaryimage"},"image":{"@id":"https:\/\/www.marbella.gr\/partnerships\/inspire-the-body-and-mind-2026\/#primaryimage"},"thumbnailUrl":"https:\/\/www.marbella.gr\/app\/uploads\/2024\/11\/2024_05_MARBELLA_009-Yoga_0063-scaled.jpg","datePublished":"2026-04-21T10:56:07+00:00","dateModified":"2026-04-27T07:37:35+00:00","description":"Mit unseren kostenlosen Wellness-Sitzungen, die f\u00fcr alle Niveaus geeignet sind, k\u00f6nnen Sie sich w\u00e4hrend Ihrer Abwesenheit bewegen und erholen.","breadcrumb":{"@id":"https:\/\/www.marbella.gr\/partnerships\/inspire-the-body-and-mind-2026\/#breadcrumb"},"inLanguage":"de","potentialAction":[{"@type":"ReadAction","target":["https:\/\/www.marbella.gr\/partnerships\/inspire-the-body-and-mind-2026\/"]}]},{"@type":"ImageObject","inLanguage":"de","@id":"https:\/\/www.marbella.gr\/partnerships\/inspire-the-body-and-mind-2026\/#primaryimage","url":"https:\/\/www.marbella.gr\/app\/uploads\/2024\/11\/2024_05_MARBELLA_009-Yoga_0063-scaled.jpg","contentUrl":"https:\/\/www.marbella.gr\/app\/uploads\/2024\/11\/2024_05_MARBELLA_009-Yoga_0063-scaled.jpg","width":2560,"height":1920,"caption":"Discover Mar-Bella Collection - 5 star hotels in Corfu, Parga Greece"},{"@type":"BreadcrumbList","@id":"https:\/\/www.marbella.gr\/partnerships\/inspire-the-body-and-mind-2026\/#breadcrumb","itemListElement":[{"@type":"ListItem","position":1,"name":"Home","item":"https:\/\/www.marbella.gr\/"},{"@type":"ListItem","position":2,"name":"Partnerships","item":"https:\/\/www.marbella.gr\/partnerships\/"},{"@type":"ListItem","position":3,"name":"Inspire the body and mind 2026"}]},{"@type":"WebSite","@id":"https:\/\/www.marbella.gr\/#website","url":"https:\/\/www.marbella.gr\/","name":"MarBella","description":"Eine Familie von Hotels, die Sie mit dem wundersch\u00f6nen Ionischen Meer verbindet","publisher":{"@id":"https:\/\/www.marbella.gr\/#organization"},"alternateName":"MarBella","potentialAction":[{"@type":"SearchAction","target":{"@type":"EntryPoint","urlTemplate":"https:\/\/www.marbella.gr\/?s={search_term_string}"},"query-input":{"@type":"PropertyValueSpecification","valueRequired":true,"valueName":"search_term_string"}}],"inLanguage":"de"},{"@type":"Organization","@id":"https:\/\/www.marbella.gr\/#organization","name":"MarBella","url":"https:\/\/www.marbella.gr\/","logo":{"@type":"ImageObject","inLanguage":"de","@id":"https:\/\/www.marbella.gr\/#\/schema\/logo\/image\/","url":"https:\/\/www.marbella.gr\/app\/uploads\/2023\/06\/Marbella-collection.png","contentUrl":"https:\/\/www.marbella.gr\/app\/uploads\/2023\/06\/Marbella-collection.png","width":230,"height":75,"caption":"MarBella"},"image":{"@id":"https:\/\/www.marbella.gr\/#\/schema\/logo\/image\/"}}]}},"_links":{"self":[{"href":"https:\/\/www.marbella.gr\/de\/wp-json\/wp\/v2\/pages\/14671","targetHints":{"allow":["GET"]}}],"collection":[{"href":"https:\/\/www.marbella.gr\/de\/wp-json\/wp\/v2\/pages"}],"about":[{"href":"https:\/\/www.marbella.gr\/de\/wp-json\/wp\/v2\/types\/page"}],"author":[{"embeddable":true,"href":"https:\/\/www.marbella.gr\/de\/wp-json\/wp\/v2\/users\/27"}],"replies":[{"embeddable":true,"href":"https:\/\/www.marbella.gr\/de\/wp-json\/wp\/v2\/comments?post=14671"}],"version-history":[{"count":6,"href":"https:\/\/www.marbella.gr\/de\/wp-json\/wp\/v2\/pages\/14671\/revisions"}],"predecessor-version":[{"id":14756,"href":"https:\/\/www.marbella.gr\/de\/wp-json\/wp\/v2\/pages\/14671\/revisions\/14756"}],"up":[{"embeddable":true,"href":"https:\/\/www.marbella.gr\/de\/wp-json\/wp\/v2\/pages\/1034"}],"wp:featuredmedia":[{"embeddable":true,"href":"https:\/\/www.marbella.gr\/de\/wp-json\/wp\/v2\/media\/8436"}],"wp:attachment":[{"href":"https:\/\/www.marbella.gr\/de\/wp-json\/wp\/v2\/media?parent=14671"}],"curies":[{"name":"wp","href":"https:\/\/api.w.org\/{rel}","templated":true}]}}