{"id":14729,"date":"2026-04-24T12:35:37","date_gmt":"2026-04-24T09:35:37","guid":{"rendered":"https:\/\/www.marbella.gr\/?page_id=14729"},"modified":"2026-04-24T14:20:37","modified_gmt":"2026-04-24T11:20:37","slug":"inspire-the-body-and-mind-elix-2026","status":"publish","type":"page","link":"https:\/\/www.marbella.gr\/de\/partnerships\/inspire-the-body-and-mind-elix-2026\/","title":{"rendered":"Inspire the body and mind 2026"},"content":{"rendered":"<p>Die Trainer von Oyogo London sind diesen Sommer zur\u00fcck im Elix. Genie\u00dfen Sie Slow Paced Strength, Slow Flow Yoga, Vinyasa Yoga und Express Core, sowie Tone &amp; Sculpt, Express Pilates und Stretch &amp; Release Sessions, die alle f\u00fcr alle Level geeignet sind. Nach dem Erfolg der transformativen Angebote der letzten Jahre f\u00f6rdern diese Kurse weiterhin Kraft, Flexibilit\u00e4t und allgemeines Wohlbefinden und sorgen f\u00fcr ein ausgewogenes und belebendes Erlebnis.<\/p>","protected":false},"excerpt":{"rendered":"<p>Oyogo London trainers are back this summer at Elix. Enjoy Slow Paced Strength, Slow Flow Yoga, Vinyasa Yoga, and Express Core, as well as Tone &amp; Sculpt, Express Pilates, and Stretch &amp; Release sessions, all suitable for all levels. Following the success of the last few years&#8217; transformative offerings, these sessions continue to promote strength, [&#8230;]<\/p>\n<p><a class=\"btn btn-secondary understrap-read-more-link\" href=\"https:\/\/www.marbella.gr\/de\/partnerships\/inspire-the-body-and-mind-elix-2026\/\">Read More&#8230;<span class=\"screen-reader-text\"> from Inspire the body and mind 2026<\/span><\/a><\/p>\n","protected":false},"author":27,"featured_media":9633,"parent":1034,"menu_order":0,"comment_status":"closed","ping_status":"closed","template":"","meta":{"_acf_changed":false,"footnotes":""},"class_list":["post-14729","page","type-page","status-publish","has-post-thumbnail","hentry"],"acf":[],"yoast_head":"<!-- This site is optimized with the Yoast SEO plugin v27.5 - https:\/\/yoast.com\/product\/yoast-seo-wordpress\/ -->\n<title>Fitness Sessions for All Levels | Mar-Bella Collection<\/title>\n<meta name=\"description\" content=\"Oyogo London trainers are back this summer at Elix. Enjoy their well-being sessions ensuring a balanced and revitalizing experience.\" \/>\n<meta name=\"robots\" content=\"index, follow, max-snippet:-1, max-image-preview:large, max-video-preview:-1\" \/>\n<link rel=\"canonical\" href=\"https:\/\/www.marbella.gr\/de\/partnerships\/inspire-the-body-and-mind-elix-2026\/\" \/>\n<meta property=\"og:locale\" content=\"de_DE\" \/>\n<meta property=\"og:type\" content=\"article\" \/>\n<meta property=\"og:title\" content=\"Fitness Sessions for All Levels | Mar-Bella Collection\" \/>\n<meta property=\"og:description\" content=\"Oyogo London trainers are back this summer at Elix. Enjoy their well-being sessions ensuring a balanced and revitalizing experience.\" \/>\n<meta property=\"og:url\" content=\"https:\/\/www.marbella.gr\/de\/partnerships\/inspire-the-body-and-mind-elix-2026\/\" \/>\n<meta property=\"og:site_name\" content=\"Mar-Bella Collection\" \/>\n<meta property=\"article:modified_time\" content=\"2026-04-24T11:20:37+00:00\" \/>\n<meta property=\"og:image\" content=\"https:\/\/www.marbella.gr\/app\/uploads\/2025\/02\/Elix_Wellness-_-Fitness-2-scaled.jpg\" \/>\n\t<meta property=\"og:image:width\" content=\"2560\" \/>\n\t<meta property=\"og:image:height\" content=\"1917\" \/>\n\t<meta property=\"og:image:type\" content=\"image\/jpeg\" \/>\n<meta name=\"twitter:card\" content=\"summary_large_image\" \/>\n<meta name=\"twitter:label1\" content=\"Gesch\u00e4tzte Lesezeit\" \/>\n\t<meta name=\"twitter:data1\" content=\"1\u00a0Minute\" \/>\n<!-- \/ Yoast SEO plugin. -->","yoast_head_json":{"title":"Fitness-Sitzungen f\u00fcr alle Niveaus | Mar-Bella Collection","description":"Die Trainer von Oyogo London sind diesen Sommer wieder bei Elix zu Gast. Genie\u00dfen Sie ihre Wellness-Sitzungen, die f\u00fcr ein ausgewogenes und belebendes Erlebnis sorgen.","robots":{"index":"index","follow":"follow","max-snippet":"max-snippet:-1","max-image-preview":"max-image-preview:large","max-video-preview":"max-video-preview:-1"},"canonical":"https:\/\/www.marbella.gr\/de\/partnerships\/inspire-the-body-and-mind-elix-2026\/","og_locale":"de_DE","og_type":"article","og_title":"Fitness Sessions for All Levels | Mar-Bella Collection","og_description":"Oyogo London trainers are back this summer at Elix. Enjoy their well-being sessions ensuring a balanced and revitalizing experience.","og_url":"https:\/\/www.marbella.gr\/de\/partnerships\/inspire-the-body-and-mind-elix-2026\/","og_site_name":"Mar-Bella Collection","article_modified_time":"2026-04-24T11:20:37+00:00","og_image":[{"width":2560,"height":1917,"url":"https:\/\/www.marbella.gr\/app\/uploads\/2025\/02\/Elix_Wellness-_-Fitness-2-scaled.jpg","type":"image\/jpeg"}],"twitter_card":"summary_large_image","twitter_misc":{"Gesch\u00e4tzte Lesezeit":"1\u00a0Minute"},"schema":{"@context":"https:\/\/schema.org","@graph":[{"@type":"WebPage","@id":"https:\/\/www.marbella.gr\/partnerships\/inspire-the-body-and-mind-elix-2026\/","url":"https:\/\/www.marbella.gr\/partnerships\/inspire-the-body-and-mind-elix-2026\/","name":"Fitness-Sitzungen f\u00fcr alle Niveaus | Mar-Bella Collection","isPartOf":{"@id":"https:\/\/www.marbella.gr\/#website"},"primaryImageOfPage":{"@id":"https:\/\/www.marbella.gr\/partnerships\/inspire-the-body-and-mind-elix-2026\/#primaryimage"},"image":{"@id":"https:\/\/www.marbella.gr\/partnerships\/inspire-the-body-and-mind-elix-2026\/#primaryimage"},"thumbnailUrl":"https:\/\/www.marbella.gr\/app\/uploads\/2025\/02\/Elix_Wellness-_-Fitness-2-scaled.jpg","datePublished":"2026-04-24T09:35:37+00:00","dateModified":"2026-04-24T11:20:37+00:00","description":"Die Trainer von Oyogo London sind diesen Sommer wieder bei Elix zu Gast. Genie\u00dfen Sie ihre Wellness-Sitzungen, die f\u00fcr ein ausgewogenes und belebendes Erlebnis sorgen.","breadcrumb":{"@id":"https:\/\/www.marbella.gr\/partnerships\/inspire-the-body-and-mind-elix-2026\/#breadcrumb"},"inLanguage":"de","potentialAction":[{"@type":"ReadAction","target":["https:\/\/www.marbella.gr\/partnerships\/inspire-the-body-and-mind-elix-2026\/"]}]},{"@type":"ImageObject","inLanguage":"de","@id":"https:\/\/www.marbella.gr\/partnerships\/inspire-the-body-and-mind-elix-2026\/#primaryimage","url":"https:\/\/www.marbella.gr\/app\/uploads\/2025\/02\/Elix_Wellness-_-Fitness-2-scaled.jpg","contentUrl":"https:\/\/www.marbella.gr\/app\/uploads\/2025\/02\/Elix_Wellness-_-Fitness-2-scaled.jpg","width":2560,"height":1917,"caption":"default"},{"@type":"BreadcrumbList","@id":"https:\/\/www.marbella.gr\/partnerships\/inspire-the-body-and-mind-elix-2026\/#breadcrumb","itemListElement":[{"@type":"ListItem","position":1,"name":"Home","item":"https:\/\/www.marbella.gr\/"},{"@type":"ListItem","position":2,"name":"Partnerships","item":"https:\/\/www.marbella.gr\/partnerships\/"},{"@type":"ListItem","position":3,"name":"Inspire the body and mind 2026"}]},{"@type":"WebSite","@id":"https:\/\/www.marbella.gr\/#website","url":"https:\/\/www.marbella.gr\/","name":"MarBella","description":"Eine Familie von Hotels, die Sie mit dem wundersch\u00f6nen Ionischen Meer verbindet","publisher":{"@id":"https:\/\/www.marbella.gr\/#organization"},"alternateName":"MarBella","potentialAction":[{"@type":"SearchAction","target":{"@type":"EntryPoint","urlTemplate":"https:\/\/www.marbella.gr\/?s={search_term_string}"},"query-input":{"@type":"PropertyValueSpecification","valueRequired":true,"valueName":"search_term_string"}}],"inLanguage":"de"},{"@type":"Organization","@id":"https:\/\/www.marbella.gr\/#organization","name":"MarBella","url":"https:\/\/www.marbella.gr\/","logo":{"@type":"ImageObject","inLanguage":"de","@id":"https:\/\/www.marbella.gr\/#\/schema\/logo\/image\/","url":"https:\/\/www.marbella.gr\/app\/uploads\/2023\/06\/Marbella-collection.png","contentUrl":"https:\/\/www.marbella.gr\/app\/uploads\/2023\/06\/Marbella-collection.png","width":230,"height":75,"caption":"MarBella"},"image":{"@id":"https:\/\/www.marbella.gr\/#\/schema\/logo\/image\/"}}]}},"_links":{"self":[{"href":"https:\/\/www.marbella.gr\/de\/wp-json\/wp\/v2\/pages\/14729","targetHints":{"allow":["GET"]}}],"collection":[{"href":"https:\/\/www.marbella.gr\/de\/wp-json\/wp\/v2\/pages"}],"about":[{"href":"https:\/\/www.marbella.gr\/de\/wp-json\/wp\/v2\/types\/page"}],"author":[{"embeddable":true,"href":"https:\/\/www.marbella.gr\/de\/wp-json\/wp\/v2\/users\/27"}],"replies":[{"embeddable":true,"href":"https:\/\/www.marbella.gr\/de\/wp-json\/wp\/v2\/comments?post=14729"}],"version-history":[{"count":5,"href":"https:\/\/www.marbella.gr\/de\/wp-json\/wp\/v2\/pages\/14729\/revisions"}],"predecessor-version":[{"id":14738,"href":"https:\/\/www.marbella.gr\/de\/wp-json\/wp\/v2\/pages\/14729\/revisions\/14738"}],"up":[{"embeddable":true,"href":"https:\/\/www.marbella.gr\/de\/wp-json\/wp\/v2\/pages\/1034"}],"wp:featuredmedia":[{"embeddable":true,"href":"https:\/\/www.marbella.gr\/de\/wp-json\/wp\/v2\/media\/9633"}],"wp:attachment":[{"href":"https:\/\/www.marbella.gr\/de\/wp-json\/wp\/v2\/media?parent=14729"}],"curies":[{"name":"wp","href":"https:\/\/api.w.org\/{rel}","templated":true}]}}