{"id":14747,"date":"2026-04-24T16:07:30","date_gmt":"2026-04-24T13:07:30","guid":{"rendered":"https:\/\/www.marbella.gr\/?page_id=14747"},"modified":"2026-04-24T16:38:20","modified_gmt":"2026-04-24T13:38:20","slug":"inspire-the-body-and-mind-2026-nido","status":"publish","type":"page","link":"https:\/\/www.marbella.gr\/de\/partnerships\/inspire-the-body-and-mind-2026-nido\/","title":{"rendered":"Inspire the body and mind 2026 Nido"},"content":{"rendered":"<p>Unsere Partnerschaft mit Oyogo London wird diesen Sommer im Nido fortgesetzt, wo Sie Slow Flow Yoga, Tone &amp; Sculpt Pilates und Stretch &amp; Release Recovery-Sitzungen genie\u00dfen k\u00f6nnen, die sich alle auf die Beweglichkeit konzentrieren und Atem\u00fcbungen einbeziehen, um Ihren K\u00f6rper zu regenerieren und neue Energie zu tanken. Nach einem erfolgreichen Jahr, in dem wir unsere G\u00e4ste gest\u00e4rkt und transformiert haben, bieten diese Sitzungen weiterhin die perfekte Mischung aus Entspannung, Kraft und Flexibilit\u00e4t.<\/p>","protected":false},"excerpt":{"rendered":"<p>Our partnership with Oyogo London continues this summer at Nido, where you can enjoy Slow Flow Yoga, Tone &amp; Sculpt Pilates, and Stretch &amp; Release recovery sessions, all focusing on mobility and incorporating breathwork to reset and re-energize your body. Following a successful year of empowering and transforming our guests, these sessions continue to offer [&#8230;]<\/p>\n<p><a class=\"btn btn-secondary understrap-read-more-link\" href=\"https:\/\/www.marbella.gr\/de\/partnerships\/inspire-the-body-and-mind-2026-nido\/\">Read More&#8230;<span class=\"screen-reader-text\"> from Inspire the body and mind 2026 Nido<\/span><\/a><\/p>\n","protected":false},"author":27,"featured_media":8436,"parent":1034,"menu_order":0,"comment_status":"closed","ping_status":"closed","template":"","meta":{"_acf_changed":false,"footnotes":""},"class_list":["post-14747","page","type-page","status-publish","has-post-thumbnail","hentry"],"acf":[],"yoast_head":"<!-- This site is optimized with the Yoast SEO plugin v27.5 - https:\/\/yoast.com\/product\/yoast-seo-wordpress\/ -->\n<title>Wellness Experiences at Avali | Mar-Bella Collection<\/title>\n<meta name=\"description\" content=\"This summer, Oyogo London brings Slow Paced Strength, Express Core, and Recovery Stretch &amp; Breathwork to Avali.\" \/>\n<meta name=\"robots\" content=\"index, follow, max-snippet:-1, max-image-preview:large, max-video-preview:-1\" \/>\n<link rel=\"canonical\" href=\"https:\/\/www.marbella.gr\/de\/partnerships\/inspire-the-body-and-mind-2026-nido\/\" \/>\n<meta property=\"og:locale\" content=\"de_DE\" \/>\n<meta property=\"og:type\" content=\"article\" \/>\n<meta property=\"og:title\" content=\"Wellness Experiences at Avali | Mar-Bella Collection\" \/>\n<meta property=\"og:description\" content=\"This summer, Oyogo London brings Slow Paced Strength, Express Core, and Recovery Stretch &amp; Breathwork to Avali.\" \/>\n<meta property=\"og:url\" content=\"https:\/\/www.marbella.gr\/de\/partnerships\/inspire-the-body-and-mind-2026-nido\/\" \/>\n<meta property=\"og:site_name\" content=\"Mar-Bella Collection\" \/>\n<meta property=\"article:modified_time\" content=\"2026-04-24T13:38:20+00:00\" \/>\n<meta property=\"og:image\" content=\"https:\/\/www.marbella.gr\/app\/uploads\/2024\/11\/2024_05_MARBELLA_009-Yoga_0063-scaled.jpg\" \/>\n\t<meta property=\"og:image:width\" content=\"2560\" \/>\n\t<meta property=\"og:image:height\" content=\"1920\" \/>\n\t<meta property=\"og:image:type\" content=\"image\/jpeg\" \/>\n<meta name=\"twitter:card\" content=\"summary_large_image\" \/>\n<meta name=\"twitter:label1\" content=\"Gesch\u00e4tzte Lesezeit\" \/>\n\t<meta name=\"twitter:data1\" content=\"1\u00a0Minute\" \/>\n<!-- \/ Yoast SEO plugin. -->","yoast_head_json":{"title":"Wellness-Erlebnisse im Avali | Mar-Bella Collection","description":"Diesen Sommer bringt Oyogo London Slow Paced Strength, Express Core und Recovery Stretch &amp; Breathwork ins Avali.","robots":{"index":"index","follow":"follow","max-snippet":"max-snippet:-1","max-image-preview":"max-image-preview:large","max-video-preview":"max-video-preview:-1"},"canonical":"https:\/\/www.marbella.gr\/de\/partnerships\/inspire-the-body-and-mind-2026-nido\/","og_locale":"de_DE","og_type":"article","og_title":"Wellness Experiences at Avali | Mar-Bella Collection","og_description":"This summer, Oyogo London brings Slow Paced Strength, Express Core, and Recovery Stretch & Breathwork to Avali.","og_url":"https:\/\/www.marbella.gr\/de\/partnerships\/inspire-the-body-and-mind-2026-nido\/","og_site_name":"Mar-Bella Collection","article_modified_time":"2026-04-24T13:38:20+00:00","og_image":[{"width":2560,"height":1920,"url":"https:\/\/www.marbella.gr\/app\/uploads\/2024\/11\/2024_05_MARBELLA_009-Yoga_0063-scaled.jpg","type":"image\/jpeg"}],"twitter_card":"summary_large_image","twitter_misc":{"Gesch\u00e4tzte Lesezeit":"1\u00a0Minute"},"schema":{"@context":"https:\/\/schema.org","@graph":[{"@type":"WebPage","@id":"https:\/\/www.marbella.gr\/partnerships\/inspire-the-body-and-mind-2026-nido\/","url":"https:\/\/www.marbella.gr\/partnerships\/inspire-the-body-and-mind-2026-nido\/","name":"Wellness-Erlebnisse im Avali | Mar-Bella Collection","isPartOf":{"@id":"https:\/\/www.marbella.gr\/#website"},"primaryImageOfPage":{"@id":"https:\/\/www.marbella.gr\/partnerships\/inspire-the-body-and-mind-2026-nido\/#primaryimage"},"image":{"@id":"https:\/\/www.marbella.gr\/partnerships\/inspire-the-body-and-mind-2026-nido\/#primaryimage"},"thumbnailUrl":"https:\/\/www.marbella.gr\/app\/uploads\/2024\/11\/2024_05_MARBELLA_009-Yoga_0063-scaled.jpg","datePublished":"2026-04-24T13:07:30+00:00","dateModified":"2026-04-24T13:38:20+00:00","description":"Diesen Sommer bringt Oyogo London Slow Paced Strength, Express Core und Recovery Stretch &amp; Breathwork ins Avali.","breadcrumb":{"@id":"https:\/\/www.marbella.gr\/partnerships\/inspire-the-body-and-mind-2026-nido\/#breadcrumb"},"inLanguage":"de","potentialAction":[{"@type":"ReadAction","target":["https:\/\/www.marbella.gr\/partnerships\/inspire-the-body-and-mind-2026-nido\/"]}]},{"@type":"ImageObject","inLanguage":"de","@id":"https:\/\/www.marbella.gr\/partnerships\/inspire-the-body-and-mind-2026-nido\/#primaryimage","url":"https:\/\/www.marbella.gr\/app\/uploads\/2024\/11\/2024_05_MARBELLA_009-Yoga_0063-scaled.jpg","contentUrl":"https:\/\/www.marbella.gr\/app\/uploads\/2024\/11\/2024_05_MARBELLA_009-Yoga_0063-scaled.jpg","width":2560,"height":1920,"caption":"Discover Mar-Bella Collection - 5 star hotels in Corfu, Parga Greece"},{"@type":"BreadcrumbList","@id":"https:\/\/www.marbella.gr\/partnerships\/inspire-the-body-and-mind-2026-nido\/#breadcrumb","itemListElement":[{"@type":"ListItem","position":1,"name":"Home","item":"https:\/\/www.marbella.gr\/"},{"@type":"ListItem","position":2,"name":"Partnerships","item":"https:\/\/www.marbella.gr\/partnerships\/"},{"@type":"ListItem","position":3,"name":"Inspire the body and mind 2026 Nido"}]},{"@type":"WebSite","@id":"https:\/\/www.marbella.gr\/#website","url":"https:\/\/www.marbella.gr\/","name":"MarBella","description":"Eine Familie von Hotels, die Sie mit dem wundersch\u00f6nen Ionischen Meer verbindet","publisher":{"@id":"https:\/\/www.marbella.gr\/#organization"},"alternateName":"MarBella","potentialAction":[{"@type":"SearchAction","target":{"@type":"EntryPoint","urlTemplate":"https:\/\/www.marbella.gr\/?s={search_term_string}"},"query-input":{"@type":"PropertyValueSpecification","valueRequired":true,"valueName":"search_term_string"}}],"inLanguage":"de"},{"@type":"Organization","@id":"https:\/\/www.marbella.gr\/#organization","name":"MarBella","url":"https:\/\/www.marbella.gr\/","logo":{"@type":"ImageObject","inLanguage":"de","@id":"https:\/\/www.marbella.gr\/#\/schema\/logo\/image\/","url":"https:\/\/www.marbella.gr\/app\/uploads\/2023\/06\/Marbella-collection.png","contentUrl":"https:\/\/www.marbella.gr\/app\/uploads\/2023\/06\/Marbella-collection.png","width":230,"height":75,"caption":"MarBella"},"image":{"@id":"https:\/\/www.marbella.gr\/#\/schema\/logo\/image\/"}}]}},"_links":{"self":[{"href":"https:\/\/www.marbella.gr\/de\/wp-json\/wp\/v2\/pages\/14747","targetHints":{"allow":["GET"]}}],"collection":[{"href":"https:\/\/www.marbella.gr\/de\/wp-json\/wp\/v2\/pages"}],"about":[{"href":"https:\/\/www.marbella.gr\/de\/wp-json\/wp\/v2\/types\/page"}],"author":[{"embeddable":true,"href":"https:\/\/www.marbella.gr\/de\/wp-json\/wp\/v2\/users\/27"}],"replies":[{"embeddable":true,"href":"https:\/\/www.marbella.gr\/de\/wp-json\/wp\/v2\/comments?post=14747"}],"version-history":[{"count":3,"href":"https:\/\/www.marbella.gr\/de\/wp-json\/wp\/v2\/pages\/14747\/revisions"}],"predecessor-version":[{"id":14755,"href":"https:\/\/www.marbella.gr\/de\/wp-json\/wp\/v2\/pages\/14747\/revisions\/14755"}],"up":[{"embeddable":true,"href":"https:\/\/www.marbella.gr\/de\/wp-json\/wp\/v2\/pages\/1034"}],"wp:featuredmedia":[{"embeddable":true,"href":"https:\/\/www.marbella.gr\/de\/wp-json\/wp\/v2\/media\/8436"}],"wp:attachment":[{"href":"https:\/\/www.marbella.gr\/de\/wp-json\/wp\/v2\/media?parent=14747"}],"curies":[{"name":"wp","href":"https:\/\/api.w.org\/{rel}","templated":true}]}}