{"id":1479,"date":"2023-05-17T11:18:10","date_gmt":"2023-05-17T11:18:10","guid":{"rendered":"https:\/\/www.marbella.gr\/?page_id=1479"},"modified":"2026-01-23T15:10:15","modified_gmt":"2026-01-23T13:10:15","slug":"rooms-and-suites","status":"publish","type":"page","link":"https:\/\/www.marbella.gr\/de\/hotels\/marbella-corfu\/rooms-and-suites\/","title":{"rendered":"Zimmer &amp; Suiten"},"content":{"rendered":"<p>Alle MarBella Zimmer und Suiten bieten von ihrer privaten Terrasse oder ihrem Balkon aus einen spektakul\u00e4ren Blick auf das Ionische Meer, die Berge oder den Landschaftsgarten des Resorts. Alle Zimmer sind wundersch\u00f6n, ger\u00e4umig und modern eingerichtet und sorgen f\u00fcr einen komfortablen und entspannten Aufenthalt.<\/p>","protected":false},"excerpt":{"rendered":"<p>All MarBella rooms and suites command spectacular views of the Ionian Sea, the mountains or the resort\u2019s landscaped gardens from a private terrace or balcony. Beautifully-styled, spacious and contemporary everything is caringly appointed to ensure a comfortable and relaxing stay. [&#8230;]<\/p>\n<p><a class=\"btn btn-secondary understrap-read-more-link\" href=\"https:\/\/www.marbella.gr\/de\/hotels\/marbella-corfu\/rooms-and-suites\/\">Read More&#8230;<span class=\"screen-reader-text\"> from Rooms &#038; Suites<\/span><\/a><\/p>\n","protected":false},"author":5,"featured_media":0,"parent":797,"menu_order":0,"comment_status":"closed","ping_status":"closed","template":"page-templates\/rooms.php","meta":{"_acf_changed":false,"footnotes":""},"class_list":["post-1479","page","type-page","status-publish","hentry"],"acf":[],"yoast_head":"<!-- This site is optimized with the Yoast SEO plugin v27.4 - https:\/\/yoast.com\/product\/yoast-seo-wordpress\/ -->\n<title>Luxury 5-Star Accommodation in Corfu | MarBella<\/title>\n<meta name=\"description\" content=\"Discover MarBella&#039;s exceptional 5-star accommodation in Corfu, offering beautifully appointed rooms and suites at a seaside location.\" \/>\n<meta name=\"robots\" content=\"index, follow, max-snippet:-1, max-image-preview:large, max-video-preview:-1\" \/>\n<link rel=\"canonical\" href=\"https:\/\/www.marbella.gr\/de\/hotels\/marbella-corfu\/rooms-and-suites\/\" \/>\n<meta property=\"og:locale\" content=\"de_DE\" \/>\n<meta property=\"og:type\" content=\"article\" \/>\n<meta property=\"og:title\" content=\"Luxury 5-Star Accommodation in Corfu | MarBella\" \/>\n<meta property=\"og:description\" content=\"Discover MarBella&#039;s exceptional 5-star accommodation in Corfu, offering beautifully appointed rooms and suites at a seaside location.\" \/>\n<meta property=\"og:url\" content=\"https:\/\/www.marbella.gr\/de\/hotels\/marbella-corfu\/rooms-and-suites\/\" \/>\n<meta property=\"og:site_name\" content=\"Mar-Bella Collection\" \/>\n<meta property=\"article:modified_time\" content=\"2026-01-23T13:10:15+00:00\" \/>\n<meta property=\"og:image\" content=\"https:\/\/www.marbella.gr\/app\/uploads\/2024\/05\/Elix_Water-Sports-2-scaled.jpg\" \/>\n\t<meta property=\"og:image:width\" content=\"2560\" \/>\n\t<meta property=\"og:image:height\" content=\"1705\" \/>\n\t<meta property=\"og:image:type\" content=\"image\/jpeg\" \/>\n<meta name=\"twitter:card\" content=\"summary_large_image\" \/>\n<meta name=\"twitter:label1\" content=\"Gesch\u00e4tzte Lesezeit\" \/>\n\t<meta name=\"twitter:data1\" content=\"1\u00a0Minute\" \/>\n<!-- \/ Yoast SEO plugin. -->","yoast_head_json":{"title":"Luxuri\u00f6se 5-Sterne-Unterkunft in Korfu | MarBella","description":"Entdecken Sie die au\u00dfergew\u00f6hnliche 5-Sterne-Unterkunft MarBella in Korfu, die wundersch\u00f6n eingerichtete Zimmer und Suiten in Strandlage bietet.","robots":{"index":"index","follow":"follow","max-snippet":"max-snippet:-1","max-image-preview":"max-image-preview:large","max-video-preview":"max-video-preview:-1"},"canonical":"https:\/\/www.marbella.gr\/de\/hotels\/marbella-corfu\/rooms-and-suites\/","og_locale":"de_DE","og_type":"article","og_title":"Luxury 5-Star Accommodation in Corfu | MarBella","og_description":"Discover MarBella's exceptional 5-star accommodation in Corfu, offering beautifully appointed rooms and suites at a seaside location.","og_url":"https:\/\/www.marbella.gr\/de\/hotels\/marbella-corfu\/rooms-and-suites\/","og_site_name":"Mar-Bella Collection","article_modified_time":"2026-01-23T13:10:15+00:00","og_image":[{"width":2560,"height":1705,"url":"https:\/\/www.marbella.gr\/app\/uploads\/2024\/05\/Elix_Water-Sports-2-scaled.jpg","type":"image\/jpeg"}],"twitter_card":"summary_large_image","twitter_misc":{"Gesch\u00e4tzte Lesezeit":"1\u00a0Minute"},"schema":{"@context":"https:\/\/schema.org","@graph":[{"@type":"WebPage","@id":"https:\/\/www.marbella.gr\/hotels\/marbella-corfu\/rooms-and-suites\/","url":"https:\/\/www.marbella.gr\/hotels\/marbella-corfu\/rooms-and-suites\/","name":"Luxuri\u00f6se 5-Sterne-Unterkunft in Korfu | MarBella","isPartOf":{"@id":"https:\/\/www.marbella.gr\/#website"},"datePublished":"2023-05-17T11:18:10+00:00","dateModified":"2026-01-23T13:10:15+00:00","description":"Entdecken Sie die au\u00dfergew\u00f6hnliche 5-Sterne-Unterkunft MarBella in Korfu, die wundersch\u00f6n eingerichtete Zimmer und Suiten in Strandlage bietet.","breadcrumb":{"@id":"https:\/\/www.marbella.gr\/hotels\/marbella-corfu\/rooms-and-suites\/#breadcrumb"},"inLanguage":"de","potentialAction":[{"@type":"ReadAction","target":["https:\/\/www.marbella.gr\/hotels\/marbella-corfu\/rooms-and-suites\/"]}]},{"@type":"BreadcrumbList","@id":"https:\/\/www.marbella.gr\/hotels\/marbella-corfu\/rooms-and-suites\/#breadcrumb","itemListElement":[{"@type":"ListItem","position":1,"name":"Home","item":"https:\/\/www.marbella.gr\/"},{"@type":"ListItem","position":2,"name":"Hotels","item":"https:\/\/www.marbella.gr\/hotels\/"},{"@type":"ListItem","position":3,"name":"MarBella","item":"https:\/\/www.marbella.gr\/hotels\/marbella-corfu\/"},{"@type":"ListItem","position":4,"name":"Rooms &#038; Suites"}]},{"@type":"WebSite","@id":"https:\/\/www.marbella.gr\/#website","url":"https:\/\/www.marbella.gr\/","name":"MarBella","description":"Eine Familie von Hotels, die Sie mit dem wundersch\u00f6nen Ionischen Meer verbindet","publisher":{"@id":"https:\/\/www.marbella.gr\/#organization"},"alternateName":"MarBella","potentialAction":[{"@type":"SearchAction","target":{"@type":"EntryPoint","urlTemplate":"https:\/\/www.marbella.gr\/?s={search_term_string}"},"query-input":{"@type":"PropertyValueSpecification","valueRequired":true,"valueName":"search_term_string"}}],"inLanguage":"de"},{"@type":"Organization","@id":"https:\/\/www.marbella.gr\/#organization","name":"MarBella","url":"https:\/\/www.marbella.gr\/","logo":{"@type":"ImageObject","inLanguage":"de","@id":"https:\/\/www.marbella.gr\/#\/schema\/logo\/image\/","url":"https:\/\/www.marbella.gr\/app\/uploads\/2023\/06\/Marbella-collection.png","contentUrl":"https:\/\/www.marbella.gr\/app\/uploads\/2023\/06\/Marbella-collection.png","width":230,"height":75,"caption":"MarBella"},"image":{"@id":"https:\/\/www.marbella.gr\/#\/schema\/logo\/image\/"}}]}},"_links":{"self":[{"href":"https:\/\/www.marbella.gr\/de\/wp-json\/wp\/v2\/pages\/1479","targetHints":{"allow":["GET"]}}],"collection":[{"href":"https:\/\/www.marbella.gr\/de\/wp-json\/wp\/v2\/pages"}],"about":[{"href":"https:\/\/www.marbella.gr\/de\/wp-json\/wp\/v2\/types\/page"}],"author":[{"embeddable":true,"href":"https:\/\/www.marbella.gr\/de\/wp-json\/wp\/v2\/users\/5"}],"replies":[{"embeddable":true,"href":"https:\/\/www.marbella.gr\/de\/wp-json\/wp\/v2\/comments?post=1479"}],"version-history":[{"count":35,"href":"https:\/\/www.marbella.gr\/de\/wp-json\/wp\/v2\/pages\/1479\/revisions"}],"predecessor-version":[{"id":12770,"href":"https:\/\/www.marbella.gr\/de\/wp-json\/wp\/v2\/pages\/1479\/revisions\/12770"}],"up":[{"embeddable":true,"href":"https:\/\/www.marbella.gr\/de\/wp-json\/wp\/v2\/pages\/797"}],"wp:attachment":[{"href":"https:\/\/www.marbella.gr\/de\/wp-json\/wp\/v2\/media?parent=1479"}],"curies":[{"name":"wp","href":"https:\/\/api.w.org\/{rel}","templated":true}]}}