{"id":1481,"date":"2023-05-17T11:20:00","date_gmt":"2023-05-17T11:20:00","guid":{"rendered":"https:\/\/www.marbella.gr\/?page_id=1481"},"modified":"2025-09-26T12:10:44","modified_gmt":"2025-09-26T09:10:44","slug":"rooms-suites","status":"publish","type":"page","link":"https:\/\/www.marbella.gr\/de\/hotels\/marbella-elix\/rooms-suites\/","title":{"rendered":"Zimmer &amp; Suiten"},"content":{"rendered":"<p>Jedes unserer Elix-Zimmer und -Suiten bietet von seinem privaten, m\u00f6blierten Balkon oder seiner Terrasse aus einen atemberaubenden Blick auf das Ionische Meer. Sie sind ger\u00e4umig, modern und atemberaubend gestaltet, hervorragend ausgestattet und verf\u00fcgen \u00fcber alles, was Sie f\u00fcr einen au\u00dfergew\u00f6hnlich komfortablen Aufenthalt ben\u00f6tigen.<\/p>","protected":false},"excerpt":{"rendered":"<p>Each of our Elix rooms and suites commands sweeping views of the Ionian Sea from a private furnished balcony or terrace. Spacious, contemporary and stunningly styled, each one is superbly appointed and comes with all you need for an exceptionally comfortable stay. [&#8230;]<\/p>\n<p><a class=\"btn btn-secondary understrap-read-more-link\" href=\"https:\/\/www.marbella.gr\/de\/hotels\/marbella-elix\/rooms-suites\/\">Read More&#8230;<span class=\"screen-reader-text\"> from Rooms &#038; Suites<\/span><\/a><\/p>\n","protected":false},"author":5,"featured_media":823,"parent":385,"menu_order":0,"comment_status":"closed","ping_status":"closed","template":"page-templates\/rooms.php","meta":{"_acf_changed":false,"footnotes":""},"class_list":["post-1481","page","type-page","status-publish","has-post-thumbnail","hentry"],"acf":[],"yoast_head":"<!-- This site is optimized with the Yoast SEO plugin v27.5 - https:\/\/yoast.com\/product\/yoast-seo-wordpress\/ -->\n<title>Luxury Seaview Parga Accommodation - Rooms &amp; Suites | Elix<\/title>\n<meta name=\"description\" content=\"Boasting phenomenal sea view rooms &amp; suites, Elix provides incredible accommodation in Parga of 5 star luxury, just above a sandy beach.\" \/>\n<meta name=\"robots\" content=\"index, follow, max-snippet:-1, max-image-preview:large, max-video-preview:-1\" \/>\n<link rel=\"canonical\" href=\"https:\/\/www.marbella.gr\/de\/hotels\/marbella-elix\/rooms-suites\/\" \/>\n<meta property=\"og:locale\" content=\"de_DE\" \/>\n<meta property=\"og:type\" content=\"article\" \/>\n<meta property=\"og:title\" content=\"Luxury Seaview Parga Accommodation - Rooms &amp; Suites | Elix\" \/>\n<meta property=\"og:description\" content=\"Boasting phenomenal sea view rooms &amp; suites, Elix provides incredible accommodation in Parga of 5 star luxury, just above a sandy beach.\" \/>\n<meta property=\"og:url\" content=\"https:\/\/www.marbella.gr\/de\/hotels\/marbella-elix\/rooms-suites\/\" \/>\n<meta property=\"og:site_name\" content=\"Mar-Bella Collection\" \/>\n<meta property=\"article:modified_time\" content=\"2025-09-26T09:10:44+00:00\" \/>\n<meta property=\"og:image\" content=\"https:\/\/www.marbella.gr\/app\/uploads\/2023\/03\/2022_10-Marbella-Elix_Day-Three_0064_v1.jpg\" \/>\n\t<meta property=\"og:image:width\" content=\"1920\" \/>\n\t<meta property=\"og:image:height\" content=\"1281\" \/>\n\t<meta property=\"og:image:type\" content=\"image\/jpeg\" \/>\n<meta name=\"twitter:card\" content=\"summary_large_image\" \/>\n<meta name=\"twitter:label1\" content=\"Gesch\u00e4tzte Lesezeit\" \/>\n\t<meta name=\"twitter:data1\" content=\"1\u00a0Minute\" \/>\n<!-- \/ Yoast SEO plugin. -->","yoast_head_json":{"title":"Luxuri\u00f6se Unterkunft mit Meerblick in Parga - Zimmer &amp; Suiten | Elix","description":"Mit seinen ph\u00e4nomenalen Zimmern und Suiten mit Meerblick bietet Elix eine unglaubliche 5-Sterne-Luxusunterkunft in Parga, direkt \u00fcber einem Sandstrand.","robots":{"index":"index","follow":"follow","max-snippet":"max-snippet:-1","max-image-preview":"max-image-preview:large","max-video-preview":"max-video-preview:-1"},"canonical":"https:\/\/www.marbella.gr\/de\/hotels\/marbella-elix\/rooms-suites\/","og_locale":"de_DE","og_type":"article","og_title":"Luxury Seaview Parga Accommodation - Rooms & Suites | Elix","og_description":"Boasting phenomenal sea view rooms & suites, Elix provides incredible accommodation in Parga of 5 star luxury, just above a sandy beach.","og_url":"https:\/\/www.marbella.gr\/de\/hotels\/marbella-elix\/rooms-suites\/","og_site_name":"Mar-Bella Collection","article_modified_time":"2025-09-26T09:10:44+00:00","og_image":[{"width":1920,"height":1281,"url":"https:\/\/www.marbella.gr\/app\/uploads\/2023\/03\/2022_10-Marbella-Elix_Day-Three_0064_v1.jpg","type":"image\/jpeg"}],"twitter_card":"summary_large_image","twitter_misc":{"Gesch\u00e4tzte Lesezeit":"1\u00a0Minute"},"schema":{"@context":"https:\/\/schema.org","@graph":[{"@type":"WebPage","@id":"https:\/\/www.marbella.gr\/hotels\/marbella-elix\/rooms-suites\/","url":"https:\/\/www.marbella.gr\/hotels\/marbella-elix\/rooms-suites\/","name":"Luxuri\u00f6se Unterkunft mit Meerblick in Parga - Zimmer &amp; Suiten | Elix","isPartOf":{"@id":"https:\/\/www.marbella.gr\/#website"},"primaryImageOfPage":{"@id":"https:\/\/www.marbella.gr\/hotels\/marbella-elix\/rooms-suites\/#primaryimage"},"image":{"@id":"https:\/\/www.marbella.gr\/hotels\/marbella-elix\/rooms-suites\/#primaryimage"},"thumbnailUrl":"https:\/\/www.marbella.gr\/app\/uploads\/2023\/03\/2022_10-Marbella-Elix_Day-Three_0064_v1.jpg","datePublished":"2023-05-17T11:20:00+00:00","dateModified":"2025-09-26T09:10:44+00:00","description":"Mit seinen ph\u00e4nomenalen Zimmern und Suiten mit Meerblick bietet Elix eine unglaubliche 5-Sterne-Luxusunterkunft in Parga, direkt \u00fcber einem Sandstrand.","breadcrumb":{"@id":"https:\/\/www.marbella.gr\/hotels\/marbella-elix\/rooms-suites\/#breadcrumb"},"inLanguage":"de","potentialAction":[{"@type":"ReadAction","target":["https:\/\/www.marbella.gr\/hotels\/marbella-elix\/rooms-suites\/"]}]},{"@type":"ImageObject","inLanguage":"de","@id":"https:\/\/www.marbella.gr\/hotels\/marbella-elix\/rooms-suites\/#primaryimage","url":"https:\/\/www.marbella.gr\/app\/uploads\/2023\/03\/2022_10-Marbella-Elix_Day-Three_0064_v1.jpg","contentUrl":"https:\/\/www.marbella.gr\/app\/uploads\/2023\/03\/2022_10-Marbella-Elix_Day-Three_0064_v1.jpg","width":1920,"height":1281,"caption":"Photo of Parga Accommodation: Inside Elix's Hotel Room with Stunning Sea View"},{"@type":"BreadcrumbList","@id":"https:\/\/www.marbella.gr\/hotels\/marbella-elix\/rooms-suites\/#breadcrumb","itemListElement":[{"@type":"ListItem","position":1,"name":"Home","item":"https:\/\/www.marbella.gr\/"},{"@type":"ListItem","position":2,"name":"Hotels","item":"https:\/\/www.marbella.gr\/hotels\/"},{"@type":"ListItem","position":3,"name":"Elix","item":"https:\/\/www.marbella.gr\/hotels\/marbella-elix\/"},{"@type":"ListItem","position":4,"name":"Rooms &#038; Suites"}]},{"@type":"WebSite","@id":"https:\/\/www.marbella.gr\/#website","url":"https:\/\/www.marbella.gr\/","name":"MarBella","description":"Eine Familie von Hotels, die Sie mit dem wundersch\u00f6nen Ionischen Meer verbindet","publisher":{"@id":"https:\/\/www.marbella.gr\/#organization"},"alternateName":"MarBella","potentialAction":[{"@type":"SearchAction","target":{"@type":"EntryPoint","urlTemplate":"https:\/\/www.marbella.gr\/?s={search_term_string}"},"query-input":{"@type":"PropertyValueSpecification","valueRequired":true,"valueName":"search_term_string"}}],"inLanguage":"de"},{"@type":"Organization","@id":"https:\/\/www.marbella.gr\/#organization","name":"MarBella","url":"https:\/\/www.marbella.gr\/","logo":{"@type":"ImageObject","inLanguage":"de","@id":"https:\/\/www.marbella.gr\/#\/schema\/logo\/image\/","url":"https:\/\/www.marbella.gr\/app\/uploads\/2023\/06\/Marbella-collection.png","contentUrl":"https:\/\/www.marbella.gr\/app\/uploads\/2023\/06\/Marbella-collection.png","width":230,"height":75,"caption":"MarBella"},"image":{"@id":"https:\/\/www.marbella.gr\/#\/schema\/logo\/image\/"}}]}},"_links":{"self":[{"href":"https:\/\/www.marbella.gr\/de\/wp-json\/wp\/v2\/pages\/1481","targetHints":{"allow":["GET"]}}],"collection":[{"href":"https:\/\/www.marbella.gr\/de\/wp-json\/wp\/v2\/pages"}],"about":[{"href":"https:\/\/www.marbella.gr\/de\/wp-json\/wp\/v2\/types\/page"}],"author":[{"embeddable":true,"href":"https:\/\/www.marbella.gr\/de\/wp-json\/wp\/v2\/users\/5"}],"replies":[{"embeddable":true,"href":"https:\/\/www.marbella.gr\/de\/wp-json\/wp\/v2\/comments?post=1481"}],"version-history":[{"count":17,"href":"https:\/\/www.marbella.gr\/de\/wp-json\/wp\/v2\/pages\/1481\/revisions"}],"predecessor-version":[{"id":11079,"href":"https:\/\/www.marbella.gr\/de\/wp-json\/wp\/v2\/pages\/1481\/revisions\/11079"}],"up":[{"embeddable":true,"href":"https:\/\/www.marbella.gr\/de\/wp-json\/wp\/v2\/pages\/385"}],"wp:featuredmedia":[{"embeddable":true,"href":"https:\/\/www.marbella.gr\/de\/wp-json\/wp\/v2\/media\/823"}],"wp:attachment":[{"href":"https:\/\/www.marbella.gr\/de\/wp-json\/wp\/v2\/media?parent=1481"}],"curies":[{"name":"wp","href":"https:\/\/api.w.org\/{rel}","templated":true}]}}