{"id":2038,"date":"2023-05-23T06:53:43","date_gmt":"2023-05-23T06:53:43","guid":{"rendered":"https:\/\/www.marbella.gr\/hotels\/marbella-corfu\/rooms-and-suites-copy\/"},"modified":"2025-12-02T15:12:18","modified_gmt":"2025-12-02T13:12:18","slug":"whats-included","status":"publish","type":"page","link":"https:\/\/www.marbella.gr\/de\/hotels\/marbella-corfu\/whats-included\/","title":{"rendered":"Was ist inbegriffen?"},"content":{"rendered":"<p>Willkommen in einem unkomplizierten Urlaub, in dem alles inbegriffen und auf Ihre Bed\u00fcrfnisse zugeschnitten ist. Wo Sie sich keine Gedanken mehr \u00fcber die Endabrechnung machen m\u00fcssen, noch bevor Sie das Haus verlassen. Premium All Inclusive im MarBella bietet Ihnen einen Urlaub, bei dem Sie sich keine Sorgen machen m\u00fcssen. Sie entspannen einfach, w\u00e4hrend wir Sie verw\u00f6hnen. Das erwartet Sie bei unserem Premium All Inclusive.<\/p>","protected":false},"excerpt":{"rendered":"<p>Welcome to a hassle-free holiday where everything is included and tailored to your needs. Where you stop worrying about the final bill, before you even leave home. Premium All Inclusive at MarBella offers a \u2018no worries\u2019 getaway. You simply relax while we spoil you. Here\u2019s what you can look forward to with our Premium All [&#8230;]<\/p>\n<p><a class=\"btn btn-secondary understrap-read-more-link\" href=\"https:\/\/www.marbella.gr\/de\/hotels\/marbella-corfu\/whats-included\/\">Read More&#8230;<span class=\"screen-reader-text\"> from What&#8217;s Included<\/span><\/a><\/p>\n","protected":false},"author":11,"featured_media":8952,"parent":797,"menu_order":0,"comment_status":"closed","ping_status":"closed","template":"","meta":{"_acf_changed":false,"footnotes":""},"class_list":["post-2038","page","type-page","status-publish","has-post-thumbnail","hentry"],"acf":[],"yoast_head":"<!-- This site is optimized with the Yoast SEO plugin v27.5 - https:\/\/yoast.com\/product\/yoast-seo-wordpress\/ -->\n<title>Corfu 5 Star All Inclusive - Premium All Inclusive | MarBella<\/title>\n<meta name=\"description\" content=\"Experience worry-free family holidays at MarBella in Corfu. Our Premium All-Inclusive board covers dining, wellness, kids&#039; activities, and more.\" \/>\n<meta name=\"robots\" content=\"index, follow, max-snippet:-1, max-image-preview:large, max-video-preview:-1\" \/>\n<link rel=\"canonical\" href=\"https:\/\/www.marbella.gr\/de\/hotels\/marbella-corfu\/whats-included\/\" \/>\n<meta property=\"og:locale\" content=\"de_DE\" \/>\n<meta property=\"og:type\" content=\"article\" \/>\n<meta property=\"og:title\" content=\"Corfu 5 Star All Inclusive - Premium All Inclusive | MarBella\" \/>\n<meta property=\"og:description\" content=\"Experience worry-free family holidays at MarBella in Corfu. Our Premium All-Inclusive board covers dining, wellness, kids&#039; activities, and more.\" \/>\n<meta property=\"og:url\" content=\"https:\/\/www.marbella.gr\/de\/hotels\/marbella-corfu\/whats-included\/\" \/>\n<meta property=\"og:site_name\" content=\"Mar-Bella Collection\" \/>\n<meta property=\"article:modified_time\" content=\"2025-12-02T13:12:18+00:00\" \/>\n<meta property=\"og:image\" content=\"https:\/\/www.marbella.gr\/app\/uploads\/2024\/11\/MarBella_Suite_Life-28-scaled.jpg\" \/>\n\t<meta property=\"og:image:width\" content=\"2560\" \/>\n\t<meta property=\"og:image:height\" content=\"1920\" \/>\n\t<meta property=\"og:image:type\" content=\"image\/jpeg\" \/>\n<meta name=\"twitter:card\" content=\"summary_large_image\" \/>\n<meta name=\"twitter:label1\" content=\"Gesch\u00e4tzte Lesezeit\" \/>\n\t<meta name=\"twitter:data1\" content=\"1\u00a0Minute\" \/>\n<!-- \/ Yoast SEO plugin. -->","yoast_head_json":{"title":"Korfu 5 Sterne Alles Inklusive - Premium Alles Inklusive | MarBella","description":"Erleben Sie einen sorgenfreien Familienurlaub im MarBella auf Korfu. Unsere Premium-All-Inclusive-Verpflegung umfasst Essen, Wellness, Aktivit\u00e4ten f\u00fcr Kinder und vieles mehr.","robots":{"index":"index","follow":"follow","max-snippet":"max-snippet:-1","max-image-preview":"max-image-preview:large","max-video-preview":"max-video-preview:-1"},"canonical":"https:\/\/www.marbella.gr\/de\/hotels\/marbella-corfu\/whats-included\/","og_locale":"de_DE","og_type":"article","og_title":"Corfu 5 Star All Inclusive - Premium All Inclusive | MarBella","og_description":"Experience worry-free family holidays at MarBella in Corfu. Our Premium All-Inclusive board covers dining, wellness, kids' activities, and more.","og_url":"https:\/\/www.marbella.gr\/de\/hotels\/marbella-corfu\/whats-included\/","og_site_name":"Mar-Bella Collection","article_modified_time":"2025-12-02T13:12:18+00:00","og_image":[{"width":2560,"height":1920,"url":"https:\/\/www.marbella.gr\/app\/uploads\/2024\/11\/MarBella_Suite_Life-28-scaled.jpg","type":"image\/jpeg"}],"twitter_card":"summary_large_image","twitter_misc":{"Gesch\u00e4tzte Lesezeit":"1\u00a0Minute"},"schema":{"@context":"https:\/\/schema.org","@graph":[{"@type":"WebPage","@id":"https:\/\/www.marbella.gr\/hotels\/marbella-corfu\/whats-included\/","url":"https:\/\/www.marbella.gr\/hotels\/marbella-corfu\/whats-included\/","name":"Korfu 5 Sterne Alles Inklusive - Premium Alles Inklusive | MarBella","isPartOf":{"@id":"https:\/\/www.marbella.gr\/#website"},"primaryImageOfPage":{"@id":"https:\/\/www.marbella.gr\/hotels\/marbella-corfu\/whats-included\/#primaryimage"},"image":{"@id":"https:\/\/www.marbella.gr\/hotels\/marbella-corfu\/whats-included\/#primaryimage"},"thumbnailUrl":"https:\/\/www.marbella.gr\/app\/uploads\/2024\/11\/MarBella_Suite_Life-28-scaled.jpg","datePublished":"2023-05-23T06:53:43+00:00","dateModified":"2025-12-02T13:12:18+00:00","description":"Erleben Sie einen sorgenfreien Familienurlaub im MarBella auf Korfu. Unsere Premium-All-Inclusive-Verpflegung umfasst Essen, Wellness, Aktivit\u00e4ten f\u00fcr Kinder und vieles mehr.","breadcrumb":{"@id":"https:\/\/www.marbella.gr\/hotels\/marbella-corfu\/whats-included\/#breadcrumb"},"inLanguage":"de","potentialAction":[{"@type":"ReadAction","target":["https:\/\/www.marbella.gr\/hotels\/marbella-corfu\/whats-included\/"]}]},{"@type":"ImageObject","inLanguage":"de","@id":"https:\/\/www.marbella.gr\/hotels\/marbella-corfu\/whats-included\/#primaryimage","url":"https:\/\/www.marbella.gr\/app\/uploads\/2024\/11\/MarBella_Suite_Life-28-scaled.jpg","contentUrl":"https:\/\/www.marbella.gr\/app\/uploads\/2024\/11\/MarBella_Suite_Life-28-scaled.jpg","width":2560,"height":1920,"caption":"Discover Mar-Bella Collection - 5 star hotels in Corfu, Parga Greece"},{"@type":"BreadcrumbList","@id":"https:\/\/www.marbella.gr\/hotels\/marbella-corfu\/whats-included\/#breadcrumb","itemListElement":[{"@type":"ListItem","position":1,"name":"Home","item":"https:\/\/www.marbella.gr\/"},{"@type":"ListItem","position":2,"name":"Hotels","item":"https:\/\/www.marbella.gr\/hotels\/"},{"@type":"ListItem","position":3,"name":"MarBella","item":"https:\/\/www.marbella.gr\/hotels\/marbella-corfu\/"},{"@type":"ListItem","position":4,"name":"What&#8217;s Included"}]},{"@type":"WebSite","@id":"https:\/\/www.marbella.gr\/#website","url":"https:\/\/www.marbella.gr\/","name":"MarBella","description":"Eine Familie von Hotels, die Sie mit dem wundersch\u00f6nen Ionischen Meer verbindet","publisher":{"@id":"https:\/\/www.marbella.gr\/#organization"},"alternateName":"MarBella","potentialAction":[{"@type":"SearchAction","target":{"@type":"EntryPoint","urlTemplate":"https:\/\/www.marbella.gr\/?s={search_term_string}"},"query-input":{"@type":"PropertyValueSpecification","valueRequired":true,"valueName":"search_term_string"}}],"inLanguage":"de"},{"@type":"Organization","@id":"https:\/\/www.marbella.gr\/#organization","name":"MarBella","url":"https:\/\/www.marbella.gr\/","logo":{"@type":"ImageObject","inLanguage":"de","@id":"https:\/\/www.marbella.gr\/#\/schema\/logo\/image\/","url":"https:\/\/www.marbella.gr\/app\/uploads\/2023\/06\/Marbella-collection.png","contentUrl":"https:\/\/www.marbella.gr\/app\/uploads\/2023\/06\/Marbella-collection.png","width":230,"height":75,"caption":"MarBella"},"image":{"@id":"https:\/\/www.marbella.gr\/#\/schema\/logo\/image\/"}}]}},"_links":{"self":[{"href":"https:\/\/www.marbella.gr\/de\/wp-json\/wp\/v2\/pages\/2038","targetHints":{"allow":["GET"]}}],"collection":[{"href":"https:\/\/www.marbella.gr\/de\/wp-json\/wp\/v2\/pages"}],"about":[{"href":"https:\/\/www.marbella.gr\/de\/wp-json\/wp\/v2\/types\/page"}],"author":[{"embeddable":true,"href":"https:\/\/www.marbella.gr\/de\/wp-json\/wp\/v2\/users\/11"}],"replies":[{"embeddable":true,"href":"https:\/\/www.marbella.gr\/de\/wp-json\/wp\/v2\/comments?post=2038"}],"version-history":[{"count":65,"href":"https:\/\/www.marbella.gr\/de\/wp-json\/wp\/v2\/pages\/2038\/revisions"}],"predecessor-version":[{"id":11604,"href":"https:\/\/www.marbella.gr\/de\/wp-json\/wp\/v2\/pages\/2038\/revisions\/11604"}],"up":[{"embeddable":true,"href":"https:\/\/www.marbella.gr\/de\/wp-json\/wp\/v2\/pages\/797"}],"wp:featuredmedia":[{"embeddable":true,"href":"https:\/\/www.marbella.gr\/de\/wp-json\/wp\/v2\/media\/8952"}],"wp:attachment":[{"href":"https:\/\/www.marbella.gr\/de\/wp-json\/wp\/v2\/media?parent=2038"}],"curies":[{"name":"wp","href":"https:\/\/api.w.org\/{rel}","templated":true}]}}