{"id":2048,"date":"2023-05-23T07:01:14","date_gmt":"2023-05-23T07:01:14","guid":{"rendered":"https:\/\/www.marbella.gr\/hotels\/marbella-corfu\/experiences\/your-stay-copy\/"},"modified":"2024-08-28T15:57:57","modified_gmt":"2024-08-28T15:57:57","slug":"pools-beach","status":"publish","type":"page","link":"https:\/\/www.marbella.gr\/de\/hotels\/marbella-corfu\/experiences\/pools-beach\/","title":{"rendered":"Pools &amp; Strand"},"content":{"rendered":"<p style=\"text-align: left;\"><strong>Pools<\/strong><\/p>\n<p style=\"text-align: left;\">Genie\u00dfen Sie die Sonne, bevor Sie sich in einem unserer sch\u00f6nen Pools abk\u00fchlen. Unser Hauptpool ist ein S\u00fc\u00dfwasserpool und es gibt auch einen Salzwasserpool mit einer Dachterrasse, von der aus Sie einen herrlichen Blick aufs Meer haben. Es gibt alles, was Sie zum Entspannen brauchen, einschlie\u00dflich Sonnenliegen, Sonnenschirme, Handt\u00fccher und eine wunderbare Auswahl an Erfrischungen in unseren Poolbars und Restaurants.<\/p>\n<p style=\"text-align: left;\"><strong>Wasserpark Anemelia<\/strong><\/p>\n<p style=\"text-align: left;\">Kinder jeden Alters k\u00f6nnen die acht (ja, acht) Rutschen hinunter sausen. Sie werden die Aussicht vom atemberaubenden neuen Infinity-Pool und dem Au\u00dfenwhirlpool genie\u00dfen - oder sich einfach auf einer der Sonnenliegen am Pool entspannen. Und an der Poolbar Anemelia k\u00f6nnen Sie sich im Schatten mit leckeren Erfrischungen und unbegrenzt Eiscreme mit Kugeln st\u00e4rken.<\/p>\n<p style=\"text-align: left;\"><strong>Str\u00e4nde<\/strong><\/p>\n<p style=\"text-align: left;\">Unser luxuri\u00f6ses Strandhotel bietet Ihnen atemberaubende Str\u00e4nde, die vom kristallklaren Wasser des Ionischen Meeres umsp\u00fclt werden - perfekt erg\u00e4nzt durch einen ganzt\u00e4gigen Strandservice, der Ihnen Snacks und Getr\u00e4nke bringt, w\u00e4hrend Sie am Wasser entspannen. Unsere beiden Str\u00e4nde sind \u00fcber einen Fu\u00dfweg oder durch die \u00fcppigen Hotelg\u00e4rten leicht zu erreichen und bieten Sonnenliegen, Sonnenschirme, Handt\u00fccher und Duschen. Au\u00dferdem k\u00f6nnen Sie eine fantastische Auswahl an Wassersportarten wie Schnorcheln, Seekajakfahren und Paddleboarding genie\u00dfen.<\/p>\n<p style=\"text-align: left;\"><strong>Familienstrand<\/strong><\/p>\n<p style=\"text-align: left;\">Mit seinem flachen Wasser ist dieser Strand ideal f\u00fcr Familien mit kleinen Kindern. Er liegt in der N\u00e4he unseres nicht-motorisierten Wassersportbereichs und verf\u00fcgt \u00fcber ein Deck, von dem aus die G\u00e4ste zu Bootsausfl\u00fcgen abgeholt werden.<\/p>\n<p style=\"text-align: left;\"><strong>Deck Strand mit Sand<\/strong><\/p>\n<p style=\"text-align: left;\">Ein Spaziergang durch die \u00fcppigen G\u00e4rten f\u00fchrt zu diesem entspannenden Strand, der sicheres Schwimmen in sch\u00f6nem Wasser und eine Auswahl an nicht-motorisierten Wassersportarten bietet.<\/p>\n<p style=\"text-align: left;\"><strong>Eine Unterwasserwelt zum Sch\u00e4tzen<\/strong><\/p>\n<p class=\"lead\" style=\"text-align: left;\">Tauchen Sie mit uns in die faszinierende Welt der Posidonia-Wiesen ein und bestaunen Sie den Reichtum der Unterwasserwelt, die sich in diesem einzigartigen Teil der korfiotischen K\u00fcste direkt vor der Haust\u00fcr von MarBella und Nido ausbreitet. Entdecken Sie mehr <strong><a href=\"https:\/\/www.marbella.gr\/de\/experiences\/posidonia\/\" target=\"_blank\" rel=\"noopener\"><span style=\"text-decoration: underline;\">hier.<\/span><\/a><\/strong><\/p>\n<p>&nbsp;<\/p>","protected":false},"excerpt":{"rendered":"<p>Pools Soak up the sun before cooling down in one of our beautiful pools. Our main pool is freshwater and there is also a saltwater pool complete with a roof terrace offering incredible sea views. There\u2019s everything you need to totally chill-out, including sunloungers, umbrellas, towels and a wonderful selection of refreshments available from our [&#8230;]<\/p>\n<p><a class=\"btn btn-secondary understrap-read-more-link\" href=\"https:\/\/www.marbella.gr\/de\/hotels\/marbella-corfu\/experiences\/pools-beach\/\">Read More&#8230;<span class=\"screen-reader-text\"> from Pools &#038; Beach<\/span><\/a><\/p>\n","protected":false},"author":11,"featured_media":7863,"parent":2042,"menu_order":0,"comment_status":"closed","ping_status":"closed","template":"","meta":{"_acf_changed":false,"footnotes":""},"class_list":["post-2048","page","type-page","status-publish","has-post-thumbnail","hentry"],"acf":[],"yoast_head":"<!-- This site is optimized with the Yoast SEO plugin v27.5 - https:\/\/yoast.com\/product\/yoast-seo-wordpress\/ -->\n<title>Corfu Beach Resort with Private Beach, Pools &amp; Waterpark | MarBella<\/title>\n<meta name=\"description\" content=\"In our splendid seaside Corfu Beach Resort, you can relax by one of our pools or dive into the invigorating waters of a private beach.\" \/>\n<meta name=\"robots\" content=\"index, follow, max-snippet:-1, max-image-preview:large, max-video-preview:-1\" \/>\n<link rel=\"canonical\" href=\"https:\/\/www.marbella.gr\/de\/hotels\/marbella-corfu\/experiences\/pools-beach\/\" \/>\n<meta property=\"og:locale\" content=\"de_DE\" \/>\n<meta property=\"og:type\" content=\"article\" \/>\n<meta property=\"og:title\" content=\"Corfu Beach Resort with Private Beach, Pools &amp; Waterpark | MarBella\" \/>\n<meta property=\"og:description\" content=\"In our splendid seaside Corfu Beach Resort, you can relax by one of our pools or dive into the invigorating waters of a private beach.\" \/>\n<meta property=\"og:url\" content=\"https:\/\/www.marbella.gr\/de\/hotels\/marbella-corfu\/experiences\/pools-beach\/\" \/>\n<meta property=\"og:site_name\" content=\"Mar-Bella Collection\" \/>\n<meta property=\"article:modified_time\" content=\"2024-08-28T15:57:57+00:00\" \/>\n<meta property=\"og:image\" content=\"https:\/\/www.marbella.gr\/app\/uploads\/2024\/08\/MarBella_Beach-1-scaled.jpg\" \/>\n\t<meta property=\"og:image:width\" content=\"2560\" \/>\n\t<meta property=\"og:image:height\" content=\"1917\" \/>\n\t<meta property=\"og:image:type\" content=\"image\/jpeg\" \/>\n<meta name=\"twitter:card\" content=\"summary_large_image\" \/>\n<meta name=\"twitter:label1\" content=\"Gesch\u00e4tzte Lesezeit\" \/>\n\t<meta name=\"twitter:data1\" content=\"2\u00a0Minuten\" \/>\n<!-- \/ Yoast SEO plugin. -->","yoast_head_json":{"title":"Korfu Beach Resort mit Privatstrand, Pools und Wasserpark | MarBella","description":"In unserem herrlichen Corfu Beach Resort am Meer k\u00f6nnen Sie an einem unserer Pools entspannen oder in das belebende Wasser eines Privatstrandes eintauchen.","robots":{"index":"index","follow":"follow","max-snippet":"max-snippet:-1","max-image-preview":"max-image-preview:large","max-video-preview":"max-video-preview:-1"},"canonical":"https:\/\/www.marbella.gr\/de\/hotels\/marbella-corfu\/experiences\/pools-beach\/","og_locale":"de_DE","og_type":"article","og_title":"Corfu Beach Resort with Private Beach, Pools & Waterpark | MarBella","og_description":"In our splendid seaside Corfu Beach Resort, you can relax by one of our pools or dive into the invigorating waters of a private beach.","og_url":"https:\/\/www.marbella.gr\/de\/hotels\/marbella-corfu\/experiences\/pools-beach\/","og_site_name":"Mar-Bella Collection","article_modified_time":"2024-08-28T15:57:57+00:00","og_image":[{"width":2560,"height":1917,"url":"https:\/\/www.marbella.gr\/app\/uploads\/2024\/08\/MarBella_Beach-1-scaled.jpg","type":"image\/jpeg"}],"twitter_card":"summary_large_image","twitter_misc":{"Gesch\u00e4tzte Lesezeit":"2\u00a0Minuten"},"schema":{"@context":"https:\/\/schema.org","@graph":[{"@type":"WebPage","@id":"https:\/\/www.marbella.gr\/hotels\/marbella-corfu\/experiences\/pools-beach\/","url":"https:\/\/www.marbella.gr\/hotels\/marbella-corfu\/experiences\/pools-beach\/","name":"Korfu Beach Resort mit Privatstrand, Pools und Wasserpark | MarBella","isPartOf":{"@id":"https:\/\/www.marbella.gr\/#website"},"primaryImageOfPage":{"@id":"https:\/\/www.marbella.gr\/hotels\/marbella-corfu\/experiences\/pools-beach\/#primaryimage"},"image":{"@id":"https:\/\/www.marbella.gr\/hotels\/marbella-corfu\/experiences\/pools-beach\/#primaryimage"},"thumbnailUrl":"https:\/\/www.marbella.gr\/app\/uploads\/2024\/08\/MarBella_Beach-1-scaled.jpg","datePublished":"2023-05-23T07:01:14+00:00","dateModified":"2024-08-28T15:57:57+00:00","description":"In unserem herrlichen Corfu Beach Resort am Meer k\u00f6nnen Sie an einem unserer Pools entspannen oder in das belebende Wasser eines Privatstrandes eintauchen.","breadcrumb":{"@id":"https:\/\/www.marbella.gr\/hotels\/marbella-corfu\/experiences\/pools-beach\/#breadcrumb"},"inLanguage":"de","potentialAction":[{"@type":"ReadAction","target":["https:\/\/www.marbella.gr\/hotels\/marbella-corfu\/experiences\/pools-beach\/"]}]},{"@type":"ImageObject","inLanguage":"de","@id":"https:\/\/www.marbella.gr\/hotels\/marbella-corfu\/experiences\/pools-beach\/#primaryimage","url":"https:\/\/www.marbella.gr\/app\/uploads\/2024\/08\/MarBella_Beach-1-scaled.jpg","contentUrl":"https:\/\/www.marbella.gr\/app\/uploads\/2024\/08\/MarBella_Beach-1-scaled.jpg","width":2560,"height":1917,"caption":"Heinz Troll photoshooting May 2021"},{"@type":"BreadcrumbList","@id":"https:\/\/www.marbella.gr\/hotels\/marbella-corfu\/experiences\/pools-beach\/#breadcrumb","itemListElement":[{"@type":"ListItem","position":1,"name":"Home","item":"https:\/\/www.marbella.gr\/"},{"@type":"ListItem","position":2,"name":"Hotels","item":"https:\/\/www.marbella.gr\/hotels\/"},{"@type":"ListItem","position":3,"name":"MarBella","item":"https:\/\/www.marbella.gr\/hotels\/marbella-corfu\/"},{"@type":"ListItem","position":4,"name":"Experiences","item":"https:\/\/www.marbella.gr\/hotels\/marbella-corfu\/experiences\/"},{"@type":"ListItem","position":5,"name":"Pools &#038; Beach"}]},{"@type":"WebSite","@id":"https:\/\/www.marbella.gr\/#website","url":"https:\/\/www.marbella.gr\/","name":"MarBella","description":"Eine Familie von Hotels, die Sie mit dem wundersch\u00f6nen Ionischen Meer verbindet","publisher":{"@id":"https:\/\/www.marbella.gr\/#organization"},"alternateName":"MarBella","potentialAction":[{"@type":"SearchAction","target":{"@type":"EntryPoint","urlTemplate":"https:\/\/www.marbella.gr\/?s={search_term_string}"},"query-input":{"@type":"PropertyValueSpecification","valueRequired":true,"valueName":"search_term_string"}}],"inLanguage":"de"},{"@type":"Organization","@id":"https:\/\/www.marbella.gr\/#organization","name":"MarBella","url":"https:\/\/www.marbella.gr\/","logo":{"@type":"ImageObject","inLanguage":"de","@id":"https:\/\/www.marbella.gr\/#\/schema\/logo\/image\/","url":"https:\/\/www.marbella.gr\/app\/uploads\/2023\/06\/Marbella-collection.png","contentUrl":"https:\/\/www.marbella.gr\/app\/uploads\/2023\/06\/Marbella-collection.png","width":230,"height":75,"caption":"MarBella"},"image":{"@id":"https:\/\/www.marbella.gr\/#\/schema\/logo\/image\/"}}]}},"_links":{"self":[{"href":"https:\/\/www.marbella.gr\/de\/wp-json\/wp\/v2\/pages\/2048","targetHints":{"allow":["GET"]}}],"collection":[{"href":"https:\/\/www.marbella.gr\/de\/wp-json\/wp\/v2\/pages"}],"about":[{"href":"https:\/\/www.marbella.gr\/de\/wp-json\/wp\/v2\/types\/page"}],"author":[{"embeddable":true,"href":"https:\/\/www.marbella.gr\/de\/wp-json\/wp\/v2\/users\/11"}],"replies":[{"embeddable":true,"href":"https:\/\/www.marbella.gr\/de\/wp-json\/wp\/v2\/comments?post=2048"}],"version-history":[{"count":32,"href":"https:\/\/www.marbella.gr\/de\/wp-json\/wp\/v2\/pages\/2048\/revisions"}],"predecessor-version":[{"id":8012,"href":"https:\/\/www.marbella.gr\/de\/wp-json\/wp\/v2\/pages\/2048\/revisions\/8012"}],"up":[{"embeddable":true,"href":"https:\/\/www.marbella.gr\/de\/wp-json\/wp\/v2\/pages\/2042"}],"wp:featuredmedia":[{"embeddable":true,"href":"https:\/\/www.marbella.gr\/de\/wp-json\/wp\/v2\/media\/7863"}],"wp:attachment":[{"href":"https:\/\/www.marbella.gr\/de\/wp-json\/wp\/v2\/media?parent=2048"}],"curies":[{"name":"wp","href":"https:\/\/api.w.org\/{rel}","templated":true}]}}