{"id":2050,"date":"2023-05-23T07:01:24","date_gmt":"2023-05-23T07:01:24","guid":{"rendered":"https:\/\/www.marbella.gr\/hotels\/marbella-corfu\/experiences\/your-stay-copy-copy-copy\/"},"modified":"2025-04-04T14:25:02","modified_gmt":"2025-04-04T14:25:02","slug":"wellness","status":"publish","type":"page","link":"https:\/\/www.marbella.gr\/de\/hotels\/marbella-corfu\/experiences\/wellness\/","title":{"rendered":"Wellness"},"content":{"rendered":"<p style=\"text-align: center;\">Von Gesichtsbehandlungen bis hin zu Ganzk\u00f6rperbehandlungen - g\u00f6nnen Sie sich eine unserer verw\u00f6hnenden Massagen und nat\u00fcrlichen Sch\u00f6nheitstherapien, die Sie j\u00fcnger f\u00fchlen und aussehen lassen. Erholsame Momente in unserem Spa warten auf Sie. Hier k\u00f6nnen Sie den Stress und die Monotonie des t\u00e4glichen Lebens hinter sich lassen und Ruhe, Harmonie und inneren Frieden erleben.<\/p>\n<p style=\"text-align: center;\">Beleben Sie Ihren K\u00f6rper, Ihren Geist und Ihre Seele, indem Sie aus einer breiten Palette von Behandlungen durch unsere speziell ausgebildeten Therapeuten w\u00e4hlen. Entspannen Sie sich bei den einzigartigen Therapien f\u00fcr Gesicht und K\u00f6rper mit den von der Natur inspirierten Produkten von SOTHYS, die innovative kosmetische Technologie mit einem erstaunlichen Erlebnis f\u00fcr die f\u00fcnf Sinne verbinden.<\/p>","protected":false},"excerpt":{"rendered":"<p>From facials to full body treatments, treat yourself to one of our pampering massages and natural beauty therapies designed to make you feel and look younger. Tranquil moments at our spa await. This is the place where you can leave stress and the monotony of daily life behind and have an experience of tranquility, harmony [&#8230;]<\/p>\n<p><a class=\"btn btn-secondary understrap-read-more-link\" href=\"https:\/\/www.marbella.gr\/de\/hotels\/marbella-corfu\/experiences\/wellness\/\">Read More&#8230;<span class=\"screen-reader-text\"> from Wellness<\/span><\/a><\/p>\n","protected":false},"author":11,"featured_media":2878,"parent":2042,"menu_order":0,"comment_status":"closed","ping_status":"closed","template":"","meta":{"_acf_changed":false,"footnotes":""},"class_list":["post-2050","page","type-page","status-publish","has-post-thumbnail","hentry"],"acf":[],"yoast_head":"<!-- This site is optimized with the Yoast SEO plugin v27.5 - https:\/\/yoast.com\/product\/yoast-seo-wordpress\/ -->\n<title>Luxury at Corfu&#039;s 5-Star Spa Hotel: Escape to Tranquility | MarBella Corfu<\/title>\n<meta name=\"description\" content=\"Discover unparalleled relaxation at a 5-star spa hotel in Corfu. We offer a thorough list of luxury spa treatments to soothe your body and mind.\" \/>\n<meta name=\"robots\" content=\"index, follow, max-snippet:-1, max-image-preview:large, max-video-preview:-1\" \/>\n<link rel=\"canonical\" href=\"https:\/\/www.marbella.gr\/de\/hotels\/marbella-corfu\/experiences\/wellness\/\" \/>\n<meta property=\"og:locale\" content=\"de_DE\" \/>\n<meta property=\"og:type\" content=\"article\" \/>\n<meta property=\"og:title\" content=\"Luxury at Corfu&#039;s 5-Star Spa Hotel: Escape to Tranquility | MarBella Corfu\" \/>\n<meta property=\"og:description\" content=\"Discover unparalleled relaxation at a 5-star spa hotel in Corfu. We offer a thorough list of luxury spa treatments to soothe your body and mind.\" \/>\n<meta property=\"og:url\" content=\"https:\/\/www.marbella.gr\/de\/hotels\/marbella-corfu\/experiences\/wellness\/\" \/>\n<meta property=\"og:site_name\" content=\"Mar-Bella Collection\" \/>\n<meta property=\"article:modified_time\" content=\"2025-04-04T14:25:02+00:00\" \/>\n<meta property=\"og:image\" content=\"https:\/\/www.marbella.gr\/app\/uploads\/2023\/05\/spa-room_resized-1300x700-1.jpg\" \/>\n\t<meta property=\"og:image:width\" content=\"1300\" \/>\n\t<meta property=\"og:image:height\" content=\"700\" \/>\n\t<meta property=\"og:image:type\" content=\"image\/jpeg\" \/>\n<meta name=\"twitter:card\" content=\"summary_large_image\" \/>\n<meta name=\"twitter:label1\" content=\"Gesch\u00e4tzte Lesezeit\" \/>\n\t<meta name=\"twitter:data1\" content=\"1\u00a0Minute\" \/>\n<!-- \/ Yoast SEO plugin. -->","yoast_head_json":{"title":"Luxus im 5-Sterne-Spa-Hotel von Korfu: Flucht in die Ruhe | MarBella Corfu","description":"Entdecken Sie unvergleichliche Entspannung in einem 5-Sterne-Spa-Hotel in Korfu. Wir bieten eine umfassende Liste von luxuri\u00f6sen Spa-Behandlungen, die Ihren K\u00f6rper und Geist beruhigen.","robots":{"index":"index","follow":"follow","max-snippet":"max-snippet:-1","max-image-preview":"max-image-preview:large","max-video-preview":"max-video-preview:-1"},"canonical":"https:\/\/www.marbella.gr\/de\/hotels\/marbella-corfu\/experiences\/wellness\/","og_locale":"de_DE","og_type":"article","og_title":"Luxury at Corfu's 5-Star Spa Hotel: Escape to Tranquility | MarBella Corfu","og_description":"Discover unparalleled relaxation at a 5-star spa hotel in Corfu. We offer a thorough list of luxury spa treatments to soothe your body and mind.","og_url":"https:\/\/www.marbella.gr\/de\/hotels\/marbella-corfu\/experiences\/wellness\/","og_site_name":"Mar-Bella Collection","article_modified_time":"2025-04-04T14:25:02+00:00","og_image":[{"width":1300,"height":700,"url":"https:\/\/www.marbella.gr\/app\/uploads\/2023\/05\/spa-room_resized-1300x700-1.jpg","type":"image\/jpeg"}],"twitter_card":"summary_large_image","twitter_misc":{"Gesch\u00e4tzte Lesezeit":"1\u00a0Minute"},"schema":{"@context":"https:\/\/schema.org","@graph":[{"@type":"WebPage","@id":"https:\/\/www.marbella.gr\/hotels\/marbella-corfu\/experiences\/wellness\/","url":"https:\/\/www.marbella.gr\/hotels\/marbella-corfu\/experiences\/wellness\/","name":"Luxus im 5-Sterne-Spa-Hotel von Korfu: Flucht in die Ruhe | MarBella Corfu","isPartOf":{"@id":"https:\/\/www.marbella.gr\/#website"},"primaryImageOfPage":{"@id":"https:\/\/www.marbella.gr\/hotels\/marbella-corfu\/experiences\/wellness\/#primaryimage"},"image":{"@id":"https:\/\/www.marbella.gr\/hotels\/marbella-corfu\/experiences\/wellness\/#primaryimage"},"thumbnailUrl":"https:\/\/www.marbella.gr\/app\/uploads\/2023\/05\/spa-room_resized-1300x700-1.jpg","datePublished":"2023-05-23T07:01:24+00:00","dateModified":"2025-04-04T14:25:02+00:00","description":"Entdecken Sie unvergleichliche Entspannung in einem 5-Sterne-Spa-Hotel in Korfu. Wir bieten eine umfassende Liste von luxuri\u00f6sen Spa-Behandlungen, die Ihren K\u00f6rper und Geist beruhigen.","breadcrumb":{"@id":"https:\/\/www.marbella.gr\/hotels\/marbella-corfu\/experiences\/wellness\/#breadcrumb"},"inLanguage":"de","potentialAction":[{"@type":"ReadAction","target":["https:\/\/www.marbella.gr\/hotels\/marbella-corfu\/experiences\/wellness\/"]}]},{"@type":"ImageObject","inLanguage":"de","@id":"https:\/\/www.marbella.gr\/hotels\/marbella-corfu\/experiences\/wellness\/#primaryimage","url":"https:\/\/www.marbella.gr\/app\/uploads\/2023\/05\/spa-room_resized-1300x700-1.jpg","contentUrl":"https:\/\/www.marbella.gr\/app\/uploads\/2023\/05\/spa-room_resized-1300x700-1.jpg","width":1300,"height":700,"caption":"Photo of the Interior of Our 5-Star Spa at the Corfu Spa Hotel"},{"@type":"BreadcrumbList","@id":"https:\/\/www.marbella.gr\/hotels\/marbella-corfu\/experiences\/wellness\/#breadcrumb","itemListElement":[{"@type":"ListItem","position":1,"name":"Home","item":"https:\/\/www.marbella.gr\/"},{"@type":"ListItem","position":2,"name":"Hotels","item":"https:\/\/www.marbella.gr\/hotels\/"},{"@type":"ListItem","position":3,"name":"MarBella","item":"https:\/\/www.marbella.gr\/hotels\/marbella-corfu\/"},{"@type":"ListItem","position":4,"name":"Experiences","item":"https:\/\/www.marbella.gr\/hotels\/marbella-corfu\/experiences\/"},{"@type":"ListItem","position":5,"name":"Wellness"}]},{"@type":"WebSite","@id":"https:\/\/www.marbella.gr\/#website","url":"https:\/\/www.marbella.gr\/","name":"MarBella","description":"Eine Familie von Hotels, die Sie mit dem wundersch\u00f6nen Ionischen Meer verbindet","publisher":{"@id":"https:\/\/www.marbella.gr\/#organization"},"alternateName":"MarBella","potentialAction":[{"@type":"SearchAction","target":{"@type":"EntryPoint","urlTemplate":"https:\/\/www.marbella.gr\/?s={search_term_string}"},"query-input":{"@type":"PropertyValueSpecification","valueRequired":true,"valueName":"search_term_string"}}],"inLanguage":"de"},{"@type":"Organization","@id":"https:\/\/www.marbella.gr\/#organization","name":"MarBella","url":"https:\/\/www.marbella.gr\/","logo":{"@type":"ImageObject","inLanguage":"de","@id":"https:\/\/www.marbella.gr\/#\/schema\/logo\/image\/","url":"https:\/\/www.marbella.gr\/app\/uploads\/2023\/06\/Marbella-collection.png","contentUrl":"https:\/\/www.marbella.gr\/app\/uploads\/2023\/06\/Marbella-collection.png","width":230,"height":75,"caption":"MarBella"},"image":{"@id":"https:\/\/www.marbella.gr\/#\/schema\/logo\/image\/"}}]}},"_links":{"self":[{"href":"https:\/\/www.marbella.gr\/de\/wp-json\/wp\/v2\/pages\/2050","targetHints":{"allow":["GET"]}}],"collection":[{"href":"https:\/\/www.marbella.gr\/de\/wp-json\/wp\/v2\/pages"}],"about":[{"href":"https:\/\/www.marbella.gr\/de\/wp-json\/wp\/v2\/types\/page"}],"author":[{"embeddable":true,"href":"https:\/\/www.marbella.gr\/de\/wp-json\/wp\/v2\/users\/11"}],"replies":[{"embeddable":true,"href":"https:\/\/www.marbella.gr\/de\/wp-json\/wp\/v2\/comments?post=2050"}],"version-history":[{"count":11,"href":"https:\/\/www.marbella.gr\/de\/wp-json\/wp\/v2\/pages\/2050\/revisions"}],"predecessor-version":[{"id":10000,"href":"https:\/\/www.marbella.gr\/de\/wp-json\/wp\/v2\/pages\/2050\/revisions\/10000"}],"up":[{"embeddable":true,"href":"https:\/\/www.marbella.gr\/de\/wp-json\/wp\/v2\/pages\/2042"}],"wp:featuredmedia":[{"embeddable":true,"href":"https:\/\/www.marbella.gr\/de\/wp-json\/wp\/v2\/media\/2878"}],"wp:attachment":[{"href":"https:\/\/www.marbella.gr\/de\/wp-json\/wp\/v2\/media?parent=2050"}],"curies":[{"name":"wp","href":"https:\/\/api.w.org\/{rel}","templated":true}]}}