{"id":2056,"date":"2023-05-23T07:03:48","date_gmt":"2023-05-23T07:03:48","guid":{"rendered":"https:\/\/www.marbella.gr\/hotels\/marbella-corfu\/gallery-copy\/"},"modified":"2026-05-05T16:09:58","modified_gmt":"2026-05-05T13:09:58","slug":"kids","status":"publish","type":"page","link":"https:\/\/www.marbella.gr\/de\/hotels\/marbella-corfu\/kids\/","title":{"rendered":"Kinder"},"content":{"rendered":"<p>Wenn Sie einen Familienurlaub voller Spa\u00df und Nervenkitzel f\u00fcr Ihre Kinder erleben m\u00f6chten, sollten Sie ins MarBella kommen. Es gibt so viel zu erleben, von organisierten Aktivit\u00e4ten bis hin zu unbeschwertem Spa\u00df mit neu gewonnenen Freunden.<\/p>\n<p>Ob Kleinkinder oder Teenager, sie werden unsere Kinderclubs lieben. Es gibt Fu\u00dfball, Tennis, Robotik, T\u00f6pfern und jede Menge lustige Spiele. Kunst und Handwerk. Und alle Arten von Abenteuern. Im und au\u00dferhalb des Wassers. Wir haben alles f\u00fcr sie im Angebot. Jeden Tag in der Woche. Und bei Worldwide Kids sind sie in den sichersten H\u00e4nden.<\/p>\n<p>Es handelt sich um unterhaltsame Einzelaktivit\u00e4ten, die neben anderen spannenden Optionen angeboten werden, so dass f\u00fcr jedes Interesse etwas dabei ist. Bitte beachten Sie, dass Fu\u00dfball und Tennis Teil einer Reihe von Aktivit\u00e4ten sind und nicht als eigenst\u00e4ndige Camps angeboten werden.<\/p>\n<p>Und wenn es darum geht, eine spritzige Zeit im Wasser zu verbringen. Schauen Sie einfach mal rein. Das kristallklare Meer eignet sich perfekt zum Schwimmen, Paddeln oder einfach nur zum Herumtollen. Es gibt Pools in allen Formen und Gr\u00f6\u00dfen. Und dann ist da noch der Anemelia Waterpark, unsere farbenfrohe, spa\u00dfige Welt des Planschens. Mit Rutschen, R\u00f6hren und Tunneln werden Ihre Kleinen den ganzen Tag spielen. Und Sie werden sehr versucht sein, sich ihnen anzuschlie\u00dfen.<\/p>","protected":false},"excerpt":{"rendered":"<p>For a fun-fuelled family holiday, packed full of thrills for your kids, dive into MarBella. There\u2019s so much going on, from organised activities to carefree fun with new-found friends. From tots or teens, they\u2019ll love our kids clubs. There\u2019s football, tennis, robotics, pottery and all sorts of fun games. Arts and crafts. And all kinds [&#8230;]<\/p>\n<p><a class=\"btn btn-secondary understrap-read-more-link\" href=\"https:\/\/www.marbella.gr\/de\/hotels\/marbella-corfu\/kids\/\">Read More&#8230;<span class=\"screen-reader-text\"> from Kids<\/span><\/a><\/p>\n","protected":false},"author":11,"featured_media":4955,"parent":797,"menu_order":0,"comment_status":"closed","ping_status":"closed","template":"","meta":{"_acf_changed":false,"footnotes":""},"class_list":["post-2056","page","type-page","status-publish","has-post-thumbnail","hentry"],"acf":[],"yoast_head":"<!-- This site is optimized with the Yoast SEO plugin v27.5 - https:\/\/yoast.com\/product\/yoast-seo-wordpress\/ -->\n<title>A Perfect Corfu Family Hotel - Kids Activities | MarBella<\/title>\n<meta name=\"description\" content=\"MarBella: A Corfu family hotel, where adults unwind as kids enjoy inspiring activities. A perfect holiday for all with relaxation and fun!\" \/>\n<meta name=\"robots\" content=\"index, follow, max-snippet:-1, max-image-preview:large, max-video-preview:-1\" \/>\n<link rel=\"canonical\" href=\"https:\/\/www.marbella.gr\/de\/hotels\/marbella-corfu\/kids\/\" \/>\n<meta property=\"og:locale\" content=\"de_DE\" \/>\n<meta property=\"og:type\" content=\"article\" \/>\n<meta property=\"og:title\" content=\"A Perfect Corfu Family Hotel - Kids Activities | MarBella\" \/>\n<meta property=\"og:description\" content=\"MarBella: A Corfu family hotel, where adults unwind as kids enjoy inspiring activities. A perfect holiday for all with relaxation and fun!\" \/>\n<meta property=\"og:url\" content=\"https:\/\/www.marbella.gr\/de\/hotels\/marbella-corfu\/kids\/\" \/>\n<meta property=\"og:site_name\" content=\"Mar-Bella Collection\" \/>\n<meta property=\"article:modified_time\" content=\"2026-05-05T13:09:58+00:00\" \/>\n<meta property=\"og:image\" content=\"https:\/\/www.marbella.gr\/app\/uploads\/2023\/06\/2022_10_MarBellaNido_Day-5_1774_v1-1.jpg\" \/>\n\t<meta property=\"og:image:width\" content=\"1920\" \/>\n\t<meta property=\"og:image:height\" content=\"1281\" \/>\n\t<meta property=\"og:image:type\" content=\"image\/jpeg\" \/>\n<meta name=\"twitter:card\" content=\"summary_large_image\" \/>\n<meta name=\"twitter:label1\" content=\"Gesch\u00e4tzte Lesezeit\" \/>\n\t<meta name=\"twitter:data1\" content=\"2\u00a0Minuten\" \/>\n<!-- \/ Yoast SEO plugin. -->","yoast_head_json":{"title":"Ein perfektes Familienhotel auf Korfu - Kinderaktivit\u00e4ten | MarBella","description":"MarBella: Ein Familienhotel auf Korfu, in dem sich die Erwachsenen entspannen, w\u00e4hrend die Kinder anregende Aktivit\u00e4ten genie\u00dfen. Ein perfekter Urlaub f\u00fcr alle mit Entspannung und Spa\u00df!","robots":{"index":"index","follow":"follow","max-snippet":"max-snippet:-1","max-image-preview":"max-image-preview:large","max-video-preview":"max-video-preview:-1"},"canonical":"https:\/\/www.marbella.gr\/de\/hotels\/marbella-corfu\/kids\/","og_locale":"de_DE","og_type":"article","og_title":"A Perfect Corfu Family Hotel - Kids Activities | MarBella","og_description":"MarBella: A Corfu family hotel, where adults unwind as kids enjoy inspiring activities. A perfect holiday for all with relaxation and fun!","og_url":"https:\/\/www.marbella.gr\/de\/hotels\/marbella-corfu\/kids\/","og_site_name":"Mar-Bella Collection","article_modified_time":"2026-05-05T13:09:58+00:00","og_image":[{"width":1920,"height":1281,"url":"https:\/\/www.marbella.gr\/app\/uploads\/2023\/06\/2022_10_MarBellaNido_Day-5_1774_v1-1.jpg","type":"image\/jpeg"}],"twitter_card":"summary_large_image","twitter_misc":{"Gesch\u00e4tzte Lesezeit":"2\u00a0Minuten"},"schema":{"@context":"https:\/\/schema.org","@graph":[{"@type":"WebPage","@id":"https:\/\/www.marbella.gr\/hotels\/marbella-corfu\/kids\/","url":"https:\/\/www.marbella.gr\/hotels\/marbella-corfu\/kids\/","name":"Ein perfektes Familienhotel auf Korfu - Kinderaktivit\u00e4ten | MarBella","isPartOf":{"@id":"https:\/\/www.marbella.gr\/#website"},"primaryImageOfPage":{"@id":"https:\/\/www.marbella.gr\/hotels\/marbella-corfu\/kids\/#primaryimage"},"image":{"@id":"https:\/\/www.marbella.gr\/hotels\/marbella-corfu\/kids\/#primaryimage"},"thumbnailUrl":"https:\/\/www.marbella.gr\/app\/uploads\/2023\/06\/2022_10_MarBellaNido_Day-5_1774_v1-1.jpg","datePublished":"2023-05-23T07:03:48+00:00","dateModified":"2026-05-05T13:09:58+00:00","description":"MarBella: Ein Familienhotel auf Korfu, in dem sich die Erwachsenen entspannen, w\u00e4hrend die Kinder anregende Aktivit\u00e4ten genie\u00dfen. Ein perfekter Urlaub f\u00fcr alle mit Entspannung und Spa\u00df!","breadcrumb":{"@id":"https:\/\/www.marbella.gr\/hotels\/marbella-corfu\/kids\/#breadcrumb"},"inLanguage":"de","potentialAction":[{"@type":"ReadAction","target":["https:\/\/www.marbella.gr\/hotels\/marbella-corfu\/kids\/"]}]},{"@type":"ImageObject","inLanguage":"de","@id":"https:\/\/www.marbella.gr\/hotels\/marbella-corfu\/kids\/#primaryimage","url":"https:\/\/www.marbella.gr\/app\/uploads\/2023\/06\/2022_10_MarBellaNido_Day-5_1774_v1-1.jpg","contentUrl":"https:\/\/www.marbella.gr\/app\/uploads\/2023\/06\/2022_10_MarBellaNido_Day-5_1774_v1-1.jpg","width":1920,"height":1281,"caption":"Children with their water toys waking on the beach in Corfu"},{"@type":"BreadcrumbList","@id":"https:\/\/www.marbella.gr\/hotels\/marbella-corfu\/kids\/#breadcrumb","itemListElement":[{"@type":"ListItem","position":1,"name":"Home","item":"https:\/\/www.marbella.gr\/"},{"@type":"ListItem","position":2,"name":"Hotels","item":"https:\/\/www.marbella.gr\/hotels\/"},{"@type":"ListItem","position":3,"name":"MarBella","item":"https:\/\/www.marbella.gr\/hotels\/marbella-corfu\/"},{"@type":"ListItem","position":4,"name":"Kids"}]},{"@type":"WebSite","@id":"https:\/\/www.marbella.gr\/#website","url":"https:\/\/www.marbella.gr\/","name":"MarBella","description":"Eine Familie von Hotels, die Sie mit dem wundersch\u00f6nen Ionischen Meer verbindet","publisher":{"@id":"https:\/\/www.marbella.gr\/#organization"},"alternateName":"MarBella","potentialAction":[{"@type":"SearchAction","target":{"@type":"EntryPoint","urlTemplate":"https:\/\/www.marbella.gr\/?s={search_term_string}"},"query-input":{"@type":"PropertyValueSpecification","valueRequired":true,"valueName":"search_term_string"}}],"inLanguage":"de"},{"@type":"Organization","@id":"https:\/\/www.marbella.gr\/#organization","name":"MarBella","url":"https:\/\/www.marbella.gr\/","logo":{"@type":"ImageObject","inLanguage":"de","@id":"https:\/\/www.marbella.gr\/#\/schema\/logo\/image\/","url":"https:\/\/www.marbella.gr\/app\/uploads\/2023\/06\/Marbella-collection.png","contentUrl":"https:\/\/www.marbella.gr\/app\/uploads\/2023\/06\/Marbella-collection.png","width":230,"height":75,"caption":"MarBella"},"image":{"@id":"https:\/\/www.marbella.gr\/#\/schema\/logo\/image\/"}}]}},"_links":{"self":[{"href":"https:\/\/www.marbella.gr\/de\/wp-json\/wp\/v2\/pages\/2056","targetHints":{"allow":["GET"]}}],"collection":[{"href":"https:\/\/www.marbella.gr\/de\/wp-json\/wp\/v2\/pages"}],"about":[{"href":"https:\/\/www.marbella.gr\/de\/wp-json\/wp\/v2\/types\/page"}],"author":[{"embeddable":true,"href":"https:\/\/www.marbella.gr\/de\/wp-json\/wp\/v2\/users\/11"}],"replies":[{"embeddable":true,"href":"https:\/\/www.marbella.gr\/de\/wp-json\/wp\/v2\/comments?post=2056"}],"version-history":[{"count":39,"href":"https:\/\/www.marbella.gr\/de\/wp-json\/wp\/v2\/pages\/2056\/revisions"}],"predecessor-version":[{"id":14796,"href":"https:\/\/www.marbella.gr\/de\/wp-json\/wp\/v2\/pages\/2056\/revisions\/14796"}],"up":[{"embeddable":true,"href":"https:\/\/www.marbella.gr\/de\/wp-json\/wp\/v2\/pages\/797"}],"wp:featuredmedia":[{"embeddable":true,"href":"https:\/\/www.marbella.gr\/de\/wp-json\/wp\/v2\/media\/4955"}],"wp:attachment":[{"href":"https:\/\/www.marbella.gr\/de\/wp-json\/wp\/v2\/media?parent=2056"}],"curies":[{"name":"wp","href":"https:\/\/api.w.org\/{rel}","templated":true}]}}