{"id":2058,"date":"2023-05-23T07:20:55","date_gmt":"2023-05-23T07:20:55","guid":{"rendered":"https:\/\/www.marbella.gr\/hotels\/marbella-corfu\/kids-copy\/"},"modified":"2024-11-15T15:19:29","modified_gmt":"2024-11-15T15:19:29","slug":"waterpark","status":"publish","type":"page","link":"https:\/\/www.marbella.gr\/de\/hotels\/marbella-corfu\/kids\/waterpark\/","title":{"rendered":"Wasserpark"},"content":{"rendered":"<p style=\"text-align: left;\"><strong>Luxuri\u00f6ses Familienhotel auf Korfu mit Rutschen - Anemelia Waterpark<\/strong><\/p>\n<p style=\"text-align: left;\">Haben Sie schon immer von einem Luxus-Wasserpark-Urlaub getr\u00e4umt? Ihre Suche nach Korfu-Hotels mit Wasserrutschen wird Sie zu MarBella und insbesondere zu unserem Anemelia Waterpark f\u00fchren - dem perfekten Reiseziel f\u00fcr Familien. Es ist der erste Wasserpark in einem F\u00fcnf-Sterne-Hotel mit Wasserrutschen auf Korfu und macht uns zu einem herausragenden Hotel auf Korfu mit Wasserpark-Attraktionen. Wir wissen, dass es allen gefallen wird, denn wir haben daf\u00fcr gesorgt, dass jedes Familienmitglied etwas zu genie\u00dfen hat.<\/p>\n<p style=\"text-align: left;\"><strong>Der Park<\/strong><\/p>\n<p style=\"text-align: left;\">Der an einem abgelegenen Ort gelegene Wasserpark ist die perfekte Wahl f\u00fcr Familien, die einen Urlaub in Korfu-Hotels mit Wasserrutschen verbringen m\u00f6chten, einschlie\u00dflich eines Hotels in Korfu mit Wasserpark. Er bietet eine Mischung aus Rutschen und Tunneln f\u00fcr wasserbegeisterte Kinder jeden Alters. St\u00fcrzen Sie sich auf der riesigen, zweispurigen Multi-Rutsche ins k\u00fchle Nass oder genie\u00dfen Sie eine entspannte Abfahrt auf der kompakten Rutsche, bevor Sie Ihren Adrenalinspiegel in der Aquatube in die H\u00f6he treiben!<\/p>\n<p style=\"text-align: left;\">In unserem luxuri\u00f6sen Familienhotel mit Rutschen in Korfu sind sowohl Erwachsene als auch Kinder willkommen, um den ganzen Tag lang Spa\u00df zu haben. Freuen Sie sich auf famili\u00e4re Zweisamkeit und Momente, in denen sich Aufregung und Entspannung f\u00fcr alle abwechseln. Ist das nicht das Beste aus beiden Welten?<\/p>\n<p style=\"text-align: left;\"><strong>Der Pool<\/strong><\/p>\n<p style=\"text-align: left;\">W\u00e4hrend sich die Kinder im luxuri\u00f6sen Wasserpark vergn\u00fcgen, suchen Sie sich Ihren Lieblingsplatz am riesigen Infinity-Pool. Genie\u00dfen Sie die spektakul\u00e4re Aussicht auf das Ionische Meer, w\u00e4hrend die Kinder sicher in der N\u00e4he spielen und Sie einen erfrischenden Drink an der Poolbar genie\u00dfen. Unser Poolservice ist eine kleine Oase f\u00fcr Eltern und garantiert, dass Sie sich wohlf\u00fchlen und gleichzeitig Ihren Wunsch nach Spa\u00df und Entspannung respektieren. Und f\u00fcr die Fr\u00fchaufsteher unter Ihnen verraten wir ein kleines Geheimnis: Der Pool ist auch der perfekte Ort, um den Sonnenaufgang zu beobachten!<\/p>\n<p style=\"text-align: left;\"><strong>Die Bar<\/strong><\/p>\n<p style=\"text-align: left;\">Unsere fabelhafte Poolbar sorgt daf\u00fcr, dass Ihr luxuri\u00f6ses Wasserpark-Erlebnis zum besten aller Zeiten wird - mit kostenlosen Speisen und Getr\u00e4nken \u00e0 la carte bestellen. F\u00fcr die ganze Familie gibt es eine fantastische Auswahl an kalten, erfrischenden S\u00e4ften, Mocktails, Softdrinks und unbegrenzt Eis mit Kugeln f\u00fcr unsere kleinen G\u00e4ste, w\u00e4hrend die Eltern ein kaltes Bier oder einen Cocktail genie\u00dfen k\u00f6nnen. Nippen Sie an einem Mojito, einer Margarita oder einem unserer anderen klassischen Cocktails, w\u00e4hrend sich die Kinder im Wasser vergn\u00fcgen.<\/p>\n<p style=\"text-align: left;\">Und wenn Sie nach all der Wasserpark-Action Appetit bekommen haben, sollten Sie sich etwas von unserer k\u00f6stlichen Speisekarte g\u00f6nnen. Es gibt eine gro\u00dfe Auswahl von Club-Sandwiches und Pizzen bis hin zu herzhaften Crepes und Salaten.<\/p>","protected":false},"excerpt":{"rendered":"<p>Luxury family Corfu hotel with slides &#8211; Anemelia Waterpark Have you always dreamt of a luxury waterpark holiday? Your search for Corfu hotels with water slides will lead you to MarBella and more specifically, our Anemelia Waterpark \u2013 the perfect family destination. Vibrant, thrilling and a whole world of fun, it is the very first [&#8230;]<\/p>\n<p><a class=\"btn btn-secondary understrap-read-more-link\" href=\"https:\/\/www.marbella.gr\/de\/hotels\/marbella-corfu\/kids\/waterpark\/\">Read More&#8230;<span class=\"screen-reader-text\"> from Waterpark<\/span><\/a><\/p>\n","protected":false},"author":11,"featured_media":7035,"parent":2056,"menu_order":0,"comment_status":"closed","ping_status":"closed","template":"","meta":{"_acf_changed":false,"footnotes":""},"class_list":["post-2058","page","type-page","status-publish","has-post-thumbnail","hentry"],"acf":[],"yoast_head":"<!-- This site is optimized with the Yoast SEO plugin v27.5 - https:\/\/yoast.com\/product\/yoast-seo-wordpress\/ -->\n<title>Corfu Hotel with Water Slides: Family Fun at MarBella Waterpark<\/title>\n<meta name=\"description\" content=\"Seeking for Corfu hotels with water slides? Discover &#039;Anemelia Waterpark&#039;, at MarBella, a family hotel in Corfu with a waterpark for all ages.\" \/>\n<meta name=\"robots\" content=\"index, follow, max-snippet:-1, max-image-preview:large, max-video-preview:-1\" \/>\n<link rel=\"canonical\" href=\"https:\/\/www.marbella.gr\/de\/hotels\/marbella-corfu\/kids\/waterpark\/\" \/>\n<meta property=\"og:locale\" content=\"de_DE\" \/>\n<meta property=\"og:type\" content=\"article\" \/>\n<meta property=\"og:title\" content=\"Corfu Hotel with Water Slides: Family Fun at MarBella Waterpark\" \/>\n<meta property=\"og:description\" content=\"Seeking for Corfu hotels with water slides? Discover &#039;Anemelia Waterpark&#039;, at MarBella, a family hotel in Corfu with a waterpark for all ages.\" \/>\n<meta property=\"og:url\" content=\"https:\/\/www.marbella.gr\/de\/hotels\/marbella-corfu\/kids\/waterpark\/\" \/>\n<meta property=\"og:site_name\" content=\"Mar-Bella Collection\" \/>\n<meta property=\"article:modified_time\" content=\"2024-11-15T15:19:29+00:00\" \/>\n<meta property=\"og:image\" content=\"https:\/\/www.marbella.gr\/app\/uploads\/2023\/05\/MarBella-Anemelia-Aqua-Park-1-1-1.jpg\" \/>\n\t<meta property=\"og:image:width\" content=\"1920\" \/>\n\t<meta property=\"og:image:height\" content=\"800\" \/>\n\t<meta property=\"og:image:type\" content=\"image\/jpeg\" \/>\n<meta name=\"twitter:card\" content=\"summary_large_image\" \/>\n<meta name=\"twitter:label1\" content=\"Gesch\u00e4tzte Lesezeit\" \/>\n\t<meta name=\"twitter:data1\" content=\"3\u00a0Minuten\" \/>\n<!-- \/ Yoast SEO plugin. -->","yoast_head_json":{"title":"Korfu Hotel mit Wasserrutschen: Familienspa\u00df im MarBella Wasserpark","description":"Auf der Suche nach Hotels mit Wasserrutschen auf Korfu? Entdecken Sie den \"Anemelia Waterpark\" im MarBella, ein Familienhotel auf Korfu mit einem Wasserpark f\u00fcr alle Altersgruppen.","robots":{"index":"index","follow":"follow","max-snippet":"max-snippet:-1","max-image-preview":"max-image-preview:large","max-video-preview":"max-video-preview:-1"},"canonical":"https:\/\/www.marbella.gr\/de\/hotels\/marbella-corfu\/kids\/waterpark\/","og_locale":"de_DE","og_type":"article","og_title":"Corfu Hotel with Water Slides: Family Fun at MarBella Waterpark","og_description":"Seeking for Corfu hotels with water slides? Discover 'Anemelia Waterpark', at MarBella, a family hotel in Corfu with a waterpark for all ages.","og_url":"https:\/\/www.marbella.gr\/de\/hotels\/marbella-corfu\/kids\/waterpark\/","og_site_name":"Mar-Bella Collection","article_modified_time":"2024-11-15T15:19:29+00:00","og_image":[{"width":1920,"height":800,"url":"https:\/\/www.marbella.gr\/app\/uploads\/2023\/05\/MarBella-Anemelia-Aqua-Park-1-1-1.jpg","type":"image\/jpeg"}],"twitter_card":"summary_large_image","twitter_misc":{"Gesch\u00e4tzte Lesezeit":"3\u00a0Minuten"},"schema":{"@context":"https:\/\/schema.org","@graph":[{"@type":"WebPage","@id":"https:\/\/www.marbella.gr\/hotels\/marbella-corfu\/kids\/waterpark\/","url":"https:\/\/www.marbella.gr\/hotels\/marbella-corfu\/kids\/waterpark\/","name":"Korfu Hotel mit Wasserrutschen: Familienspa\u00df im MarBella Wasserpark","isPartOf":{"@id":"https:\/\/www.marbella.gr\/#website"},"primaryImageOfPage":{"@id":"https:\/\/www.marbella.gr\/hotels\/marbella-corfu\/kids\/waterpark\/#primaryimage"},"image":{"@id":"https:\/\/www.marbella.gr\/hotels\/marbella-corfu\/kids\/waterpark\/#primaryimage"},"thumbnailUrl":"https:\/\/www.marbella.gr\/app\/uploads\/2023\/05\/MarBella-Anemelia-Aqua-Park-1-1-1.jpg","datePublished":"2023-05-23T07:20:55+00:00","dateModified":"2024-11-15T15:19:29+00:00","description":"Auf der Suche nach Hotels mit Wasserrutschen auf Korfu? Entdecken Sie den \"Anemelia Waterpark\" im MarBella, ein Familienhotel auf Korfu mit einem Wasserpark f\u00fcr alle Altersgruppen.","breadcrumb":{"@id":"https:\/\/www.marbella.gr\/hotels\/marbella-corfu\/kids\/waterpark\/#breadcrumb"},"inLanguage":"de","potentialAction":[{"@type":"ReadAction","target":["https:\/\/www.marbella.gr\/hotels\/marbella-corfu\/kids\/waterpark\/"]}]},{"@type":"ImageObject","inLanguage":"de","@id":"https:\/\/www.marbella.gr\/hotels\/marbella-corfu\/kids\/waterpark\/#primaryimage","url":"https:\/\/www.marbella.gr\/app\/uploads\/2023\/05\/MarBella-Anemelia-Aqua-Park-1-1-1.jpg","contentUrl":"https:\/\/www.marbella.gr\/app\/uploads\/2023\/05\/MarBella-Anemelia-Aqua-Park-1-1-1.jpg","width":1920,"height":800,"caption":"MarBella Anemelia Aqua Park"},{"@type":"BreadcrumbList","@id":"https:\/\/www.marbella.gr\/hotels\/marbella-corfu\/kids\/waterpark\/#breadcrumb","itemListElement":[{"@type":"ListItem","position":1,"name":"Home","item":"https:\/\/www.marbella.gr\/"},{"@type":"ListItem","position":2,"name":"Hotels","item":"https:\/\/www.marbella.gr\/hotels\/"},{"@type":"ListItem","position":3,"name":"MarBella","item":"https:\/\/www.marbella.gr\/hotels\/marbella-corfu\/"},{"@type":"ListItem","position":4,"name":"Kids","item":"https:\/\/www.marbella.gr\/hotels\/marbella-corfu\/kids\/"},{"@type":"ListItem","position":5,"name":"Waterpark"}]},{"@type":"WebSite","@id":"https:\/\/www.marbella.gr\/#website","url":"https:\/\/www.marbella.gr\/","name":"MarBella","description":"Eine Familie von Hotels, die Sie mit dem wundersch\u00f6nen Ionischen Meer verbindet","publisher":{"@id":"https:\/\/www.marbella.gr\/#organization"},"alternateName":"MarBella","potentialAction":[{"@type":"SearchAction","target":{"@type":"EntryPoint","urlTemplate":"https:\/\/www.marbella.gr\/?s={search_term_string}"},"query-input":{"@type":"PropertyValueSpecification","valueRequired":true,"valueName":"search_term_string"}}],"inLanguage":"de"},{"@type":"Organization","@id":"https:\/\/www.marbella.gr\/#organization","name":"MarBella","url":"https:\/\/www.marbella.gr\/","logo":{"@type":"ImageObject","inLanguage":"de","@id":"https:\/\/www.marbella.gr\/#\/schema\/logo\/image\/","url":"https:\/\/www.marbella.gr\/app\/uploads\/2023\/06\/Marbella-collection.png","contentUrl":"https:\/\/www.marbella.gr\/app\/uploads\/2023\/06\/Marbella-collection.png","width":230,"height":75,"caption":"MarBella"},"image":{"@id":"https:\/\/www.marbella.gr\/#\/schema\/logo\/image\/"}}]}},"_links":{"self":[{"href":"https:\/\/www.marbella.gr\/de\/wp-json\/wp\/v2\/pages\/2058","targetHints":{"allow":["GET"]}}],"collection":[{"href":"https:\/\/www.marbella.gr\/de\/wp-json\/wp\/v2\/pages"}],"about":[{"href":"https:\/\/www.marbella.gr\/de\/wp-json\/wp\/v2\/types\/page"}],"author":[{"embeddable":true,"href":"https:\/\/www.marbella.gr\/de\/wp-json\/wp\/v2\/users\/11"}],"replies":[{"embeddable":true,"href":"https:\/\/www.marbella.gr\/de\/wp-json\/wp\/v2\/comments?post=2058"}],"version-history":[{"count":22,"href":"https:\/\/www.marbella.gr\/de\/wp-json\/wp\/v2\/pages\/2058\/revisions"}],"predecessor-version":[{"id":8588,"href":"https:\/\/www.marbella.gr\/de\/wp-json\/wp\/v2\/pages\/2058\/revisions\/8588"}],"up":[{"embeddable":true,"href":"https:\/\/www.marbella.gr\/de\/wp-json\/wp\/v2\/pages\/2056"}],"wp:featuredmedia":[{"embeddable":true,"href":"https:\/\/www.marbella.gr\/de\/wp-json\/wp\/v2\/media\/7035"}],"wp:attachment":[{"href":"https:\/\/www.marbella.gr\/de\/wp-json\/wp\/v2\/media?parent=2058"}],"curies":[{"name":"wp","href":"https:\/\/api.w.org\/{rel}","templated":true}]}}