{"id":2059,"date":"2023-05-23T07:21:02","date_gmt":"2023-05-23T07:21:02","guid":{"rendered":"https:\/\/www.marbella.gr\/hotels\/marbella-corfu\/kids-copy-copy\/"},"modified":"2026-04-27T14:52:58","modified_gmt":"2026-04-27T11:52:58","slug":"grasshopers-kids-club","status":"publish","type":"page","link":"https:\/\/www.marbella.gr\/de\/hotels\/marbella-corfu\/kids\/grasshopers-kids-club\/","title":{"rendered":"Grasshoppers Kinderclub"},"content":{"rendered":"<p style=\"text-align: left;\">Unser fachlich qualifiziertes Personal empf\u00e4ngt Kleinkinder von 4 Monaten bis zu 12 Jahren zu einem anregenden Programm mit Aktivit\u00e4ten drinnen und drau\u00dfen, darunter:<\/p>\n<ul>\n<li style=\"text-align: left;\">Sinnesspiel<\/li>\n<li style=\"text-align: left;\">handwerkliche T\u00e4tigkeiten<\/li>\n<li style=\"text-align: left;\">Schatzsuchen<\/li>\n<li style=\"text-align: left;\">Bogenschie\u00dfen<\/li>\n<\/ul>\n<p style=\"text-align: left;\">Die Sitzungen werden direkt gebucht bei <strong>Worldwide Kids,<\/strong> und die Verf\u00fcgbarkeit wird von der Kinderbetreuerin auf der Grundlage der Ofsted Ratio Standards sowohl f\u00fcr die Kinderkrippe* (4 Monate bis 3,99 Jahre) als auch f\u00fcr den Kids Club (4 Jahre bis 12 Jahre) best\u00e4tigt. Die Kinderclub-Sitzungen f\u00fcr Kinder ab 4 Jahren sind kostenlos, f\u00fcr die Mittagssitzungen und einige zus\u00e4tzliche Aktivit\u00e4ten wird jedoch eine Geb\u00fchr erhoben. Bitte klicken Sie <a href=\"https:\/\/online.fliphtml5.com\/rmhkx\/pteg\/\"><strong>hier<\/strong>\u00a0<\/a>to read our FAQs<\/p>\n<p style=\"text-align: left;\">Wir <strong>dringend empfehlen<\/strong> that you pre-book your preferred sessions <a href=\"https:\/\/www.booking.worldwide-kids.com\/\"><strong><span style=\"text-decoration: underline;\">hier<\/span><\/strong><\/a>.<\/p>\n<p style=\"text-align: left;\"><em>*Creche-Club-Sitzungen sind gegen Aufpreis erh\u00e4ltlich.<\/em><\/p>","protected":false},"excerpt":{"rendered":"<p>Our professionally qualified staff welcome infants from 4 months up to 12 years for a stimulating programme of indoor and outdoor activities, including: sensory play craft activities treasure quests archery Sessions are booked directly with Worldwide Kids, and availability is confirmed by the Childcare Manager based on Ofsted Ratio Standards for both the Creche* (4 [&#8230;]<\/p>\n<p><a class=\"btn btn-secondary understrap-read-more-link\" href=\"https:\/\/www.marbella.gr\/de\/hotels\/marbella-corfu\/kids\/grasshopers-kids-club\/\">Read More&#8230;<span class=\"screen-reader-text\"> from Grasshoppers Kids Club<\/span><\/a><\/p>\n","protected":false},"author":11,"featured_media":13329,"parent":2056,"menu_order":0,"comment_status":"closed","ping_status":"closed","template":"","meta":{"_acf_changed":false,"footnotes":""},"class_list":["post-2059","page","type-page","status-publish","has-post-thumbnail","hentry"],"acf":[],"yoast_head":"<!-- This site is optimized with the Yoast SEO plugin v27.5 - https:\/\/yoast.com\/product\/yoast-seo-wordpress\/ -->\n<title>Corfu Resort For Families With Kids Club - MarBella Corfu<\/title>\n<meta name=\"description\" content=\"Unforgettable family vacations await at our Corfu resort for families with a kids&#039; club. We provide professional childcare for your children.\" \/>\n<meta name=\"robots\" content=\"index, follow, max-snippet:-1, max-image-preview:large, max-video-preview:-1\" \/>\n<link rel=\"canonical\" href=\"https:\/\/www.marbella.gr\/de\/hotels\/marbella-corfu\/kids\/grasshopers-kids-club\/\" \/>\n<meta property=\"og:locale\" content=\"de_DE\" \/>\n<meta property=\"og:type\" content=\"article\" \/>\n<meta property=\"og:title\" content=\"Corfu Resort For Families With Kids Club - MarBella Corfu\" \/>\n<meta property=\"og:description\" content=\"Unforgettable family vacations await at our Corfu resort for families with a kids&#039; club. We provide professional childcare for your children.\" \/>\n<meta property=\"og:url\" content=\"https:\/\/www.marbella.gr\/de\/hotels\/marbella-corfu\/kids\/grasshopers-kids-club\/\" \/>\n<meta property=\"og:site_name\" content=\"Mar-Bella Collection\" \/>\n<meta property=\"article:modified_time\" content=\"2026-04-27T11:52:58+00:00\" \/>\n<meta property=\"og:image\" content=\"https:\/\/www.marbella.gr\/app\/uploads\/2026\/01\/marbella22-0621-scaled.jpg\" \/>\n\t<meta property=\"og:image:width\" content=\"2560\" \/>\n\t<meta property=\"og:image:height\" content=\"1708\" \/>\n\t<meta property=\"og:image:type\" content=\"image\/jpeg\" \/>\n<meta name=\"twitter:card\" content=\"summary_large_image\" \/>\n<meta name=\"twitter:label1\" content=\"Gesch\u00e4tzte Lesezeit\" \/>\n\t<meta name=\"twitter:data1\" content=\"1\u00a0Minute\" \/>\n<!-- \/ Yoast SEO plugin. -->","yoast_head_json":{"title":"Korfu Resort f\u00fcr Familien mit Kinderclub - MarBella Corfu","description":"Unvergessliche Familienurlaube erwarten Sie in unserem Korfu-Resort f\u00fcr Familien mit Kinderclub. Wir bieten professionelle Kinderbetreuung f\u00fcr Ihre Kinder.","robots":{"index":"index","follow":"follow","max-snippet":"max-snippet:-1","max-image-preview":"max-image-preview:large","max-video-preview":"max-video-preview:-1"},"canonical":"https:\/\/www.marbella.gr\/de\/hotels\/marbella-corfu\/kids\/grasshopers-kids-club\/","og_locale":"de_DE","og_type":"article","og_title":"Corfu Resort For Families With Kids Club - MarBella Corfu","og_description":"Unforgettable family vacations await at our Corfu resort for families with a kids' club. We provide professional childcare for your children.","og_url":"https:\/\/www.marbella.gr\/de\/hotels\/marbella-corfu\/kids\/grasshopers-kids-club\/","og_site_name":"Mar-Bella Collection","article_modified_time":"2026-04-27T11:52:58+00:00","og_image":[{"width":2560,"height":1708,"url":"https:\/\/www.marbella.gr\/app\/uploads\/2026\/01\/marbella22-0621-scaled.jpg","type":"image\/jpeg"}],"twitter_card":"summary_large_image","twitter_misc":{"Gesch\u00e4tzte Lesezeit":"1\u00a0Minute"},"schema":{"@context":"https:\/\/schema.org","@graph":[{"@type":"WebPage","@id":"https:\/\/www.marbella.gr\/hotels\/marbella-corfu\/kids\/grasshopers-kids-club\/","url":"https:\/\/www.marbella.gr\/hotels\/marbella-corfu\/kids\/grasshopers-kids-club\/","name":"Korfu Resort f\u00fcr Familien mit Kinderclub - MarBella Corfu","isPartOf":{"@id":"https:\/\/www.marbella.gr\/#website"},"primaryImageOfPage":{"@id":"https:\/\/www.marbella.gr\/hotels\/marbella-corfu\/kids\/grasshopers-kids-club\/#primaryimage"},"image":{"@id":"https:\/\/www.marbella.gr\/hotels\/marbella-corfu\/kids\/grasshopers-kids-club\/#primaryimage"},"thumbnailUrl":"https:\/\/www.marbella.gr\/app\/uploads\/2026\/01\/marbella22-0621-scaled.jpg","datePublished":"2023-05-23T07:21:02+00:00","dateModified":"2026-04-27T11:52:58+00:00","description":"Unvergessliche Familienurlaube erwarten Sie in unserem Korfu-Resort f\u00fcr Familien mit Kinderclub. Wir bieten professionelle Kinderbetreuung f\u00fcr Ihre Kinder.","breadcrumb":{"@id":"https:\/\/www.marbella.gr\/hotels\/marbella-corfu\/kids\/grasshopers-kids-club\/#breadcrumb"},"inLanguage":"de","potentialAction":[{"@type":"ReadAction","target":["https:\/\/www.marbella.gr\/hotels\/marbella-corfu\/kids\/grasshopers-kids-club\/"]}]},{"@type":"ImageObject","inLanguage":"de","@id":"https:\/\/www.marbella.gr\/hotels\/marbella-corfu\/kids\/grasshopers-kids-club\/#primaryimage","url":"https:\/\/www.marbella.gr\/app\/uploads\/2026\/01\/marbella22-0621-scaled.jpg","contentUrl":"https:\/\/www.marbella.gr\/app\/uploads\/2026\/01\/marbella22-0621-scaled.jpg","width":2560,"height":1708},{"@type":"BreadcrumbList","@id":"https:\/\/www.marbella.gr\/hotels\/marbella-corfu\/kids\/grasshopers-kids-club\/#breadcrumb","itemListElement":[{"@type":"ListItem","position":1,"name":"Home","item":"https:\/\/www.marbella.gr\/"},{"@type":"ListItem","position":2,"name":"Hotels","item":"https:\/\/www.marbella.gr\/hotels\/"},{"@type":"ListItem","position":3,"name":"MarBella","item":"https:\/\/www.marbella.gr\/hotels\/marbella-corfu\/"},{"@type":"ListItem","position":4,"name":"Kids","item":"https:\/\/www.marbella.gr\/hotels\/marbella-corfu\/kids\/"},{"@type":"ListItem","position":5,"name":"Grasshoppers Kids Club"}]},{"@type":"WebSite","@id":"https:\/\/www.marbella.gr\/#website","url":"https:\/\/www.marbella.gr\/","name":"MarBella","description":"Eine Familie von Hotels, die Sie mit dem wundersch\u00f6nen Ionischen Meer verbindet","publisher":{"@id":"https:\/\/www.marbella.gr\/#organization"},"alternateName":"MarBella","potentialAction":[{"@type":"SearchAction","target":{"@type":"EntryPoint","urlTemplate":"https:\/\/www.marbella.gr\/?s={search_term_string}"},"query-input":{"@type":"PropertyValueSpecification","valueRequired":true,"valueName":"search_term_string"}}],"inLanguage":"de"},{"@type":"Organization","@id":"https:\/\/www.marbella.gr\/#organization","name":"MarBella","url":"https:\/\/www.marbella.gr\/","logo":{"@type":"ImageObject","inLanguage":"de","@id":"https:\/\/www.marbella.gr\/#\/schema\/logo\/image\/","url":"https:\/\/www.marbella.gr\/app\/uploads\/2023\/06\/Marbella-collection.png","contentUrl":"https:\/\/www.marbella.gr\/app\/uploads\/2023\/06\/Marbella-collection.png","width":230,"height":75,"caption":"MarBella"},"image":{"@id":"https:\/\/www.marbella.gr\/#\/schema\/logo\/image\/"}}]}},"_links":{"self":[{"href":"https:\/\/www.marbella.gr\/de\/wp-json\/wp\/v2\/pages\/2059","targetHints":{"allow":["GET"]}}],"collection":[{"href":"https:\/\/www.marbella.gr\/de\/wp-json\/wp\/v2\/pages"}],"about":[{"href":"https:\/\/www.marbella.gr\/de\/wp-json\/wp\/v2\/types\/page"}],"author":[{"embeddable":true,"href":"https:\/\/www.marbella.gr\/de\/wp-json\/wp\/v2\/users\/11"}],"replies":[{"embeddable":true,"href":"https:\/\/www.marbella.gr\/de\/wp-json\/wp\/v2\/comments?post=2059"}],"version-history":[{"count":32,"href":"https:\/\/www.marbella.gr\/de\/wp-json\/wp\/v2\/pages\/2059\/revisions"}],"predecessor-version":[{"id":14761,"href":"https:\/\/www.marbella.gr\/de\/wp-json\/wp\/v2\/pages\/2059\/revisions\/14761"}],"up":[{"embeddable":true,"href":"https:\/\/www.marbella.gr\/de\/wp-json\/wp\/v2\/pages\/2056"}],"wp:featuredmedia":[{"embeddable":true,"href":"https:\/\/www.marbella.gr\/de\/wp-json\/wp\/v2\/media\/13329"}],"wp:attachment":[{"href":"https:\/\/www.marbella.gr\/de\/wp-json\/wp\/v2\/media?parent=2059"}],"curies":[{"name":"wp","href":"https:\/\/api.w.org\/{rel}","templated":true}]}}