{"id":2068,"date":"2023-05-23T07:34:32","date_gmt":"2023-05-23T07:34:32","guid":{"rendered":"https:\/\/www.marbella.gr\/hotels\/marbella-elix\/rooms-suites-copy\/"},"modified":"2026-04-21T10:01:01","modified_gmt":"2026-04-21T07:01:01","slug":"gastronomy","status":"publish","type":"page","link":"https:\/\/www.marbella.gr\/de\/hotels\/marbella-elix\/gastronomy\/","title":{"rendered":"Essen &amp; Trinken"},"content":{"rendered":"<p>Fabelhaftes Essen ist im Elix eine Selbstverst\u00e4ndlichkeit. Von feinen Speisen bis hin zu familienfreundlichen Buffets sind unsere Men\u00fcs f\u00fcr die anspruchsvollsten Gaumen gedacht und bieten eine inspirierende Mischung aus regionalen Spezialit\u00e4ten, griechischen Klassikern und internationalen Aromen. Entdecken Sie eine Welt der kulinarischen Liebe, zubereitet mit Leidenschaft und serviert mit freundlichem, effizientem Service und begleitet von einer atemberaubenden Aussicht.<\/p>","protected":false},"excerpt":{"rendered":"<p>Fabulous food goes without saying at Elix. From fine dining to family-pleasing buffets our menus are designed for the most discerning palates, offering an inspiring mix of regional specialities, Greek classics and international flavours. Discover a world of culinary love, prepared with passion and served with friendly, efficient service and accompanied by stunning views. [&#8230;]<\/p>\n<p><a class=\"btn btn-secondary understrap-read-more-link\" href=\"https:\/\/www.marbella.gr\/de\/hotels\/marbella-elix\/gastronomy\/\">Read More&#8230;<span class=\"screen-reader-text\"> from Dine &#038; Drink<\/span><\/a><\/p>\n","protected":false},"author":11,"featured_media":2594,"parent":385,"menu_order":0,"comment_status":"closed","ping_status":"closed","template":"page-templates\/rooms.php","meta":{"_acf_changed":false,"footnotes":""},"class_list":["post-2068","page","type-page","status-publish","has-post-thumbnail","hentry"],"acf":[],"yoast_head":"<!-- This site is optimized with the Yoast SEO plugin v27.5 - https:\/\/yoast.com\/product\/yoast-seo-wordpress\/ -->\n<title>Dine &amp; Drink | Elix by Mar-Bella Collection<\/title>\n<meta name=\"description\" content=\"Indulge your senses in a world of culinary delights, from regional specialties to international flavors, all crafted with passion and served with friendly, efficient service and breathtaking views\" \/>\n<meta name=\"robots\" content=\"index, follow, max-snippet:-1, max-image-preview:large, max-video-preview:-1\" \/>\n<link rel=\"canonical\" href=\"https:\/\/www.marbella.gr\/de\/hotels\/marbella-elix\/gastronomy\/\" \/>\n<meta property=\"og:locale\" content=\"de_DE\" \/>\n<meta property=\"og:type\" content=\"article\" \/>\n<meta property=\"og:title\" content=\"Dine &amp; Drink | Elix by Mar-Bella Collection\" \/>\n<meta property=\"og:description\" content=\"Indulge your senses in a world of culinary delights, from regional specialties to international flavors, all crafted with passion and served with friendly, efficient service and breathtaking views\" \/>\n<meta property=\"og:url\" content=\"https:\/\/www.marbella.gr\/de\/hotels\/marbella-elix\/gastronomy\/\" \/>\n<meta property=\"og:site_name\" content=\"Mar-Bella Collection\" \/>\n<meta property=\"article:modified_time\" content=\"2026-04-21T07:01:01+00:00\" \/>\n<meta property=\"og:image\" content=\"https:\/\/www.marbella.gr\/app\/uploads\/2023\/05\/marbellaelix20-2107-1600x1200-1.jpg\" \/>\n\t<meta property=\"og:image:width\" content=\"2000\" \/>\n\t<meta property=\"og:image:height\" content=\"1333\" \/>\n\t<meta property=\"og:image:type\" content=\"image\/jpeg\" \/>\n<meta name=\"twitter:card\" content=\"summary_large_image\" \/>\n<meta name=\"twitter:label1\" content=\"Gesch\u00e4tzte Lesezeit\" \/>\n\t<meta name=\"twitter:data1\" content=\"1\u00a0Minute\" \/>\n<!-- \/ Yoast SEO plugin. -->","yoast_head_json":{"title":"Essen &amp; Trinken | Elix by Mar-Bella Kollektion","description":"Verw\u00f6hnen Sie Ihre Sinne mit einer Welt kulinarischer K\u00f6stlichkeiten, von regionalen Spezialit\u00e4ten bis hin zu internationalen Geschmacksrichtungen, die alle mit Leidenschaft zubereitet und mit freundlichem, effizientem Service und atemberaubender Aussicht serviert werden.","robots":{"index":"index","follow":"follow","max-snippet":"max-snippet:-1","max-image-preview":"max-image-preview:large","max-video-preview":"max-video-preview:-1"},"canonical":"https:\/\/www.marbella.gr\/de\/hotels\/marbella-elix\/gastronomy\/","og_locale":"de_DE","og_type":"article","og_title":"Dine & Drink | Elix by Mar-Bella Collection","og_description":"Indulge your senses in a world of culinary delights, from regional specialties to international flavors, all crafted with passion and served with friendly, efficient service and breathtaking views","og_url":"https:\/\/www.marbella.gr\/de\/hotels\/marbella-elix\/gastronomy\/","og_site_name":"Mar-Bella Collection","article_modified_time":"2026-04-21T07:01:01+00:00","og_image":[{"width":2000,"height":1333,"url":"https:\/\/www.marbella.gr\/app\/uploads\/2023\/05\/marbellaelix20-2107-1600x1200-1.jpg","type":"image\/jpeg"}],"twitter_card":"summary_large_image","twitter_misc":{"Gesch\u00e4tzte Lesezeit":"1\u00a0Minute"},"schema":{"@context":"https:\/\/schema.org","@graph":[{"@type":"WebPage","@id":"https:\/\/www.marbella.gr\/hotels\/marbella-elix\/gastronomy\/","url":"https:\/\/www.marbella.gr\/hotels\/marbella-elix\/gastronomy\/","name":"Essen &amp; Trinken | Elix by Mar-Bella Kollektion","isPartOf":{"@id":"https:\/\/www.marbella.gr\/#website"},"primaryImageOfPage":{"@id":"https:\/\/www.marbella.gr\/hotels\/marbella-elix\/gastronomy\/#primaryimage"},"image":{"@id":"https:\/\/www.marbella.gr\/hotels\/marbella-elix\/gastronomy\/#primaryimage"},"thumbnailUrl":"https:\/\/www.marbella.gr\/app\/uploads\/2023\/05\/marbellaelix20-2107-1600x1200-1.jpg","datePublished":"2023-05-23T07:34:32+00:00","dateModified":"2026-04-21T07:01:01+00:00","description":"Verw\u00f6hnen Sie Ihre Sinne mit einer Welt kulinarischer K\u00f6stlichkeiten, von regionalen Spezialit\u00e4ten bis hin zu internationalen Geschmacksrichtungen, die alle mit Leidenschaft zubereitet und mit freundlichem, effizientem Service und atemberaubender Aussicht serviert werden.","breadcrumb":{"@id":"https:\/\/www.marbella.gr\/hotels\/marbella-elix\/gastronomy\/#breadcrumb"},"inLanguage":"de","potentialAction":[{"@type":"ReadAction","target":["https:\/\/www.marbella.gr\/hotels\/marbella-elix\/gastronomy\/"]}]},{"@type":"ImageObject","inLanguage":"de","@id":"https:\/\/www.marbella.gr\/hotels\/marbella-elix\/gastronomy\/#primaryimage","url":"https:\/\/www.marbella.gr\/app\/uploads\/2023\/05\/marbellaelix20-2107-1600x1200-1.jpg","contentUrl":"https:\/\/www.marbella.gr\/app\/uploads\/2023\/05\/marbellaelix20-2107-1600x1200-1.jpg","width":2000,"height":1333,"caption":"Discover Mar-Bella Collection - 5 star hotels in Corfu, Parga Greece"},{"@type":"BreadcrumbList","@id":"https:\/\/www.marbella.gr\/hotels\/marbella-elix\/gastronomy\/#breadcrumb","itemListElement":[{"@type":"ListItem","position":1,"name":"Home","item":"https:\/\/www.marbella.gr\/"},{"@type":"ListItem","position":2,"name":"Hotels","item":"https:\/\/www.marbella.gr\/hotels\/"},{"@type":"ListItem","position":3,"name":"Elix","item":"https:\/\/www.marbella.gr\/hotels\/marbella-elix\/"},{"@type":"ListItem","position":4,"name":"Dine &#038; Drink"}]},{"@type":"WebSite","@id":"https:\/\/www.marbella.gr\/#website","url":"https:\/\/www.marbella.gr\/","name":"MarBella","description":"Eine Familie von Hotels, die Sie mit dem wundersch\u00f6nen Ionischen Meer verbindet","publisher":{"@id":"https:\/\/www.marbella.gr\/#organization"},"alternateName":"MarBella","potentialAction":[{"@type":"SearchAction","target":{"@type":"EntryPoint","urlTemplate":"https:\/\/www.marbella.gr\/?s={search_term_string}"},"query-input":{"@type":"PropertyValueSpecification","valueRequired":true,"valueName":"search_term_string"}}],"inLanguage":"de"},{"@type":"Organization","@id":"https:\/\/www.marbella.gr\/#organization","name":"MarBella","url":"https:\/\/www.marbella.gr\/","logo":{"@type":"ImageObject","inLanguage":"de","@id":"https:\/\/www.marbella.gr\/#\/schema\/logo\/image\/","url":"https:\/\/www.marbella.gr\/app\/uploads\/2023\/06\/Marbella-collection.png","contentUrl":"https:\/\/www.marbella.gr\/app\/uploads\/2023\/06\/Marbella-collection.png","width":230,"height":75,"caption":"MarBella"},"image":{"@id":"https:\/\/www.marbella.gr\/#\/schema\/logo\/image\/"}}]}},"_links":{"self":[{"href":"https:\/\/www.marbella.gr\/de\/wp-json\/wp\/v2\/pages\/2068","targetHints":{"allow":["GET"]}}],"collection":[{"href":"https:\/\/www.marbella.gr\/de\/wp-json\/wp\/v2\/pages"}],"about":[{"href":"https:\/\/www.marbella.gr\/de\/wp-json\/wp\/v2\/types\/page"}],"author":[{"embeddable":true,"href":"https:\/\/www.marbella.gr\/de\/wp-json\/wp\/v2\/users\/11"}],"replies":[{"embeddable":true,"href":"https:\/\/www.marbella.gr\/de\/wp-json\/wp\/v2\/comments?post=2068"}],"version-history":[{"count":52,"href":"https:\/\/www.marbella.gr\/de\/wp-json\/wp\/v2\/pages\/2068\/revisions"}],"predecessor-version":[{"id":14665,"href":"https:\/\/www.marbella.gr\/de\/wp-json\/wp\/v2\/pages\/2068\/revisions\/14665"}],"up":[{"embeddable":true,"href":"https:\/\/www.marbella.gr\/de\/wp-json\/wp\/v2\/pages\/385"}],"wp:featuredmedia":[{"embeddable":true,"href":"https:\/\/www.marbella.gr\/de\/wp-json\/wp\/v2\/media\/2594"}],"wp:attachment":[{"href":"https:\/\/www.marbella.gr\/de\/wp-json\/wp\/v2\/media?parent=2068"}],"curies":[{"name":"wp","href":"https:\/\/api.w.org\/{rel}","templated":true}]}}