{"id":2089,"date":"2023-05-23T07:38:20","date_gmt":"2023-05-23T07:38:20","guid":{"rendered":"https:\/\/www.marbella.gr\/hotels\/marbella-corfu\/experiences-copy\/"},"modified":"2026-05-04T16:40:48","modified_gmt":"2026-05-04T13:40:48","slug":"experiences","status":"publish","type":"page","link":"https:\/\/www.marbella.gr\/de\/hotels\/marbella-elix\/experiences\/","title":{"rendered":"Erlebnisse"},"content":{"rendered":"<p>Im Elix geht es darum, die digitalen Ger\u00e4te in Ihrem Zimmer zu lassen und sich mit der ganzen Familie in die freie Natur zu begeben. Sie k\u00f6nnen mit dem Mountainbike \u00fcber bewaldete Pfade fahren, mit dem Kajak versteckte Buchten finden, oder gemeinsam segeln lernen. Wenig zu tun ist auch ganz einfach. Entspannen Sie sich einfach am Pool oder unten am herrlichen Strand. Nehmen Sie fr\u00fchmorgens an einer Yogastunde mit Aussicht teil oder wandern Sie mit unserem professionellen Guide. Au\u00dferhalb des Hotels gibt es Kultur, Geschichte und die ionischen Inseln Korfu, Paxos und Antipaxos zu entdecken. Im Elix laden wir Sie ein, Ihren Aufenthalt mit Abenteuer und Spa\u00df zu f\u00fcllen.<\/p>","protected":false},"excerpt":{"rendered":"<p>Elix is about leaving those digital devices in your room. And heading into the great outdoors with all the family. You can zip along wooded trails by mountain bike. Find hidden coves in sea kayaks. Or learn to sail all together. Doing very little is easy too. Simply chill out by the pool or down [&#8230;]<\/p>\n<p><a class=\"btn btn-secondary understrap-read-more-link\" href=\"https:\/\/www.marbella.gr\/de\/hotels\/marbella-elix\/experiences\/\">Read More&#8230;<span class=\"screen-reader-text\"> from Experiences<\/span><\/a><\/p>\n","protected":false},"author":11,"featured_media":2815,"parent":385,"menu_order":0,"comment_status":"closed","ping_status":"closed","template":"","meta":{"_acf_changed":false,"footnotes":""},"class_list":["post-2089","page","type-page","status-publish","has-post-thumbnail","hentry"],"acf":[],"yoast_head":"<!-- This site is optimized with the Yoast SEO plugin v27.5 - https:\/\/yoast.com\/product\/yoast-seo-wordpress\/ -->\n<title>Exciting Things To Do In Parga Greece - Experiences at Elix<\/title>\n<meta name=\"description\" content=\"Choose from the many thrilling activities and things to do in Parga, Greece. Elix awaits you with a number of delightful experiences.\" \/>\n<meta name=\"robots\" content=\"index, follow, max-snippet:-1, max-image-preview:large, max-video-preview:-1\" \/>\n<link rel=\"canonical\" href=\"https:\/\/www.marbella.gr\/de\/hotels\/marbella-elix\/experiences\/\" \/>\n<meta property=\"og:locale\" content=\"de_DE\" \/>\n<meta property=\"og:type\" content=\"article\" \/>\n<meta property=\"og:title\" content=\"Exciting Things To Do In Parga Greece - Experiences at Elix\" \/>\n<meta property=\"og:description\" content=\"Choose from the many thrilling activities and things to do in Parga, Greece. Elix awaits you with a number of delightful experiences.\" \/>\n<meta property=\"og:url\" content=\"https:\/\/www.marbella.gr\/de\/hotels\/marbella-elix\/experiences\/\" \/>\n<meta property=\"og:site_name\" content=\"Mar-Bella Collection\" \/>\n<meta property=\"article:modified_time\" content=\"2026-05-04T13:40:48+00:00\" \/>\n<meta property=\"og:image\" content=\"https:\/\/www.marbella.gr\/app\/uploads\/2023\/05\/photo07-scaled-1.jpg\" \/>\n\t<meta property=\"og:image:width\" content=\"2560\" \/>\n\t<meta property=\"og:image:height\" content=\"1900\" \/>\n\t<meta property=\"og:image:type\" content=\"image\/jpeg\" \/>\n<meta name=\"twitter:card\" content=\"summary_large_image\" \/>\n<meta name=\"twitter:label1\" content=\"Gesch\u00e4tzte Lesezeit\" \/>\n\t<meta name=\"twitter:data1\" content=\"1\u00a0Minute\" \/>\n<!-- \/ Yoast SEO plugin. -->","yoast_head_json":{"title":"Aufregende Aktivit\u00e4ten in Parga Griechenland - Erlebnisse bei Elix","description":"W\u00e4hlen Sie aus den vielen spannenden Aktivit\u00e4ten und Unternehmungen in Parga, Griechenland. Elix erwartet Sie mit einer Reihe von reizvollen Erlebnissen.","robots":{"index":"index","follow":"follow","max-snippet":"max-snippet:-1","max-image-preview":"max-image-preview:large","max-video-preview":"max-video-preview:-1"},"canonical":"https:\/\/www.marbella.gr\/de\/hotels\/marbella-elix\/experiences\/","og_locale":"de_DE","og_type":"article","og_title":"Exciting Things To Do In Parga Greece - Experiences at Elix","og_description":"Choose from the many thrilling activities and things to do in Parga, Greece. Elix awaits you with a number of delightful experiences.","og_url":"https:\/\/www.marbella.gr\/de\/hotels\/marbella-elix\/experiences\/","og_site_name":"Mar-Bella Collection","article_modified_time":"2026-05-04T13:40:48+00:00","og_image":[{"width":2560,"height":1900,"url":"https:\/\/www.marbella.gr\/app\/uploads\/2023\/05\/photo07-scaled-1.jpg","type":"image\/jpeg"}],"twitter_card":"summary_large_image","twitter_misc":{"Gesch\u00e4tzte Lesezeit":"1\u00a0Minute"},"schema":{"@context":"https:\/\/schema.org","@graph":[{"@type":"WebPage","@id":"https:\/\/www.marbella.gr\/hotels\/marbella-elix\/experiences\/","url":"https:\/\/www.marbella.gr\/hotels\/marbella-elix\/experiences\/","name":"Aufregende Aktivit\u00e4ten in Parga Griechenland - Erlebnisse bei Elix","isPartOf":{"@id":"https:\/\/www.marbella.gr\/#website"},"primaryImageOfPage":{"@id":"https:\/\/www.marbella.gr\/hotels\/marbella-elix\/experiences\/#primaryimage"},"image":{"@id":"https:\/\/www.marbella.gr\/hotels\/marbella-elix\/experiences\/#primaryimage"},"thumbnailUrl":"https:\/\/www.marbella.gr\/app\/uploads\/2023\/05\/photo07-scaled-1.jpg","datePublished":"2023-05-23T07:38:20+00:00","dateModified":"2026-05-04T13:40:48+00:00","description":"W\u00e4hlen Sie aus den vielen spannenden Aktivit\u00e4ten und Unternehmungen in Parga, Griechenland. Elix erwartet Sie mit einer Reihe von reizvollen Erlebnissen.","breadcrumb":{"@id":"https:\/\/www.marbella.gr\/hotels\/marbella-elix\/experiences\/#breadcrumb"},"inLanguage":"de","potentialAction":[{"@type":"ReadAction","target":["https:\/\/www.marbella.gr\/hotels\/marbella-elix\/experiences\/"]}]},{"@type":"ImageObject","inLanguage":"de","@id":"https:\/\/www.marbella.gr\/hotels\/marbella-elix\/experiences\/#primaryimage","url":"https:\/\/www.marbella.gr\/app\/uploads\/2023\/05\/photo07-scaled-1.jpg","contentUrl":"https:\/\/www.marbella.gr\/app\/uploads\/2023\/05\/photo07-scaled-1.jpg","width":2560,"height":1900,"caption":"Discover Mar-Bella Collection - 5 star hotels in Corfu, Parga Greece"},{"@type":"BreadcrumbList","@id":"https:\/\/www.marbella.gr\/hotels\/marbella-elix\/experiences\/#breadcrumb","itemListElement":[{"@type":"ListItem","position":1,"name":"Home","item":"https:\/\/www.marbella.gr\/"},{"@type":"ListItem","position":2,"name":"Hotels","item":"https:\/\/www.marbella.gr\/hotels\/"},{"@type":"ListItem","position":3,"name":"Elix","item":"https:\/\/www.marbella.gr\/hotels\/marbella-elix\/"},{"@type":"ListItem","position":4,"name":"Experiences"}]},{"@type":"WebSite","@id":"https:\/\/www.marbella.gr\/#website","url":"https:\/\/www.marbella.gr\/","name":"MarBella","description":"Eine Familie von Hotels, die Sie mit dem wundersch\u00f6nen Ionischen Meer verbindet","publisher":{"@id":"https:\/\/www.marbella.gr\/#organization"},"alternateName":"MarBella","potentialAction":[{"@type":"SearchAction","target":{"@type":"EntryPoint","urlTemplate":"https:\/\/www.marbella.gr\/?s={search_term_string}"},"query-input":{"@type":"PropertyValueSpecification","valueRequired":true,"valueName":"search_term_string"}}],"inLanguage":"de"},{"@type":"Organization","@id":"https:\/\/www.marbella.gr\/#organization","name":"MarBella","url":"https:\/\/www.marbella.gr\/","logo":{"@type":"ImageObject","inLanguage":"de","@id":"https:\/\/www.marbella.gr\/#\/schema\/logo\/image\/","url":"https:\/\/www.marbella.gr\/app\/uploads\/2023\/06\/Marbella-collection.png","contentUrl":"https:\/\/www.marbella.gr\/app\/uploads\/2023\/06\/Marbella-collection.png","width":230,"height":75,"caption":"MarBella"},"image":{"@id":"https:\/\/www.marbella.gr\/#\/schema\/logo\/image\/"}}]}},"_links":{"self":[{"href":"https:\/\/www.marbella.gr\/de\/wp-json\/wp\/v2\/pages\/2089","targetHints":{"allow":["GET"]}}],"collection":[{"href":"https:\/\/www.marbella.gr\/de\/wp-json\/wp\/v2\/pages"}],"about":[{"href":"https:\/\/www.marbella.gr\/de\/wp-json\/wp\/v2\/types\/page"}],"author":[{"embeddable":true,"href":"https:\/\/www.marbella.gr\/de\/wp-json\/wp\/v2\/users\/11"}],"replies":[{"embeddable":true,"href":"https:\/\/www.marbella.gr\/de\/wp-json\/wp\/v2\/comments?post=2089"}],"version-history":[{"count":60,"href":"https:\/\/www.marbella.gr\/de\/wp-json\/wp\/v2\/pages\/2089\/revisions"}],"predecessor-version":[{"id":14789,"href":"https:\/\/www.marbella.gr\/de\/wp-json\/wp\/v2\/pages\/2089\/revisions\/14789"}],"up":[{"embeddable":true,"href":"https:\/\/www.marbella.gr\/de\/wp-json\/wp\/v2\/pages\/385"}],"wp:featuredmedia":[{"embeddable":true,"href":"https:\/\/www.marbella.gr\/de\/wp-json\/wp\/v2\/media\/2815"}],"wp:attachment":[{"href":"https:\/\/www.marbella.gr\/de\/wp-json\/wp\/v2\/media?parent=2089"}],"curies":[{"name":"wp","href":"https:\/\/api.w.org\/{rel}","templated":true}]}}