{"id":2090,"date":"2023-05-23T07:39:10","date_gmt":"2023-05-23T07:39:10","guid":{"rendered":"https:\/\/www.marbella.gr\/hotels\/marbella-corfu\/experiences\/pools-beach-copy\/"},"modified":"2025-01-27T13:00:45","modified_gmt":"2025-01-27T13:00:45","slug":"pool-beach","status":"publish","type":"page","link":"https:\/\/www.marbella.gr\/de\/hotels\/marbella-elix\/experiences\/pool-beach\/","title":{"rendered":"Pool &amp; Strand"},"content":{"rendered":"<p style=\"text-align: left;\">Das Ionische Meer, das sanft an die Westk\u00fcste des griechischen Festlandes grenzt, ist in Elix von nat\u00fcrlicher Sch\u00f6nheit.<\/p>\n<p style=\"text-align: left;\"><strong>Strand<\/strong><\/p>\n<p style=\"text-align: left;\">Der wei\u00dfe Sand des Karavostasi-Strandes und das kristallklare Wasser des Ionischen Meeres liegen verlockend unterhalb von Elix und sind durch einen kurzen Spaziergang \u00fcber einen von Pinien ges\u00e4umten Weg oder \u00fcber unsere eigene Standseilbahn, die Sie direkt zum Strand bringt, zu erreichen.<\/p>\n<p style=\"text-align: left;\">Entspannen Sie sich auf den bequemen Sonnenliegen und genie\u00dfen Sie den aufmerksamen Service an der Strandbar. Genie\u00dfen Sie alles, was Sie zum Entspannen brauchen, einschlie\u00dflich Sonnenschirme und Strandt\u00fccher, Umkleidekabinen, Rettungsschwimmer und Duschen.<\/p>\n<p style=\"text-align: left;\"><strong>Pool<\/strong><\/p>\n<p style=\"text-align: left;\">Erfrischen Sie sich in unserem gro\u00dfen S\u00fc\u00dfwasser-Infinity-Pool mit spektakul\u00e4rem Blick auf das Ionische Meer. Au\u00dferdem gibt es einen Au\u00dfen-Jacuzzi, Sonnenliegen, Sonnenschirme und Handt\u00fccher, w\u00e4hrend unsere kleinen G\u00e4ste ihren eigenen Platz im \u00fcberdachten flachen Pool genie\u00dfen k\u00f6nnen. Unser Poolbar-Team sorgt den ganzen Tag \u00fcber mit Snacks und Getr\u00e4nken f\u00fcr Erfrischung.<\/p>","protected":false},"excerpt":{"rendered":"<p>Natural beauty abounds at Elix with the Ionian Sea gently lapping the western shores of mainland Greece. Beach The white sands of Karavostasi beach and the crystal-clear waters of the Ionian sea lie temptingly below Elix and are reached by a short walk down a pine-tree lined path or via our very own funicular railway [&#8230;]<\/p>\n<p><a class=\"btn btn-secondary understrap-read-more-link\" href=\"https:\/\/www.marbella.gr\/de\/hotels\/marbella-elix\/experiences\/pool-beach\/\">Read More&#8230;<span class=\"screen-reader-text\"> from Pool &#038; beach<\/span><\/a><\/p>\n","protected":false},"author":11,"featured_media":2813,"parent":2089,"menu_order":0,"comment_status":"closed","ping_status":"closed","template":"","meta":{"_acf_changed":false,"footnotes":""},"class_list":["post-2090","page","type-page","status-publish","has-post-thumbnail","hentry"],"acf":[],"yoast_head":"<!-- This site is optimized with the Yoast SEO plugin v27.4 - https:\/\/yoast.com\/product\/yoast-seo-wordpress\/ -->\n<title>Beach Bliss at Elix: Discover the Ultimate Parga Hotel on the Beach<\/title>\n<meta name=\"description\" content=\"Elix is the answer to your search for amazing Parga hotels on the beach. Plunge into crystal clear waters that will reinvigorate your senses.\" \/>\n<meta name=\"robots\" content=\"index, follow, max-snippet:-1, max-image-preview:large, max-video-preview:-1\" \/>\n<link rel=\"canonical\" href=\"https:\/\/www.marbella.gr\/de\/hotels\/marbella-elix\/experiences\/pool-beach\/\" \/>\n<meta property=\"og:locale\" content=\"de_DE\" \/>\n<meta property=\"og:type\" content=\"article\" \/>\n<meta property=\"og:title\" content=\"Beach Bliss at Elix: Discover the Ultimate Parga Hotel on the Beach\" \/>\n<meta property=\"og:description\" content=\"Elix is the answer to your search for amazing Parga hotels on the beach. Plunge into crystal clear waters that will reinvigorate your senses.\" \/>\n<meta property=\"og:url\" content=\"https:\/\/www.marbella.gr\/de\/hotels\/marbella-elix\/experiences\/pool-beach\/\" \/>\n<meta property=\"og:site_name\" content=\"Mar-Bella Collection\" \/>\n<meta property=\"article:modified_time\" content=\"2025-01-27T13:00:45+00:00\" \/>\n<meta property=\"og:image\" content=\"https:\/\/www.marbella.gr\/app\/uploads\/2023\/05\/marbellaelix20-1421-1300x700-1.jpg\" \/>\n\t<meta property=\"og:image:width\" content=\"1300\" \/>\n\t<meta property=\"og:image:height\" content=\"700\" \/>\n\t<meta property=\"og:image:type\" content=\"image\/jpeg\" \/>\n<meta name=\"twitter:card\" content=\"summary_large_image\" \/>\n<meta name=\"twitter:label1\" content=\"Gesch\u00e4tzte Lesezeit\" \/>\n\t<meta name=\"twitter:data1\" content=\"1\u00a0Minute\" \/>\n<!-- \/ Yoast SEO plugin. -->","yoast_head_json":{"title":"Strandgl\u00fcck im Elix: Entdecken Sie das ultimative Parga Hotel am Strand","description":"Elix ist die Antwort auf Ihre Suche nach tollen Hotels in Parga am Strand. Tauchen Sie ein in kristallklares Wasser, das Ihre Sinne beleben wird.","robots":{"index":"index","follow":"follow","max-snippet":"max-snippet:-1","max-image-preview":"max-image-preview:large","max-video-preview":"max-video-preview:-1"},"canonical":"https:\/\/www.marbella.gr\/de\/hotels\/marbella-elix\/experiences\/pool-beach\/","og_locale":"de_DE","og_type":"article","og_title":"Beach Bliss at Elix: Discover the Ultimate Parga Hotel on the Beach","og_description":"Elix is the answer to your search for amazing Parga hotels on the beach. Plunge into crystal clear waters that will reinvigorate your senses.","og_url":"https:\/\/www.marbella.gr\/de\/hotels\/marbella-elix\/experiences\/pool-beach\/","og_site_name":"Mar-Bella Collection","article_modified_time":"2025-01-27T13:00:45+00:00","og_image":[{"width":1300,"height":700,"url":"https:\/\/www.marbella.gr\/app\/uploads\/2023\/05\/marbellaelix20-1421-1300x700-1.jpg","type":"image\/jpeg"}],"twitter_card":"summary_large_image","twitter_misc":{"Gesch\u00e4tzte Lesezeit":"1\u00a0Minute"},"schema":{"@context":"https:\/\/schema.org","@graph":[{"@type":"WebPage","@id":"https:\/\/www.marbella.gr\/hotels\/marbella-elix\/experiences\/pool-beach\/","url":"https:\/\/www.marbella.gr\/hotels\/marbella-elix\/experiences\/pool-beach\/","name":"Strandgl\u00fcck im Elix: Entdecken Sie das ultimative Parga Hotel am Strand","isPartOf":{"@id":"https:\/\/www.marbella.gr\/#website"},"primaryImageOfPage":{"@id":"https:\/\/www.marbella.gr\/hotels\/marbella-elix\/experiences\/pool-beach\/#primaryimage"},"image":{"@id":"https:\/\/www.marbella.gr\/hotels\/marbella-elix\/experiences\/pool-beach\/#primaryimage"},"thumbnailUrl":"https:\/\/www.marbella.gr\/app\/uploads\/2023\/05\/marbellaelix20-1421-1300x700-1.jpg","datePublished":"2023-05-23T07:39:10+00:00","dateModified":"2025-01-27T13:00:45+00:00","description":"Elix ist die Antwort auf Ihre Suche nach tollen Hotels in Parga am Strand. Tauchen Sie ein in kristallklares Wasser, das Ihre Sinne beleben wird.","breadcrumb":{"@id":"https:\/\/www.marbella.gr\/hotels\/marbella-elix\/experiences\/pool-beach\/#breadcrumb"},"inLanguage":"de","potentialAction":[{"@type":"ReadAction","target":["https:\/\/www.marbella.gr\/hotels\/marbella-elix\/experiences\/pool-beach\/"]}]},{"@type":"ImageObject","inLanguage":"de","@id":"https:\/\/www.marbella.gr\/hotels\/marbella-elix\/experiences\/pool-beach\/#primaryimage","url":"https:\/\/www.marbella.gr\/app\/uploads\/2023\/05\/marbellaelix20-1421-1300x700-1.jpg","contentUrl":"https:\/\/www.marbella.gr\/app\/uploads\/2023\/05\/marbellaelix20-1421-1300x700-1.jpg","width":1300,"height":700,"caption":"Discover Mar-Bella Collection - 5 star hotels in Corfu, Parga Greece"},{"@type":"BreadcrumbList","@id":"https:\/\/www.marbella.gr\/hotels\/marbella-elix\/experiences\/pool-beach\/#breadcrumb","itemListElement":[{"@type":"ListItem","position":1,"name":"Home","item":"https:\/\/www.marbella.gr\/"},{"@type":"ListItem","position":2,"name":"Hotels","item":"https:\/\/www.marbella.gr\/hotels\/"},{"@type":"ListItem","position":3,"name":"Elix","item":"https:\/\/www.marbella.gr\/hotels\/marbella-elix\/"},{"@type":"ListItem","position":4,"name":"Experiences","item":"https:\/\/www.marbella.gr\/hotels\/marbella-elix\/experiences\/"},{"@type":"ListItem","position":5,"name":"Pool &#038; beach"}]},{"@type":"WebSite","@id":"https:\/\/www.marbella.gr\/#website","url":"https:\/\/www.marbella.gr\/","name":"MarBella","description":"Eine Familie von Hotels, die Sie mit dem wundersch\u00f6nen Ionischen Meer verbindet","publisher":{"@id":"https:\/\/www.marbella.gr\/#organization"},"alternateName":"MarBella","potentialAction":[{"@type":"SearchAction","target":{"@type":"EntryPoint","urlTemplate":"https:\/\/www.marbella.gr\/?s={search_term_string}"},"query-input":{"@type":"PropertyValueSpecification","valueRequired":true,"valueName":"search_term_string"}}],"inLanguage":"de"},{"@type":"Organization","@id":"https:\/\/www.marbella.gr\/#organization","name":"MarBella","url":"https:\/\/www.marbella.gr\/","logo":{"@type":"ImageObject","inLanguage":"de","@id":"https:\/\/www.marbella.gr\/#\/schema\/logo\/image\/","url":"https:\/\/www.marbella.gr\/app\/uploads\/2023\/06\/Marbella-collection.png","contentUrl":"https:\/\/www.marbella.gr\/app\/uploads\/2023\/06\/Marbella-collection.png","width":230,"height":75,"caption":"MarBella"},"image":{"@id":"https:\/\/www.marbella.gr\/#\/schema\/logo\/image\/"}}]}},"_links":{"self":[{"href":"https:\/\/www.marbella.gr\/de\/wp-json\/wp\/v2\/pages\/2090","targetHints":{"allow":["GET"]}}],"collection":[{"href":"https:\/\/www.marbella.gr\/de\/wp-json\/wp\/v2\/pages"}],"about":[{"href":"https:\/\/www.marbella.gr\/de\/wp-json\/wp\/v2\/types\/page"}],"author":[{"embeddable":true,"href":"https:\/\/www.marbella.gr\/de\/wp-json\/wp\/v2\/users\/11"}],"replies":[{"embeddable":true,"href":"https:\/\/www.marbella.gr\/de\/wp-json\/wp\/v2\/comments?post=2090"}],"version-history":[{"count":21,"href":"https:\/\/www.marbella.gr\/de\/wp-json\/wp\/v2\/pages\/2090\/revisions"}],"predecessor-version":[{"id":9276,"href":"https:\/\/www.marbella.gr\/de\/wp-json\/wp\/v2\/pages\/2090\/revisions\/9276"}],"up":[{"embeddable":true,"href":"https:\/\/www.marbella.gr\/de\/wp-json\/wp\/v2\/pages\/2089"}],"wp:featuredmedia":[{"embeddable":true,"href":"https:\/\/www.marbella.gr\/de\/wp-json\/wp\/v2\/media\/2813"}],"wp:attachment":[{"href":"https:\/\/www.marbella.gr\/de\/wp-json\/wp\/v2\/media?parent=2090"}],"curies":[{"name":"wp","href":"https:\/\/api.w.org\/{rel}","templated":true}]}}