{"id":2093,"date":"2023-05-23T07:39:33","date_gmt":"2023-05-23T07:39:33","guid":{"rendered":"https:\/\/www.marbella.gr\/hotels\/marbella-corfu\/experiences\/wellness-copy\/"},"modified":"2025-04-04T14:26:32","modified_gmt":"2025-04-04T14:26:32","slug":"wellness","status":"publish","type":"page","link":"https:\/\/www.marbella.gr\/de\/hotels\/marbella-elix\/experiences\/wellness\/","title":{"rendered":"Wellness"},"content":{"rendered":"<p>Unser Spa ist der Ort, an dem Sie den Stress und die Monotonie des Alltags hinter sich lassen k\u00f6nnen, um Ruhe, Harmonie und inneren Frieden zu erleben. Beleben Sie Ihren K\u00f6rper, Ihren Geist und Ihre Seele, indem Sie aus einer breiten Palette von Behandlungen w\u00e4hlen, die von unseren speziell ausgebildeten Therapeuten fachkundig durchgef\u00fchrt werden.<\/p>\n<p>Entspannen Sie sich bei den einzigartigen Therapien f\u00fcr Gesicht und K\u00f6rper mit den von der Natur inspirierten Produkten von SOTHYS, die innovative kosmetische Technologie mit einer erstaunlichen Erfahrung f\u00fcr die f\u00fcnf Sinne verbinden.<\/p>","protected":false},"excerpt":{"rendered":"<p>Our spa is the place where you can leave stress and the monotony of daily life behind and have an experience of tranquility, harmony and inner peace. Revitalise your body, mind and soul by choosing from among a wide range of treatments expertly delivered by our specially trained therapists. Relax with the unique therapies for [&#8230;]<\/p>\n<p><a class=\"btn btn-secondary understrap-read-more-link\" href=\"https:\/\/www.marbella.gr\/de\/hotels\/marbella-elix\/experiences\/wellness\/\">Read More&#8230;<span class=\"screen-reader-text\"> from Wellness<\/span><\/a><\/p>\n","protected":false},"author":11,"featured_media":5794,"parent":2089,"menu_order":0,"comment_status":"closed","ping_status":"closed","template":"","meta":{"_acf_changed":false,"footnotes":""},"class_list":["post-2093","page","type-page","status-publish","has-post-thumbnail","hentry"],"acf":[],"yoast_head":"<!-- This site is optimized with the Yoast SEO plugin v27.5 - https:\/\/yoast.com\/product\/yoast-seo-wordpress\/ -->\n<title>5 star Spa Hotel in Parga Await - Wellness | Elix<\/title>\n<meta name=\"description\" content=\"Let us spoil you at our 5 star Spa hotel in Parga. Guests of Elix can find the elixir of rejuvenation with natural spa therapies at our Elixir Spa.\" \/>\n<meta name=\"robots\" content=\"index, follow, max-snippet:-1, max-image-preview:large, max-video-preview:-1\" \/>\n<link rel=\"canonical\" href=\"https:\/\/www.marbella.gr\/de\/hotels\/marbella-elix\/experiences\/wellness\/\" \/>\n<meta property=\"og:locale\" content=\"de_DE\" \/>\n<meta property=\"og:type\" content=\"article\" \/>\n<meta property=\"og:title\" content=\"5 star Spa Hotel in Parga Await - Wellness | Elix\" \/>\n<meta property=\"og:description\" content=\"Let us spoil you at our 5 star Spa hotel in Parga. Guests of Elix can find the elixir of rejuvenation with natural spa therapies at our Elixir Spa.\" \/>\n<meta property=\"og:url\" content=\"https:\/\/www.marbella.gr\/de\/hotels\/marbella-elix\/experiences\/wellness\/\" \/>\n<meta property=\"og:site_name\" content=\"Mar-Bella Collection\" \/>\n<meta property=\"article:modified_time\" content=\"2025-04-04T14:26:32+00:00\" \/>\n<meta property=\"og:image\" content=\"https:\/\/www.marbella.gr\/app\/uploads\/2023\/07\/Elixir-SPA_elix21-0108.jpg\" \/>\n\t<meta property=\"og:image:width\" content=\"1920\" \/>\n\t<meta property=\"og:image:height\" content=\"1281\" \/>\n\t<meta property=\"og:image:type\" content=\"image\/jpeg\" \/>\n<meta name=\"twitter:card\" content=\"summary_large_image\" \/>\n<meta name=\"twitter:label1\" content=\"Gesch\u00e4tzte Lesezeit\" \/>\n\t<meta name=\"twitter:data1\" content=\"1\u00a0Minute\" \/>\n<!-- \/ Yoast SEO plugin. -->","yoast_head_json":{"title":"5-Sterne-Spa-Hotel in Parga Await - Wellness | Elix","description":"Lassen Sie sich in unserem 5-Sterne-Spa-Hotel in Parga verw\u00f6hnen. Die G\u00e4ste von Elix k\u00f6nnen das Elixier der Verj\u00fcngung mit nat\u00fcrlichen Spa-Therapien in unserem Elixir Spa finden.","robots":{"index":"index","follow":"follow","max-snippet":"max-snippet:-1","max-image-preview":"max-image-preview:large","max-video-preview":"max-video-preview:-1"},"canonical":"https:\/\/www.marbella.gr\/de\/hotels\/marbella-elix\/experiences\/wellness\/","og_locale":"de_DE","og_type":"article","og_title":"5 star Spa Hotel in Parga Await - Wellness | Elix","og_description":"Let us spoil you at our 5 star Spa hotel in Parga. Guests of Elix can find the elixir of rejuvenation with natural spa therapies at our Elixir Spa.","og_url":"https:\/\/www.marbella.gr\/de\/hotels\/marbella-elix\/experiences\/wellness\/","og_site_name":"Mar-Bella Collection","article_modified_time":"2025-04-04T14:26:32+00:00","og_image":[{"width":1920,"height":1281,"url":"https:\/\/www.marbella.gr\/app\/uploads\/2023\/07\/Elixir-SPA_elix21-0108.jpg","type":"image\/jpeg"}],"twitter_card":"summary_large_image","twitter_misc":{"Gesch\u00e4tzte Lesezeit":"1\u00a0Minute"},"schema":{"@context":"https:\/\/schema.org","@graph":[{"@type":"WebPage","@id":"https:\/\/www.marbella.gr\/hotels\/marbella-elix\/experiences\/wellness\/","url":"https:\/\/www.marbella.gr\/hotels\/marbella-elix\/experiences\/wellness\/","name":"5-Sterne-Spa-Hotel in Parga Await - Wellness | Elix","isPartOf":{"@id":"https:\/\/www.marbella.gr\/#website"},"primaryImageOfPage":{"@id":"https:\/\/www.marbella.gr\/hotels\/marbella-elix\/experiences\/wellness\/#primaryimage"},"image":{"@id":"https:\/\/www.marbella.gr\/hotels\/marbella-elix\/experiences\/wellness\/#primaryimage"},"thumbnailUrl":"https:\/\/www.marbella.gr\/app\/uploads\/2023\/07\/Elixir-SPA_elix21-0108.jpg","datePublished":"2023-05-23T07:39:33+00:00","dateModified":"2025-04-04T14:26:32+00:00","description":"Lassen Sie sich in unserem 5-Sterne-Spa-Hotel in Parga verw\u00f6hnen. Die G\u00e4ste von Elix k\u00f6nnen das Elixier der Verj\u00fcngung mit nat\u00fcrlichen Spa-Therapien in unserem Elixir Spa finden.","breadcrumb":{"@id":"https:\/\/www.marbella.gr\/hotels\/marbella-elix\/experiences\/wellness\/#breadcrumb"},"inLanguage":"de","potentialAction":[{"@type":"ReadAction","target":["https:\/\/www.marbella.gr\/hotels\/marbella-elix\/experiences\/wellness\/"]}]},{"@type":"ImageObject","inLanguage":"de","@id":"https:\/\/www.marbella.gr\/hotels\/marbella-elix\/experiences\/wellness\/#primaryimage","url":"https:\/\/www.marbella.gr\/app\/uploads\/2023\/07\/Elixir-SPA_elix21-0108.jpg","contentUrl":"https:\/\/www.marbella.gr\/app\/uploads\/2023\/07\/Elixir-SPA_elix21-0108.jpg","width":1920,"height":1281,"caption":"Heinz Troll photoshooting May 2021"},{"@type":"BreadcrumbList","@id":"https:\/\/www.marbella.gr\/hotels\/marbella-elix\/experiences\/wellness\/#breadcrumb","itemListElement":[{"@type":"ListItem","position":1,"name":"Home","item":"https:\/\/www.marbella.gr\/"},{"@type":"ListItem","position":2,"name":"Hotels","item":"https:\/\/www.marbella.gr\/hotels\/"},{"@type":"ListItem","position":3,"name":"Elix","item":"https:\/\/www.marbella.gr\/hotels\/marbella-elix\/"},{"@type":"ListItem","position":4,"name":"Experiences","item":"https:\/\/www.marbella.gr\/hotels\/marbella-elix\/experiences\/"},{"@type":"ListItem","position":5,"name":"Wellness"}]},{"@type":"WebSite","@id":"https:\/\/www.marbella.gr\/#website","url":"https:\/\/www.marbella.gr\/","name":"MarBella","description":"Eine Familie von Hotels, die Sie mit dem wundersch\u00f6nen Ionischen Meer verbindet","publisher":{"@id":"https:\/\/www.marbella.gr\/#organization"},"alternateName":"MarBella","potentialAction":[{"@type":"SearchAction","target":{"@type":"EntryPoint","urlTemplate":"https:\/\/www.marbella.gr\/?s={search_term_string}"},"query-input":{"@type":"PropertyValueSpecification","valueRequired":true,"valueName":"search_term_string"}}],"inLanguage":"de"},{"@type":"Organization","@id":"https:\/\/www.marbella.gr\/#organization","name":"MarBella","url":"https:\/\/www.marbella.gr\/","logo":{"@type":"ImageObject","inLanguage":"de","@id":"https:\/\/www.marbella.gr\/#\/schema\/logo\/image\/","url":"https:\/\/www.marbella.gr\/app\/uploads\/2023\/06\/Marbella-collection.png","contentUrl":"https:\/\/www.marbella.gr\/app\/uploads\/2023\/06\/Marbella-collection.png","width":230,"height":75,"caption":"MarBella"},"image":{"@id":"https:\/\/www.marbella.gr\/#\/schema\/logo\/image\/"}}]}},"_links":{"self":[{"href":"https:\/\/www.marbella.gr\/de\/wp-json\/wp\/v2\/pages\/2093","targetHints":{"allow":["GET"]}}],"collection":[{"href":"https:\/\/www.marbella.gr\/de\/wp-json\/wp\/v2\/pages"}],"about":[{"href":"https:\/\/www.marbella.gr\/de\/wp-json\/wp\/v2\/types\/page"}],"author":[{"embeddable":true,"href":"https:\/\/www.marbella.gr\/de\/wp-json\/wp\/v2\/users\/11"}],"replies":[{"embeddable":true,"href":"https:\/\/www.marbella.gr\/de\/wp-json\/wp\/v2\/comments?post=2093"}],"version-history":[{"count":18,"href":"https:\/\/www.marbella.gr\/de\/wp-json\/wp\/v2\/pages\/2093\/revisions"}],"predecessor-version":[{"id":10003,"href":"https:\/\/www.marbella.gr\/de\/wp-json\/wp\/v2\/pages\/2093\/revisions\/10003"}],"up":[{"embeddable":true,"href":"https:\/\/www.marbella.gr\/de\/wp-json\/wp\/v2\/pages\/2089"}],"wp:featuredmedia":[{"embeddable":true,"href":"https:\/\/www.marbella.gr\/de\/wp-json\/wp\/v2\/media\/5794"}],"wp:attachment":[{"href":"https:\/\/www.marbella.gr\/de\/wp-json\/wp\/v2\/media?parent=2093"}],"curies":[{"name":"wp","href":"https:\/\/api.w.org\/{rel}","templated":true}]}}