{"id":2112,"date":"2023-05-23T07:57:45","date_gmt":"2023-05-23T07:57:45","guid":{"rendered":"https:\/\/www.marbella.gr\/hotels\/marbella-elix\/gastronomy\/dine-around-copy\/"},"modified":"2025-12-18T16:42:53","modified_gmt":"2025-12-18T14:42:53","slug":"dine-around","status":"publish","type":"page","link":"https:\/\/www.marbella.gr\/de\/dine-around\/","title":{"rendered":"Kulinarik"},"content":{"rendered":"<p>Sie werden die \u00fcberw\u00e4ltigende Auswahl an Men\u00fcs lieben, die Ihnen jedes unserer Restaurants w\u00e4hrend Ihres Aufenthalts bietet, aber Sie werden die Welt der kulinarischen Gen\u00fcsse, die Dine Around verspricht, absolut lieben.<\/p>\n<p>Unser kulinarisches Angebot l\u00e4dt Sie ein, in einem unserer Restaurants in MarBella, Avali oder Nido zu speisen, unabh\u00e4ngig davon, wo Sie sich aufhalten. W\u00e4hlen Sie aus sechs \u00c0-la-carte-Restaurants und drei B\u00fcfetts Ihre Lieblingsk\u00fcche oder den idealen Rahmen f\u00fcr jeden Anlass. Es ist eine k\u00f6stliche Welt, in der jeder Gast neue Geschmacksrichtungen, Kreativit\u00e4t und kulinarische Exzellenz erleben kann.<\/p>\n<p>Begeben Sie sich auf eine gastronomische Reise durch unsere drei Luxusdestinationen auf Korfu. Probieren Sie korfiotische K\u00f6stlichkeiten im - charmanten Apaggio, entdecken Sie die verlockende franz\u00f6sische Speisekarte im - Celeste und wer k\u00f6nnte sich nicht von den Aromen des griechischen Grills im Stia verf\u00fchren lassen? Und dann gibt es noch die mediterranen und internationalen Themenbuffets in jedem unserer Hotels, die Ihnen typische griechische und internationale Gerichte mit Live-Kochstationen und st\u00e4ndig wechselnden Themen anbieten. All das k\u00f6nnen Sie w\u00e4hrend Ihres Aufenthalts erkunden.<\/p>\n<p>Verwandeln Sie ein au\u00dfergew\u00f6hnliches kulinarisches Erlebnis in ein au\u00dfergew\u00f6hnliches Erlebnis mit dem Dine Around der Mar-Bella Collection.<\/p>","protected":false},"excerpt":{"rendered":"<p>You\u2019ll love the stunning choice of menus each of our restaurants brings you during your stay, but you\u2019ll absolutely adore the world of culinary pleasure that Dine Around promises. Our mouthwatering culinary programme invites you to dine at any of our restaurants across MarBella, Avali or Nido, regardless of where you\u2019re staying. Select your favourite [&#8230;]<\/p>\n<p><a class=\"btn btn-secondary understrap-read-more-link\" href=\"https:\/\/www.marbella.gr\/de\/dine-around\/\">Read More&#8230;<span class=\"screen-reader-text\"> from Dine Around<\/span><\/a><\/p>\n","protected":false},"author":11,"featured_media":9534,"parent":0,"menu_order":0,"comment_status":"closed","ping_status":"closed","template":"","meta":{"_acf_changed":false,"footnotes":""},"class_list":["post-2112","page","type-page","status-publish","has-post-thumbnail","hentry"],"acf":[],"yoast_head":"<!-- This site is optimized with the Yoast SEO plugin v27.4 - https:\/\/yoast.com\/product\/yoast-seo-wordpress\/ -->\n<title>Dine Around - Mar-Bella Collection<\/title>\n<meta name=\"robots\" content=\"index, follow, max-snippet:-1, max-image-preview:large, max-video-preview:-1\" \/>\n<link rel=\"canonical\" href=\"https:\/\/www.marbella.gr\/de\/dine-around\/\" \/>\n<meta property=\"og:locale\" content=\"de_DE\" \/>\n<meta property=\"og:type\" content=\"article\" \/>\n<meta property=\"og:title\" content=\"Dine Around - Mar-Bella Collection\" \/>\n<meta property=\"og:description\" content=\"You\u2019ll love the stunning choice of menus each of our restaurants brings you during your stay, but you\u2019ll absolutely adore the world of culinary pleasure that Dine Around promises. Our mouthwatering culinary programme invites you to dine at any of our restaurants across MarBella, Avali or Nido, regardless of where you\u2019re staying. Select your favourite [...]Read More... from Dine Around\" \/>\n<meta property=\"og:url\" content=\"https:\/\/www.marbella.gr\/de\/dine-around\/\" \/>\n<meta property=\"og:site_name\" content=\"Mar-Bella Collection\" \/>\n<meta property=\"article:modified_time\" content=\"2025-12-18T14:42:53+00:00\" \/>\n<meta property=\"og:image\" content=\"https:\/\/www.marbella.gr\/app\/uploads\/2025\/02\/Dine-Around-scaled.jpg\" \/>\n\t<meta property=\"og:image:width\" content=\"2560\" \/>\n\t<meta property=\"og:image:height\" content=\"1920\" \/>\n\t<meta property=\"og:image:type\" content=\"image\/jpeg\" \/>\n<meta name=\"twitter:card\" content=\"summary_large_image\" \/>\n<meta name=\"twitter:label1\" content=\"Gesch\u00e4tzte Lesezeit\" \/>\n\t<meta name=\"twitter:data1\" content=\"1\u00a0Minute\" \/>\n<!-- \/ Yoast SEO plugin. -->","yoast_head_json":{"title":"Dine Around - Kollektion Mar-Bella","robots":{"index":"index","follow":"follow","max-snippet":"max-snippet:-1","max-image-preview":"max-image-preview:large","max-video-preview":"max-video-preview:-1"},"canonical":"https:\/\/www.marbella.gr\/de\/dine-around\/","og_locale":"de_DE","og_type":"article","og_title":"Dine Around - Mar-Bella Collection","og_description":"You\u2019ll love the stunning choice of menus each of our restaurants brings you during your stay, but you\u2019ll absolutely adore the world of culinary pleasure that Dine Around promises. Our mouthwatering culinary programme invites you to dine at any of our restaurants across MarBella, Avali or Nido, regardless of where you\u2019re staying. Select your favourite [...]Read More... from Dine Around","og_url":"https:\/\/www.marbella.gr\/de\/dine-around\/","og_site_name":"Mar-Bella Collection","article_modified_time":"2025-12-18T14:42:53+00:00","og_image":[{"width":2560,"height":1920,"url":"https:\/\/www.marbella.gr\/app\/uploads\/2025\/02\/Dine-Around-scaled.jpg","type":"image\/jpeg"}],"twitter_card":"summary_large_image","twitter_misc":{"Gesch\u00e4tzte Lesezeit":"1\u00a0Minute"},"schema":{"@context":"https:\/\/schema.org","@graph":[{"@type":"WebPage","@id":"https:\/\/www.marbella.gr\/dine-around\/","url":"https:\/\/www.marbella.gr\/dine-around\/","name":"Dine Around - Kollektion Mar-Bella","isPartOf":{"@id":"https:\/\/www.marbella.gr\/#website"},"primaryImageOfPage":{"@id":"https:\/\/www.marbella.gr\/dine-around\/#primaryimage"},"image":{"@id":"https:\/\/www.marbella.gr\/dine-around\/#primaryimage"},"thumbnailUrl":"https:\/\/www.marbella.gr\/app\/uploads\/2025\/02\/Dine-Around-scaled.jpg","datePublished":"2023-05-23T07:57:45+00:00","dateModified":"2025-12-18T14:42:53+00:00","breadcrumb":{"@id":"https:\/\/www.marbella.gr\/dine-around\/#breadcrumb"},"inLanguage":"de","potentialAction":[{"@type":"ReadAction","target":["https:\/\/www.marbella.gr\/dine-around\/"]}]},{"@type":"ImageObject","inLanguage":"de","@id":"https:\/\/www.marbella.gr\/dine-around\/#primaryimage","url":"https:\/\/www.marbella.gr\/app\/uploads\/2025\/02\/Dine-Around-scaled.jpg","contentUrl":"https:\/\/www.marbella.gr\/app\/uploads\/2025\/02\/Dine-Around-scaled.jpg","width":2560,"height":1920},{"@type":"BreadcrumbList","@id":"https:\/\/www.marbella.gr\/dine-around\/#breadcrumb","itemListElement":[{"@type":"ListItem","position":1,"name":"Home","item":"https:\/\/www.marbella.gr\/"},{"@type":"ListItem","position":2,"name":"Dine Around"}]},{"@type":"WebSite","@id":"https:\/\/www.marbella.gr\/#website","url":"https:\/\/www.marbella.gr\/","name":"MarBella","description":"Eine Familie von Hotels, die Sie mit dem wundersch\u00f6nen Ionischen Meer verbindet","publisher":{"@id":"https:\/\/www.marbella.gr\/#organization"},"alternateName":"MarBella","potentialAction":[{"@type":"SearchAction","target":{"@type":"EntryPoint","urlTemplate":"https:\/\/www.marbella.gr\/?s={search_term_string}"},"query-input":{"@type":"PropertyValueSpecification","valueRequired":true,"valueName":"search_term_string"}}],"inLanguage":"de"},{"@type":"Organization","@id":"https:\/\/www.marbella.gr\/#organization","name":"MarBella","url":"https:\/\/www.marbella.gr\/","logo":{"@type":"ImageObject","inLanguage":"de","@id":"https:\/\/www.marbella.gr\/#\/schema\/logo\/image\/","url":"https:\/\/www.marbella.gr\/app\/uploads\/2023\/06\/Marbella-collection.png","contentUrl":"https:\/\/www.marbella.gr\/app\/uploads\/2023\/06\/Marbella-collection.png","width":230,"height":75,"caption":"MarBella"},"image":{"@id":"https:\/\/www.marbella.gr\/#\/schema\/logo\/image\/"}}]}},"_links":{"self":[{"href":"https:\/\/www.marbella.gr\/de\/wp-json\/wp\/v2\/pages\/2112","targetHints":{"allow":["GET"]}}],"collection":[{"href":"https:\/\/www.marbella.gr\/de\/wp-json\/wp\/v2\/pages"}],"about":[{"href":"https:\/\/www.marbella.gr\/de\/wp-json\/wp\/v2\/types\/page"}],"author":[{"embeddable":true,"href":"https:\/\/www.marbella.gr\/de\/wp-json\/wp\/v2\/users\/11"}],"replies":[{"embeddable":true,"href":"https:\/\/www.marbella.gr\/de\/wp-json\/wp\/v2\/comments?post=2112"}],"version-history":[{"count":55,"href":"https:\/\/www.marbella.gr\/de\/wp-json\/wp\/v2\/pages\/2112\/revisions"}],"predecessor-version":[{"id":11908,"href":"https:\/\/www.marbella.gr\/de\/wp-json\/wp\/v2\/pages\/2112\/revisions\/11908"}],"wp:featuredmedia":[{"embeddable":true,"href":"https:\/\/www.marbella.gr\/de\/wp-json\/wp\/v2\/media\/9534"}],"wp:attachment":[{"href":"https:\/\/www.marbella.gr\/de\/wp-json\/wp\/v2\/media?parent=2112"}],"curies":[{"name":"wp","href":"https:\/\/api.w.org\/{rel}","templated":true}]}}