{"id":2119,"date":"2023-05-23T08:03:23","date_gmt":"2023-05-23T08:03:23","guid":{"rendered":"https:\/\/www.marbella.gr\/hotels\/marbella-corfu\/experiences-copy\/"},"modified":"2026-04-06T15:42:08","modified_gmt":"2026-04-06T12:42:08","slug":"experiences","status":"publish","type":"page","link":"https:\/\/www.marbella.gr\/de\/hotels\/marbella-nido\/experiences\/","title":{"rendered":"Erlebnisse"},"content":{"rendered":"<p>Nido ist ein R\u00fcckzugsort f\u00fcr Erwachsene, an dem Sie weder im Pool noch auf Ihrer Liege gest\u00f6rt werden. Wenn Sie sich aktiv f\u00fchlen, springen Sie auf ein Paddleboard oder Wakeboard. Vielleicht beginnen Sie Ihren Tag lieber mit Meditation oder Yoga. Wir haben auch ma\u00dfgeschneiderte Erlebnisse f\u00fcr Sie zusammengestellt, wie zum Beispiel eine Entdeckung griechischer Weine mit unserem Sommelier. Private Ausfl\u00fcge zu nahe gelegenen Inseln oder eine Fahrt um die Insel Korfu. Es ist Ihr Urlaub und wir werden alles tun, damit Sie das Beste daraus machen k\u00f6nnen.<\/p>","protected":false},"excerpt":{"rendered":"<p>Nido is a grown up getaway where you won\u2019t be disturbed in the pool or lying on your lounger. You can take life at whatever pace you want. If you\u2019re feeling active, jump on a paddleboard or wakeboard. You may prefer to start your day with meditation or aerial yoga. We\u2019ve created bespoke experiences for [&#8230;]<\/p>\n<p><a class=\"btn btn-secondary understrap-read-more-link\" href=\"https:\/\/www.marbella.gr\/de\/hotels\/marbella-nido\/experiences\/\">Read More&#8230;<span class=\"screen-reader-text\"> from Experiences<\/span><\/a><\/p>\n","protected":false},"author":11,"featured_media":0,"parent":795,"menu_order":0,"comment_status":"closed","ping_status":"closed","template":"","meta":{"_acf_changed":false,"footnotes":""},"class_list":["post-2119","page","type-page","status-publish","hentry"],"acf":[],"yoast_head":"<!-- This site is optimized with the Yoast SEO plugin v27.4 - https:\/\/yoast.com\/product\/yoast-seo-wordpress\/ -->\n<title>Experiences at Nido,Mar-Bella Collection<\/title>\n<meta name=\"description\" content=\"Experience the ultimate grown-up getaway at Nido, where relaxation and adventure await, from paddleboarding to wine discovery, all tailored to your pace\" \/>\n<meta name=\"robots\" content=\"index, follow, max-snippet:-1, max-image-preview:large, max-video-preview:-1\" \/>\n<link rel=\"canonical\" href=\"https:\/\/www.marbella.gr\/de\/hotels\/marbella-nido\/experiences\/\" \/>\n<meta property=\"og:locale\" content=\"de_DE\" \/>\n<meta property=\"og:type\" content=\"article\" \/>\n<meta property=\"og:title\" content=\"Experiences at Nido,Mar-Bella Collection\" \/>\n<meta property=\"og:description\" content=\"Experience the ultimate grown-up getaway at Nido, where relaxation and adventure await, from paddleboarding to wine discovery, all tailored to your pace\" \/>\n<meta property=\"og:url\" content=\"https:\/\/www.marbella.gr\/de\/hotels\/marbella-nido\/experiences\/\" \/>\n<meta property=\"og:site_name\" content=\"Mar-Bella Collection\" \/>\n<meta property=\"article:modified_time\" content=\"2026-04-06T12:42:08+00:00\" \/>\n<meta property=\"og:image\" content=\"https:\/\/www.marbella.gr\/app\/uploads\/2024\/05\/Elix_Water-Sports-2-scaled.jpg\" \/>\n\t<meta property=\"og:image:width\" content=\"2560\" \/>\n\t<meta property=\"og:image:height\" content=\"1705\" \/>\n\t<meta property=\"og:image:type\" content=\"image\/jpeg\" \/>\n<meta name=\"twitter:card\" content=\"summary_large_image\" \/>\n<meta name=\"twitter:label1\" content=\"Gesch\u00e4tzte Lesezeit\" \/>\n\t<meta name=\"twitter:data1\" content=\"1\u00a0Minute\" \/>\n<!-- \/ Yoast SEO plugin. -->","yoast_head_json":{"title":"Erlebnisse im Nido, Mar-Bella Collection","description":"Erleben Sie den ultimativen Urlaub f\u00fcr Erwachsene in Nido, wo Entspannung und Abenteuer auf Sie warten, vom Paddleboarding bis zur Entdeckung von Wein, alles ganz nach Ihrem Tempo","robots":{"index":"index","follow":"follow","max-snippet":"max-snippet:-1","max-image-preview":"max-image-preview:large","max-video-preview":"max-video-preview:-1"},"canonical":"https:\/\/www.marbella.gr\/de\/hotels\/marbella-nido\/experiences\/","og_locale":"de_DE","og_type":"article","og_title":"Experiences at Nido,Mar-Bella Collection","og_description":"Experience the ultimate grown-up getaway at Nido, where relaxation and adventure await, from paddleboarding to wine discovery, all tailored to your pace","og_url":"https:\/\/www.marbella.gr\/de\/hotels\/marbella-nido\/experiences\/","og_site_name":"Mar-Bella Collection","article_modified_time":"2026-04-06T12:42:08+00:00","og_image":[{"width":2560,"height":1705,"url":"https:\/\/www.marbella.gr\/app\/uploads\/2024\/05\/Elix_Water-Sports-2-scaled.jpg","type":"image\/jpeg"}],"twitter_card":"summary_large_image","twitter_misc":{"Gesch\u00e4tzte Lesezeit":"1\u00a0Minute"},"schema":{"@context":"https:\/\/schema.org","@graph":[{"@type":"WebPage","@id":"https:\/\/www.marbella.gr\/hotels\/marbella-nido\/experiences\/","url":"https:\/\/www.marbella.gr\/hotels\/marbella-nido\/experiences\/","name":"Erlebnisse im Nido, Mar-Bella Collection","isPartOf":{"@id":"https:\/\/www.marbella.gr\/#website"},"datePublished":"2023-05-23T08:03:23+00:00","dateModified":"2026-04-06T12:42:08+00:00","description":"Erleben Sie den ultimativen Urlaub f\u00fcr Erwachsene in Nido, wo Entspannung und Abenteuer auf Sie warten, vom Paddleboarding bis zur Entdeckung von Wein, alles ganz nach Ihrem Tempo","breadcrumb":{"@id":"https:\/\/www.marbella.gr\/hotels\/marbella-nido\/experiences\/#breadcrumb"},"inLanguage":"de","potentialAction":[{"@type":"ReadAction","target":["https:\/\/www.marbella.gr\/hotels\/marbella-nido\/experiences\/"]}]},{"@type":"BreadcrumbList","@id":"https:\/\/www.marbella.gr\/hotels\/marbella-nido\/experiences\/#breadcrumb","itemListElement":[{"@type":"ListItem","position":1,"name":"Home","item":"https:\/\/www.marbella.gr\/"},{"@type":"ListItem","position":2,"name":"Hotels","item":"https:\/\/www.marbella.gr\/hotels\/"},{"@type":"ListItem","position":3,"name":"Nido","item":"https:\/\/www.marbella.gr\/hotels\/marbella-nido\/"},{"@type":"ListItem","position":4,"name":"Experiences"}]},{"@type":"WebSite","@id":"https:\/\/www.marbella.gr\/#website","url":"https:\/\/www.marbella.gr\/","name":"MarBella","description":"Eine Familie von Hotels, die Sie mit dem wundersch\u00f6nen Ionischen Meer verbindet","publisher":{"@id":"https:\/\/www.marbella.gr\/#organization"},"alternateName":"MarBella","potentialAction":[{"@type":"SearchAction","target":{"@type":"EntryPoint","urlTemplate":"https:\/\/www.marbella.gr\/?s={search_term_string}"},"query-input":{"@type":"PropertyValueSpecification","valueRequired":true,"valueName":"search_term_string"}}],"inLanguage":"de"},{"@type":"Organization","@id":"https:\/\/www.marbella.gr\/#organization","name":"MarBella","url":"https:\/\/www.marbella.gr\/","logo":{"@type":"ImageObject","inLanguage":"de","@id":"https:\/\/www.marbella.gr\/#\/schema\/logo\/image\/","url":"https:\/\/www.marbella.gr\/app\/uploads\/2023\/06\/Marbella-collection.png","contentUrl":"https:\/\/www.marbella.gr\/app\/uploads\/2023\/06\/Marbella-collection.png","width":230,"height":75,"caption":"MarBella"},"image":{"@id":"https:\/\/www.marbella.gr\/#\/schema\/logo\/image\/"}}]}},"_links":{"self":[{"href":"https:\/\/www.marbella.gr\/de\/wp-json\/wp\/v2\/pages\/2119","targetHints":{"allow":["GET"]}}],"collection":[{"href":"https:\/\/www.marbella.gr\/de\/wp-json\/wp\/v2\/pages"}],"about":[{"href":"https:\/\/www.marbella.gr\/de\/wp-json\/wp\/v2\/types\/page"}],"author":[{"embeddable":true,"href":"https:\/\/www.marbella.gr\/de\/wp-json\/wp\/v2\/users\/11"}],"replies":[{"embeddable":true,"href":"https:\/\/www.marbella.gr\/de\/wp-json\/wp\/v2\/comments?post=2119"}],"version-history":[{"count":52,"href":"https:\/\/www.marbella.gr\/de\/wp-json\/wp\/v2\/pages\/2119\/revisions"}],"predecessor-version":[{"id":14394,"href":"https:\/\/www.marbella.gr\/de\/wp-json\/wp\/v2\/pages\/2119\/revisions\/14394"}],"up":[{"embeddable":true,"href":"https:\/\/www.marbella.gr\/de\/wp-json\/wp\/v2\/pages\/795"}],"wp:attachment":[{"href":"https:\/\/www.marbella.gr\/de\/wp-json\/wp\/v2\/media?parent=2119"}],"curies":[{"name":"wp","href":"https:\/\/api.w.org\/{rel}","templated":true}]}}