{"id":2127,"date":"2023-05-23T08:05:49","date_gmt":"2023-05-23T08:05:49","guid":{"rendered":"https:\/\/www.marbella.gr\/hotels\/marbella-nido\/experiences-copy\/wellness-copy-copy\/"},"modified":"2025-01-27T09:22:17","modified_gmt":"2025-01-27T09:22:17","slug":"honeymoon","status":"publish","type":"page","link":"https:\/\/www.marbella.gr\/de\/hotels\/marbella-nido\/experiences\/honeymoon\/","title":{"rendered":"Flitterwochen"},"content":{"rendered":"<p>Bereiten Sie sich darauf vor, sofort von der ruhigen Atmosph\u00e4re unseres Anwesens mitgerissen zu werden, das entworfen wurde, um eine Urlaubswelt nur f\u00fcr Erwachsene zu schaffen, die sich nur um Sie und nur um Sie dreht. Unser Flitterwochenhotel auf Korfu ist ganz auf Sie und Ihre Liebsten ausgerichtet.<\/p>\n<p>Genie\u00dfen Sie unsere besondere Behandlung durch eine F\u00fclle von einzigartig zugeschnittenen Erlebnissen, die sorgf\u00e4ltig f\u00fcr Sie beide zusammengestellt wurden.<\/p>","protected":false},"excerpt":{"rendered":"<p>Prepare to be instantly swept away by the tranquil ambiance of our property that has been designed to create an adults-only holiday world that revolves around you, and you alone. Our Corfu honeymoon hotel is entirely designed with you and your loved one in mind. Enjoy our extra special treatment, through a plethora of uniquely [&#8230;]<\/p>\n<p><a class=\"btn btn-secondary understrap-read-more-link\" href=\"https:\/\/www.marbella.gr\/de\/hotels\/marbella-nido\/experiences\/honeymoon\/\">Read More&#8230;<span class=\"screen-reader-text\"> from Honeymoon<\/span><\/a><\/p>\n","protected":false},"author":11,"featured_media":8469,"parent":2119,"menu_order":0,"comment_status":"closed","ping_status":"closed","template":"","meta":{"_acf_changed":false,"footnotes":""},"class_list":["post-2127","page","type-page","status-publish","has-post-thumbnail","hentry"],"acf":[],"yoast_head":"<!-- This site is optimized with the Yoast SEO plugin v27.5 - https:\/\/yoast.com\/product\/yoast-seo-wordpress\/ -->\n<title>Corfu Honeymoon Hotel - Memorable Romantic Escapes | Nido<\/title>\n<meta name=\"description\" content=\"Experience elavated romance at Nido, MarBella Collection, a top Corfu honeymoon hotel. Discover unforgettable moments with us.\" \/>\n<meta name=\"robots\" content=\"index, follow, max-snippet:-1, max-image-preview:large, max-video-preview:-1\" \/>\n<link rel=\"canonical\" href=\"https:\/\/www.marbella.gr\/de\/hotels\/marbella-nido\/experiences\/honeymoon\/\" \/>\n<meta property=\"og:locale\" content=\"de_DE\" \/>\n<meta property=\"og:type\" content=\"article\" \/>\n<meta property=\"og:title\" content=\"Corfu Honeymoon Hotel - Memorable Romantic Escapes | Nido\" \/>\n<meta property=\"og:description\" content=\"Experience elavated romance at Nido, MarBella Collection, a top Corfu honeymoon hotel. Discover unforgettable moments with us.\" \/>\n<meta property=\"og:url\" content=\"https:\/\/www.marbella.gr\/de\/hotels\/marbella-nido\/experiences\/honeymoon\/\" \/>\n<meta property=\"og:site_name\" content=\"Mar-Bella Collection\" \/>\n<meta property=\"article:modified_time\" content=\"2025-01-27T09:22:17+00:00\" \/>\n<meta property=\"og:image\" content=\"https:\/\/www.marbella.gr\/app\/uploads\/2024\/11\/Nido_Suite_Life-9-scaled.jpg\" \/>\n\t<meta property=\"og:image:width\" content=\"2560\" \/>\n\t<meta property=\"og:image:height\" content=\"1920\" \/>\n\t<meta property=\"og:image:type\" content=\"image\/jpeg\" \/>\n<meta name=\"twitter:card\" content=\"summary_large_image\" \/>\n<meta name=\"twitter:label1\" content=\"Gesch\u00e4tzte Lesezeit\" \/>\n\t<meta name=\"twitter:data1\" content=\"1\u00a0Minute\" \/>\n<!-- \/ Yoast SEO plugin. -->","yoast_head_json":{"title":"Korfu Honeymoon Hotel - Unvergessliche romantische Flitterwochen | Nido","description":"Erleben Sie erhabene Romantik im Nido, MarBella Collection, einem der besten Flitterwochenhotels auf Korfu. Entdecken Sie unvergessliche Momente mit uns.","robots":{"index":"index","follow":"follow","max-snippet":"max-snippet:-1","max-image-preview":"max-image-preview:large","max-video-preview":"max-video-preview:-1"},"canonical":"https:\/\/www.marbella.gr\/de\/hotels\/marbella-nido\/experiences\/honeymoon\/","og_locale":"de_DE","og_type":"article","og_title":"Corfu Honeymoon Hotel - Memorable Romantic Escapes | Nido","og_description":"Experience elavated romance at Nido, MarBella Collection, a top Corfu honeymoon hotel. Discover unforgettable moments with us.","og_url":"https:\/\/www.marbella.gr\/de\/hotels\/marbella-nido\/experiences\/honeymoon\/","og_site_name":"Mar-Bella Collection","article_modified_time":"2025-01-27T09:22:17+00:00","og_image":[{"width":2560,"height":1920,"url":"https:\/\/www.marbella.gr\/app\/uploads\/2024\/11\/Nido_Suite_Life-9-scaled.jpg","type":"image\/jpeg"}],"twitter_card":"summary_large_image","twitter_misc":{"Gesch\u00e4tzte Lesezeit":"1\u00a0Minute"},"schema":{"@context":"https:\/\/schema.org","@graph":[{"@type":"WebPage","@id":"https:\/\/www.marbella.gr\/hotels\/marbella-nido\/experiences\/honeymoon\/","url":"https:\/\/www.marbella.gr\/hotels\/marbella-nido\/experiences\/honeymoon\/","name":"Korfu Honeymoon Hotel - Unvergessliche romantische Flitterwochen | Nido","isPartOf":{"@id":"https:\/\/www.marbella.gr\/#website"},"primaryImageOfPage":{"@id":"https:\/\/www.marbella.gr\/hotels\/marbella-nido\/experiences\/honeymoon\/#primaryimage"},"image":{"@id":"https:\/\/www.marbella.gr\/hotels\/marbella-nido\/experiences\/honeymoon\/#primaryimage"},"thumbnailUrl":"https:\/\/www.marbella.gr\/app\/uploads\/2024\/11\/Nido_Suite_Life-9-scaled.jpg","datePublished":"2023-05-23T08:05:49+00:00","dateModified":"2025-01-27T09:22:17+00:00","description":"Erleben Sie erhabene Romantik im Nido, MarBella Collection, einem der besten Flitterwochenhotels auf Korfu. Entdecken Sie unvergessliche Momente mit uns.","breadcrumb":{"@id":"https:\/\/www.marbella.gr\/hotels\/marbella-nido\/experiences\/honeymoon\/#breadcrumb"},"inLanguage":"de","potentialAction":[{"@type":"ReadAction","target":["https:\/\/www.marbella.gr\/hotels\/marbella-nido\/experiences\/honeymoon\/"]}]},{"@type":"ImageObject","inLanguage":"de","@id":"https:\/\/www.marbella.gr\/hotels\/marbella-nido\/experiences\/honeymoon\/#primaryimage","url":"https:\/\/www.marbella.gr\/app\/uploads\/2024\/11\/Nido_Suite_Life-9-scaled.jpg","contentUrl":"https:\/\/www.marbella.gr\/app\/uploads\/2024\/11\/Nido_Suite_Life-9-scaled.jpg","width":2560,"height":1920,"caption":"Discover Mar-Bella Collection - 5 star hotels in Corfu, Parga Greece"},{"@type":"BreadcrumbList","@id":"https:\/\/www.marbella.gr\/hotels\/marbella-nido\/experiences\/honeymoon\/#breadcrumb","itemListElement":[{"@type":"ListItem","position":1,"name":"Home","item":"https:\/\/www.marbella.gr\/"},{"@type":"ListItem","position":2,"name":"Hotels","item":"https:\/\/www.marbella.gr\/hotels\/"},{"@type":"ListItem","position":3,"name":"Nido","item":"https:\/\/www.marbella.gr\/hotels\/marbella-nido\/"},{"@type":"ListItem","position":4,"name":"Experiences","item":"https:\/\/www.marbella.gr\/hotels\/marbella-nido\/experiences\/"},{"@type":"ListItem","position":5,"name":"Honeymoon"}]},{"@type":"WebSite","@id":"https:\/\/www.marbella.gr\/#website","url":"https:\/\/www.marbella.gr\/","name":"MarBella","description":"Eine Familie von Hotels, die Sie mit dem wundersch\u00f6nen Ionischen Meer verbindet","publisher":{"@id":"https:\/\/www.marbella.gr\/#organization"},"alternateName":"MarBella","potentialAction":[{"@type":"SearchAction","target":{"@type":"EntryPoint","urlTemplate":"https:\/\/www.marbella.gr\/?s={search_term_string}"},"query-input":{"@type":"PropertyValueSpecification","valueRequired":true,"valueName":"search_term_string"}}],"inLanguage":"de"},{"@type":"Organization","@id":"https:\/\/www.marbella.gr\/#organization","name":"MarBella","url":"https:\/\/www.marbella.gr\/","logo":{"@type":"ImageObject","inLanguage":"de","@id":"https:\/\/www.marbella.gr\/#\/schema\/logo\/image\/","url":"https:\/\/www.marbella.gr\/app\/uploads\/2023\/06\/Marbella-collection.png","contentUrl":"https:\/\/www.marbella.gr\/app\/uploads\/2023\/06\/Marbella-collection.png","width":230,"height":75,"caption":"MarBella"},"image":{"@id":"https:\/\/www.marbella.gr\/#\/schema\/logo\/image\/"}}]}},"_links":{"self":[{"href":"https:\/\/www.marbella.gr\/de\/wp-json\/wp\/v2\/pages\/2127","targetHints":{"allow":["GET"]}}],"collection":[{"href":"https:\/\/www.marbella.gr\/de\/wp-json\/wp\/v2\/pages"}],"about":[{"href":"https:\/\/www.marbella.gr\/de\/wp-json\/wp\/v2\/types\/page"}],"author":[{"embeddable":true,"href":"https:\/\/www.marbella.gr\/de\/wp-json\/wp\/v2\/users\/11"}],"replies":[{"embeddable":true,"href":"https:\/\/www.marbella.gr\/de\/wp-json\/wp\/v2\/comments?post=2127"}],"version-history":[{"count":18,"href":"https:\/\/www.marbella.gr\/de\/wp-json\/wp\/v2\/pages\/2127\/revisions"}],"predecessor-version":[{"id":9264,"href":"https:\/\/www.marbella.gr\/de\/wp-json\/wp\/v2\/pages\/2127\/revisions\/9264"}],"up":[{"embeddable":true,"href":"https:\/\/www.marbella.gr\/de\/wp-json\/wp\/v2\/pages\/2119"}],"wp:featuredmedia":[{"embeddable":true,"href":"https:\/\/www.marbella.gr\/de\/wp-json\/wp\/v2\/media\/8469"}],"wp:attachment":[{"href":"https:\/\/www.marbella.gr\/de\/wp-json\/wp\/v2\/media?parent=2127"}],"curies":[{"name":"wp","href":"https:\/\/api.w.org\/{rel}","templated":true}]}}