{"id":2141,"date":"2023-05-23T08:07:57","date_gmt":"2023-05-23T08:07:57","guid":{"rendered":"https:\/\/www.marbella.gr\/hotels\/marbella-corfu\/gallery-copy\/"},"modified":"2025-07-13T07:00:42","modified_gmt":"2025-07-13T07:00:42","slug":"gallery","status":"publish","type":"page","link":"https:\/\/www.marbella.gr\/de\/hotels\/marbella-nido\/gallery\/","title":{"rendered":"Galerie"},"content":{"rendered":"","protected":false},"excerpt":{"rendered":"<p> [&#8230;]<\/p>\n<p><a class=\"btn btn-secondary understrap-read-more-link\" href=\"https:\/\/www.marbella.gr\/de\/hotels\/marbella-nido\/gallery\/\">Read More&#8230;<span class=\"screen-reader-text\"> from Gallery<\/span><\/a><\/p>\n","protected":false},"author":11,"featured_media":8550,"parent":795,"menu_order":0,"comment_status":"closed","ping_status":"closed","template":"page-templates\/gallery.php","meta":{"_acf_changed":false,"footnotes":""},"class_list":["post-2141","page","type-page","status-publish","has-post-thumbnail","hentry"],"acf":[],"yoast_head":"<!-- This site is optimized with the Yoast SEO plugin v27.5 - https:\/\/yoast.com\/product\/yoast-seo-wordpress\/ -->\n<title>Photo Gallery | Nido, Mar-Bella Collection<\/title>\n<meta name=\"description\" content=\"Explore the photo gallery of Nido and get a glimpse of the breathtaking views, luxurious rooms, and exceptional amenities.\" \/>\n<meta name=\"robots\" content=\"index, follow, max-snippet:-1, max-image-preview:large, max-video-preview:-1\" \/>\n<link rel=\"canonical\" href=\"https:\/\/www.marbella.gr\/de\/hotels\/marbella-nido\/gallery\/\" \/>\n<meta property=\"og:locale\" content=\"de_DE\" \/>\n<meta property=\"og:type\" content=\"article\" \/>\n<meta property=\"og:title\" content=\"Photo Gallery | Nido, Mar-Bella Collection\" \/>\n<meta property=\"og:description\" content=\"Explore the photo gallery of Nido and get a glimpse of the breathtaking views, luxurious rooms, and exceptional amenities.\" \/>\n<meta property=\"og:url\" content=\"https:\/\/www.marbella.gr\/de\/hotels\/marbella-nido\/gallery\/\" \/>\n<meta property=\"og:site_name\" content=\"Mar-Bella Collection\" \/>\n<meta property=\"article:modified_time\" content=\"2025-07-13T07:00:42+00:00\" \/>\n<meta property=\"og:image\" content=\"https:\/\/www.marbella.gr\/app\/uploads\/2024\/11\/Nido_Grounds-2-scaled.jpg\" \/>\n\t<meta property=\"og:image:width\" content=\"2560\" \/>\n\t<meta property=\"og:image:height\" content=\"1920\" \/>\n\t<meta property=\"og:image:type\" content=\"image\/jpeg\" \/>\n<meta name=\"twitter:card\" content=\"summary_large_image\" \/>\n<meta name=\"twitter:label1\" content=\"Gesch\u00e4tzte Lesezeit\" \/>\n\t<meta name=\"twitter:data1\" content=\"1\u00a0Minute\" \/>\n<!-- \/ Yoast SEO plugin. -->","yoast_head_json":{"title":"Fotogalerie | Nido, Mar-Bella Kollektion","description":"Sehen Sie sich die Fotogalerie des Nido an und gewinnen Sie einen Eindruck von der atemberaubenden Aussicht, den luxuri\u00f6sen Zimmern und der au\u00dfergew\u00f6hnlichen Ausstattung.","robots":{"index":"index","follow":"follow","max-snippet":"max-snippet:-1","max-image-preview":"max-image-preview:large","max-video-preview":"max-video-preview:-1"},"canonical":"https:\/\/www.marbella.gr\/de\/hotels\/marbella-nido\/gallery\/","og_locale":"de_DE","og_type":"article","og_title":"Photo Gallery | Nido, Mar-Bella Collection","og_description":"Explore the photo gallery of Nido and get a glimpse of the breathtaking views, luxurious rooms, and exceptional amenities.","og_url":"https:\/\/www.marbella.gr\/de\/hotels\/marbella-nido\/gallery\/","og_site_name":"Mar-Bella Collection","article_modified_time":"2025-07-13T07:00:42+00:00","og_image":[{"width":2560,"height":1920,"url":"https:\/\/www.marbella.gr\/app\/uploads\/2024\/11\/Nido_Grounds-2-scaled.jpg","type":"image\/jpeg"}],"twitter_card":"summary_large_image","twitter_misc":{"Gesch\u00e4tzte Lesezeit":"1\u00a0Minute"},"schema":{"@context":"https:\/\/schema.org","@graph":[{"@type":"WebPage","@id":"https:\/\/www.marbella.gr\/hotels\/marbella-nido\/gallery\/","url":"https:\/\/www.marbella.gr\/hotels\/marbella-nido\/gallery\/","name":"Fotogalerie | Nido, Mar-Bella Kollektion","isPartOf":{"@id":"https:\/\/www.marbella.gr\/#website"},"primaryImageOfPage":{"@id":"https:\/\/www.marbella.gr\/hotels\/marbella-nido\/gallery\/#primaryimage"},"image":{"@id":"https:\/\/www.marbella.gr\/hotels\/marbella-nido\/gallery\/#primaryimage"},"thumbnailUrl":"https:\/\/www.marbella.gr\/app\/uploads\/2024\/11\/Nido_Grounds-2-scaled.jpg","datePublished":"2023-05-23T08:07:57+00:00","dateModified":"2025-07-13T07:00:42+00:00","description":"Sehen Sie sich die Fotogalerie des Nido an und gewinnen Sie einen Eindruck von der atemberaubenden Aussicht, den luxuri\u00f6sen Zimmern und der au\u00dfergew\u00f6hnlichen Ausstattung.","breadcrumb":{"@id":"https:\/\/www.marbella.gr\/hotels\/marbella-nido\/gallery\/#breadcrumb"},"inLanguage":"de","potentialAction":[{"@type":"ReadAction","target":["https:\/\/www.marbella.gr\/hotels\/marbella-nido\/gallery\/"]}]},{"@type":"ImageObject","inLanguage":"de","@id":"https:\/\/www.marbella.gr\/hotels\/marbella-nido\/gallery\/#primaryimage","url":"https:\/\/www.marbella.gr\/app\/uploads\/2024\/11\/Nido_Grounds-2-scaled.jpg","contentUrl":"https:\/\/www.marbella.gr\/app\/uploads\/2024\/11\/Nido_Grounds-2-scaled.jpg","width":2560,"height":1920,"caption":"Discover Mar-Bella Collection - 5 star hotels in Corfu, Parga Greece"},{"@type":"BreadcrumbList","@id":"https:\/\/www.marbella.gr\/hotels\/marbella-nido\/gallery\/#breadcrumb","itemListElement":[{"@type":"ListItem","position":1,"name":"Home","item":"https:\/\/www.marbella.gr\/"},{"@type":"ListItem","position":2,"name":"Hotels","item":"https:\/\/www.marbella.gr\/hotels\/"},{"@type":"ListItem","position":3,"name":"Nido","item":"https:\/\/www.marbella.gr\/hotels\/marbella-nido\/"},{"@type":"ListItem","position":4,"name":"Gallery"}]},{"@type":"WebSite","@id":"https:\/\/www.marbella.gr\/#website","url":"https:\/\/www.marbella.gr\/","name":"MarBella","description":"Eine Familie von Hotels, die Sie mit dem wundersch\u00f6nen Ionischen Meer verbindet","publisher":{"@id":"https:\/\/www.marbella.gr\/#organization"},"alternateName":"MarBella","potentialAction":[{"@type":"SearchAction","target":{"@type":"EntryPoint","urlTemplate":"https:\/\/www.marbella.gr\/?s={search_term_string}"},"query-input":{"@type":"PropertyValueSpecification","valueRequired":true,"valueName":"search_term_string"}}],"inLanguage":"de"},{"@type":"Organization","@id":"https:\/\/www.marbella.gr\/#organization","name":"MarBella","url":"https:\/\/www.marbella.gr\/","logo":{"@type":"ImageObject","inLanguage":"de","@id":"https:\/\/www.marbella.gr\/#\/schema\/logo\/image\/","url":"https:\/\/www.marbella.gr\/app\/uploads\/2023\/06\/Marbella-collection.png","contentUrl":"https:\/\/www.marbella.gr\/app\/uploads\/2023\/06\/Marbella-collection.png","width":230,"height":75,"caption":"MarBella"},"image":{"@id":"https:\/\/www.marbella.gr\/#\/schema\/logo\/image\/"}}]}},"_links":{"self":[{"href":"https:\/\/www.marbella.gr\/de\/wp-json\/wp\/v2\/pages\/2141","targetHints":{"allow":["GET"]}}],"collection":[{"href":"https:\/\/www.marbella.gr\/de\/wp-json\/wp\/v2\/pages"}],"about":[{"href":"https:\/\/www.marbella.gr\/de\/wp-json\/wp\/v2\/types\/page"}],"author":[{"embeddable":true,"href":"https:\/\/www.marbella.gr\/de\/wp-json\/wp\/v2\/users\/11"}],"replies":[{"embeddable":true,"href":"https:\/\/www.marbella.gr\/de\/wp-json\/wp\/v2\/comments?post=2141"}],"version-history":[{"count":20,"href":"https:\/\/www.marbella.gr\/de\/wp-json\/wp\/v2\/pages\/2141\/revisions"}],"predecessor-version":[{"id":10438,"href":"https:\/\/www.marbella.gr\/de\/wp-json\/wp\/v2\/pages\/2141\/revisions\/10438"}],"up":[{"embeddable":true,"href":"https:\/\/www.marbella.gr\/de\/wp-json\/wp\/v2\/pages\/795"}],"wp:featuredmedia":[{"embeddable":true,"href":"https:\/\/www.marbella.gr\/de\/wp-json\/wp\/v2\/media\/8550"}],"wp:attachment":[{"href":"https:\/\/www.marbella.gr\/de\/wp-json\/wp\/v2\/media?parent=2141"}],"curies":[{"name":"wp","href":"https:\/\/api.w.org\/{rel}","templated":true}]}}