{"id":2148,"date":"2023-05-23T08:24:17","date_gmt":"2023-05-23T08:24:17","guid":{"rendered":"https:\/\/www.marbella.gr\/our-story-copy\/"},"modified":"2026-04-17T11:48:36","modified_gmt":"2026-04-17T08:48:36","slug":"offers","status":"publish","type":"page","link":"https:\/\/www.marbella.gr\/de\/offers\/","title":{"rendered":"Angebote"},"content":{"rendered":"<p>Bei Mar-Bella Collection gehen Luxus und ein gutes Preis-Leistungs-Verh\u00e4ltnis immer Hand in Hand. Und wann immer wir k\u00f6nnen, m\u00f6chten wir Ihnen ein kleines Extra bieten. Von Fr\u00fchbucherpreisen bis hin zu Last-Minute-Angeboten in allen unseren Hotels, Freipl\u00e4tze f\u00fcr Kinder unter 13 Jahren im MarBella und Upgrade der Verpflegung im Nido und Elix - es gibt immer etwas Besonderes, das Ihnen hilft, Ihr Budget zu schonen. Hier finden Sie unsere neuesten Angebote \u03bfder melden Sie sich an <span style=\"text-decoration: underline;\"><strong><a href=\"http:\/\/eepurl.com\/ggL42z\" target=\"_blank\" rel=\"noopener\">hier<\/a><\/strong><\/span> um sie direkt in Ihren Posteingang zu bekommen.<\/p>","protected":false},"excerpt":{"rendered":"<p>At Mar-Bella Collection luxury and great value always go hand in hand. And we do like to bring you something a little extra whenever we can. So from early bird prices to last minute deals across all our hotels, free places for kids under 13 at MarBella and board upgrades at Nido and Elix, there\u2019s [&#8230;]<\/p>\n<p><a class=\"btn btn-secondary understrap-read-more-link\" href=\"https:\/\/www.marbella.gr\/de\/offers\/\">Read More&#8230;<span class=\"screen-reader-text\"> from Offers<\/span><\/a><\/p>\n","protected":false},"author":11,"featured_media":8760,"parent":0,"menu_order":0,"comment_status":"closed","ping_status":"closed","template":"page-templates\/offers.php","meta":{"_acf_changed":false,"footnotes":""},"class_list":["post-2148","page","type-page","status-publish","has-post-thumbnail","hentry"],"acf":[],"yoast_head":"<!-- This site is optimized with the Yoast SEO plugin v27.4 - https:\/\/yoast.com\/product\/yoast-seo-wordpress\/ -->\n<title>Corfu &amp; Parga luxury hotel value Offers | Mar-Bella Collection<\/title>\n<meta name=\"description\" content=\"Here is where you will find the Offers of Mar-Bella Collection&#039;s hotels in Corfu island &amp; Parga, Greece for experiencing luxury hospitality with great value.\" \/>\n<meta name=\"robots\" content=\"index, follow, max-snippet:-1, max-image-preview:large, max-video-preview:-1\" \/>\n<link rel=\"canonical\" href=\"https:\/\/www.marbella.gr\/de\/offers\/\" \/>\n<meta property=\"og:locale\" content=\"de_DE\" \/>\n<meta property=\"og:type\" content=\"article\" \/>\n<meta property=\"og:title\" content=\"Corfu &amp; Parga luxury hotel value Offers | Mar-Bella Collection\" \/>\n<meta property=\"og:description\" content=\"Here is where you will find the Offers of Mar-Bella Collection&#039;s hotels in Corfu island &amp; Parga, Greece for experiencing luxury hospitality with great value.\" \/>\n<meta property=\"og:url\" content=\"https:\/\/www.marbella.gr\/de\/offers\/\" \/>\n<meta property=\"og:site_name\" content=\"Mar-Bella Collection\" \/>\n<meta property=\"article:modified_time\" content=\"2026-04-17T08:48:36+00:00\" \/>\n<meta property=\"og:image\" content=\"https:\/\/www.marbella.gr\/app\/uploads\/2024\/11\/hero-Offers.jpg\" \/>\n\t<meta property=\"og:image:width\" content=\"1920\" \/>\n\t<meta property=\"og:image:height\" content=\"1080\" \/>\n\t<meta property=\"og:image:type\" content=\"image\/jpeg\" \/>\n<meta name=\"twitter:card\" content=\"summary_large_image\" \/>\n<meta name=\"twitter:label1\" content=\"Gesch\u00e4tzte Lesezeit\" \/>\n\t<meta name=\"twitter:data1\" content=\"1\u00a0Minute\" \/>\n<!-- \/ Yoast SEO plugin. -->","yoast_head_json":{"title":"Korfu &amp; Parga Luxushotel Wertangebote | Mar-Bella Collection","description":"Hier finden Sie die Angebote der Hotels der Mar-Bella Collection auf der Insel Korfu und in Parga, Griechenland, um luxuri\u00f6se Gastfreundschaft zu einem guten Preis zu erleben.","robots":{"index":"index","follow":"follow","max-snippet":"max-snippet:-1","max-image-preview":"max-image-preview:large","max-video-preview":"max-video-preview:-1"},"canonical":"https:\/\/www.marbella.gr\/de\/offers\/","og_locale":"de_DE","og_type":"article","og_title":"Corfu & Parga luxury hotel value Offers | Mar-Bella Collection","og_description":"Here is where you will find the Offers of Mar-Bella Collection's hotels in Corfu island & Parga, Greece for experiencing luxury hospitality with great value.","og_url":"https:\/\/www.marbella.gr\/de\/offers\/","og_site_name":"Mar-Bella Collection","article_modified_time":"2026-04-17T08:48:36+00:00","og_image":[{"width":1920,"height":1080,"url":"https:\/\/www.marbella.gr\/app\/uploads\/2024\/11\/hero-Offers.jpg","type":"image\/jpeg"}],"twitter_card":"summary_large_image","twitter_misc":{"Gesch\u00e4tzte Lesezeit":"1\u00a0Minute"},"schema":{"@context":"https:\/\/schema.org","@graph":[{"@type":"WebPage","@id":"https:\/\/www.marbella.gr\/offers\/","url":"https:\/\/www.marbella.gr\/offers","name":"Korfu &amp; Parga Luxushotel Wertangebote | Mar-Bella Collection","isPartOf":{"@id":"https:\/\/www.marbella.gr\/#website"},"primaryImageOfPage":{"@id":"https:\/\/www.marbella.gr\/offers#primaryimage"},"image":{"@id":"https:\/\/www.marbella.gr\/offers#primaryimage"},"thumbnailUrl":"https:\/\/www.marbella.gr\/app\/uploads\/2024\/11\/hero-Offers.jpg","datePublished":"2023-05-23T08:24:17+00:00","dateModified":"2026-04-17T08:48:36+00:00","description":"Hier finden Sie die Angebote der Hotels der Mar-Bella Collection auf der Insel Korfu und in Parga, Griechenland, um luxuri\u00f6se Gastfreundschaft zu einem guten Preis zu erleben.","breadcrumb":{"@id":"https:\/\/www.marbella.gr\/offers#breadcrumb"},"inLanguage":"de","potentialAction":[{"@type":"ReadAction","target":["https:\/\/www.marbella.gr\/offers"]}]},{"@type":"ImageObject","inLanguage":"de","@id":"https:\/\/www.marbella.gr\/offers#primaryimage","url":"https:\/\/www.marbella.gr\/app\/uploads\/2024\/11\/hero-Offers.jpg","contentUrl":"https:\/\/www.marbella.gr\/app\/uploads\/2024\/11\/hero-Offers.jpg","width":1920,"height":1080,"caption":"Discover Mar-Bella Collection - 5 star hotels in Corfu, Parga Greece"},{"@type":"BreadcrumbList","@id":"https:\/\/www.marbella.gr\/offers#breadcrumb","itemListElement":[{"@type":"ListItem","position":1,"name":"Home","item":"https:\/\/www.marbella.gr\/"},{"@type":"ListItem","position":2,"name":"Offers"}]},{"@type":"WebSite","@id":"https:\/\/www.marbella.gr\/#website","url":"https:\/\/www.marbella.gr\/","name":"MarBella","description":"Eine Familie von Hotels, die Sie mit dem wundersch\u00f6nen Ionischen Meer verbindet","publisher":{"@id":"https:\/\/www.marbella.gr\/#organization"},"alternateName":"MarBella","potentialAction":[{"@type":"SearchAction","target":{"@type":"EntryPoint","urlTemplate":"https:\/\/www.marbella.gr\/?s={search_term_string}"},"query-input":{"@type":"PropertyValueSpecification","valueRequired":true,"valueName":"search_term_string"}}],"inLanguage":"de"},{"@type":"Organization","@id":"https:\/\/www.marbella.gr\/#organization","name":"MarBella","url":"https:\/\/www.marbella.gr\/","logo":{"@type":"ImageObject","inLanguage":"de","@id":"https:\/\/www.marbella.gr\/#\/schema\/logo\/image\/","url":"https:\/\/www.marbella.gr\/app\/uploads\/2023\/06\/Marbella-collection.png","contentUrl":"https:\/\/www.marbella.gr\/app\/uploads\/2023\/06\/Marbella-collection.png","width":230,"height":75,"caption":"MarBella"},"image":{"@id":"https:\/\/www.marbella.gr\/#\/schema\/logo\/image\/"}}]}},"_links":{"self":[{"href":"https:\/\/www.marbella.gr\/de\/wp-json\/wp\/v2\/pages\/2148","targetHints":{"allow":["GET"]}}],"collection":[{"href":"https:\/\/www.marbella.gr\/de\/wp-json\/wp\/v2\/pages"}],"about":[{"href":"https:\/\/www.marbella.gr\/de\/wp-json\/wp\/v2\/types\/page"}],"author":[{"embeddable":true,"href":"https:\/\/www.marbella.gr\/de\/wp-json\/wp\/v2\/users\/11"}],"replies":[{"embeddable":true,"href":"https:\/\/www.marbella.gr\/de\/wp-json\/wp\/v2\/comments?post=2148"}],"version-history":[{"count":97,"href":"https:\/\/www.marbella.gr\/de\/wp-json\/wp\/v2\/pages\/2148\/revisions"}],"predecessor-version":[{"id":14596,"href":"https:\/\/www.marbella.gr\/de\/wp-json\/wp\/v2\/pages\/2148\/revisions\/14596"}],"wp:featuredmedia":[{"embeddable":true,"href":"https:\/\/www.marbella.gr\/de\/wp-json\/wp\/v2\/media\/8760"}],"wp:attachment":[{"href":"https:\/\/www.marbella.gr\/de\/wp-json\/wp\/v2\/media?parent=2148"}],"curies":[{"name":"wp","href":"https:\/\/api.w.org\/{rel}","templated":true}]}}