{"id":2275,"date":"2023-05-23T12:59:05","date_gmt":"2023-05-23T12:59:05","guid":{"rendered":"https:\/\/www.marbella.gr\/career-copy\/"},"modified":"2024-01-19T16:52:17","modified_gmt":"2024-01-19T16:52:17","slug":"corfu","status":"publish","type":"page","link":"https:\/\/www.marbella.gr\/de\/the-destinations\/corfu\/","title":{"rendered":"Korfu"},"content":{"rendered":"","protected":false},"excerpt":{"rendered":"<p> [&#8230;]<\/p>\n<p><a class=\"btn btn-secondary understrap-read-more-link\" href=\"https:\/\/www.marbella.gr\/de\/the-destinations\/corfu\/\">Read More&#8230;<span class=\"screen-reader-text\"> from Corfu<\/span><\/a><\/p>\n","protected":false},"author":11,"featured_media":3044,"parent":843,"menu_order":0,"comment_status":"closed","ping_status":"closed","template":"","meta":{"_acf_changed":false,"footnotes":""},"class_list":["post-2275","page","type-page","status-publish","has-post-thumbnail","hentry"],"acf":[],"yoast_head":"<!-- This site is optimized with the Yoast SEO plugin v27.5 - https:\/\/yoast.com\/product\/yoast-seo-wordpress\/ -->\n<title>Discover Corfu, a world-famous destination | Mar-Bella Collection<\/title>\n<meta name=\"description\" content=\"Explore Corfu with the Mar-Bella Collection: a renowned destination famous for its stunning beaches, picturesque villages, and rich history.\" \/>\n<meta name=\"robots\" content=\"index, follow, max-snippet:-1, max-image-preview:large, max-video-preview:-1\" \/>\n<link rel=\"canonical\" href=\"https:\/\/www.marbella.gr\/de\/the-destinations\/corfu\/\" \/>\n<meta property=\"og:locale\" content=\"de_DE\" \/>\n<meta property=\"og:type\" content=\"article\" \/>\n<meta property=\"og:title\" content=\"Discover Corfu, a world-famous destination | Mar-Bella Collection\" \/>\n<meta property=\"og:description\" content=\"Explore Corfu with the Mar-Bella Collection: a renowned destination famous for its stunning beaches, picturesque villages, and rich history.\" \/>\n<meta property=\"og:url\" content=\"https:\/\/www.marbella.gr\/de\/the-destinations\/corfu\/\" \/>\n<meta property=\"og:site_name\" content=\"Mar-Bella Collection\" \/>\n<meta property=\"article:modified_time\" content=\"2024-01-19T16:52:17+00:00\" \/>\n<meta property=\"og:image\" content=\"https:\/\/www.marbella.gr\/app\/uploads\/2023\/06\/corfu\u00a9visual-storyteller.com-6-scaled-e1645107396130.jpg\" \/>\n\t<meta property=\"og:image:width\" content=\"1620\" \/>\n\t<meta property=\"og:image:height\" content=\"1080\" \/>\n\t<meta property=\"og:image:type\" content=\"image\/jpeg\" \/>\n<meta name=\"twitter:card\" content=\"summary_large_image\" \/>\n<meta name=\"twitter:label1\" content=\"Gesch\u00e4tzte Lesezeit\" \/>\n\t<meta name=\"twitter:data1\" content=\"1\u00a0Minute\" \/>\n<!-- \/ Yoast SEO plugin. -->","yoast_head_json":{"title":"Entdecken Sie Korfu, ein weltber\u00fchmtes Reiseziel | Mar-Bella Collection","description":"Entdecken Sie Korfu mit der Mar-Bella Collection: ein renommiertes Reiseziel, das f\u00fcr seine atemberaubenden Str\u00e4nde, malerischen D\u00f6rfer und seine reiche Geschichte bekannt ist.","robots":{"index":"index","follow":"follow","max-snippet":"max-snippet:-1","max-image-preview":"max-image-preview:large","max-video-preview":"max-video-preview:-1"},"canonical":"https:\/\/www.marbella.gr\/de\/the-destinations\/corfu\/","og_locale":"de_DE","og_type":"article","og_title":"Discover Corfu, a world-famous destination | Mar-Bella Collection","og_description":"Explore Corfu with the Mar-Bella Collection: a renowned destination famous for its stunning beaches, picturesque villages, and rich history.","og_url":"https:\/\/www.marbella.gr\/de\/the-destinations\/corfu\/","og_site_name":"Mar-Bella Collection","article_modified_time":"2024-01-19T16:52:17+00:00","og_image":[{"width":1620,"height":1080,"url":"https:\/\/www.marbella.gr\/app\/uploads\/2023\/06\/corfu\u00a9visual-storyteller.com-6-scaled-e1645107396130.jpg","type":"image\/jpeg"}],"twitter_card":"summary_large_image","twitter_misc":{"Gesch\u00e4tzte Lesezeit":"1\u00a0Minute"},"schema":{"@context":"https:\/\/schema.org","@graph":[{"@type":"WebPage","@id":"https:\/\/www.marbella.gr\/the-destinations\/corfu\/","url":"https:\/\/www.marbella.gr\/the-destinations\/corfu\/","name":"Entdecken Sie Korfu, ein weltber\u00fchmtes Reiseziel | Mar-Bella Collection","isPartOf":{"@id":"https:\/\/www.marbella.gr\/#website"},"primaryImageOfPage":{"@id":"https:\/\/www.marbella.gr\/the-destinations\/corfu\/#primaryimage"},"image":{"@id":"https:\/\/www.marbella.gr\/the-destinations\/corfu\/#primaryimage"},"thumbnailUrl":"https:\/\/www.marbella.gr\/app\/uploads\/2023\/06\/corfu\u00a9visual-storyteller.com-6-scaled-e1645107396130.jpg","datePublished":"2023-05-23T12:59:05+00:00","dateModified":"2024-01-19T16:52:17+00:00","description":"Entdecken Sie Korfu mit der Mar-Bella Collection: ein renommiertes Reiseziel, das f\u00fcr seine atemberaubenden Str\u00e4nde, malerischen D\u00f6rfer und seine reiche Geschichte bekannt ist.","breadcrumb":{"@id":"https:\/\/www.marbella.gr\/the-destinations\/corfu\/#breadcrumb"},"inLanguage":"de","potentialAction":[{"@type":"ReadAction","target":["https:\/\/www.marbella.gr\/the-destinations\/corfu\/"]}]},{"@type":"ImageObject","inLanguage":"de","@id":"https:\/\/www.marbella.gr\/the-destinations\/corfu\/#primaryimage","url":"https:\/\/www.marbella.gr\/app\/uploads\/2023\/06\/corfu\u00a9visual-storyteller.com-6-scaled-e1645107396130.jpg","contentUrl":"https:\/\/www.marbella.gr\/app\/uploads\/2023\/06\/corfu\u00a9visual-storyteller.com-6-scaled-e1645107396130.jpg","width":1620,"height":1080,"caption":"Discover Mar-Bella Collection - 5 star hotels in Corfu, Parga Greece"},{"@type":"BreadcrumbList","@id":"https:\/\/www.marbella.gr\/the-destinations\/corfu\/#breadcrumb","itemListElement":[{"@type":"ListItem","position":1,"name":"Home","item":"https:\/\/www.marbella.gr\/"},{"@type":"ListItem","position":2,"name":"The Destinations","item":"https:\/\/www.marbella.gr\/the-destinations\/"},{"@type":"ListItem","position":3,"name":"Corfu"}]},{"@type":"WebSite","@id":"https:\/\/www.marbella.gr\/#website","url":"https:\/\/www.marbella.gr\/","name":"MarBella","description":"Eine Familie von Hotels, die Sie mit dem wundersch\u00f6nen Ionischen Meer verbindet","publisher":{"@id":"https:\/\/www.marbella.gr\/#organization"},"alternateName":"MarBella","potentialAction":[{"@type":"SearchAction","target":{"@type":"EntryPoint","urlTemplate":"https:\/\/www.marbella.gr\/?s={search_term_string}"},"query-input":{"@type":"PropertyValueSpecification","valueRequired":true,"valueName":"search_term_string"}}],"inLanguage":"de"},{"@type":"Organization","@id":"https:\/\/www.marbella.gr\/#organization","name":"MarBella","url":"https:\/\/www.marbella.gr\/","logo":{"@type":"ImageObject","inLanguage":"de","@id":"https:\/\/www.marbella.gr\/#\/schema\/logo\/image\/","url":"https:\/\/www.marbella.gr\/app\/uploads\/2023\/06\/Marbella-collection.png","contentUrl":"https:\/\/www.marbella.gr\/app\/uploads\/2023\/06\/Marbella-collection.png","width":230,"height":75,"caption":"MarBella"},"image":{"@id":"https:\/\/www.marbella.gr\/#\/schema\/logo\/image\/"}}]}},"_links":{"self":[{"href":"https:\/\/www.marbella.gr\/de\/wp-json\/wp\/v2\/pages\/2275","targetHints":{"allow":["GET"]}}],"collection":[{"href":"https:\/\/www.marbella.gr\/de\/wp-json\/wp\/v2\/pages"}],"about":[{"href":"https:\/\/www.marbella.gr\/de\/wp-json\/wp\/v2\/types\/page"}],"author":[{"embeddable":true,"href":"https:\/\/www.marbella.gr\/de\/wp-json\/wp\/v2\/users\/11"}],"replies":[{"embeddable":true,"href":"https:\/\/www.marbella.gr\/de\/wp-json\/wp\/v2\/comments?post=2275"}],"version-history":[{"count":15,"href":"https:\/\/www.marbella.gr\/de\/wp-json\/wp\/v2\/pages\/2275\/revisions"}],"predecessor-version":[{"id":5800,"href":"https:\/\/www.marbella.gr\/de\/wp-json\/wp\/v2\/pages\/2275\/revisions\/5800"}],"up":[{"embeddable":true,"href":"https:\/\/www.marbella.gr\/de\/wp-json\/wp\/v2\/pages\/843"}],"wp:featuredmedia":[{"embeddable":true,"href":"https:\/\/www.marbella.gr\/de\/wp-json\/wp\/v2\/media\/3044"}],"wp:attachment":[{"href":"https:\/\/www.marbella.gr\/de\/wp-json\/wp\/v2\/media?parent=2275"}],"curies":[{"name":"wp","href":"https:\/\/api.w.org\/{rel}","templated":true}]}}