{"id":2276,"date":"2023-05-23T12:59:08","date_gmt":"2023-05-23T12:59:08","guid":{"rendered":"https:\/\/www.marbella.gr\/career-copy-copy\/"},"modified":"2024-01-19T16:55:19","modified_gmt":"2024-01-19T16:55:19","slug":"parga","status":"publish","type":"page","link":"https:\/\/www.marbella.gr\/de\/the-destinations\/parga\/","title":{"rendered":"Parga"},"content":{"rendered":"<p>Neben atemberaubenden Str\u00e4nden und kristallklarem Wasser beherbergt Epirus unz\u00e4hlige malerische D\u00f6rfer, wie z.B. die beeindruckenden Parga und Sivota. Es ist auch eine geschichtstr\u00e4chtige Region mit einigen erstaunlichen kulturellen St\u00e4tten, die Sie unbedingt besuchen sollten. Erkunden Sie diese auf einer unserer sorgf\u00e4ltig zusammengestellten Touren oder mieten Sie eine Privatyacht und entdecken Sie die wundersch\u00f6ne, von Kiefern ges\u00e4umte K\u00fcste.<\/p>","protected":false},"excerpt":{"rendered":"<p>In addition to stunning beaches and crystal-clear waters, Epirus is home to countless picturesque villages, such as stunning Parga and Sivota. It\u2019s also a region steeped in history with some amazing must-visit cultural sites. Explore them on one of our carefully curated tours or hire a private yacht and discover its beautiful pine-fringed coastline. [&#8230;]<\/p>\n<p><a class=\"btn btn-secondary understrap-read-more-link\" href=\"https:\/\/www.marbella.gr\/de\/the-destinations\/parga\/\">Read More&#8230;<span class=\"screen-reader-text\"> from Parga<\/span><\/a><\/p>\n","protected":false},"author":11,"featured_media":3048,"parent":843,"menu_order":0,"comment_status":"closed","ping_status":"closed","template":"","meta":{"_acf_changed":false,"footnotes":""},"class_list":["post-2276","page","type-page","status-publish","has-post-thumbnail","hentry"],"acf":[],"yoast_head":"<!-- This site is optimized with the Yoast SEO plugin v27.5 - https:\/\/yoast.com\/product\/yoast-seo-wordpress\/ -->\n<title>Discover Epirus: Parga and Sivota Unveiled | Mar-Bella Collection<\/title>\n<meta name=\"description\" content=\"Discover the enchanting region of Epirus in Greece, with its breathtaking destinations such as Parga and Sivota.\" \/>\n<meta name=\"robots\" content=\"index, follow, max-snippet:-1, max-image-preview:large, max-video-preview:-1\" \/>\n<link rel=\"canonical\" href=\"https:\/\/www.marbella.gr\/de\/the-destinations\/parga\/\" \/>\n<meta property=\"og:locale\" content=\"de_DE\" \/>\n<meta property=\"og:type\" content=\"article\" \/>\n<meta property=\"og:title\" content=\"Discover Epirus: Parga and Sivota Unveiled | Mar-Bella Collection\" \/>\n<meta property=\"og:description\" content=\"Discover the enchanting region of Epirus in Greece, with its breathtaking destinations such as Parga and Sivota.\" \/>\n<meta property=\"og:url\" content=\"https:\/\/www.marbella.gr\/de\/the-destinations\/parga\/\" \/>\n<meta property=\"og:site_name\" content=\"Mar-Bella Collection\" \/>\n<meta property=\"article:modified_time\" content=\"2024-01-19T16:55:19+00:00\" \/>\n<meta property=\"og:image\" content=\"https:\/\/www.marbella.gr\/app\/uploads\/2023\/06\/marbellaelix20-1990-scaled-e1605807191576.jpg\" \/>\n\t<meta property=\"og:image:width\" content=\"1920\" \/>\n\t<meta property=\"og:image:height\" content=\"1262\" \/>\n\t<meta property=\"og:image:type\" content=\"image\/jpeg\" \/>\n<meta name=\"twitter:card\" content=\"summary_large_image\" \/>\n<meta name=\"twitter:label1\" content=\"Gesch\u00e4tzte Lesezeit\" \/>\n\t<meta name=\"twitter:data1\" content=\"1\u00a0Minute\" \/>\n<!-- \/ Yoast SEO plugin. -->","yoast_head_json":{"title":"Epirus entdecken: Parga und Sivota enth\u00fcllt | Mar-Bella Collection","description":"Entdecken Sie die zauberhafte Region Epirus in Griechenland mit ihren atemberaubenden Reisezielen wie Parga und Sivota.","robots":{"index":"index","follow":"follow","max-snippet":"max-snippet:-1","max-image-preview":"max-image-preview:large","max-video-preview":"max-video-preview:-1"},"canonical":"https:\/\/www.marbella.gr\/de\/the-destinations\/parga\/","og_locale":"de_DE","og_type":"article","og_title":"Discover Epirus: Parga and Sivota Unveiled | Mar-Bella Collection","og_description":"Discover the enchanting region of Epirus in Greece, with its breathtaking destinations such as Parga and Sivota.","og_url":"https:\/\/www.marbella.gr\/de\/the-destinations\/parga\/","og_site_name":"Mar-Bella Collection","article_modified_time":"2024-01-19T16:55:19+00:00","og_image":[{"width":1920,"height":1262,"url":"https:\/\/www.marbella.gr\/app\/uploads\/2023\/06\/marbellaelix20-1990-scaled-e1605807191576.jpg","type":"image\/jpeg"}],"twitter_card":"summary_large_image","twitter_misc":{"Gesch\u00e4tzte Lesezeit":"1\u00a0Minute"},"schema":{"@context":"https:\/\/schema.org","@graph":[{"@type":"WebPage","@id":"https:\/\/www.marbella.gr\/the-destinations\/parga\/","url":"https:\/\/www.marbella.gr\/the-destinations\/parga\/","name":"Epirus entdecken: Parga und Sivota enth\u00fcllt | Mar-Bella Collection","isPartOf":{"@id":"https:\/\/www.marbella.gr\/#website"},"primaryImageOfPage":{"@id":"https:\/\/www.marbella.gr\/the-destinations\/parga\/#primaryimage"},"image":{"@id":"https:\/\/www.marbella.gr\/the-destinations\/parga\/#primaryimage"},"thumbnailUrl":"https:\/\/www.marbella.gr\/app\/uploads\/2023\/06\/marbellaelix20-1990-scaled-e1605807191576.jpg","datePublished":"2023-05-23T12:59:08+00:00","dateModified":"2024-01-19T16:55:19+00:00","description":"Entdecken Sie die zauberhafte Region Epirus in Griechenland mit ihren atemberaubenden Reisezielen wie Parga und Sivota.","breadcrumb":{"@id":"https:\/\/www.marbella.gr\/the-destinations\/parga\/#breadcrumb"},"inLanguage":"de","potentialAction":[{"@type":"ReadAction","target":["https:\/\/www.marbella.gr\/the-destinations\/parga\/"]}]},{"@type":"ImageObject","inLanguage":"de","@id":"https:\/\/www.marbella.gr\/the-destinations\/parga\/#primaryimage","url":"https:\/\/www.marbella.gr\/app\/uploads\/2023\/06\/marbellaelix20-1990-scaled-e1605807191576.jpg","contentUrl":"https:\/\/www.marbella.gr\/app\/uploads\/2023\/06\/marbellaelix20-1990-scaled-e1605807191576.jpg","width":1920,"height":1262,"caption":"Discover Mar-Bella Collection - 5 star hotels in Corfu, Parga Greece"},{"@type":"BreadcrumbList","@id":"https:\/\/www.marbella.gr\/the-destinations\/parga\/#breadcrumb","itemListElement":[{"@type":"ListItem","position":1,"name":"Home","item":"https:\/\/www.marbella.gr\/"},{"@type":"ListItem","position":2,"name":"The Destinations","item":"https:\/\/www.marbella.gr\/the-destinations\/"},{"@type":"ListItem","position":3,"name":"Parga"}]},{"@type":"WebSite","@id":"https:\/\/www.marbella.gr\/#website","url":"https:\/\/www.marbella.gr\/","name":"MarBella","description":"Eine Familie von Hotels, die Sie mit dem wundersch\u00f6nen Ionischen Meer verbindet","publisher":{"@id":"https:\/\/www.marbella.gr\/#organization"},"alternateName":"MarBella","potentialAction":[{"@type":"SearchAction","target":{"@type":"EntryPoint","urlTemplate":"https:\/\/www.marbella.gr\/?s={search_term_string}"},"query-input":{"@type":"PropertyValueSpecification","valueRequired":true,"valueName":"search_term_string"}}],"inLanguage":"de"},{"@type":"Organization","@id":"https:\/\/www.marbella.gr\/#organization","name":"MarBella","url":"https:\/\/www.marbella.gr\/","logo":{"@type":"ImageObject","inLanguage":"de","@id":"https:\/\/www.marbella.gr\/#\/schema\/logo\/image\/","url":"https:\/\/www.marbella.gr\/app\/uploads\/2023\/06\/Marbella-collection.png","contentUrl":"https:\/\/www.marbella.gr\/app\/uploads\/2023\/06\/Marbella-collection.png","width":230,"height":75,"caption":"MarBella"},"image":{"@id":"https:\/\/www.marbella.gr\/#\/schema\/logo\/image\/"}}]}},"_links":{"self":[{"href":"https:\/\/www.marbella.gr\/de\/wp-json\/wp\/v2\/pages\/2276","targetHints":{"allow":["GET"]}}],"collection":[{"href":"https:\/\/www.marbella.gr\/de\/wp-json\/wp\/v2\/pages"}],"about":[{"href":"https:\/\/www.marbella.gr\/de\/wp-json\/wp\/v2\/types\/page"}],"author":[{"embeddable":true,"href":"https:\/\/www.marbella.gr\/de\/wp-json\/wp\/v2\/users\/11"}],"replies":[{"embeddable":true,"href":"https:\/\/www.marbella.gr\/de\/wp-json\/wp\/v2\/comments?post=2276"}],"version-history":[{"count":16,"href":"https:\/\/www.marbella.gr\/de\/wp-json\/wp\/v2\/pages\/2276\/revisions"}],"predecessor-version":[{"id":5803,"href":"https:\/\/www.marbella.gr\/de\/wp-json\/wp\/v2\/pages\/2276\/revisions\/5803"}],"up":[{"embeddable":true,"href":"https:\/\/www.marbella.gr\/de\/wp-json\/wp\/v2\/pages\/843"}],"wp:featuredmedia":[{"embeddable":true,"href":"https:\/\/www.marbella.gr\/de\/wp-json\/wp\/v2\/media\/3048"}],"wp:attachment":[{"href":"https:\/\/www.marbella.gr\/de\/wp-json\/wp\/v2\/media?parent=2276"}],"curies":[{"name":"wp","href":"https:\/\/api.w.org\/{rel}","templated":true}]}}