{"id":2281,"date":"2023-05-23T13:08:13","date_gmt":"2023-05-23T13:08:13","guid":{"rendered":"https:\/\/www.marbella.gr\/we-care-protocol-copy\/"},"modified":"2026-04-16T16:19:44","modified_gmt":"2026-04-16T13:19:44","slug":"greek-chefs-abroad","status":"publish","type":"page","link":"https:\/\/www.marbella.gr\/de\/greek-chefs-abroad\/","title":{"rendered":"Griechische K\u00f6che im Ausland"},"content":{"rendered":"<p>Unser innovatives kulinarisches Festival, das 2021 ins Leben gerufen wurde, entwickelt sich nun schnell zu einer gastronomischen Tradition. Wir wissen, dass unsere G\u00e4ste die griechische K\u00fcche lieben und sch\u00e4tzen, und so war es immer unser Ziel, mit Greek Chefs Abroad das Beste zu feiern, was die griechische K\u00fcche zu bieten hat.<\/p>\n<p>Jedes Jahr bringen wir renommierte griechische K\u00f6che aus der ganzen Welt mit unseren hauseigenen K\u00fcchenteams zusammen, um einzigartige Men\u00fcs zu kreieren, die die griechischen Wurzeln und das gastronomische Erbe unserer Gastk\u00f6che mit den Geschm\u00e4ckern der L\u00e4nder verbinden, in denen sie derzeit leben. Das Ergebnis sind k\u00f6stliche Degustationsmen\u00fcs, gepaart mit den besten griechischen Weinen, die unsere G\u00e4ste genie\u00dfen k\u00f6nnen.<\/p>\n<p>Diesen Sommer kehrt das Festival der griechischen K\u00f6che im Ausland zu seiner <strong>sixth year<\/strong> on the stunning shores of the Ionian Sea, bringing you closer to an unforgettable journey through exquisite culinary experiences.<\/p>","protected":false},"excerpt":{"rendered":"<p>Our innovative culinary festival, which started in 2021, is now rapidly becoming a gastronomic tradition. We know our guests love and appreciate Greek food and so our aim with Greek Chefs Abroad has always been to celebrate the best that Greek cuisine has to offer. Each year, we bring acclaimed Greek chefs from around the [&#8230;]<\/p>\n<p><a class=\"btn btn-secondary understrap-read-more-link\" href=\"https:\/\/www.marbella.gr\/de\/greek-chefs-abroad\/\">Read More&#8230;<span class=\"screen-reader-text\"> from Greek Chefs Abroad<\/span><\/a><\/p>\n","protected":false},"author":11,"featured_media":0,"parent":0,"menu_order":0,"comment_status":"closed","ping_status":"closed","template":"","meta":{"_acf_changed":false,"footnotes":""},"class_list":["post-2281","page","type-page","status-publish","hentry"],"acf":[],"yoast_head":"<!-- This site is optimized with the Yoast SEO plugin v27.4 - https:\/\/yoast.com\/product\/yoast-seo-wordpress\/ -->\n<title>Greek Chefs Abroad Culinary Festival | Mar-Bella Collection<\/title>\n<meta name=\"description\" content=\"Our innovative culinary festival that started in 2021 is now rapidly becoming a gastronomic tradition. We know our guests love and appreciate Greek food and so our aim with Greek Chefs Abroad has always been to celebrate the best that Greek cuisine has to offer.\" \/>\n<meta name=\"robots\" content=\"index, follow, max-snippet:-1, max-image-preview:large, max-video-preview:-1\" \/>\n<link rel=\"canonical\" href=\"https:\/\/www.marbella.gr\/de\/greek-chefs-abroad\/\" \/>\n<meta property=\"og:locale\" content=\"de_DE\" \/>\n<meta property=\"og:type\" content=\"article\" \/>\n<meta property=\"og:title\" content=\"Greek Chefs Abroad Culinary Festival | Mar-Bella Collection\" \/>\n<meta property=\"og:description\" content=\"Our innovative culinary festival that started in 2021 is now rapidly becoming a gastronomic tradition. We know our guests love and appreciate Greek food and so our aim with Greek Chefs Abroad has always been to celebrate the best that Greek cuisine has to offer.\" \/>\n<meta property=\"og:url\" content=\"https:\/\/www.marbella.gr\/de\/greek-chefs-abroad\/\" \/>\n<meta property=\"og:site_name\" content=\"Mar-Bella Collection\" \/>\n<meta property=\"article:modified_time\" content=\"2026-04-16T13:19:44+00:00\" \/>\n<meta property=\"og:image\" content=\"https:\/\/www.marbella.gr\/app\/uploads\/2024\/05\/Elix_Water-Sports-2-scaled.jpg\" \/>\n\t<meta property=\"og:image:width\" content=\"2560\" \/>\n\t<meta property=\"og:image:height\" content=\"1705\" \/>\n\t<meta property=\"og:image:type\" content=\"image\/jpeg\" \/>\n<meta name=\"twitter:card\" content=\"summary_large_image\" \/>\n<meta name=\"twitter:label1\" content=\"Gesch\u00e4tzte Lesezeit\" \/>\n\t<meta name=\"twitter:data1\" content=\"1\u00a0Minute\" \/>\n<!-- \/ Yoast SEO plugin. -->","yoast_head_json":{"title":"Kulinarisches Festival der griechischen K\u00f6che im Ausland | Mar-Bella Collection","description":"Unser innovatives kulinarisches Festival, das 2021 ins Leben gerufen wurde, entwickelt sich nun schnell zu einer gastronomischen Tradition. Wir wissen, dass unsere G\u00e4ste die griechische K\u00fcche lieben und sch\u00e4tzen, und so war es immer unser Ziel, mit Greek Chefs Abroad das Beste zu feiern, was die griechische K\u00fcche zu bieten hat.","robots":{"index":"index","follow":"follow","max-snippet":"max-snippet:-1","max-image-preview":"max-image-preview:large","max-video-preview":"max-video-preview:-1"},"canonical":"https:\/\/www.marbella.gr\/de\/greek-chefs-abroad\/","og_locale":"de_DE","og_type":"article","og_title":"Greek Chefs Abroad Culinary Festival | Mar-Bella Collection","og_description":"Our innovative culinary festival that started in 2021 is now rapidly becoming a gastronomic tradition. We know our guests love and appreciate Greek food and so our aim with Greek Chefs Abroad has always been to celebrate the best that Greek cuisine has to offer.","og_url":"https:\/\/www.marbella.gr\/de\/greek-chefs-abroad\/","og_site_name":"Mar-Bella Collection","article_modified_time":"2026-04-16T13:19:44+00:00","og_image":[{"width":2560,"height":1705,"url":"https:\/\/www.marbella.gr\/app\/uploads\/2024\/05\/Elix_Water-Sports-2-scaled.jpg","type":"image\/jpeg"}],"twitter_card":"summary_large_image","twitter_misc":{"Gesch\u00e4tzte Lesezeit":"1\u00a0Minute"},"schema":{"@context":"https:\/\/schema.org","@graph":[{"@type":"WebPage","@id":"https:\/\/www.marbella.gr\/greek-chefs-abroad\/","url":"https:\/\/www.marbella.gr\/greek-chefs-abroad\/","name":"Kulinarisches Festival der griechischen K\u00f6che im Ausland | Mar-Bella Collection","isPartOf":{"@id":"https:\/\/www.marbella.gr\/#website"},"datePublished":"2023-05-23T13:08:13+00:00","dateModified":"2026-04-16T13:19:44+00:00","description":"Unser innovatives kulinarisches Festival, das 2021 ins Leben gerufen wurde, entwickelt sich nun schnell zu einer gastronomischen Tradition. Wir wissen, dass unsere G\u00e4ste die griechische K\u00fcche lieben und sch\u00e4tzen, und so war es immer unser Ziel, mit Greek Chefs Abroad das Beste zu feiern, was die griechische K\u00fcche zu bieten hat.","breadcrumb":{"@id":"https:\/\/www.marbella.gr\/greek-chefs-abroad\/#breadcrumb"},"inLanguage":"de","potentialAction":[{"@type":"ReadAction","target":["https:\/\/www.marbella.gr\/greek-chefs-abroad\/"]}]},{"@type":"BreadcrumbList","@id":"https:\/\/www.marbella.gr\/greek-chefs-abroad\/#breadcrumb","itemListElement":[{"@type":"ListItem","position":1,"name":"Home","item":"https:\/\/www.marbella.gr\/"},{"@type":"ListItem","position":2,"name":"Greek Chefs Abroad"}]},{"@type":"WebSite","@id":"https:\/\/www.marbella.gr\/#website","url":"https:\/\/www.marbella.gr\/","name":"MarBella","description":"Eine Familie von Hotels, die Sie mit dem wundersch\u00f6nen Ionischen Meer verbindet","publisher":{"@id":"https:\/\/www.marbella.gr\/#organization"},"alternateName":"MarBella","potentialAction":[{"@type":"SearchAction","target":{"@type":"EntryPoint","urlTemplate":"https:\/\/www.marbella.gr\/?s={search_term_string}"},"query-input":{"@type":"PropertyValueSpecification","valueRequired":true,"valueName":"search_term_string"}}],"inLanguage":"de"},{"@type":"Organization","@id":"https:\/\/www.marbella.gr\/#organization","name":"MarBella","url":"https:\/\/www.marbella.gr\/","logo":{"@type":"ImageObject","inLanguage":"de","@id":"https:\/\/www.marbella.gr\/#\/schema\/logo\/image\/","url":"https:\/\/www.marbella.gr\/app\/uploads\/2023\/06\/Marbella-collection.png","contentUrl":"https:\/\/www.marbella.gr\/app\/uploads\/2023\/06\/Marbella-collection.png","width":230,"height":75,"caption":"MarBella"},"image":{"@id":"https:\/\/www.marbella.gr\/#\/schema\/logo\/image\/"}}]}},"_links":{"self":[{"href":"https:\/\/www.marbella.gr\/de\/wp-json\/wp\/v2\/pages\/2281","targetHints":{"allow":["GET"]}}],"collection":[{"href":"https:\/\/www.marbella.gr\/de\/wp-json\/wp\/v2\/pages"}],"about":[{"href":"https:\/\/www.marbella.gr\/de\/wp-json\/wp\/v2\/types\/page"}],"author":[{"embeddable":true,"href":"https:\/\/www.marbella.gr\/de\/wp-json\/wp\/v2\/users\/11"}],"replies":[{"embeddable":true,"href":"https:\/\/www.marbella.gr\/de\/wp-json\/wp\/v2\/comments?post=2281"}],"version-history":[{"count":86,"href":"https:\/\/www.marbella.gr\/de\/wp-json\/wp\/v2\/pages\/2281\/revisions"}],"predecessor-version":[{"id":14582,"href":"https:\/\/www.marbella.gr\/de\/wp-json\/wp\/v2\/pages\/2281\/revisions\/14582"}],"wp:attachment":[{"href":"https:\/\/www.marbella.gr\/de\/wp-json\/wp\/v2\/media?parent=2281"}],"curies":[{"name":"wp","href":"https:\/\/api.w.org\/{rel}","templated":true}]}}