{"id":2283,"date":"2023-05-23T13:09:00","date_gmt":"2023-05-23T13:09:00","guid":{"rendered":"https:\/\/www.marbella.gr\/whats-on-copy\/"},"modified":"2026-02-04T12:12:16","modified_gmt":"2026-02-04T10:12:16","slug":"a-taste-of-five-continents","status":"publish","type":"page","link":"https:\/\/www.marbella.gr\/de\/greek-chefs-abroad\/a-taste-of-five-continents\/","title":{"rendered":"Ein Geschmack von f\u00fcnf Kontinenten"},"content":{"rendered":"<p>Nach dem Erfolg von Griechische K\u00f6che im Ausland I und Griechische K\u00f6che im Ausland II freuen wir uns, Griechische K\u00f6che im Ausland III - Ein Geschmack von f\u00fcnf Kontinenten zu pr\u00e4sentieren:<\/p>\n<p>London, Miami, Singapur, Melbourne und Dubai! Wir freuen uns, f\u00fcnf beliebte K\u00f6che aus der ganzen Welt f\u00fcr unsere dritte Ausgabe von Greek Chefs Abroad zusammenzubringen. Freuen Sie sich auf eine k\u00f6stliche Reise durch f\u00fcnf Kontinente, wenn unsere Gastk\u00f6che Men\u00fcs pr\u00e4sentieren, die von den Einfl\u00fcssen, Zutaten und Aromen ihrer Wahlheimat gepr\u00e4gt sind. Sie werden eng mit den talentierten Teams unserer eigenen Restaurants zusammenarbeiten, um Ihnen einen Sommer voller aufregender Pop-ups und anderer fabelhafter \u00dcberraschungen zu bieten. Lernen wir also die K\u00f6che kennen...<\/p>\n<p>Sehen Sie die H\u00f6hepunkte von Griechische K\u00f6che im Ausland III <a href=\"https:\/\/www.youtube.com\/watch?v=oFVz_As9dZ8&amp;t=1s\"><strong>hier<\/strong><\/a><\/p>","protected":false},"excerpt":{"rendered":"<p>Following the success of Greek Chefs Abroad I and Greek Chef Abroad II, we have the pleasure to present Greek Chefs Abroad III \u2013 A taste of five continents: London, Miami, Singapore, Melbourne and Dubai! We\u2019re excited to bring together five much-loved chefs from across the globe for our third edition of Greek Chefs Abroad. [&#8230;]<\/p>\n<p><a class=\"btn btn-secondary understrap-read-more-link\" href=\"https:\/\/www.marbella.gr\/de\/greek-chefs-abroad\/a-taste-of-five-continents\/\">Read More&#8230;<span class=\"screen-reader-text\"> from A taste of five continents<\/span><\/a><\/p>\n","protected":false},"author":11,"featured_media":0,"parent":2281,"menu_order":0,"comment_status":"closed","ping_status":"closed","template":"","meta":{"_acf_changed":false,"footnotes":""},"class_list":["post-2283","page","type-page","status-publish","hentry"],"acf":[],"yoast_head":"<!-- This site is optimized with the Yoast SEO plugin v27.4 - https:\/\/yoast.com\/product\/yoast-seo-wordpress\/ -->\n<title>Taste of 5 Continents Greek Chefs Abroad III | Mar-Bella Collection<\/title>\n<meta name=\"description\" content=\"Mar-Bella Collection celebrates talent and hosts gastronomy events that feature Greek chefs who have made it abroad, sharing their culinary identity, vol. III\" \/>\n<meta name=\"robots\" content=\"index, follow, max-snippet:-1, max-image-preview:large, max-video-preview:-1\" \/>\n<link rel=\"canonical\" href=\"https:\/\/www.marbella.gr\/de\/greek-chefs-abroad\/a-taste-of-five-continents\/\" \/>\n<meta property=\"og:locale\" content=\"de_DE\" \/>\n<meta property=\"og:type\" content=\"article\" \/>\n<meta property=\"og:title\" content=\"Taste of 5 Continents Greek Chefs Abroad III | Mar-Bella Collection\" \/>\n<meta property=\"og:description\" content=\"Mar-Bella Collection celebrates talent and hosts gastronomy events that feature Greek chefs who have made it abroad, sharing their culinary identity, vol. III\" \/>\n<meta property=\"og:url\" content=\"https:\/\/www.marbella.gr\/de\/greek-chefs-abroad\/a-taste-of-five-continents\/\" \/>\n<meta property=\"og:site_name\" content=\"Mar-Bella Collection\" \/>\n<meta property=\"article:modified_time\" content=\"2026-02-04T10:12:16+00:00\" \/>\n<meta property=\"og:image\" content=\"https:\/\/www.marbella.gr\/app\/uploads\/2024\/05\/Elix_Water-Sports-2-scaled.jpg\" \/>\n\t<meta property=\"og:image:width\" content=\"2560\" \/>\n\t<meta property=\"og:image:height\" content=\"1705\" \/>\n\t<meta property=\"og:image:type\" content=\"image\/jpeg\" \/>\n<meta name=\"twitter:card\" content=\"summary_large_image\" \/>\n<meta name=\"twitter:label1\" content=\"Gesch\u00e4tzte Lesezeit\" \/>\n\t<meta name=\"twitter:data1\" content=\"1\u00a0Minute\" \/>\n<!-- \/ Yoast SEO plugin. -->","yoast_head_json":{"title":"Geschmack der 5 Kontinente Griechische K\u00f6che im Ausland III | Mar-Bella Collection","description":"Mar-Bella Collection feiert Talente und veranstaltet gastronomische Events, bei denen griechische K\u00f6che, die es im Ausland geschafft haben, ihre kulinarische Identit\u00e4t vorstellen, Vol. III","robots":{"index":"index","follow":"follow","max-snippet":"max-snippet:-1","max-image-preview":"max-image-preview:large","max-video-preview":"max-video-preview:-1"},"canonical":"https:\/\/www.marbella.gr\/de\/greek-chefs-abroad\/a-taste-of-five-continents\/","og_locale":"de_DE","og_type":"article","og_title":"Taste of 5 Continents Greek Chefs Abroad III | Mar-Bella Collection","og_description":"Mar-Bella Collection celebrates talent and hosts gastronomy events that feature Greek chefs who have made it abroad, sharing their culinary identity, vol. III","og_url":"https:\/\/www.marbella.gr\/de\/greek-chefs-abroad\/a-taste-of-five-continents\/","og_site_name":"Mar-Bella Collection","article_modified_time":"2026-02-04T10:12:16+00:00","og_image":[{"width":2560,"height":1705,"url":"https:\/\/www.marbella.gr\/app\/uploads\/2024\/05\/Elix_Water-Sports-2-scaled.jpg","type":"image\/jpeg"}],"twitter_card":"summary_large_image","twitter_misc":{"Gesch\u00e4tzte Lesezeit":"1\u00a0Minute"},"schema":{"@context":"https:\/\/schema.org","@graph":[{"@type":"WebPage","@id":"https:\/\/www.marbella.gr\/greek-chefs-abroad\/a-taste-of-five-continents\/","url":"https:\/\/www.marbella.gr\/greek-chefs-abroad\/a-taste-of-five-continents\/","name":"Geschmack der 5 Kontinente Griechische K\u00f6che im Ausland III | Mar-Bella Collection","isPartOf":{"@id":"https:\/\/www.marbella.gr\/#website"},"datePublished":"2023-05-23T13:09:00+00:00","dateModified":"2026-02-04T10:12:16+00:00","description":"Mar-Bella Collection feiert Talente und veranstaltet gastronomische Events, bei denen griechische K\u00f6che, die es im Ausland geschafft haben, ihre kulinarische Identit\u00e4t vorstellen, Vol. III","breadcrumb":{"@id":"https:\/\/www.marbella.gr\/greek-chefs-abroad\/a-taste-of-five-continents\/#breadcrumb"},"inLanguage":"de","potentialAction":[{"@type":"ReadAction","target":["https:\/\/www.marbella.gr\/greek-chefs-abroad\/a-taste-of-five-continents\/"]}]},{"@type":"BreadcrumbList","@id":"https:\/\/www.marbella.gr\/greek-chefs-abroad\/a-taste-of-five-continents\/#breadcrumb","itemListElement":[{"@type":"ListItem","position":1,"name":"Home","item":"https:\/\/www.marbella.gr\/"},{"@type":"ListItem","position":2,"name":"Greek Chefs Abroad","item":"https:\/\/www.marbella.gr\/greek-chefs-abroad\/"},{"@type":"ListItem","position":3,"name":"A taste of five continents"}]},{"@type":"WebSite","@id":"https:\/\/www.marbella.gr\/#website","url":"https:\/\/www.marbella.gr\/","name":"MarBella","description":"Eine Familie von Hotels, die Sie mit dem wundersch\u00f6nen Ionischen Meer verbindet","publisher":{"@id":"https:\/\/www.marbella.gr\/#organization"},"alternateName":"MarBella","potentialAction":[{"@type":"SearchAction","target":{"@type":"EntryPoint","urlTemplate":"https:\/\/www.marbella.gr\/?s={search_term_string}"},"query-input":{"@type":"PropertyValueSpecification","valueRequired":true,"valueName":"search_term_string"}}],"inLanguage":"de"},{"@type":"Organization","@id":"https:\/\/www.marbella.gr\/#organization","name":"MarBella","url":"https:\/\/www.marbella.gr\/","logo":{"@type":"ImageObject","inLanguage":"de","@id":"https:\/\/www.marbella.gr\/#\/schema\/logo\/image\/","url":"https:\/\/www.marbella.gr\/app\/uploads\/2023\/06\/Marbella-collection.png","contentUrl":"https:\/\/www.marbella.gr\/app\/uploads\/2023\/06\/Marbella-collection.png","width":230,"height":75,"caption":"MarBella"},"image":{"@id":"https:\/\/www.marbella.gr\/#\/schema\/logo\/image\/"}}]}},"_links":{"self":[{"href":"https:\/\/www.marbella.gr\/de\/wp-json\/wp\/v2\/pages\/2283","targetHints":{"allow":["GET"]}}],"collection":[{"href":"https:\/\/www.marbella.gr\/de\/wp-json\/wp\/v2\/pages"}],"about":[{"href":"https:\/\/www.marbella.gr\/de\/wp-json\/wp\/v2\/types\/page"}],"author":[{"embeddable":true,"href":"https:\/\/www.marbella.gr\/de\/wp-json\/wp\/v2\/users\/11"}],"replies":[{"embeddable":true,"href":"https:\/\/www.marbella.gr\/de\/wp-json\/wp\/v2\/comments?post=2283"}],"version-history":[{"count":50,"href":"https:\/\/www.marbella.gr\/de\/wp-json\/wp\/v2\/pages\/2283\/revisions"}],"predecessor-version":[{"id":13564,"href":"https:\/\/www.marbella.gr\/de\/wp-json\/wp\/v2\/pages\/2283\/revisions\/13564"}],"up":[{"embeddable":true,"href":"https:\/\/www.marbella.gr\/de\/wp-json\/wp\/v2\/pages\/2281"}],"wp:attachment":[{"href":"https:\/\/www.marbella.gr\/de\/wp-json\/wp\/v2\/media?parent=2283"}],"curies":[{"name":"wp","href":"https:\/\/api.w.org\/{rel}","templated":true}]}}