{"id":2351,"date":"2023-05-25T11:24:18","date_gmt":"2023-05-25T11:24:18","guid":{"rendered":"https:\/\/www.marbella.gr\/?page_id=2351"},"modified":"2026-03-12T16:31:01","modified_gmt":"2026-03-12T14:31:01","slug":"our-story","status":"publish","type":"page","link":"https:\/\/www.marbella.gr\/de\/our-story\/","title":{"rendered":"Unsere Geschichte"},"content":{"rendered":"<p>Unsere Geschichte beginnt in den sp\u00e4ten 1960er Jahren, als Vassilis Dracopoulos Senior das Fischerdorf Benitses besucht und sich in die wundersch\u00f6ne Insel Korfu verliebt. An der \u00fcppigen K\u00fcste von Korfu sitzend, mit Blick auf das schillernde Ionische Meer, hatte Vassilis Dracopoulos Senior einen Traum - seine Liebe zur Insel mit Familie und Freunden zu teilen. Es ist eine Geschichte von Visionen, Herausforderungen und bedingungsloser Gastfreundschaft, die sich \u00fcber f\u00fcnf Jahrzehnte sp\u00e4ter immer noch entfaltet.<\/p>","protected":false},"excerpt":{"rendered":"<p>Our story begins in the late 1960\u2019s when Vassilis Dracopoulos senior visits the fishing village of Benitses and falls in love with the beautiful island of Corfu. Sitting on Corfu\u2019s lush shoreline, and overlooking the iridescent Ionian Sea, Vassilis Dracopoulos Senior had a dream \u2013 to share his love for the island with family and [&#8230;]<\/p>\n<p><a class=\"btn btn-secondary understrap-read-more-link\" href=\"https:\/\/www.marbella.gr\/de\/our-story\/\">Read More&#8230;<span class=\"screen-reader-text\"> from Our Story<\/span><\/a><\/p>\n","protected":false},"author":1,"featured_media":0,"parent":0,"menu_order":0,"comment_status":"closed","ping_status":"closed","template":"","meta":{"_acf_changed":false,"footnotes":""},"class_list":["post-2351","page","type-page","status-publish","hentry"],"acf":[],"yoast_head":"<!-- This site is optimized with the Yoast SEO plugin v27.4 - https:\/\/yoast.com\/product\/yoast-seo-wordpress\/ -->\n<title>The inspiring story of how MarBella came to be | Mar-Bella Collection<\/title>\n<meta name=\"description\" content=\"The story of Mar-Bella Collection is the inspiring vision of Vassilis Dracopoulos Senior come to life. It all began with a visit to Corfu in the 1960&#039;s...\" \/>\n<meta name=\"robots\" content=\"index, follow, max-snippet:-1, max-image-preview:large, max-video-preview:-1\" \/>\n<link rel=\"canonical\" href=\"https:\/\/www.marbella.gr\/de\/our-story\/\" \/>\n<meta property=\"og:locale\" content=\"de_DE\" \/>\n<meta property=\"og:type\" content=\"article\" \/>\n<meta property=\"og:title\" content=\"The inspiring story of how MarBella came to be | Mar-Bella Collection\" \/>\n<meta property=\"og:description\" content=\"The story of Mar-Bella Collection is the inspiring vision of Vassilis Dracopoulos Senior come to life. It all began with a visit to Corfu in the 1960&#039;s...\" \/>\n<meta property=\"og:url\" content=\"https:\/\/www.marbella.gr\/de\/our-story\/\" \/>\n<meta property=\"og:site_name\" content=\"Mar-Bella Collection\" \/>\n<meta property=\"article:modified_time\" content=\"2026-03-12T14:31:01+00:00\" \/>\n<meta property=\"og:image\" content=\"https:\/\/www.marbella.gr\/app\/uploads\/2024\/05\/Elix_Water-Sports-2-scaled.jpg\" \/>\n\t<meta property=\"og:image:width\" content=\"2560\" \/>\n\t<meta property=\"og:image:height\" content=\"1705\" \/>\n\t<meta property=\"og:image:type\" content=\"image\/jpeg\" \/>\n<meta name=\"twitter:card\" content=\"summary_large_image\" \/>\n<meta name=\"twitter:label1\" content=\"Gesch\u00e4tzte Lesezeit\" \/>\n\t<meta name=\"twitter:data1\" content=\"1\u00a0Minute\" \/>\n<!-- \/ Yoast SEO plugin. -->","yoast_head_json":{"title":"Die inspirierende Geschichte der Entstehung von MarBella | Mar-Bella Collection","description":"Die Geschichte von Mar-Bella Collection ist die inspirierende Vision von Vassilis Dracopoulos Senior, die zum Leben erweckt wurde. Alles begann mit einem Besuch auf Korfu in den 1960er Jahren...","robots":{"index":"index","follow":"follow","max-snippet":"max-snippet:-1","max-image-preview":"max-image-preview:large","max-video-preview":"max-video-preview:-1"},"canonical":"https:\/\/www.marbella.gr\/de\/our-story\/","og_locale":"de_DE","og_type":"article","og_title":"The inspiring story of how MarBella came to be | Mar-Bella Collection","og_description":"The story of Mar-Bella Collection is the inspiring vision of Vassilis Dracopoulos Senior come to life. It all began with a visit to Corfu in the 1960's...","og_url":"https:\/\/www.marbella.gr\/de\/our-story\/","og_site_name":"Mar-Bella Collection","article_modified_time":"2026-03-12T14:31:01+00:00","og_image":[{"width":2560,"height":1705,"url":"https:\/\/www.marbella.gr\/app\/uploads\/2024\/05\/Elix_Water-Sports-2-scaled.jpg","type":"image\/jpeg"}],"twitter_card":"summary_large_image","twitter_misc":{"Gesch\u00e4tzte Lesezeit":"1\u00a0Minute"},"schema":{"@context":"https:\/\/schema.org","@graph":[{"@type":"WebPage","@id":"https:\/\/www.marbella.gr\/our-story\/","url":"https:\/\/www.marbella.gr\/our-story\/","name":"Die inspirierende Geschichte der Entstehung von MarBella | Mar-Bella Collection","isPartOf":{"@id":"https:\/\/www.marbella.gr\/#website"},"datePublished":"2023-05-25T11:24:18+00:00","dateModified":"2026-03-12T14:31:01+00:00","description":"Die Geschichte von Mar-Bella Collection ist die inspirierende Vision von Vassilis Dracopoulos Senior, die zum Leben erweckt wurde. Alles begann mit einem Besuch auf Korfu in den 1960er Jahren...","breadcrumb":{"@id":"https:\/\/www.marbella.gr\/our-story\/#breadcrumb"},"inLanguage":"de","potentialAction":[{"@type":"ReadAction","target":["https:\/\/www.marbella.gr\/our-story\/"]}]},{"@type":"BreadcrumbList","@id":"https:\/\/www.marbella.gr\/our-story\/#breadcrumb","itemListElement":[{"@type":"ListItem","position":1,"name":"Home","item":"https:\/\/www.marbella.gr\/"},{"@type":"ListItem","position":2,"name":"Our Story"}]},{"@type":"WebSite","@id":"https:\/\/www.marbella.gr\/#website","url":"https:\/\/www.marbella.gr\/","name":"MarBella","description":"Eine Familie von Hotels, die Sie mit dem wundersch\u00f6nen Ionischen Meer verbindet","publisher":{"@id":"https:\/\/www.marbella.gr\/#organization"},"alternateName":"MarBella","potentialAction":[{"@type":"SearchAction","target":{"@type":"EntryPoint","urlTemplate":"https:\/\/www.marbella.gr\/?s={search_term_string}"},"query-input":{"@type":"PropertyValueSpecification","valueRequired":true,"valueName":"search_term_string"}}],"inLanguage":"de"},{"@type":"Organization","@id":"https:\/\/www.marbella.gr\/#organization","name":"MarBella","url":"https:\/\/www.marbella.gr\/","logo":{"@type":"ImageObject","inLanguage":"de","@id":"https:\/\/www.marbella.gr\/#\/schema\/logo\/image\/","url":"https:\/\/www.marbella.gr\/app\/uploads\/2023\/06\/Marbella-collection.png","contentUrl":"https:\/\/www.marbella.gr\/app\/uploads\/2023\/06\/Marbella-collection.png","width":230,"height":75,"caption":"MarBella"},"image":{"@id":"https:\/\/www.marbella.gr\/#\/schema\/logo\/image\/"}}]}},"_links":{"self":[{"href":"https:\/\/www.marbella.gr\/de\/wp-json\/wp\/v2\/pages\/2351","targetHints":{"allow":["GET"]}}],"collection":[{"href":"https:\/\/www.marbella.gr\/de\/wp-json\/wp\/v2\/pages"}],"about":[{"href":"https:\/\/www.marbella.gr\/de\/wp-json\/wp\/v2\/types\/page"}],"author":[{"embeddable":true,"href":"https:\/\/www.marbella.gr\/de\/wp-json\/wp\/v2\/users\/1"}],"replies":[{"embeddable":true,"href":"https:\/\/www.marbella.gr\/de\/wp-json\/wp\/v2\/comments?post=2351"}],"version-history":[{"count":31,"href":"https:\/\/www.marbella.gr\/de\/wp-json\/wp\/v2\/pages\/2351\/revisions"}],"predecessor-version":[{"id":14125,"href":"https:\/\/www.marbella.gr\/de\/wp-json\/wp\/v2\/pages\/2351\/revisions\/14125"}],"wp:attachment":[{"href":"https:\/\/www.marbella.gr\/de\/wp-json\/wp\/v2\/media?parent=2351"}],"curies":[{"name":"wp","href":"https:\/\/api.w.org\/{rel}","templated":true}]}}