{"id":2402,"date":"2023-05-28T07:32:20","date_gmt":"2023-05-28T07:32:20","guid":{"rendered":"https:\/\/www.marbella.gr\/hotels\/marbella-elix\/gastronomy\/dining-bars-copy\/"},"modified":"2023-06-26T09:21:11","modified_gmt":"2023-06-26T09:21:11","slug":"dining-bars","status":"publish","type":"page","link":"https:\/\/www.marbella.gr\/de\/hotels\/marbella-corfu\/whats-included\/dining-bars\/","title":{"rendered":"Essen &amp; Bars"},"content":{"rendered":"<p style=\"text-align: left;\">MarBella verspricht der ganzen Familie ein sensationelles kulinarisches Erlebnis. Vom lebensbejahenden Fr\u00fchst\u00fcck bis zum mediterranen Buffet gibt es so viel, dass auch der gr\u00f6\u00dfte Appetit gestillt wird. Entdecken Sie die authentische griechische, italienische, franz\u00f6sische und panasiatische K\u00fcche, zubereitet aus den besten Zutaten, den erlesensten Fleischsorten und Fisch und Meeresfr\u00fcchten direkt vom Kai. Erg\u00e4nzt wird das Ganze durch eine beeindruckende Wein- und Getr\u00e4nkekarte und den f\u00fcr uns typischen freundlichen Service. Dar\u00fcber hinaus werden w\u00e4hrend der Saison Weinproben und Kochkurse angeboten!<\/p>","protected":false},"excerpt":{"rendered":"<p>MarBella promises all the family a sensational culinary experience. From life-affirming breakfasts to Mediterranean buffets, there\u2019s so much to satisfy the biggest of appetites. Explore authentic Greek, Italian, French and Pan Asian cuisine prepared using the finest ingredients, the choicest cuts of meat, and fish and seafood straight off the quay. All complemented by an [&#8230;]<\/p>\n<p><a class=\"btn btn-secondary understrap-read-more-link\" href=\"https:\/\/www.marbella.gr\/de\/hotels\/marbella-corfu\/whats-included\/dining-bars\/\">Read More&#8230;<span class=\"screen-reader-text\"> from Dining &#038; Bars<\/span><\/a><\/p>\n","protected":false},"author":11,"featured_media":2855,"parent":2038,"menu_order":0,"comment_status":"closed","ping_status":"closed","template":"","meta":{"_acf_changed":false,"footnotes":""},"class_list":["post-2402","page","type-page","status-publish","has-post-thumbnail","hentry"],"acf":[],"yoast_head":"<!-- This site is optimized with the Yoast SEO plugin v27.2 - https:\/\/yoast.com\/product\/yoast-seo-wordpress\/ -->\n<title>Dining &amp; Bars - Mar-Bella Collection<\/title>\n<meta name=\"robots\" content=\"index, follow, max-snippet:-1, max-image-preview:large, max-video-preview:-1\" \/>\n<link rel=\"canonical\" href=\"https:\/\/www.marbella.gr\/de\/hotels\/marbella-corfu\/whats-included\/dining-bars\/\" \/>\n<meta property=\"og:locale\" content=\"de_DE\" \/>\n<meta property=\"og:type\" content=\"article\" \/>\n<meta property=\"og:title\" content=\"Dining &amp; Bars - Mar-Bella Collection\" \/>\n<meta property=\"og:description\" content=\"MarBella promises all the family a sensational culinary experience. From life-affirming breakfasts to Mediterranean buffets, there\u2019s so much to satisfy the biggest of appetites. Explore authentic Greek, Italian, French and Pan Asian cuisine prepared using the finest ingredients, the choicest cuts of meat, and fish and seafood straight off the quay. All complemented by an [...]Read More... from Dining &#038; Bars\" \/>\n<meta property=\"og:url\" content=\"https:\/\/www.marbella.gr\/de\/hotels\/marbella-corfu\/whats-included\/dining-bars\/\" \/>\n<meta property=\"og:site_name\" content=\"Mar-Bella Collection\" \/>\n<meta property=\"article:modified_time\" content=\"2023-06-26T09:21:11+00:00\" \/>\n<meta property=\"og:image\" content=\"https:\/\/marbella.server8.nelios.com\/app\/uploads\/2023\/05\/marbella22-0910-scaled-e1654700062600.jpg\" \/>\n\t<meta property=\"og:image:width\" content=\"1920\" \/>\n\t<meta property=\"og:image:height\" content=\"1281\" \/>\n\t<meta property=\"og:image:type\" content=\"image\/jpeg\" \/>\n<meta name=\"twitter:card\" content=\"summary_large_image\" \/>\n<!-- \/ Yoast SEO plugin. -->","yoast_head_json":{"title":"Essen &amp; Bars - Mar-Bella Kollektion","robots":{"index":"index","follow":"follow","max-snippet":"max-snippet:-1","max-image-preview":"max-image-preview:large","max-video-preview":"max-video-preview:-1"},"canonical":"https:\/\/www.marbella.gr\/de\/hotels\/marbella-corfu\/whats-included\/dining-bars\/","og_locale":"de_DE","og_type":"article","og_title":"Dining & Bars - Mar-Bella Collection","og_description":"MarBella promises all the family a sensational culinary experience. From life-affirming breakfasts to Mediterranean buffets, there\u2019s so much to satisfy the biggest of appetites. Explore authentic Greek, Italian, French and Pan Asian cuisine prepared using the finest ingredients, the choicest cuts of meat, and fish and seafood straight off the quay. All complemented by an [...]Read More... from Dining &#038; Bars","og_url":"https:\/\/www.marbella.gr\/de\/hotels\/marbella-corfu\/whats-included\/dining-bars\/","og_site_name":"Mar-Bella Collection","article_modified_time":"2023-06-26T09:21:11+00:00","og_image":[{"width":1920,"height":1281,"url":"https:\/\/marbella.server8.nelios.com\/app\/uploads\/2023\/05\/marbella22-0910-scaled-e1654700062600.jpg","type":"image\/jpeg"}],"twitter_card":"summary_large_image","schema":{"@context":"https:\/\/schema.org","@graph":[{"@type":"WebPage","@id":"https:\/\/www.marbella.gr\/hotels\/marbella-corfu\/whats-included\/dining-bars\/","url":"https:\/\/www.marbella.gr\/hotels\/marbella-corfu\/whats-included\/dining-bars\/","name":"Essen &amp; Bars - Mar-Bella Kollektion","isPartOf":{"@id":"https:\/\/www.marbella.gr\/#website"},"primaryImageOfPage":{"@id":"https:\/\/www.marbella.gr\/hotels\/marbella-corfu\/whats-included\/dining-bars\/#primaryimage"},"image":{"@id":"https:\/\/www.marbella.gr\/hotels\/marbella-corfu\/whats-included\/dining-bars\/#primaryimage"},"thumbnailUrl":"https:\/\/www.marbella.gr\/app\/uploads\/2023\/05\/marbella22-0910-scaled-e1654700062600.jpg","datePublished":"2023-05-28T07:32:20+00:00","dateModified":"2023-06-26T09:21:11+00:00","breadcrumb":{"@id":"https:\/\/www.marbella.gr\/hotels\/marbella-corfu\/whats-included\/dining-bars\/#breadcrumb"},"inLanguage":"de","potentialAction":[{"@type":"ReadAction","target":["https:\/\/www.marbella.gr\/hotels\/marbella-corfu\/whats-included\/dining-bars\/"]}]},{"@type":"ImageObject","inLanguage":"de","@id":"https:\/\/www.marbella.gr\/hotels\/marbella-corfu\/whats-included\/dining-bars\/#primaryimage","url":"https:\/\/www.marbella.gr\/app\/uploads\/2023\/05\/marbella22-0910-scaled-e1654700062600.jpg","contentUrl":"https:\/\/www.marbella.gr\/app\/uploads\/2023\/05\/marbella22-0910-scaled-e1654700062600.jpg","width":1920,"height":1281,"caption":"Discover Mar-Bella Collection - 5 star hotels in Corfu, Parga Greece"},{"@type":"BreadcrumbList","@id":"https:\/\/www.marbella.gr\/hotels\/marbella-corfu\/whats-included\/dining-bars\/#breadcrumb","itemListElement":[{"@type":"ListItem","position":1,"name":"Home","item":"https:\/\/www.marbella.gr\/"},{"@type":"ListItem","position":2,"name":"Hotels","item":"https:\/\/www.marbella.gr\/hotels\/"},{"@type":"ListItem","position":3,"name":"MarBella","item":"https:\/\/www.marbella.gr\/hotels\/marbella-corfu\/"},{"@type":"ListItem","position":4,"name":"What&#8217;s Included","item":"https:\/\/www.marbella.gr\/hotels\/marbella-corfu\/whats-included\/"},{"@type":"ListItem","position":5,"name":"Dining &#038; Bars"}]},{"@type":"WebSite","@id":"https:\/\/www.marbella.gr\/#website","url":"https:\/\/www.marbella.gr\/","name":"MarBella","description":"Eine Familie von Hotels, die Sie mit dem wundersch\u00f6nen Ionischen Meer verbindet","publisher":{"@id":"https:\/\/www.marbella.gr\/#organization"},"alternateName":"MarBella","potentialAction":[{"@type":"SearchAction","target":{"@type":"EntryPoint","urlTemplate":"https:\/\/www.marbella.gr\/?s={search_term_string}"},"query-input":{"@type":"PropertyValueSpecification","valueRequired":true,"valueName":"search_term_string"}}],"inLanguage":"de"},{"@type":"Organization","@id":"https:\/\/www.marbella.gr\/#organization","name":"MarBella","url":"https:\/\/www.marbella.gr\/","logo":{"@type":"ImageObject","inLanguage":"de","@id":"https:\/\/www.marbella.gr\/#\/schema\/logo\/image\/","url":"https:\/\/www.marbella.gr\/app\/uploads\/2023\/06\/Marbella-collection.png","contentUrl":"https:\/\/www.marbella.gr\/app\/uploads\/2023\/06\/Marbella-collection.png","width":230,"height":75,"caption":"MarBella"},"image":{"@id":"https:\/\/www.marbella.gr\/#\/schema\/logo\/image\/"}}]}},"_links":{"self":[{"href":"https:\/\/www.marbella.gr\/de\/wp-json\/wp\/v2\/pages\/2402","targetHints":{"allow":["GET"]}}],"collection":[{"href":"https:\/\/www.marbella.gr\/de\/wp-json\/wp\/v2\/pages"}],"about":[{"href":"https:\/\/www.marbella.gr\/de\/wp-json\/wp\/v2\/types\/page"}],"author":[{"embeddable":true,"href":"https:\/\/www.marbella.gr\/de\/wp-json\/wp\/v2\/users\/11"}],"replies":[{"embeddable":true,"href":"https:\/\/www.marbella.gr\/de\/wp-json\/wp\/v2\/comments?post=2402"}],"version-history":[{"count":16,"href":"https:\/\/www.marbella.gr\/de\/wp-json\/wp\/v2\/pages\/2402\/revisions"}],"predecessor-version":[{"id":5025,"href":"https:\/\/www.marbella.gr\/de\/wp-json\/wp\/v2\/pages\/2402\/revisions\/5025"}],"up":[{"embeddable":true,"href":"https:\/\/www.marbella.gr\/de\/wp-json\/wp\/v2\/pages\/2038"}],"wp:featuredmedia":[{"embeddable":true,"href":"https:\/\/www.marbella.gr\/de\/wp-json\/wp\/v2\/media\/2855"}],"wp:attachment":[{"href":"https:\/\/www.marbella.gr\/de\/wp-json\/wp\/v2\/media?parent=2402"}],"curies":[{"name":"wp","href":"https:\/\/api.w.org\/{rel}","templated":true}]}}