{"id":2420,"date":"2023-05-28T08:02:04","date_gmt":"2023-05-28T08:02:04","guid":{"rendered":"https:\/\/www.marbella.gr\/the-destinations\/exclusive-services-copy\/"},"modified":"2025-03-04T09:50:59","modified_gmt":"2025-03-04T09:50:59","slug":"unique-experiences","status":"publish","type":"page","link":"https:\/\/www.marbella.gr\/de\/exclusive-services\/unique-experiences\/","title":{"rendered":"Einzigartige Erlebnisse"},"content":{"rendered":"<p style=\"text-align: left;\"><strong>Karavostasi Strand\/Elix- Paxos<\/strong><\/p>\n<p style=\"text-align: left;\">Mar-Bella Collection Katamaran-Kreuzfahrten<\/p>\n<p style=\"text-align: left;\">Starten Sie stilecht in ein aufregendes Abenteuer, um unber\u00fchrte Verstecke zu entdecken - der perfekte Weg, um die beeindruckende Felsenk\u00fcste und die einzigartigen wei\u00dfen Sandstr\u00e4nde zu erkunden.<\/p>\n<p style=\"text-align: left;\"><strong>Paxos-Antipaxos-Blaue H\u00f6hlen<\/strong><\/p>\n<p style=\"text-align: left;\">Fahren Sie mit einem Motorboot zu den atemberaubenden Inseln und H\u00f6hlen<\/p>\n<p style=\"text-align: left;\">Entdecken Sie aquamarinblaues Meer und Kieselstr\u00e4nde, die man gesehen haben muss, um sie zu glauben! Paxos, die kleinste der Ionischen Inseln, ist ein seltenes Juwel - ges\u00e4umt von silbrigen Olivenhainen und sanften wei\u00dfen Kreidefelsen, die die ber\u00fchmten Blauen H\u00f6hlen beherbergen. Und schwimmen Sie im ber\u00fchmten t\u00fcrkisfarbenen Wasser von Antipaxos, dessen sandige Buchten mit blauem Wasser oft mit der Karibik verglichen werden.<\/p>\n<p style=\"text-align: left;\"><strong>Kreuzfahrt bei Sonnenuntergang nach Parga<\/strong><\/p>\n<p style=\"text-align: left;\">Der perfekte Abschluss eines Tages<\/p>\n<p style=\"text-align: left;\">Fahren Sie mit dem Boot ins sch\u00f6ne Parga, um den Sonnenuntergang im Ionischen Meer zu genie\u00dfen. Bummeln Sie am Pier, essen Sie in der Stadt zu Abend oder kehren Sie mit einem kostenlosen Glas Wein auf das Boot zur\u00fcck. Genie\u00dfen Sie die Sch\u00f6nheit der Stadt wie aus dem Bilderbuch mit ihren bunten H\u00e4usern, engen Gassen und einer lebhaften Promenade mit Ouzo-Bars und Caf\u00e9s. Die venezianische Burg, die die Stadt \u00fcberragt, ist der ideale Ort, um einen Drink zu genie\u00dfen und die unglaubliche Aussicht zu bewundern.<\/p>\n<p style=\"text-align: left;\"><strong>Kreuzfahrt bei Sonnenuntergang nach Sivota<\/strong><\/p>\n<p style=\"text-align: left;\">Ein denkw\u00fcrdiger Abend erwartet Sie<\/p>\n<p style=\"text-align: left;\">Beenden Sie den Tag mit einer Bootsfahrt nach Sivota und einem atemberaubenden Sonnenuntergang im Ionischen Meer. Schlendern Sie am Pier entlang und genie\u00dfen Sie ein Abendessen in einem der Restaurants am sch\u00f6nen Yachthafen oder kehren Sie auf das Boot auf ein Glas Wein mit unseren Empfehlungen zur\u00fcck.<\/p>","protected":false},"excerpt":{"rendered":"<p>Karavostasi beach\/Elix- Paxos Mar-Bella Collection Catamaran Cruises Take off in real style on an exciting adventure to discover unspoiled hideaways \u2013 the perfect way to explore the impressive rocky coastline and unique white sandy beaches. Paxos-Antipaxos-Blue caves Take off to the stunning islands and caves in a powerboat Explore aquamarine sea and pebble beaches that [&#8230;]<\/p>\n<p><a class=\"btn btn-secondary understrap-read-more-link\" href=\"https:\/\/www.marbella.gr\/de\/exclusive-services\/unique-experiences\/\">Read More&#8230;<span class=\"screen-reader-text\"> from Unique Experiences<\/span><\/a><\/p>\n","protected":false},"author":11,"featured_media":2773,"parent":2051,"menu_order":0,"comment_status":"closed","ping_status":"closed","template":"","meta":{"_acf_changed":false,"footnotes":""},"class_list":["post-2420","page","type-page","status-publish","has-post-thumbnail","hentry"],"acf":[],"yoast_head":"<!-- This site is optimized with the Yoast SEO plugin v27.5 - https:\/\/yoast.com\/product\/yoast-seo-wordpress\/ -->\n<title>Our Top featuring Unique Experiences | Mar-Bella Collection<\/title>\n<meta name=\"description\" content=\"MarBella Collection seeks to offer its guests unique experiences that unlock the full magic of Corfu island and Parga, for blissful seascape adventures\" \/>\n<meta name=\"robots\" content=\"index, follow, max-snippet:-1, max-image-preview:large, max-video-preview:-1\" \/>\n<link rel=\"canonical\" href=\"https:\/\/www.marbella.gr\/de\/exclusive-services\/unique-experiences\/\" \/>\n<meta property=\"og:locale\" content=\"de_DE\" \/>\n<meta property=\"og:type\" content=\"article\" \/>\n<meta property=\"og:title\" content=\"Our Top featuring Unique Experiences | Mar-Bella Collection\" \/>\n<meta property=\"og:description\" content=\"MarBella Collection seeks to offer its guests unique experiences that unlock the full magic of Corfu island and Parga, for blissful seascape adventures\" \/>\n<meta property=\"og:url\" content=\"https:\/\/www.marbella.gr\/de\/exclusive-services\/unique-experiences\/\" \/>\n<meta property=\"og:site_name\" content=\"Mar-Bella Collection\" \/>\n<meta property=\"article:modified_time\" content=\"2025-03-04T09:50:59+00:00\" \/>\n<meta property=\"og:image\" content=\"https:\/\/www.marbella.gr\/app\/uploads\/2023\/05\/nisi-gtx-55-16-1300x700-1.jpg\" \/>\n\t<meta property=\"og:image:width\" content=\"1300\" \/>\n\t<meta property=\"og:image:height\" content=\"700\" \/>\n\t<meta property=\"og:image:type\" content=\"image\/jpeg\" \/>\n<meta name=\"twitter:card\" content=\"summary_large_image\" \/>\n<meta name=\"twitter:label1\" content=\"Gesch\u00e4tzte Lesezeit\" \/>\n\t<meta name=\"twitter:data1\" content=\"2\u00a0Minuten\" \/>\n<!-- \/ Yoast SEO plugin. -->","yoast_head_json":{"title":"Unsere Top-Angebote mit einzigartigen Erlebnissen | Mar-Bella Collection","description":"Die MarBella Collection m\u00f6chte ihren G\u00e4sten einzigartige Erlebnisse bieten, die den ganzen Zauber der Insel Korfu und Parga entfesseln, f\u00fcr gl\u00fcckselige Abenteuer am Meer","robots":{"index":"index","follow":"follow","max-snippet":"max-snippet:-1","max-image-preview":"max-image-preview:large","max-video-preview":"max-video-preview:-1"},"canonical":"https:\/\/www.marbella.gr\/de\/exclusive-services\/unique-experiences\/","og_locale":"de_DE","og_type":"article","og_title":"Our Top featuring Unique Experiences | Mar-Bella Collection","og_description":"MarBella Collection seeks to offer its guests unique experiences that unlock the full magic of Corfu island and Parga, for blissful seascape adventures","og_url":"https:\/\/www.marbella.gr\/de\/exclusive-services\/unique-experiences\/","og_site_name":"Mar-Bella Collection","article_modified_time":"2025-03-04T09:50:59+00:00","og_image":[{"width":1300,"height":700,"url":"https:\/\/www.marbella.gr\/app\/uploads\/2023\/05\/nisi-gtx-55-16-1300x700-1.jpg","type":"image\/jpeg"}],"twitter_card":"summary_large_image","twitter_misc":{"Gesch\u00e4tzte Lesezeit":"2\u00a0Minuten"},"schema":{"@context":"https:\/\/schema.org","@graph":[{"@type":"WebPage","@id":"https:\/\/www.marbella.gr\/exclusive-services\/unique-experiences\/","url":"https:\/\/www.marbella.gr\/exclusive-services\/unique-experiences\/","name":"Unsere Top-Angebote mit einzigartigen Erlebnissen | Mar-Bella Collection","isPartOf":{"@id":"https:\/\/www.marbella.gr\/#website"},"primaryImageOfPage":{"@id":"https:\/\/www.marbella.gr\/exclusive-services\/unique-experiences\/#primaryimage"},"image":{"@id":"https:\/\/www.marbella.gr\/exclusive-services\/unique-experiences\/#primaryimage"},"thumbnailUrl":"https:\/\/www.marbella.gr\/app\/uploads\/2023\/05\/nisi-gtx-55-16-1300x700-1.jpg","datePublished":"2023-05-28T08:02:04+00:00","dateModified":"2025-03-04T09:50:59+00:00","description":"Die MarBella Collection m\u00f6chte ihren G\u00e4sten einzigartige Erlebnisse bieten, die den ganzen Zauber der Insel Korfu und Parga entfesseln, f\u00fcr gl\u00fcckselige Abenteuer am Meer","breadcrumb":{"@id":"https:\/\/www.marbella.gr\/exclusive-services\/unique-experiences\/#breadcrumb"},"inLanguage":"de","potentialAction":[{"@type":"ReadAction","target":["https:\/\/www.marbella.gr\/exclusive-services\/unique-experiences\/"]}]},{"@type":"ImageObject","inLanguage":"de","@id":"https:\/\/www.marbella.gr\/exclusive-services\/unique-experiences\/#primaryimage","url":"https:\/\/www.marbella.gr\/app\/uploads\/2023\/05\/nisi-gtx-55-16-1300x700-1.jpg","contentUrl":"https:\/\/www.marbella.gr\/app\/uploads\/2023\/05\/nisi-gtx-55-16-1300x700-1.jpg","width":1300,"height":700,"caption":"Discover Mar-Bella Collection - 5 star hotels in Corfu, Parga Greece"},{"@type":"BreadcrumbList","@id":"https:\/\/www.marbella.gr\/exclusive-services\/unique-experiences\/#breadcrumb","itemListElement":[{"@type":"ListItem","position":1,"name":"Home","item":"https:\/\/www.marbella.gr\/"},{"@type":"ListItem","position":2,"name":"Exclusive services","item":"https:\/\/www.marbella.gr\/exclusive-services\/"},{"@type":"ListItem","position":3,"name":"Unique Experiences"}]},{"@type":"WebSite","@id":"https:\/\/www.marbella.gr\/#website","url":"https:\/\/www.marbella.gr\/","name":"MarBella","description":"Eine Familie von Hotels, die Sie mit dem wundersch\u00f6nen Ionischen Meer verbindet","publisher":{"@id":"https:\/\/www.marbella.gr\/#organization"},"alternateName":"MarBella","potentialAction":[{"@type":"SearchAction","target":{"@type":"EntryPoint","urlTemplate":"https:\/\/www.marbella.gr\/?s={search_term_string}"},"query-input":{"@type":"PropertyValueSpecification","valueRequired":true,"valueName":"search_term_string"}}],"inLanguage":"de"},{"@type":"Organization","@id":"https:\/\/www.marbella.gr\/#organization","name":"MarBella","url":"https:\/\/www.marbella.gr\/","logo":{"@type":"ImageObject","inLanguage":"de","@id":"https:\/\/www.marbella.gr\/#\/schema\/logo\/image\/","url":"https:\/\/www.marbella.gr\/app\/uploads\/2023\/06\/Marbella-collection.png","contentUrl":"https:\/\/www.marbella.gr\/app\/uploads\/2023\/06\/Marbella-collection.png","width":230,"height":75,"caption":"MarBella"},"image":{"@id":"https:\/\/www.marbella.gr\/#\/schema\/logo\/image\/"}}]}},"_links":{"self":[{"href":"https:\/\/www.marbella.gr\/de\/wp-json\/wp\/v2\/pages\/2420","targetHints":{"allow":["GET"]}}],"collection":[{"href":"https:\/\/www.marbella.gr\/de\/wp-json\/wp\/v2\/pages"}],"about":[{"href":"https:\/\/www.marbella.gr\/de\/wp-json\/wp\/v2\/types\/page"}],"author":[{"embeddable":true,"href":"https:\/\/www.marbella.gr\/de\/wp-json\/wp\/v2\/users\/11"}],"replies":[{"embeddable":true,"href":"https:\/\/www.marbella.gr\/de\/wp-json\/wp\/v2\/comments?post=2420"}],"version-history":[{"count":21,"href":"https:\/\/www.marbella.gr\/de\/wp-json\/wp\/v2\/pages\/2420\/revisions"}],"predecessor-version":[{"id":9832,"href":"https:\/\/www.marbella.gr\/de\/wp-json\/wp\/v2\/pages\/2420\/revisions\/9832"}],"up":[{"embeddable":true,"href":"https:\/\/www.marbella.gr\/de\/wp-json\/wp\/v2\/pages\/2051"}],"wp:featuredmedia":[{"embeddable":true,"href":"https:\/\/www.marbella.gr\/de\/wp-json\/wp\/v2\/media\/2773"}],"wp:attachment":[{"href":"https:\/\/www.marbella.gr\/de\/wp-json\/wp\/v2\/media?parent=2420"}],"curies":[{"name":"wp","href":"https:\/\/api.w.org\/{rel}","templated":true}]}}