{"id":2422,"date":"2023-05-28T08:02:13","date_gmt":"2023-05-28T08:02:13","guid":{"rendered":"https:\/\/www.marbella.gr\/the-destinations\/exclusive-services-copy-copy-copy\/"},"modified":"2025-01-27T14:25:40","modified_gmt":"2025-01-27T14:25:40","slug":"private-sea-transfer","status":"publish","type":"page","link":"https:\/\/www.marbella.gr\/de\/exclusive-services\/private-sea-transfer\/","title":{"rendered":"Sea the Difference - Exklusive Transferdienste auf dem Wasser"},"content":{"rendered":"<p>Lassen Sie die Hektik der Stra\u00dfen hinter sich und reisen Sie mit echtem Stil. Ein luxuri\u00f6ser Wassertransfer ist eine aufregende Art, sich fortzubewegen und auf bequeme, schnelle und unterhaltsame Weise an Ihr Ziel zu kommen.<\/p>\n<p>Ob Sie sich f\u00fcr einen privaten Seetransfer entscheiden, um Exklusivit\u00e4t und pers\u00f6nlichen Service zu genie\u00dfen, oder f\u00fcr einen Seetransfer in einer kleinen Gruppe, der eine geselligere und bequemere Option darstellt, beide bieten eine schnelle, bequeme und angenehme M\u00f6glichkeit, Ihr Ziel zu erreichen.<\/p>\n<p>Seetransfers bieten au\u00dferdem die einmalige Gelegenheit, die atemberaubende Sch\u00f6nheit der ionischen K\u00fcste zu bewundern, was Ihre Reise ebenso unvergesslich macht wie das Reiseziel selbst.<\/p>","protected":false},"excerpt":{"rendered":"<p>Leave the hustle of the roads behind and travel in real style. Luxury water transfer is an exciting way to get around and get to your destination in a comfortable, fast and fun way. Whether you choose a private sea transfer for exclusivity and personalized service or a small group sea transfer as a more [&#8230;]<\/p>\n<p><a class=\"btn btn-secondary understrap-read-more-link\" href=\"https:\/\/www.marbella.gr\/de\/exclusive-services\/private-sea-transfer\/\">Read More&#8230;<span class=\"screen-reader-text\"> from Sea the Difference &#8211; Exclusive transfer services by the water<\/span><\/a><\/p>\n","protected":false},"author":11,"featured_media":2782,"parent":2051,"menu_order":0,"comment_status":"closed","ping_status":"closed","template":"","meta":{"_acf_changed":false,"footnotes":""},"class_list":["post-2422","page","type-page","status-publish","has-post-thumbnail","hentry"],"acf":[],"yoast_head":"<!-- This site is optimized with the Yoast SEO plugin v27.5 - https:\/\/yoast.com\/product\/yoast-seo-wordpress\/ -->\n<title>Luxury Sea Transfers by Mar-Bella Collection<\/title>\n<meta name=\"description\" content=\"Escape the ordinary with a luxury sea transfer. Experience style, speed, and comfort as you glide along the stunning Ionian coast.\" \/>\n<meta name=\"robots\" content=\"index, follow, max-snippet:-1, max-image-preview:large, max-video-preview:-1\" \/>\n<link rel=\"canonical\" href=\"https:\/\/www.marbella.gr\/de\/exclusive-services\/private-sea-transfer\/\" \/>\n<meta property=\"og:locale\" content=\"de_DE\" \/>\n<meta property=\"og:type\" content=\"article\" \/>\n<meta property=\"og:title\" content=\"Luxury Sea Transfers by Mar-Bella Collection\" \/>\n<meta property=\"og:description\" content=\"Escape the ordinary with a luxury sea transfer. Experience style, speed, and comfort as you glide along the stunning Ionian coast.\" \/>\n<meta property=\"og:url\" content=\"https:\/\/www.marbella.gr\/de\/exclusive-services\/private-sea-transfer\/\" \/>\n<meta property=\"og:site_name\" content=\"Mar-Bella Collection\" \/>\n<meta property=\"article:modified_time\" content=\"2025-01-27T14:25:40+00:00\" \/>\n<meta property=\"og:image\" content=\"https:\/\/www.marbella.gr\/app\/uploads\/2023\/05\/marbella19-3367-1300x700-1.jpg\" \/>\n\t<meta property=\"og:image:width\" content=\"1300\" \/>\n\t<meta property=\"og:image:height\" content=\"700\" \/>\n\t<meta property=\"og:image:type\" content=\"image\/jpeg\" \/>\n<meta name=\"twitter:card\" content=\"summary_large_image\" \/>\n<meta name=\"twitter:label1\" content=\"Gesch\u00e4tzte Lesezeit\" \/>\n\t<meta name=\"twitter:data1\" content=\"1\u00a0Minute\" \/>\n<!-- \/ Yoast SEO plugin. -->","yoast_head_json":{"title":"Luxuri\u00f6se Seetransfers von Mar-Bella Collection","description":"Entfliehen Sie dem Alltag mit einem luxuri\u00f6sen Seetransfer. Erleben Sie Stil, Geschwindigkeit und Komfort, w\u00e4hrend Sie entlang der atemberaubenden ionischen K\u00fcste gleiten.","robots":{"index":"index","follow":"follow","max-snippet":"max-snippet:-1","max-image-preview":"max-image-preview:large","max-video-preview":"max-video-preview:-1"},"canonical":"https:\/\/www.marbella.gr\/de\/exclusive-services\/private-sea-transfer\/","og_locale":"de_DE","og_type":"article","og_title":"Luxury Sea Transfers by Mar-Bella Collection","og_description":"Escape the ordinary with a luxury sea transfer. Experience style, speed, and comfort as you glide along the stunning Ionian coast.","og_url":"https:\/\/www.marbella.gr\/de\/exclusive-services\/private-sea-transfer\/","og_site_name":"Mar-Bella Collection","article_modified_time":"2025-01-27T14:25:40+00:00","og_image":[{"width":1300,"height":700,"url":"https:\/\/www.marbella.gr\/app\/uploads\/2023\/05\/marbella19-3367-1300x700-1.jpg","type":"image\/jpeg"}],"twitter_card":"summary_large_image","twitter_misc":{"Gesch\u00e4tzte Lesezeit":"1\u00a0Minute"},"schema":{"@context":"https:\/\/schema.org","@graph":[{"@type":"WebPage","@id":"https:\/\/www.marbella.gr\/exclusive-services\/private-sea-transfer\/","url":"https:\/\/www.marbella.gr\/exclusive-services\/private-sea-transfer\/","name":"Luxuri\u00f6se Seetransfers von Mar-Bella Collection","isPartOf":{"@id":"https:\/\/www.marbella.gr\/#website"},"primaryImageOfPage":{"@id":"https:\/\/www.marbella.gr\/exclusive-services\/private-sea-transfer\/#primaryimage"},"image":{"@id":"https:\/\/www.marbella.gr\/exclusive-services\/private-sea-transfer\/#primaryimage"},"thumbnailUrl":"https:\/\/www.marbella.gr\/app\/uploads\/2023\/05\/marbella19-3367-1300x700-1.jpg","datePublished":"2023-05-28T08:02:13+00:00","dateModified":"2025-01-27T14:25:40+00:00","description":"Entfliehen Sie dem Alltag mit einem luxuri\u00f6sen Seetransfer. Erleben Sie Stil, Geschwindigkeit und Komfort, w\u00e4hrend Sie entlang der atemberaubenden ionischen K\u00fcste gleiten.","breadcrumb":{"@id":"https:\/\/www.marbella.gr\/exclusive-services\/private-sea-transfer\/#breadcrumb"},"inLanguage":"de","potentialAction":[{"@type":"ReadAction","target":["https:\/\/www.marbella.gr\/exclusive-services\/private-sea-transfer\/"]}]},{"@type":"ImageObject","inLanguage":"de","@id":"https:\/\/www.marbella.gr\/exclusive-services\/private-sea-transfer\/#primaryimage","url":"https:\/\/www.marbella.gr\/app\/uploads\/2023\/05\/marbella19-3367-1300x700-1.jpg","contentUrl":"https:\/\/www.marbella.gr\/app\/uploads\/2023\/05\/marbella19-3367-1300x700-1.jpg","width":1300,"height":700,"caption":"Discover Mar-Bella Collection - 5 star hotels in Corfu, Parga Greece"},{"@type":"BreadcrumbList","@id":"https:\/\/www.marbella.gr\/exclusive-services\/private-sea-transfer\/#breadcrumb","itemListElement":[{"@type":"ListItem","position":1,"name":"Home","item":"https:\/\/www.marbella.gr\/"},{"@type":"ListItem","position":2,"name":"Exclusive services","item":"https:\/\/www.marbella.gr\/exclusive-services\/"},{"@type":"ListItem","position":3,"name":"Sea the Difference &#8211; Exclusive transfer services by the water"}]},{"@type":"WebSite","@id":"https:\/\/www.marbella.gr\/#website","url":"https:\/\/www.marbella.gr\/","name":"MarBella","description":"Eine Familie von Hotels, die Sie mit dem wundersch\u00f6nen Ionischen Meer verbindet","publisher":{"@id":"https:\/\/www.marbella.gr\/#organization"},"alternateName":"MarBella","potentialAction":[{"@type":"SearchAction","target":{"@type":"EntryPoint","urlTemplate":"https:\/\/www.marbella.gr\/?s={search_term_string}"},"query-input":{"@type":"PropertyValueSpecification","valueRequired":true,"valueName":"search_term_string"}}],"inLanguage":"de"},{"@type":"Organization","@id":"https:\/\/www.marbella.gr\/#organization","name":"MarBella","url":"https:\/\/www.marbella.gr\/","logo":{"@type":"ImageObject","inLanguage":"de","@id":"https:\/\/www.marbella.gr\/#\/schema\/logo\/image\/","url":"https:\/\/www.marbella.gr\/app\/uploads\/2023\/06\/Marbella-collection.png","contentUrl":"https:\/\/www.marbella.gr\/app\/uploads\/2023\/06\/Marbella-collection.png","width":230,"height":75,"caption":"MarBella"},"image":{"@id":"https:\/\/www.marbella.gr\/#\/schema\/logo\/image\/"}}]}},"_links":{"self":[{"href":"https:\/\/www.marbella.gr\/de\/wp-json\/wp\/v2\/pages\/2422","targetHints":{"allow":["GET"]}}],"collection":[{"href":"https:\/\/www.marbella.gr\/de\/wp-json\/wp\/v2\/pages"}],"about":[{"href":"https:\/\/www.marbella.gr\/de\/wp-json\/wp\/v2\/types\/page"}],"author":[{"embeddable":true,"href":"https:\/\/www.marbella.gr\/de\/wp-json\/wp\/v2\/users\/11"}],"replies":[{"embeddable":true,"href":"https:\/\/www.marbella.gr\/de\/wp-json\/wp\/v2\/comments?post=2422"}],"version-history":[{"count":13,"href":"https:\/\/www.marbella.gr\/de\/wp-json\/wp\/v2\/pages\/2422\/revisions"}],"predecessor-version":[{"id":9302,"href":"https:\/\/www.marbella.gr\/de\/wp-json\/wp\/v2\/pages\/2422\/revisions\/9302"}],"up":[{"embeddable":true,"href":"https:\/\/www.marbella.gr\/de\/wp-json\/wp\/v2\/pages\/2051"}],"wp:featuredmedia":[{"embeddable":true,"href":"https:\/\/www.marbella.gr\/de\/wp-json\/wp\/v2\/media\/2782"}],"wp:attachment":[{"href":"https:\/\/www.marbella.gr\/de\/wp-json\/wp\/v2\/media?parent=2422"}],"curies":[{"name":"wp","href":"https:\/\/api.w.org\/{rel}","templated":true}]}}