{"id":2423,"date":"2023-05-28T08:02:17","date_gmt":"2023-05-28T08:02:17","guid":{"rendered":"https:\/\/www.marbella.gr\/the-destinations\/exclusive-services-copy-copy-copy-copy\/"},"modified":"2025-01-27T14:20:07","modified_gmt":"2025-01-27T14:20:07","slug":"private-excursions","status":"publish","type":"page","link":"https:\/\/www.marbella.gr\/de\/exclusive-services\/private-excursions\/","title":{"rendered":"Private Ausfl\u00fcge"},"content":{"rendered":"<h3 style=\"text-align: left;\">Von MarBella &amp; Nido<\/h3>\n<p style=\"text-align: left;\"><strong>Erkunden Sie die Insel Korfu mit unseren privaten Ausfl\u00fcgen.<\/strong><\/p>\n<p style=\"text-align: left;\">Beginnen Sie mit einer landschaftlich reizvollen Fahrt zur wundersch\u00f6nen Bucht von Paleokastritsa - dem Capri Griechenlands - und besuchen Sie das byzantinische Kloster der Jungfrau Maria und sein kleines Museum, das eine einzigartige Sammlung byzantinischer Ikonen beherbergt. Erfrischen Sie sich bei einem kurzen Bad im kristallblauen Wasser, bevor Sie zum malerischen Dorf Lakones weiterfahren, das hoch an den Bergh\u00e4ngen liegt und einen Panoramablick \u00fcber die Bucht bietet.<\/p>\n<p style=\"text-align: left;\">Auf der Weiterfahrt erkunden Sie den byzantinischen Charme des alten Perithia, das im 14. Jahrhundert erbaut wurde und 400 m hoch an der Nordflanke des Berges Pantokrator liegt. Die Fahrt f\u00fchrt Sie entlang der nord\u00f6stlichen K\u00fcstenstra\u00dfe, nur 2 Seemeilen von der gegen\u00fcberliegenden albanischen K\u00fcste entfernt, durch die sch\u00f6nen D\u00f6rfer und K\u00fcstenorte, bevor Sie rechtzeitig zum Abendessen zur\u00fcck sind.<\/p>\n<p style=\"text-align: left;\"><strong>Historische St\u00e4tten und Denkm\u00e4ler von Korfu<\/strong><\/p>\n<p style=\"text-align: left;\">Fahren Sie an der K\u00fcste entlang zum Arch\u00e4ologischen Museum von Korfu, das seit 1967 in einem zweist\u00f6ckigen modernen Geb\u00e4ude in der sch\u00f6nen Gegend von Garitsa untergebracht ist. Es beherbergt Altert\u00fcmer aus der antiken Stadt Korfu und dem Rest der Insel.<\/p>\n<p style=\"text-align: left;\">Anschlie\u00dfend geht es in die Altstadt von Korfu-Stadt, wo Sie zun\u00e4chst die alte venezianische Festung besichtigen, die zum UNESCO-Weltkulturerbe geh\u00f6rt, bevor Sie das Labyrinth der engen, gepflasterten Gassen (Kandounia) und einige der charmantesten Teile dieser von den Venezianern erbauten Stadt erkunden.<\/p>\n<p style=\"text-align: left;\">Genie\u00dfen Sie das alte Cricket-Gel\u00e4nde, das die Briten hinterlassen haben, den imposanten K\u00f6nigspalast St. George &amp; St. Michael und die Liston Piazza - bevor Sie ins Herz der Altstadt fahren, um die 300 Jahre alte Kirche ''Saint Spiridon'', den alten Flohmarkt, das alte Rathaus und das gesch\u00e4ftige Einkaufsviertel zu besichtigen.<\/p>\n<p style=\"text-align: left;\">Bevor Sie nach Hause zur\u00fcckkehren, sollten Sie Kanoni besuchen, um die herrliche Aussicht auf das Kloster Vlacherna zu genie\u00dfen, und die malerische Mausinsel besuchen, um den Nervenkitzel der startenden und landenden Flugzeuge auf dem nahe gelegenen Flughafen zu erleben.<\/p>\n<p style=\"text-align: left;\"><strong>Korfu H\u00f6hepunkte<\/strong><\/p>\n<p style=\"text-align: left;\">Kanoni liegt etwa 3 km von Korfu-Stadt entfernt und war einst die Hauptstadt und das Herz von Korfu, reich an Natur, Geschichte und Kultur. Der Name Kanoni (Kanon) leitet sich von den Kanonen ab, die die Stadt am Eingang der Lagune sch\u00fctzten. Heute ist Kanoni ein Stadtteil von Korfu-Stadt, von dem aus man einen unglaublichen Blick auf zwei der beliebtesten Orte Korfus hat: die wei\u00df get\u00fcnchte Kirche von Vlacherna und das Wahrzeichen von Korfu, die Mausinsel!<\/p>\n<p style=\"text-align: left;\">\u00dcber einen Damm mit Kanoni verbunden, liegt die sch\u00f6ne Kirche von Vlacherna aus dem 17. Jahrhundert, die nur einmal im Jahr, am 6. August, f\u00fcr Besucher ge\u00f6ffnet ist, wenn eine religi\u00f6se Feier stattfindet. Von diesem Damm aus fahren regelm\u00e4\u00dfig kleine Boote zur Mausinsel. Die M\u00e4useinsel ist eine winzige Insel mit sch\u00f6nen gr\u00fcnen Baumb\u00fcscheln, auf der sich die winzige Pantokrator-Kirche aus dem 13. Jahrhundert befindet. Die Legende besagt, dass diese kleine Insel entstand, als das Schiff, das Odysseus nach Ithaka, seinem Heimathafen, zur\u00fcckbrachte, von Poseidon, dem Gott des Meeres, aus Wut \u00fcber die Verweigerung der Ph\u00e4aken in Stein verwandelt wurde.<\/p>\n<p style=\"text-align: left;\"><strong>Golfclub Korfu<\/strong><\/p>\n<p style=\"text-align: left;\">Der Corfu Golf Club wird oft als nat\u00fcrliche Oase in der Mitte von Korfu bezeichnet und ist ein \u00d6kosystem f\u00fcr sich, das von verschiedenen Teilen der Insel aus bequem zu erreichen ist. Er wurde 1969 von dem ber\u00fchmten Golfarchitekten Donald Harradine entworfen, der die nat\u00fcrlichen Ressourcen des Ropa-Tals mit den von Menschenhand geschaffenen Wasserhindernissen kombinierte. Der ausgereifte 18-Loch-Platz, der f\u00fcr alle Kategorien von Golfspielern geeignet ist, schlie\u00dft den Fluss ein, aus dem Odysseus der Sage nach von der Prinzessin Nafsika gerettet wurde, und endet am Strand von Ermones, der weniger als 1 km entfernt ist. Die gro\u00dfen und interessanten Gr\u00fcns, die von B\u00e4umen ges\u00e4umten Fairways und die Bunker in Kombination mit den Seen bilden einen einzigartigen Golfplatz f\u00fcr Profis und Amateure vor einer Kulisse aus H\u00fcgeln und Bergen.<\/p>\n<p style=\"text-align: left;\"><strong>Privater Olivenhain<\/strong><\/p>\n<p style=\"text-align: left;\">Wenn Sie sich w\u00e4hrend Ihres Urlaubs auf Korfu etwas Besonderes g\u00f6nnen m\u00f6chten, bieten wir Ihnen eine private Oliven\u00f6lverkostung und -besichtigung mit anschlie\u00dfendem k\u00f6stlichen Essen an (gegen Aufpreis). Probieren und lernen Sie alles \u00fcber Oliven\u00f6l und werden Sie selbst zum Oliven\u00f6lexperten.<\/p>\n<p style=\"text-align: left;\"><b>Safari<\/b><\/p>\n<p style=\"text-align: left;\">Erkunden Sie den nordwestlichen Teil von Korfu mit Panoramablick auf einer Premium-Safari-Tour f\u00fcr bis zu 6 Personen pro Fahrzeug! Entdecken und genie\u00dfen Sie die reizvollsten Orte Korfus von oben und erfahren Sie alles \u00fcber die lokale Geschichte und Lebensweise. Dieser Ausflug ist ideal f\u00fcr alle, die ein au\u00dfergew\u00f6hnliches Erlebnis suchen.<\/p>","protected":false},"excerpt":{"rendered":"<p>From MarBella &amp; Nido Explore Corfu island with our private excursions. Begin with a scenic drive to the beautiful bay of Paleokastritsa \u2013 the Capri of Greece \u2013 to visit the Byzantine Monastery of the Virgin and its small museum, housing a unique collection of Byzantine icons. Revitalize with a quick swim in the crystal [&#8230;]<\/p>\n<p><a class=\"btn btn-secondary understrap-read-more-link\" href=\"https:\/\/www.marbella.gr\/de\/exclusive-services\/private-excursions\/\">Read More&#8230;<span class=\"screen-reader-text\"> from Private excursions<\/span><\/a><\/p>\n","protected":false},"author":11,"featured_media":2776,"parent":2051,"menu_order":0,"comment_status":"closed","ping_status":"closed","template":"","meta":{"_acf_changed":false,"footnotes":""},"class_list":["post-2423","page","type-page","status-publish","has-post-thumbnail","hentry"],"acf":[],"yoast_head":"<!-- This site is optimized with the Yoast SEO plugin v27.4 - https:\/\/yoast.com\/product\/yoast-seo-wordpress\/ -->\n<title>Discover Our Top Private Excursions in Corfu | Mar-Bella Collection<\/title>\n<meta name=\"description\" content=\"Mar-Bella Collection provides guests with a variety of private excursions on Corfu Island, featuring top landmarks, thrilling adventures, and indulgent experiences.\" \/>\n<meta name=\"robots\" content=\"index, follow, max-snippet:-1, max-image-preview:large, max-video-preview:-1\" \/>\n<link rel=\"canonical\" href=\"https:\/\/www.marbella.gr\/de\/exclusive-services\/private-excursions\/\" \/>\n<meta property=\"og:locale\" content=\"de_DE\" \/>\n<meta property=\"og:type\" content=\"article\" \/>\n<meta property=\"og:title\" content=\"Discover Our Top Private Excursions in Corfu | Mar-Bella Collection\" \/>\n<meta property=\"og:description\" content=\"Mar-Bella Collection provides guests with a variety of private excursions on Corfu Island, featuring top landmarks, thrilling adventures, and indulgent experiences.\" \/>\n<meta property=\"og:url\" content=\"https:\/\/www.marbella.gr\/de\/exclusive-services\/private-excursions\/\" \/>\n<meta property=\"og:site_name\" content=\"Mar-Bella Collection\" \/>\n<meta property=\"article:modified_time\" content=\"2025-01-27T14:20:07+00:00\" \/>\n<meta property=\"og:image\" content=\"https:\/\/www.marbella.gr\/app\/uploads\/2023\/05\/shutterstock_1321808537.png\" \/>\n\t<meta property=\"og:image:width\" content=\"800\" \/>\n\t<meta property=\"og:image:height\" content=\"600\" \/>\n\t<meta property=\"og:image:type\" content=\"image\/png\" \/>\n<meta name=\"twitter:card\" content=\"summary_large_image\" \/>\n<meta name=\"twitter:label1\" content=\"Gesch\u00e4tzte Lesezeit\" \/>\n\t<meta name=\"twitter:data1\" content=\"4\u00a0Minuten\" \/>\n<!-- \/ Yoast SEO plugin. -->","yoast_head_json":{"title":"Entdecken Sie unsere Top-Privatausfl\u00fcge in Korfu | Mar-Bella Collection","description":"Die Mar-Bella Collection bietet ihren G\u00e4sten eine Vielzahl von privaten Ausfl\u00fcgen auf der Insel Korfu an, die zu den wichtigsten Sehensw\u00fcrdigkeiten, spannenden Abenteuern und verw\u00f6hnenden Erlebnissen f\u00fchren.","robots":{"index":"index","follow":"follow","max-snippet":"max-snippet:-1","max-image-preview":"max-image-preview:large","max-video-preview":"max-video-preview:-1"},"canonical":"https:\/\/www.marbella.gr\/de\/exclusive-services\/private-excursions\/","og_locale":"de_DE","og_type":"article","og_title":"Discover Our Top Private Excursions in Corfu | Mar-Bella Collection","og_description":"Mar-Bella Collection provides guests with a variety of private excursions on Corfu Island, featuring top landmarks, thrilling adventures, and indulgent experiences.","og_url":"https:\/\/www.marbella.gr\/de\/exclusive-services\/private-excursions\/","og_site_name":"Mar-Bella Collection","article_modified_time":"2025-01-27T14:20:07+00:00","og_image":[{"width":800,"height":600,"url":"https:\/\/www.marbella.gr\/app\/uploads\/2023\/05\/shutterstock_1321808537.png","type":"image\/png"}],"twitter_card":"summary_large_image","twitter_misc":{"Gesch\u00e4tzte Lesezeit":"4\u00a0Minuten"},"schema":{"@context":"https:\/\/schema.org","@graph":[{"@type":"WebPage","@id":"https:\/\/www.marbella.gr\/exclusive-services\/private-excursions\/","url":"https:\/\/www.marbella.gr\/exclusive-services\/private-excursions\/","name":"Entdecken Sie unsere Top-Privatausfl\u00fcge in Korfu | Mar-Bella Collection","isPartOf":{"@id":"https:\/\/www.marbella.gr\/#website"},"primaryImageOfPage":{"@id":"https:\/\/www.marbella.gr\/exclusive-services\/private-excursions\/#primaryimage"},"image":{"@id":"https:\/\/www.marbella.gr\/exclusive-services\/private-excursions\/#primaryimage"},"thumbnailUrl":"https:\/\/www.marbella.gr\/app\/uploads\/2023\/05\/shutterstock_1321808537.png","datePublished":"2023-05-28T08:02:17+00:00","dateModified":"2025-01-27T14:20:07+00:00","description":"Die Mar-Bella Collection bietet ihren G\u00e4sten eine Vielzahl von privaten Ausfl\u00fcgen auf der Insel Korfu an, die zu den wichtigsten Sehensw\u00fcrdigkeiten, spannenden Abenteuern und verw\u00f6hnenden Erlebnissen f\u00fchren.","breadcrumb":{"@id":"https:\/\/www.marbella.gr\/exclusive-services\/private-excursions\/#breadcrumb"},"inLanguage":"de","potentialAction":[{"@type":"ReadAction","target":["https:\/\/www.marbella.gr\/exclusive-services\/private-excursions\/"]}]},{"@type":"ImageObject","inLanguage":"de","@id":"https:\/\/www.marbella.gr\/exclusive-services\/private-excursions\/#primaryimage","url":"https:\/\/www.marbella.gr\/app\/uploads\/2023\/05\/shutterstock_1321808537.png","contentUrl":"https:\/\/www.marbella.gr\/app\/uploads\/2023\/05\/shutterstock_1321808537.png","width":800,"height":600,"caption":"Discover Mar-Bella Collection - 5 star hotels in Corfu, Parga Greece"},{"@type":"BreadcrumbList","@id":"https:\/\/www.marbella.gr\/exclusive-services\/private-excursions\/#breadcrumb","itemListElement":[{"@type":"ListItem","position":1,"name":"Home","item":"https:\/\/www.marbella.gr\/"},{"@type":"ListItem","position":2,"name":"Exclusive services","item":"https:\/\/www.marbella.gr\/exclusive-services\/"},{"@type":"ListItem","position":3,"name":"Private excursions"}]},{"@type":"WebSite","@id":"https:\/\/www.marbella.gr\/#website","url":"https:\/\/www.marbella.gr\/","name":"MarBella","description":"Eine Familie von Hotels, die Sie mit dem wundersch\u00f6nen Ionischen Meer verbindet","publisher":{"@id":"https:\/\/www.marbella.gr\/#organization"},"alternateName":"MarBella","potentialAction":[{"@type":"SearchAction","target":{"@type":"EntryPoint","urlTemplate":"https:\/\/www.marbella.gr\/?s={search_term_string}"},"query-input":{"@type":"PropertyValueSpecification","valueRequired":true,"valueName":"search_term_string"}}],"inLanguage":"de"},{"@type":"Organization","@id":"https:\/\/www.marbella.gr\/#organization","name":"MarBella","url":"https:\/\/www.marbella.gr\/","logo":{"@type":"ImageObject","inLanguage":"de","@id":"https:\/\/www.marbella.gr\/#\/schema\/logo\/image\/","url":"https:\/\/www.marbella.gr\/app\/uploads\/2023\/06\/Marbella-collection.png","contentUrl":"https:\/\/www.marbella.gr\/app\/uploads\/2023\/06\/Marbella-collection.png","width":230,"height":75,"caption":"MarBella"},"image":{"@id":"https:\/\/www.marbella.gr\/#\/schema\/logo\/image\/"}}]}},"_links":{"self":[{"href":"https:\/\/www.marbella.gr\/de\/wp-json\/wp\/v2\/pages\/2423","targetHints":{"allow":["GET"]}}],"collection":[{"href":"https:\/\/www.marbella.gr\/de\/wp-json\/wp\/v2\/pages"}],"about":[{"href":"https:\/\/www.marbella.gr\/de\/wp-json\/wp\/v2\/types\/page"}],"author":[{"embeddable":true,"href":"https:\/\/www.marbella.gr\/de\/wp-json\/wp\/v2\/users\/11"}],"replies":[{"embeddable":true,"href":"https:\/\/www.marbella.gr\/de\/wp-json\/wp\/v2\/comments?post=2423"}],"version-history":[{"count":27,"href":"https:\/\/www.marbella.gr\/de\/wp-json\/wp\/v2\/pages\/2423\/revisions"}],"predecessor-version":[{"id":9301,"href":"https:\/\/www.marbella.gr\/de\/wp-json\/wp\/v2\/pages\/2423\/revisions\/9301"}],"up":[{"embeddable":true,"href":"https:\/\/www.marbella.gr\/de\/wp-json\/wp\/v2\/pages\/2051"}],"wp:featuredmedia":[{"embeddable":true,"href":"https:\/\/www.marbella.gr\/de\/wp-json\/wp\/v2\/media\/2776"}],"wp:attachment":[{"href":"https:\/\/www.marbella.gr\/de\/wp-json\/wp\/v2\/media?parent=2423"}],"curies":[{"name":"wp","href":"https:\/\/api.w.org\/{rel}","templated":true}]}}