{"id":2454,"date":"2023-05-28T09:34:38","date_gmt":"2023-05-28T09:34:38","guid":{"rendered":"https:\/\/www.marbella.gr\/hotels\/marbella-nido\/experiences\/pools-beach-copy\/"},"modified":"2024-07-03T14:12:44","modified_gmt":"2024-07-03T14:12:44","slug":"pools","status":"publish","type":"page","link":"https:\/\/www.marbella.gr\/de\/hotels\/marbella-nido\/experiences\/pool-beach\/pools\/","title":{"rendered":"Pools"},"content":{"rendered":"<p>K\u00fchlen Sie sich in unserem Hotel auf Korfu nur f\u00fcr Erwachsene mit Pool in unserem gro\u00dfen S\u00fc\u00dfwasser-Infinity-Pool ab und genie\u00dfen Sie Ihr Mittagessen im Aquavit inmitten einer ruhigen Umgebung und genie\u00dfen Sie Ihr Mittagessen im Aquavit inmitten einer ruhigen Umgebung. Alles, was Sie brauchen, ist vorhanden - Liegen, Sonnenschirme, frische Handt\u00fccher und erfrischende Getr\u00e4nke und Snacks, die an den Pool geliefert werden.<\/p>","protected":false},"excerpt":{"rendered":"<p>Cool off at our Corfu adults-only hotel with pool in our large freshwater infinity pool, and savor lunch at Aquavit amidst serene surroundings and savor lunch at Aquavit amidst serene surroundings. Everything you want is to hand \u2013 loungers, umbrellas, fresh towels and refreshing drinks and snacks delivered to you poolside. [&#8230;]<\/p>\n<p><a class=\"btn btn-secondary understrap-read-more-link\" href=\"https:\/\/www.marbella.gr\/de\/hotels\/marbella-nido\/experiences\/pool-beach\/pools\/\">Read More&#8230;<span class=\"screen-reader-text\"> from Pools<\/span><\/a><\/p>\n","protected":false},"author":11,"featured_media":2851,"parent":2121,"menu_order":0,"comment_status":"closed","ping_status":"closed","template":"","meta":{"_acf_changed":false,"footnotes":""},"class_list":["post-2454","page","type-page","status-publish","has-post-thumbnail","hentry"],"acf":[],"yoast_head":"<!-- This site is optimized with the Yoast SEO plugin v27.5 - https:\/\/yoast.com\/product\/yoast-seo-wordpress\/ -->\n<title>Corfu Adults Only-Hotel with Pool | Relax at Nido, Mar-Bella Collection<\/title>\n<meta name=\"description\" content=\"Enjoy a refreshing dip in the large freshwater infinity pool at our Corfu adults-only hotel with pool, and indulge in lunch at Aquavit surrounded by serene beauty.\" \/>\n<meta name=\"robots\" content=\"index, follow, max-snippet:-1, max-image-preview:large, max-video-preview:-1\" \/>\n<link rel=\"canonical\" href=\"https:\/\/www.marbella.gr\/de\/hotels\/marbella-nido\/experiences\/pool-beach\/pools\/\" \/>\n<meta property=\"og:locale\" content=\"de_DE\" \/>\n<meta property=\"og:type\" content=\"article\" \/>\n<meta property=\"og:title\" content=\"Corfu Adults Only-Hotel with Pool | Relax at Nido, Mar-Bella Collection\" \/>\n<meta property=\"og:description\" content=\"Enjoy a refreshing dip in the large freshwater infinity pool at our Corfu adults-only hotel with pool, and indulge in lunch at Aquavit surrounded by serene beauty.\" \/>\n<meta property=\"og:url\" content=\"https:\/\/www.marbella.gr\/de\/hotels\/marbella-nido\/experiences\/pool-beach\/pools\/\" \/>\n<meta property=\"og:site_name\" content=\"Mar-Bella Collection\" \/>\n<meta property=\"article:modified_time\" content=\"2024-07-03T14:12:44+00:00\" \/>\n<meta property=\"og:image\" content=\"https:\/\/www.marbella.gr\/app\/uploads\/2023\/05\/main-pool-landscape_resized-1300x700-2.jpg\" \/>\n\t<meta property=\"og:image:width\" content=\"1300\" \/>\n\t<meta property=\"og:image:height\" content=\"700\" \/>\n\t<meta property=\"og:image:type\" content=\"image\/jpeg\" \/>\n<meta name=\"twitter:card\" content=\"summary_large_image\" \/>\n<meta name=\"twitter:label1\" content=\"Gesch\u00e4tzte Lesezeit\" \/>\n\t<meta name=\"twitter:data1\" content=\"1\u00a0Minute\" \/>\n<!-- \/ Yoast SEO plugin. -->","yoast_head_json":{"title":"Korfu Adults Only-Hotel mit Pool | Relax at Nido, Mar-Bella Collection","description":"Genie\u00dfen Sie ein erfrischendes Bad im gro\u00dfen S\u00fc\u00dfwasser-Infinity-Pool in unserem Hotel mit Pool auf Korfu, das nur f\u00fcr Erwachsene ge\u00f6ffnet ist, und lassen Sie sich bei einem Mittagessen im Aquavit von ruhiger Sch\u00f6nheit umgeben.","robots":{"index":"index","follow":"follow","max-snippet":"max-snippet:-1","max-image-preview":"max-image-preview:large","max-video-preview":"max-video-preview:-1"},"canonical":"https:\/\/www.marbella.gr\/de\/hotels\/marbella-nido\/experiences\/pool-beach\/pools\/","og_locale":"de_DE","og_type":"article","og_title":"Corfu Adults Only-Hotel with Pool | Relax at Nido, Mar-Bella Collection","og_description":"Enjoy a refreshing dip in the large freshwater infinity pool at our Corfu adults-only hotel with pool, and indulge in lunch at Aquavit surrounded by serene beauty.","og_url":"https:\/\/www.marbella.gr\/de\/hotels\/marbella-nido\/experiences\/pool-beach\/pools\/","og_site_name":"Mar-Bella Collection","article_modified_time":"2024-07-03T14:12:44+00:00","og_image":[{"width":1300,"height":700,"url":"https:\/\/www.marbella.gr\/app\/uploads\/2023\/05\/main-pool-landscape_resized-1300x700-2.jpg","type":"image\/jpeg"}],"twitter_card":"summary_large_image","twitter_misc":{"Gesch\u00e4tzte Lesezeit":"1\u00a0Minute"},"schema":{"@context":"https:\/\/schema.org","@graph":[{"@type":"WebPage","@id":"https:\/\/www.marbella.gr\/hotels\/marbella-nido\/experiences\/pool-beach\/pools\/","url":"https:\/\/www.marbella.gr\/hotels\/marbella-nido\/experiences\/pool-beach\/pools\/","name":"Korfu Adults Only-Hotel mit Pool | Relax at Nido, Mar-Bella Collection","isPartOf":{"@id":"https:\/\/www.marbella.gr\/#website"},"primaryImageOfPage":{"@id":"https:\/\/www.marbella.gr\/hotels\/marbella-nido\/experiences\/pool-beach\/pools\/#primaryimage"},"image":{"@id":"https:\/\/www.marbella.gr\/hotels\/marbella-nido\/experiences\/pool-beach\/pools\/#primaryimage"},"thumbnailUrl":"https:\/\/www.marbella.gr\/app\/uploads\/2023\/05\/main-pool-landscape_resized-1300x700-2.jpg","datePublished":"2023-05-28T09:34:38+00:00","dateModified":"2024-07-03T14:12:44+00:00","description":"Genie\u00dfen Sie ein erfrischendes Bad im gro\u00dfen S\u00fc\u00dfwasser-Infinity-Pool in unserem Hotel mit Pool auf Korfu, das nur f\u00fcr Erwachsene ge\u00f6ffnet ist, und lassen Sie sich bei einem Mittagessen im Aquavit von ruhiger Sch\u00f6nheit umgeben.","breadcrumb":{"@id":"https:\/\/www.marbella.gr\/hotels\/marbella-nido\/experiences\/pool-beach\/pools\/#breadcrumb"},"inLanguage":"de","potentialAction":[{"@type":"ReadAction","target":["https:\/\/www.marbella.gr\/hotels\/marbella-nido\/experiences\/pool-beach\/pools\/"]}]},{"@type":"ImageObject","inLanguage":"de","@id":"https:\/\/www.marbella.gr\/hotels\/marbella-nido\/experiences\/pool-beach\/pools\/#primaryimage","url":"https:\/\/www.marbella.gr\/app\/uploads\/2023\/05\/main-pool-landscape_resized-1300x700-2.jpg","contentUrl":"https:\/\/www.marbella.gr\/app\/uploads\/2023\/05\/main-pool-landscape_resized-1300x700-2.jpg","width":1300,"height":700,"caption":"Discover Mar-Bella Collection - 5 star hotels in Corfu, Parga Greece"},{"@type":"BreadcrumbList","@id":"https:\/\/www.marbella.gr\/hotels\/marbella-nido\/experiences\/pool-beach\/pools\/#breadcrumb","itemListElement":[{"@type":"ListItem","position":1,"name":"Home","item":"https:\/\/www.marbella.gr\/"},{"@type":"ListItem","position":2,"name":"Hotels","item":"https:\/\/www.marbella.gr\/hotels\/"},{"@type":"ListItem","position":3,"name":"Nido","item":"https:\/\/www.marbella.gr\/hotels\/marbella-nido\/"},{"@type":"ListItem","position":4,"name":"Experiences","item":"https:\/\/www.marbella.gr\/hotels\/marbella-nido\/experiences\/"},{"@type":"ListItem","position":5,"name":"Pool &#038; Beach","item":"https:\/\/www.marbella.gr\/hotels\/marbella-nido\/experiences\/pool-beach\/"},{"@type":"ListItem","position":6,"name":"Pools"}]},{"@type":"WebSite","@id":"https:\/\/www.marbella.gr\/#website","url":"https:\/\/www.marbella.gr\/","name":"MarBella","description":"Eine Familie von Hotels, die Sie mit dem wundersch\u00f6nen Ionischen Meer verbindet","publisher":{"@id":"https:\/\/www.marbella.gr\/#organization"},"alternateName":"MarBella","potentialAction":[{"@type":"SearchAction","target":{"@type":"EntryPoint","urlTemplate":"https:\/\/www.marbella.gr\/?s={search_term_string}"},"query-input":{"@type":"PropertyValueSpecification","valueRequired":true,"valueName":"search_term_string"}}],"inLanguage":"de"},{"@type":"Organization","@id":"https:\/\/www.marbella.gr\/#organization","name":"MarBella","url":"https:\/\/www.marbella.gr\/","logo":{"@type":"ImageObject","inLanguage":"de","@id":"https:\/\/www.marbella.gr\/#\/schema\/logo\/image\/","url":"https:\/\/www.marbella.gr\/app\/uploads\/2023\/06\/Marbella-collection.png","contentUrl":"https:\/\/www.marbella.gr\/app\/uploads\/2023\/06\/Marbella-collection.png","width":230,"height":75,"caption":"MarBella"},"image":{"@id":"https:\/\/www.marbella.gr\/#\/schema\/logo\/image\/"}}]}},"_links":{"self":[{"href":"https:\/\/www.marbella.gr\/de\/wp-json\/wp\/v2\/pages\/2454","targetHints":{"allow":["GET"]}}],"collection":[{"href":"https:\/\/www.marbella.gr\/de\/wp-json\/wp\/v2\/pages"}],"about":[{"href":"https:\/\/www.marbella.gr\/de\/wp-json\/wp\/v2\/types\/page"}],"author":[{"embeddable":true,"href":"https:\/\/www.marbella.gr\/de\/wp-json\/wp\/v2\/users\/11"}],"replies":[{"embeddable":true,"href":"https:\/\/www.marbella.gr\/de\/wp-json\/wp\/v2\/comments?post=2454"}],"version-history":[{"count":7,"href":"https:\/\/www.marbella.gr\/de\/wp-json\/wp\/v2\/pages\/2454\/revisions"}],"predecessor-version":[{"id":7674,"href":"https:\/\/www.marbella.gr\/de\/wp-json\/wp\/v2\/pages\/2454\/revisions\/7674"}],"up":[{"embeddable":true,"href":"https:\/\/www.marbella.gr\/de\/wp-json\/wp\/v2\/pages\/2121"}],"wp:featuredmedia":[{"embeddable":true,"href":"https:\/\/www.marbella.gr\/de\/wp-json\/wp\/v2\/media\/2851"}],"wp:attachment":[{"href":"https:\/\/www.marbella.gr\/de\/wp-json\/wp\/v2\/media?parent=2454"}],"curies":[{"name":"wp","href":"https:\/\/api.w.org\/{rel}","templated":true}]}}