{"id":2455,"date":"2023-05-28T09:34:47","date_gmt":"2023-05-28T09:34:47","guid":{"rendered":"https:\/\/www.marbella.gr\/hotels\/marbella-nido\/experiences\/pools-beach-copy-copy\/"},"modified":"2024-07-03T13:48:28","modified_gmt":"2024-07-03T13:48:28","slug":"beaches","status":"publish","type":"page","link":"https:\/\/www.marbella.gr\/de\/hotels\/marbella-nido\/experiences\/pool-beach\/beaches\/","title":{"rendered":"Str\u00e4nde"},"content":{"rendered":"<p>Genie\u00dfen Sie die Sonne am breiten, einladenden Strand von Nido, wo Sie Liegest\u00fchle, Sonnenschirme und stets frische Handt\u00fccher vorfinden. Unser mit der blauen Flagge ausgezeichneter Strand vor unserem Strandhotel f\u00fcr Erwachsene auf Korfu bietet Ihnen kristallklares Meer und Kajakfahren, Windsurfen und Paddelboarding, wann immer Sie etwas aktiver sein m\u00f6chten.<\/p>","protected":false},"excerpt":{"rendered":"<p>Soak up the sun on Nido\u2019s wide, inviting beach where you\u2019ll find sunbeds, umbrellas and a constant supply of fresh towels. Our blue-flagged beach in front of our Corfu adults-only beach hotel offers you crystal clear sea with kayaking, windsurfing and paddle boarding all available whenever you want to be a little more active. [&#8230;]<\/p>\n<p><a class=\"btn btn-secondary understrap-read-more-link\" href=\"https:\/\/www.marbella.gr\/de\/hotels\/marbella-nido\/experiences\/pool-beach\/beaches\/\">Read More&#8230;<span class=\"screen-reader-text\"> from Beaches<\/span><\/a><\/p>\n","protected":false},"author":11,"featured_media":2849,"parent":2121,"menu_order":0,"comment_status":"closed","ping_status":"closed","template":"","meta":{"_acf_changed":false,"footnotes":""},"class_list":["post-2455","page","type-page","status-publish","has-post-thumbnail","hentry"],"acf":[],"yoast_head":"<!-- This site is optimized with the Yoast SEO plugin v27.4 - https:\/\/yoast.com\/product\/yoast-seo-wordpress\/ -->\n<title>Unwind on Corfu&#039;s Shores: Adults-Only Beach Hotel | Nido, Mar-Bella<\/title>\n<meta name=\"description\" content=\"Bask in the sun at Nido by Mar-Bella Collection, an exquisite Corfu Adults-Only Beach Hotel,where the refreshing seaside ambiance awaits.\" \/>\n<meta name=\"robots\" content=\"index, follow, max-snippet:-1, max-image-preview:large, max-video-preview:-1\" \/>\n<link rel=\"canonical\" href=\"https:\/\/www.marbella.gr\/de\/hotels\/marbella-nido\/experiences\/pool-beach\/beaches\/\" \/>\n<meta property=\"og:locale\" content=\"de_DE\" \/>\n<meta property=\"og:type\" content=\"article\" \/>\n<meta property=\"og:title\" content=\"Unwind on Corfu&#039;s Shores: Adults-Only Beach Hotel | Nido, Mar-Bella\" \/>\n<meta property=\"og:description\" content=\"Bask in the sun at Nido by Mar-Bella Collection, an exquisite Corfu Adults-Only Beach Hotel,where the refreshing seaside ambiance awaits.\" \/>\n<meta property=\"og:url\" content=\"https:\/\/www.marbella.gr\/de\/hotels\/marbella-nido\/experiences\/pool-beach\/beaches\/\" \/>\n<meta property=\"og:site_name\" content=\"Mar-Bella Collection\" \/>\n<meta property=\"article:modified_time\" content=\"2024-07-03T13:48:28+00:00\" \/>\n<meta property=\"og:image\" content=\"https:\/\/www.marbella.gr\/app\/uploads\/2023\/05\/beach_resized-1300x700-2.jpg\" \/>\n\t<meta property=\"og:image:width\" content=\"1300\" \/>\n\t<meta property=\"og:image:height\" content=\"700\" \/>\n\t<meta property=\"og:image:type\" content=\"image\/jpeg\" \/>\n<meta name=\"twitter:card\" content=\"summary_large_image\" \/>\n<meta name=\"twitter:label1\" content=\"Gesch\u00e4tzte Lesezeit\" \/>\n\t<meta name=\"twitter:data1\" content=\"1\u00a0Minute\" \/>\n<!-- \/ Yoast SEO plugin. -->","yoast_head_json":{"title":"Entspannen Sie sich an Korfus K\u00fcsten: Strandhotel nur f\u00fcr Erwachsene | Nido, Mar-Bella","description":"Genie\u00dfen Sie die Sonne im Nido by Mar-Bella Collection, einem exquisiten Adults-Only-Strandhotel auf Korfu, wo Sie ein erfrischendes Ambiente am Meer erwartet.","robots":{"index":"index","follow":"follow","max-snippet":"max-snippet:-1","max-image-preview":"max-image-preview:large","max-video-preview":"max-video-preview:-1"},"canonical":"https:\/\/www.marbella.gr\/de\/hotels\/marbella-nido\/experiences\/pool-beach\/beaches\/","og_locale":"de_DE","og_type":"article","og_title":"Unwind on Corfu's Shores: Adults-Only Beach Hotel | Nido, Mar-Bella","og_description":"Bask in the sun at Nido by Mar-Bella Collection, an exquisite Corfu Adults-Only Beach Hotel,where the refreshing seaside ambiance awaits.","og_url":"https:\/\/www.marbella.gr\/de\/hotels\/marbella-nido\/experiences\/pool-beach\/beaches\/","og_site_name":"Mar-Bella Collection","article_modified_time":"2024-07-03T13:48:28+00:00","og_image":[{"width":1300,"height":700,"url":"https:\/\/www.marbella.gr\/app\/uploads\/2023\/05\/beach_resized-1300x700-2.jpg","type":"image\/jpeg"}],"twitter_card":"summary_large_image","twitter_misc":{"Gesch\u00e4tzte Lesezeit":"1\u00a0Minute"},"schema":{"@context":"https:\/\/schema.org","@graph":[{"@type":"WebPage","@id":"https:\/\/www.marbella.gr\/hotels\/marbella-nido\/experiences\/pool-beach\/beaches\/","url":"https:\/\/www.marbella.gr\/hotels\/marbella-nido\/experiences\/pool-beach\/beaches\/","name":"Entspannen Sie sich an Korfus K\u00fcsten: Strandhotel nur f\u00fcr Erwachsene | Nido, Mar-Bella","isPartOf":{"@id":"https:\/\/www.marbella.gr\/#website"},"primaryImageOfPage":{"@id":"https:\/\/www.marbella.gr\/hotels\/marbella-nido\/experiences\/pool-beach\/beaches\/#primaryimage"},"image":{"@id":"https:\/\/www.marbella.gr\/hotels\/marbella-nido\/experiences\/pool-beach\/beaches\/#primaryimage"},"thumbnailUrl":"https:\/\/www.marbella.gr\/app\/uploads\/2023\/05\/beach_resized-1300x700-2.jpg","datePublished":"2023-05-28T09:34:47+00:00","dateModified":"2024-07-03T13:48:28+00:00","description":"Genie\u00dfen Sie die Sonne im Nido by Mar-Bella Collection, einem exquisiten Adults-Only-Strandhotel auf Korfu, wo Sie ein erfrischendes Ambiente am Meer erwartet.","breadcrumb":{"@id":"https:\/\/www.marbella.gr\/hotels\/marbella-nido\/experiences\/pool-beach\/beaches\/#breadcrumb"},"inLanguage":"de","potentialAction":[{"@type":"ReadAction","target":["https:\/\/www.marbella.gr\/hotels\/marbella-nido\/experiences\/pool-beach\/beaches\/"]}]},{"@type":"ImageObject","inLanguage":"de","@id":"https:\/\/www.marbella.gr\/hotels\/marbella-nido\/experiences\/pool-beach\/beaches\/#primaryimage","url":"https:\/\/www.marbella.gr\/app\/uploads\/2023\/05\/beach_resized-1300x700-2.jpg","contentUrl":"https:\/\/www.marbella.gr\/app\/uploads\/2023\/05\/beach_resized-1300x700-2.jpg","width":1300,"height":700,"caption":"Discover Mar-Bella Collection - 5 star hotels in Corfu, Parga Greece"},{"@type":"BreadcrumbList","@id":"https:\/\/www.marbella.gr\/hotels\/marbella-nido\/experiences\/pool-beach\/beaches\/#breadcrumb","itemListElement":[{"@type":"ListItem","position":1,"name":"Home","item":"https:\/\/www.marbella.gr\/"},{"@type":"ListItem","position":2,"name":"Hotels","item":"https:\/\/www.marbella.gr\/hotels\/"},{"@type":"ListItem","position":3,"name":"Nido","item":"https:\/\/www.marbella.gr\/hotels\/marbella-nido\/"},{"@type":"ListItem","position":4,"name":"Experiences","item":"https:\/\/www.marbella.gr\/hotels\/marbella-nido\/experiences\/"},{"@type":"ListItem","position":5,"name":"Pool &#038; Beach","item":"https:\/\/www.marbella.gr\/hotels\/marbella-nido\/experiences\/pool-beach\/"},{"@type":"ListItem","position":6,"name":"Beaches"}]},{"@type":"WebSite","@id":"https:\/\/www.marbella.gr\/#website","url":"https:\/\/www.marbella.gr\/","name":"MarBella","description":"Eine Familie von Hotels, die Sie mit dem wundersch\u00f6nen Ionischen Meer verbindet","publisher":{"@id":"https:\/\/www.marbella.gr\/#organization"},"alternateName":"MarBella","potentialAction":[{"@type":"SearchAction","target":{"@type":"EntryPoint","urlTemplate":"https:\/\/www.marbella.gr\/?s={search_term_string}"},"query-input":{"@type":"PropertyValueSpecification","valueRequired":true,"valueName":"search_term_string"}}],"inLanguage":"de"},{"@type":"Organization","@id":"https:\/\/www.marbella.gr\/#organization","name":"MarBella","url":"https:\/\/www.marbella.gr\/","logo":{"@type":"ImageObject","inLanguage":"de","@id":"https:\/\/www.marbella.gr\/#\/schema\/logo\/image\/","url":"https:\/\/www.marbella.gr\/app\/uploads\/2023\/06\/Marbella-collection.png","contentUrl":"https:\/\/www.marbella.gr\/app\/uploads\/2023\/06\/Marbella-collection.png","width":230,"height":75,"caption":"MarBella"},"image":{"@id":"https:\/\/www.marbella.gr\/#\/schema\/logo\/image\/"}}]}},"_links":{"self":[{"href":"https:\/\/www.marbella.gr\/de\/wp-json\/wp\/v2\/pages\/2455","targetHints":{"allow":["GET"]}}],"collection":[{"href":"https:\/\/www.marbella.gr\/de\/wp-json\/wp\/v2\/pages"}],"about":[{"href":"https:\/\/www.marbella.gr\/de\/wp-json\/wp\/v2\/types\/page"}],"author":[{"embeddable":true,"href":"https:\/\/www.marbella.gr\/de\/wp-json\/wp\/v2\/users\/11"}],"replies":[{"embeddable":true,"href":"https:\/\/www.marbella.gr\/de\/wp-json\/wp\/v2\/comments?post=2455"}],"version-history":[{"count":7,"href":"https:\/\/www.marbella.gr\/de\/wp-json\/wp\/v2\/pages\/2455\/revisions"}],"predecessor-version":[{"id":7672,"href":"https:\/\/www.marbella.gr\/de\/wp-json\/wp\/v2\/pages\/2455\/revisions\/7672"}],"up":[{"embeddable":true,"href":"https:\/\/www.marbella.gr\/de\/wp-json\/wp\/v2\/pages\/2121"}],"wp:featuredmedia":[{"embeddable":true,"href":"https:\/\/www.marbella.gr\/de\/wp-json\/wp\/v2\/media\/2849"}],"wp:attachment":[{"href":"https:\/\/www.marbella.gr\/de\/wp-json\/wp\/v2\/media?parent=2455"}],"curies":[{"name":"wp","href":"https:\/\/api.w.org\/{rel}","templated":true}]}}