{"id":2516,"date":"2023-05-29T06:26:18","date_gmt":"2023-05-29T06:26:18","guid":{"rendered":"https:\/\/www.marbella.gr\/the-destinations\/corfu-copy-copy-copy\/"},"modified":"2024-09-06T09:47:16","modified_gmt":"2024-09-06T09:47:16","slug":"location","status":"publish","type":"page","link":"https:\/\/www.marbella.gr\/de\/the-destinations\/corfu\/location\/","title":{"rendered":"Standort"},"content":{"rendered":"<p style=\"text-align: left;\">Korfu liegt ruhig im Ionischen Meer und l\u00e4dt Sie dazu ein, alles zu entdecken, was es zu bieten hat. Von den malerischen Berg- und K\u00fcstend\u00f6rfern bis hin zu den lebhaften Menschen und faszinierenden Traditionen - Korfu ist ein wahres Juwel. Machen Sie das Beste aus Ihrem Aufenthalt und nehmen Sie unvergessliche Eindr\u00fccke, Kl\u00e4nge und Erinnerungen mit nach Hause. Hier sind unsere 5 besten Vorschl\u00e4ge f\u00fcr Sehensw\u00fcrdigkeiten ...., aber es gibt noch so viel mehr zu entdecken.<\/p>\n<p style=\"text-align: left;\"><strong>Altstadt von Korfu<\/strong><\/p>\n<p style=\"text-align: left;\">Die Altstadt ist voll von kulturellen, k\u00fcnstlerischen und kulinarischen Sch\u00e4tzen und ein Muss f\u00fcr jeden Besucher. Und sie geh\u00f6rt zum UNESCO-Weltkulturerbe. Byzantiner, Venezianer, Franzosen und Briten beherrschten die Insel und hinterlie\u00dfen ihr eine einzigartige Geschichte, die Sie in ihren Kirchen, Pal\u00e4sten und Pl\u00e4tzen wiederfinden werden.<\/p>\n<p style=\"text-align: left;\"><strong>Korissionssee<\/strong><\/p>\n<p style=\"text-align: left;\">Naturliebhaber werden von der erstaunlichen Vogelwelt an diesem 5 km langen See begeistert sein. Hier gibt es M\u00f6wen, Eulen, Bussarde, Schwalben und Flamingos - bringen Sie also Ihr Fernglas mit, um einen perfekten Tag zu erleben. Wenn Sie mit der Erkundung der Tierwelt fertig sind, k\u00f6nnen Sie sich im Wasser des unber\u00fchrten Halikounas-Strandes abk\u00fchlen, der von Forbes als einer der besten Str\u00e4nde ausgezeichnet wurde.<\/p>\n<p style=\"text-align: left;\"><strong>Benitses<\/strong><\/p>\n<p style=\"text-align: left;\">Mit dem Charme eines traditionellen griechischen Dorfes, einem der sch\u00f6nsten Yachth\u00e4fen der Insel und einer Vielzahl traditioneller griechischer Tavernen bietet Benitses, nur wenige Autominuten von MarBella und Nido entfernt, ein Vergn\u00fcgen f\u00fcr die ganze Familie.<\/p>\n<p style=\"text-align: left;\"><strong>Pontikonissi<\/strong><\/p>\n<p style=\"text-align: left;\">Das malerische Pontikonissi oder die Mausinsel ist auf jeden Fall einen Besuch wert. Dieses winzige Felseninselchen in der N\u00e4he von Korfu-Stadt ist geschichtstr\u00e4chtig und wird von der beeindruckenden byzantinischen Pantokrator-Kirche aus dem 11. Jahrhundert gekr\u00f6nt.<\/p>\n<p style=\"text-align: left;\"><strong>Achilleion-Palast<\/strong><\/p>\n<p style=\"text-align: left;\">Nur 15 Autominuten von unseren Hotels entfernt befindet sich der pr\u00e4chtige Sommerpalast Achilleion mit seinen tadellosen G\u00e4rten, der f\u00fcr die \u00f6sterreichische Kaiserin Sisi erbaut wurde. Von hier aus hat man einen herrlichen Panoramablick \u00fcber die Stadt. Zurzeit ist das Hauptgeb\u00e4ude wegen Renovierungsarbeiten geschlossen, aber Sie k\u00f6nnen die kaiserlichen G\u00e4rten besuchen.<\/p>","protected":false},"excerpt":{"rendered":"<p>Corfu sits serenely in the Ionian Sea inviting you to discover all it has to offer. From picturesque mountain and seaside villages to its vibrant people and fascinating traditions, it\u2019s a real jewel. Make the most of your stay and take home some unforgettable sights, sounds and memories. Here are our top 5 suggestions on [&#8230;]<\/p>\n<p><a class=\"btn btn-secondary understrap-read-more-link\" href=\"https:\/\/www.marbella.gr\/de\/the-destinations\/corfu\/location\/\">Read More&#8230;<span class=\"screen-reader-text\"> from Location<\/span><\/a><\/p>\n","protected":false},"author":11,"featured_media":3067,"parent":2275,"menu_order":0,"comment_status":"closed","ping_status":"closed","template":"","meta":{"_acf_changed":false,"footnotes":""},"class_list":["post-2516","page","type-page","status-publish","has-post-thumbnail","hentry"],"acf":[],"yoast_head":"<!-- This site is optimized with the Yoast SEO plugin v27.4 - https:\/\/yoast.com\/product\/yoast-seo-wordpress\/ -->\n<title>Explore Corfu Points of Interest: Top 5 Sights Including Old Town<\/title>\n<meta name=\"description\" content=\"Uncover Corfu&#039;s Hidden Treasures: Must-See Points of Interest and Old Town. Start Exploring Today with Mar-Bella Collection.\" \/>\n<meta name=\"robots\" content=\"index, follow, max-snippet:-1, max-image-preview:large, max-video-preview:-1\" \/>\n<link rel=\"canonical\" href=\"https:\/\/www.marbella.gr\/de\/the-destinations\/corfu\/location\/\" \/>\n<meta property=\"og:locale\" content=\"de_DE\" \/>\n<meta property=\"og:type\" content=\"article\" \/>\n<meta property=\"og:title\" content=\"Explore Corfu Points of Interest: Top 5 Sights Including Old Town\" \/>\n<meta property=\"og:description\" content=\"Uncover Corfu&#039;s Hidden Treasures: Must-See Points of Interest and Old Town. Start Exploring Today with Mar-Bella Collection.\" \/>\n<meta property=\"og:url\" content=\"https:\/\/www.marbella.gr\/de\/the-destinations\/corfu\/location\/\" \/>\n<meta property=\"og:site_name\" content=\"Mar-Bella Collection\" \/>\n<meta property=\"article:modified_time\" content=\"2024-09-06T09:47:16+00:00\" \/>\n<meta property=\"og:image\" content=\"https:\/\/www.marbella.gr\/app\/uploads\/2023\/06\/shutterstock_1058879975-desktop-resolution_resized-1300x700-1.jpg\" \/>\n\t<meta property=\"og:image:width\" content=\"1300\" \/>\n\t<meta property=\"og:image:height\" content=\"700\" \/>\n\t<meta property=\"og:image:type\" content=\"image\/jpeg\" \/>\n<meta name=\"twitter:card\" content=\"summary_large_image\" \/>\n<meta name=\"twitter:label1\" content=\"Gesch\u00e4tzte Lesezeit\" \/>\n\t<meta name=\"twitter:data1\" content=\"2\u00a0Minuten\" \/>\n<!-- \/ Yoast SEO plugin. -->","yoast_head_json":{"title":"Entdecken Sie die Sehensw\u00fcrdigkeiten von Korfu: Top 5 Sehensw\u00fcrdigkeiten inklusive Altstadt","description":"Entdecken Sie die verborgenen Sch\u00e4tze Korfus: Sehenswertes und die Altstadt. Beginnen Sie noch heute mit Mar-Bella Collection zu entdecken.","robots":{"index":"index","follow":"follow","max-snippet":"max-snippet:-1","max-image-preview":"max-image-preview:large","max-video-preview":"max-video-preview:-1"},"canonical":"https:\/\/www.marbella.gr\/de\/the-destinations\/corfu\/location\/","og_locale":"de_DE","og_type":"article","og_title":"Explore Corfu Points of Interest: Top 5 Sights Including Old Town","og_description":"Uncover Corfu's Hidden Treasures: Must-See Points of Interest and Old Town. Start Exploring Today with Mar-Bella Collection.","og_url":"https:\/\/www.marbella.gr\/de\/the-destinations\/corfu\/location\/","og_site_name":"Mar-Bella Collection","article_modified_time":"2024-09-06T09:47:16+00:00","og_image":[{"width":1300,"height":700,"url":"https:\/\/www.marbella.gr\/app\/uploads\/2023\/06\/shutterstock_1058879975-desktop-resolution_resized-1300x700-1.jpg","type":"image\/jpeg"}],"twitter_card":"summary_large_image","twitter_misc":{"Gesch\u00e4tzte Lesezeit":"2\u00a0Minuten"},"schema":{"@context":"https:\/\/schema.org","@graph":[{"@type":"WebPage","@id":"https:\/\/www.marbella.gr\/the-destinations\/corfu\/location\/","url":"https:\/\/www.marbella.gr\/the-destinations\/corfu\/location\/","name":"Entdecken Sie die Sehensw\u00fcrdigkeiten von Korfu: Top 5 Sehensw\u00fcrdigkeiten inklusive Altstadt","isPartOf":{"@id":"https:\/\/www.marbella.gr\/#website"},"primaryImageOfPage":{"@id":"https:\/\/www.marbella.gr\/the-destinations\/corfu\/location\/#primaryimage"},"image":{"@id":"https:\/\/www.marbella.gr\/the-destinations\/corfu\/location\/#primaryimage"},"thumbnailUrl":"https:\/\/www.marbella.gr\/app\/uploads\/2023\/06\/shutterstock_1058879975-desktop-resolution_resized-1300x700-1.jpg","datePublished":"2023-05-29T06:26:18+00:00","dateModified":"2024-09-06T09:47:16+00:00","description":"Entdecken Sie die verborgenen Sch\u00e4tze Korfus: Sehenswertes und die Altstadt. Beginnen Sie noch heute mit Mar-Bella Collection zu entdecken.","breadcrumb":{"@id":"https:\/\/www.marbella.gr\/the-destinations\/corfu\/location\/#breadcrumb"},"inLanguage":"de","potentialAction":[{"@type":"ReadAction","target":["https:\/\/www.marbella.gr\/the-destinations\/corfu\/location\/"]}]},{"@type":"ImageObject","inLanguage":"de","@id":"https:\/\/www.marbella.gr\/the-destinations\/corfu\/location\/#primaryimage","url":"https:\/\/www.marbella.gr\/app\/uploads\/2023\/06\/shutterstock_1058879975-desktop-resolution_resized-1300x700-1.jpg","contentUrl":"https:\/\/www.marbella.gr\/app\/uploads\/2023\/06\/shutterstock_1058879975-desktop-resolution_resized-1300x700-1.jpg","width":1300,"height":700,"caption":"Panoramic View of Corfu Island from Above"},{"@type":"BreadcrumbList","@id":"https:\/\/www.marbella.gr\/the-destinations\/corfu\/location\/#breadcrumb","itemListElement":[{"@type":"ListItem","position":1,"name":"Home","item":"https:\/\/www.marbella.gr\/"},{"@type":"ListItem","position":2,"name":"The Destinations","item":"https:\/\/www.marbella.gr\/the-destinations\/"},{"@type":"ListItem","position":3,"name":"Corfu","item":"https:\/\/www.marbella.gr\/the-destinations\/corfu\/"},{"@type":"ListItem","position":4,"name":"Location"}]},{"@type":"WebSite","@id":"https:\/\/www.marbella.gr\/#website","url":"https:\/\/www.marbella.gr\/","name":"MarBella","description":"Eine Familie von Hotels, die Sie mit dem wundersch\u00f6nen Ionischen Meer verbindet","publisher":{"@id":"https:\/\/www.marbella.gr\/#organization"},"alternateName":"MarBella","potentialAction":[{"@type":"SearchAction","target":{"@type":"EntryPoint","urlTemplate":"https:\/\/www.marbella.gr\/?s={search_term_string}"},"query-input":{"@type":"PropertyValueSpecification","valueRequired":true,"valueName":"search_term_string"}}],"inLanguage":"de"},{"@type":"Organization","@id":"https:\/\/www.marbella.gr\/#organization","name":"MarBella","url":"https:\/\/www.marbella.gr\/","logo":{"@type":"ImageObject","inLanguage":"de","@id":"https:\/\/www.marbella.gr\/#\/schema\/logo\/image\/","url":"https:\/\/www.marbella.gr\/app\/uploads\/2023\/06\/Marbella-collection.png","contentUrl":"https:\/\/www.marbella.gr\/app\/uploads\/2023\/06\/Marbella-collection.png","width":230,"height":75,"caption":"MarBella"},"image":{"@id":"https:\/\/www.marbella.gr\/#\/schema\/logo\/image\/"}}]}},"_links":{"self":[{"href":"https:\/\/www.marbella.gr\/de\/wp-json\/wp\/v2\/pages\/2516","targetHints":{"allow":["GET"]}}],"collection":[{"href":"https:\/\/www.marbella.gr\/de\/wp-json\/wp\/v2\/pages"}],"about":[{"href":"https:\/\/www.marbella.gr\/de\/wp-json\/wp\/v2\/types\/page"}],"author":[{"embeddable":true,"href":"https:\/\/www.marbella.gr\/de\/wp-json\/wp\/v2\/users\/11"}],"replies":[{"embeddable":true,"href":"https:\/\/www.marbella.gr\/de\/wp-json\/wp\/v2\/comments?post=2516"}],"version-history":[{"count":13,"href":"https:\/\/www.marbella.gr\/de\/wp-json\/wp\/v2\/pages\/2516\/revisions"}],"predecessor-version":[{"id":8086,"href":"https:\/\/www.marbella.gr\/de\/wp-json\/wp\/v2\/pages\/2516\/revisions\/8086"}],"up":[{"embeddable":true,"href":"https:\/\/www.marbella.gr\/de\/wp-json\/wp\/v2\/pages\/2275"}],"wp:featuredmedia":[{"embeddable":true,"href":"https:\/\/www.marbella.gr\/de\/wp-json\/wp\/v2\/media\/3067"}],"wp:attachment":[{"href":"https:\/\/www.marbella.gr\/de\/wp-json\/wp\/v2\/media?parent=2516"}],"curies":[{"name":"wp","href":"https:\/\/api.w.org\/{rel}","templated":true}]}}