{"id":2527,"date":"2023-05-29T06:53:30","date_gmt":"2023-05-29T06:53:30","guid":{"rendered":"https:\/\/www.marbella.gr\/the-destinations\/parga-copy\/"},"modified":"2024-08-13T14:21:35","modified_gmt":"2024-08-13T14:21:35","slug":"around-the-region","status":"publish","type":"page","link":"https:\/\/www.marbella.gr\/de\/the-destinations\/parga\/around-the-region\/","title":{"rendered":"Rund um die Region"},"content":{"rendered":"<p style=\"text-align: left;\"><strong>Parga<\/strong><\/p>\n<p style=\"text-align: left;\">Parga verspr\u00fcht traditionellen griechischen Charme und ist ein beliebtes Reiseziel. Der Ort liegt direkt am Wasser und seine malerischen Gassen sind \u00fcbers\u00e4t mit Restaurants und Bars. Die attraktiven, farbenfrohen Geb\u00e4ude sind ein Muss. Gekr\u00f6nt wird das Ganze von der Burg von Parga, von der man einen herrlichen Blick auf das Dorf und die K\u00fcste hat.<\/p>\n<p style=\"text-align: left;\"><strong>Sivota<\/strong><\/p>\n<p style=\"text-align: left;\">Ein wundersch\u00f6nes Fischerdorf und Resort, das viele private Villen beherbergt und ein beliebtes Segelziel ist. Erkunden Sie die Inseln vor der K\u00fcste und schlendern Sie an der Promenade entlang, um den perfekten Platz f\u00fcr ein k\u00f6stliches Mittagessen mit Meeresfr\u00fcchten zu finden.<\/p>\n<p style=\"text-align: left;\"><strong>Meteora\u00a0<\/strong><\/p>\n<p style=\"text-align: left;\">Meteora ist ein Wunderwerk der Natur und des Menschen. Die bizarren Felsformationen werden von byzantinischen Kl\u00f6stern gekr\u00f6nt. Diese von der UNESCO zum Weltkulturerbe erkl\u00e4rte St\u00e4tte ist eine der meistbesuchten in Griechenland, die Sie sich nicht entgehen lassen sollten.<\/p>\n<p style=\"text-align: left;\"><strong>Das antike Theater von Dodoni<\/strong><\/p>\n<p style=\"text-align: left;\">Eines der gr\u00f6\u00dften und am besten erhaltenen antiken griechischen Theater, Dodoni, wurde im 3. Jahrhundert v. Chr. von K\u00f6nig Pyrros von Epirus erbaut. Auch heute noch finden hier in den Sommermonaten einige Auff\u00fchrungen statt.<\/p>\n<p style=\"text-align: left;\"><strong>Nikopolis<\/strong><\/p>\n<p style=\"text-align: left;\">Nicopolis wurde 29 v. Chr. von C\u00e4sar Augustus gegr\u00fcndet und war die Hauptstadt der r\u00f6mischen Provinz Epirus Vetus. Die beeindruckenden Ruinen der antiken Stadt sind auf jeden Fall einen Besuch wert.<\/p>\n<p style=\"text-align: left;\"><strong>Der Acherontas-Fluss<\/strong><\/p>\n<p style=\"text-align: left;\">In der antiken griechischen Mythologie war der Acheron als \"Fluss des Unheils\" bekannt. Im wirklichen Leben wimmelt es nur so von Leben, und er verzaubert Tagesausfl\u00fcgler mit seinem artenreichen \u00d6kosystem aus majest\u00e4tischen Schluchten, Teichen und Wasserf\u00e4llen sowie zahlreichen D\u00f6rfern am Flussufer.<\/p>\n<p style=\"text-align: left;\">Wenden Sie sich w\u00e4hrend Ihres Aufenthalts an unser Exclusives Services Team, um mehr dar\u00fcber zu erfahren.<\/p>","protected":false},"excerpt":{"rendered":"<p>Parga Parga is full of traditional Greek charm and a popular destination. Sitting on the waterfront its picturesque alleys are dotted with restaurants and bars. Its attractive colourful buildings make it a must see, all crowned by Parga Castle commanding magnificent views of the village and coastline. Sivota A beautiful fishing village and resort that [&#8230;]<\/p>\n<p><a class=\"btn btn-secondary understrap-read-more-link\" href=\"https:\/\/www.marbella.gr\/de\/the-destinations\/parga\/around-the-region\/\">Read More&#8230;<span class=\"screen-reader-text\"> from Around the region<\/span><\/a><\/p>\n","protected":false},"author":11,"featured_media":7873,"parent":2276,"menu_order":0,"comment_status":"closed","ping_status":"closed","template":"","meta":{"_acf_changed":false,"footnotes":""},"class_list":["post-2527","page","type-page","status-publish","has-post-thumbnail","hentry"],"acf":[],"yoast_head":"<!-- This site is optimized with the Yoast SEO plugin v27.4 - https:\/\/yoast.com\/product\/yoast-seo-wordpress\/ -->\n<title>Explore the Region | Mar-Bella Collection<\/title>\n<meta name=\"description\" content=\"Explore the Region: Parga&#039;s charm, Sivota&#039;s fishing village, Meteora&#039;s marvel, Dodoni&#039;s ancient theater, Nicopolis ruins, and Acherontas River.\" \/>\n<meta name=\"robots\" content=\"index, follow, max-snippet:-1, max-image-preview:large, max-video-preview:-1\" \/>\n<link rel=\"canonical\" href=\"https:\/\/www.marbella.gr\/de\/the-destinations\/parga\/around-the-region\/\" \/>\n<meta property=\"og:locale\" content=\"de_DE\" \/>\n<meta property=\"og:type\" content=\"article\" \/>\n<meta property=\"og:title\" content=\"Explore the Region | Mar-Bella Collection\" \/>\n<meta property=\"og:description\" content=\"Explore the Region: Parga&#039;s charm, Sivota&#039;s fishing village, Meteora&#039;s marvel, Dodoni&#039;s ancient theater, Nicopolis ruins, and Acherontas River.\" \/>\n<meta property=\"og:url\" content=\"https:\/\/www.marbella.gr\/de\/the-destinations\/parga\/around-the-region\/\" \/>\n<meta property=\"og:site_name\" content=\"Mar-Bella Collection\" \/>\n<meta property=\"article:modified_time\" content=\"2024-08-13T14:21:35+00:00\" \/>\n<meta property=\"og:image\" content=\"https:\/\/www.marbella.gr\/app\/uploads\/2024\/08\/Elix_Aerial-2-scaled.jpg\" \/>\n\t<meta property=\"og:image:width\" content=\"2560\" \/>\n\t<meta property=\"og:image:height\" content=\"1917\" \/>\n\t<meta property=\"og:image:type\" content=\"image\/jpeg\" \/>\n<meta name=\"twitter:card\" content=\"summary_large_image\" \/>\n<meta name=\"twitter:label1\" content=\"Gesch\u00e4tzte Lesezeit\" \/>\n\t<meta name=\"twitter:data1\" content=\"2\u00a0Minuten\" \/>\n<!-- \/ Yoast SEO plugin. -->","yoast_head_json":{"title":"Erkunden Sie die Region | Mar-Bella Collection","description":"Erkunden Sie die Region: Der Charme von Parga, das Fischerdorf Sivota, das Wunder von Meteora, das antike Theater von Dodoni, die Ruinen von Nikopolis und der Fluss Acherontas.","robots":{"index":"index","follow":"follow","max-snippet":"max-snippet:-1","max-image-preview":"max-image-preview:large","max-video-preview":"max-video-preview:-1"},"canonical":"https:\/\/www.marbella.gr\/de\/the-destinations\/parga\/around-the-region\/","og_locale":"de_DE","og_type":"article","og_title":"Explore the Region | Mar-Bella Collection","og_description":"Explore the Region: Parga's charm, Sivota's fishing village, Meteora's marvel, Dodoni's ancient theater, Nicopolis ruins, and Acherontas River.","og_url":"https:\/\/www.marbella.gr\/de\/the-destinations\/parga\/around-the-region\/","og_site_name":"Mar-Bella Collection","article_modified_time":"2024-08-13T14:21:35+00:00","og_image":[{"width":2560,"height":1917,"url":"https:\/\/www.marbella.gr\/app\/uploads\/2024\/08\/Elix_Aerial-2-scaled.jpg","type":"image\/jpeg"}],"twitter_card":"summary_large_image","twitter_misc":{"Gesch\u00e4tzte Lesezeit":"2\u00a0Minuten"},"schema":{"@context":"https:\/\/schema.org","@graph":[{"@type":"WebPage","@id":"https:\/\/www.marbella.gr\/the-destinations\/parga\/around-the-region\/","url":"https:\/\/www.marbella.gr\/the-destinations\/parga\/around-the-region\/","name":"Erkunden Sie die Region | Mar-Bella Collection","isPartOf":{"@id":"https:\/\/www.marbella.gr\/#website"},"primaryImageOfPage":{"@id":"https:\/\/www.marbella.gr\/the-destinations\/parga\/around-the-region\/#primaryimage"},"image":{"@id":"https:\/\/www.marbella.gr\/the-destinations\/parga\/around-the-region\/#primaryimage"},"thumbnailUrl":"https:\/\/www.marbella.gr\/app\/uploads\/2024\/08\/Elix_Aerial-2-scaled.jpg","datePublished":"2023-05-29T06:53:30+00:00","dateModified":"2024-08-13T14:21:35+00:00","description":"Erkunden Sie die Region: Der Charme von Parga, das Fischerdorf Sivota, das Wunder von Meteora, das antike Theater von Dodoni, die Ruinen von Nikopolis und der Fluss Acherontas.","breadcrumb":{"@id":"https:\/\/www.marbella.gr\/the-destinations\/parga\/around-the-region\/#breadcrumb"},"inLanguage":"de","potentialAction":[{"@type":"ReadAction","target":["https:\/\/www.marbella.gr\/the-destinations\/parga\/around-the-region\/"]}]},{"@type":"ImageObject","inLanguage":"de","@id":"https:\/\/www.marbella.gr\/the-destinations\/parga\/around-the-region\/#primaryimage","url":"https:\/\/www.marbella.gr\/app\/uploads\/2024\/08\/Elix_Aerial-2-scaled.jpg","contentUrl":"https:\/\/www.marbella.gr\/app\/uploads\/2024\/08\/Elix_Aerial-2-scaled.jpg","width":2560,"height":1917,"caption":"Aerial"},{"@type":"BreadcrumbList","@id":"https:\/\/www.marbella.gr\/the-destinations\/parga\/around-the-region\/#breadcrumb","itemListElement":[{"@type":"ListItem","position":1,"name":"Home","item":"https:\/\/www.marbella.gr\/"},{"@type":"ListItem","position":2,"name":"The Destinations","item":"https:\/\/www.marbella.gr\/the-destinations\/"},{"@type":"ListItem","position":3,"name":"Parga","item":"https:\/\/www.marbella.gr\/the-destinations\/parga\/"},{"@type":"ListItem","position":4,"name":"Around the region"}]},{"@type":"WebSite","@id":"https:\/\/www.marbella.gr\/#website","url":"https:\/\/www.marbella.gr\/","name":"MarBella","description":"Eine Familie von Hotels, die Sie mit dem wundersch\u00f6nen Ionischen Meer verbindet","publisher":{"@id":"https:\/\/www.marbella.gr\/#organization"},"alternateName":"MarBella","potentialAction":[{"@type":"SearchAction","target":{"@type":"EntryPoint","urlTemplate":"https:\/\/www.marbella.gr\/?s={search_term_string}"},"query-input":{"@type":"PropertyValueSpecification","valueRequired":true,"valueName":"search_term_string"}}],"inLanguage":"de"},{"@type":"Organization","@id":"https:\/\/www.marbella.gr\/#organization","name":"MarBella","url":"https:\/\/www.marbella.gr\/","logo":{"@type":"ImageObject","inLanguage":"de","@id":"https:\/\/www.marbella.gr\/#\/schema\/logo\/image\/","url":"https:\/\/www.marbella.gr\/app\/uploads\/2023\/06\/Marbella-collection.png","contentUrl":"https:\/\/www.marbella.gr\/app\/uploads\/2023\/06\/Marbella-collection.png","width":230,"height":75,"caption":"MarBella"},"image":{"@id":"https:\/\/www.marbella.gr\/#\/schema\/logo\/image\/"}}]}},"_links":{"self":[{"href":"https:\/\/www.marbella.gr\/de\/wp-json\/wp\/v2\/pages\/2527","targetHints":{"allow":["GET"]}}],"collection":[{"href":"https:\/\/www.marbella.gr\/de\/wp-json\/wp\/v2\/pages"}],"about":[{"href":"https:\/\/www.marbella.gr\/de\/wp-json\/wp\/v2\/types\/page"}],"author":[{"embeddable":true,"href":"https:\/\/www.marbella.gr\/de\/wp-json\/wp\/v2\/users\/11"}],"replies":[{"embeddable":true,"href":"https:\/\/www.marbella.gr\/de\/wp-json\/wp\/v2\/comments?post=2527"}],"version-history":[{"count":14,"href":"https:\/\/www.marbella.gr\/de\/wp-json\/wp\/v2\/pages\/2527\/revisions"}],"predecessor-version":[{"id":7943,"href":"https:\/\/www.marbella.gr\/de\/wp-json\/wp\/v2\/pages\/2527\/revisions\/7943"}],"up":[{"embeddable":true,"href":"https:\/\/www.marbella.gr\/de\/wp-json\/wp\/v2\/pages\/2276"}],"wp:featuredmedia":[{"embeddable":true,"href":"https:\/\/www.marbella.gr\/de\/wp-json\/wp\/v2\/media\/7873"}],"wp:attachment":[{"href":"https:\/\/www.marbella.gr\/de\/wp-json\/wp\/v2\/media?parent=2527"}],"curies":[{"name":"wp","href":"https:\/\/api.w.org\/{rel}","templated":true}]}}