{"id":2528,"date":"2023-05-29T06:53:36","date_gmt":"2023-05-29T06:53:36","guid":{"rendered":"https:\/\/www.marbella.gr\/the-destinations\/parga-copy-copy\/"},"modified":"2025-03-04T09:53:06","modified_gmt":"2025-03-04T09:53:06","slug":"private-yacht-cruises","status":"publish","type":"page","link":"https:\/\/www.marbella.gr\/de\/the-destinations\/parga\/private-yacht-cruises\/","title":{"rendered":"Ausfl\u00fcge mit Privatyachten"},"content":{"rendered":"<p style=\"text-align: left;\">Erleben Sie das Beste der Ionischen Inseln mit unserer handverlesenen Auswahl an Kreuzfahrten.<\/p>\n<p style=\"text-align: left;\"><strong>Paxos, Antipaxos und die Blauen Grotten Kreuzfahrt<\/strong><\/p>\n<p style=\"text-align: left;\"><span class=\"TextRun SCXW106951246 BCX0\" lang=\"EN-US\" xml:lang=\"EN-US\" data-contrast=\"none\"><span class=\"NormalTextRun SCXW106951246 BCX0\">Schwimmen Sie im t\u00fcrkisfarbenen Wasser des <\/span><span class=\"SpellingError SCXW106951246 BCX0\">Antipaxos<\/span><\/span><span class=\"TrackChangeTextInsertion TrackedChange SCXW106951246 BCX0\"><span class=\"TextRun SCXW106951246 BCX0\" lang=\"EN-US\" xml:lang=\"EN-US\" data-contrast=\"none\"><span class=\"NormalTextRun SCXW106951246 BCX0\"> Insel<\/span><\/span><\/span><span class=\"TextRun SCXW106951246 BCX0\" lang=\"EN-US\" xml:lang=\"EN-US\" data-contrast=\"none\"><span class=\"NormalTextRun SCXW106951246 BCX0\">dessen sandige Buchten mit blauem Wasser an die Karibik erinnern und<\/span><\/span><span class=\"TextRun SCXW106951246 BCX0\" lang=\"EN-US\" xml:lang=\"EN-US\" data-contrast=\"none\"><span class=\"SpellingError SCXW106951246 BCX0\">und<\/span> <span class=\"NormalTextRun CommentStart CommentHighlightPipeRestV2 CommentHighlightRest SCXW106951246 BCX0\">besuchen Sie<\/span><span class=\"NormalTextRun CommentHighlightPipeRestV2 SCXW106951246 BCX0\"> die ber\u00fchmten Blauen Grotten und das malerische Paxos<\/span><\/span><span class=\"TrackChangeTextInsertion TrackedChange SCXW106951246 BCX0\"><span class=\"TextRun SCXW106951246 BCX0\" lang=\"EN-US\" xml:lang=\"EN-US\" data-contrast=\"none\"><span class=\"NormalTextRun SCXW106951246 BCX0\"> Insel<\/span><\/span><\/span>.<\/p>\n<p style=\"text-align: left;\"><strong>Kreuzfahrt zu den Syvota-Inseln und der Blauen Lagune<\/strong><\/p>\n<p style=\"text-align: left;\"><span class=\"TextRun SCXW167058495 BCX0\" lang=\"EN-US\" xml:lang=\"EN-US\" data-contrast=\"none\"><span class=\"NormalTextRun SCXW167058495 BCX0\">Entdecken Sie<\/span> <span class=\"NormalTextRun SCXW167058495 BCX0\">Unber\u00fchrt<\/span> <span class=\"NormalTextRun SCXW167058495 BCX0\">Ufern<\/span><span class=\"NormalTextRun SCXW167058495 BCX0\">, <\/span><span class=\"NormalTextRun SCXW167058495 BCX0\">intime<\/span> <span class=\"NormalTextRun SCXW167058495 BCX0\">Buchten<\/span><span class=\"NormalTextRun SCXW167058495 BCX0\"> und <\/span><span class=\"NormalTextRun SCXW167058495 BCX0\">\u00fcppig<\/span> <span class=\"NormalTextRun SCXW167058495 BCX0\">gr\u00fcn<\/span> <span class=\"NormalTextRun SCXW167058495 BCX0\">Inseln<\/span><span class=\"NormalTextRun SCXW167058495 BCX0\">. <\/span><span class=\"NormalTextRun SCXW167058495 BCX0\">Schwimmen<\/span><span class=\"NormalTextRun SCXW167058495 BCX0\"> im <\/span><span class=\"NormalTextRun SCXW167058495 BCX0\">kristallklare<\/span> <span class=\"NormalTextRun SCXW167058495 BCX0\">Gew\u00e4sser<\/span><span class=\"NormalTextRun SCXW167058495 BCX0\"> und <\/span><span class=\"NormalTextRun SCXW167058495 BCX0\">besuchen Sie<\/span><span class=\"NormalTextRun SCXW167058495 BCX0\"> die <\/span><span class=\"NormalTextRun SCXW167058495 BCX0\">Stadt<\/span><span class=\"NormalTextRun SCXW167058495 BCX0\"> von <\/span><span class=\"SpellingError SCXW167058495 BCX0\">Sivota<\/span> <span class=\"NormalTextRun SCXW167058495 BCX0\">bis hin zu<\/span> <span class=\"NormalTextRun SCXW167058495 BCX0\">erkunden.<\/span> <\/span><span class=\"TrackChangeTextInsertion TrackedChange SCXW167058495 BCX0\"><span class=\"TextRun SCXW167058495 BCX0\" lang=\"EN-US\" xml:lang=\"EN-US\" data-contrast=\"none\"><span class=\"NormalTextRun SCXW167058495 BCX0\">seine<\/span><\/span><\/span><span class=\"TextRun SCXW167058495 BCX0\" lang=\"EN-US\" xml:lang=\"EN-US\" data-contrast=\"none\"> <span class=\"NormalTextRun SCXW167058495 BCX0\">Restaurants<\/span><span class=\"NormalTextRun SCXW167058495 BCX0\">, <\/span><span class=\"NormalTextRun SCXW167058495 BCX0\">Kaffee<\/span> <span class=\"NormalTextRun SCXW167058495 BCX0\">Gesch\u00e4fte<\/span><span class=\"NormalTextRun SCXW167058495 BCX0\"> und <\/span><span class=\"SpellingError SCXW167058495 BCX0\">Hafen<\/span><\/span>.<\/p>\n<p style=\"text-align: left;\"><strong>Syvota-Inseln und die Blaue Lagune Kreuzfahrt bei Sonnenuntergang<\/strong><\/p>\n<p style=\"text-align: left;\"><span class=\"TextRun SCXW135398317 BCX0\" lang=\"EN-US\" xml:lang=\"EN-US\" data-contrast=\"none\"><span class=\"NormalTextRun SCXW135398317 BCX0\">Ein denkw\u00fcrdiger Abend erwartet Sie. Beenden Sie den Tag mit einem Ausflug nach <\/span><span class=\"NormalTextRun CommentStart CommentHighlightPipeRestV2 CommentHighlightRest SCXW135398317 BCX0\">Sivota<\/span><span class=\"NormalTextRun CommentHighlightPipeRestV2 SCXW135398317 BCX0\"> mit dem Boot und <\/span><\/span><span class=\"TrackChangeTextInsertion TrackedChange SCXW135398317 BCX0\"><span class=\"TextRun SCXW135398317 BCX0\" lang=\"EN-US\" xml:lang=\"EN-US\" data-contrast=\"none\"><span class=\"NormalTextRun SCXW135398317 BCX0\">enj<\/span><\/span><\/span><span class=\"TrackChangeTextInsertion TrackedChange SCXW135398317 BCX0\"><span class=\"TextRun SCXW135398317 BCX0\" lang=\"EN-US\" xml:lang=\"EN-US\" data-contrast=\"none\"><span class=\"NormalTextRun SCXW135398317 BCX0\">oy <\/span><\/span><\/span><span class=\"TrackChangeTextInsertion TrackedChange SCXW135398317 BCX0\"><span class=\"TextRun SCXW135398317 BCX0\" lang=\"EN-US\" xml:lang=\"EN-US\" data-contrast=\"none\"><span class=\"NormalTextRun SCXW135398317 BCX0\">die<\/span><\/span><\/span><span class=\"TextRun SCXW135398317 BCX0\" lang=\"EN-US\" xml:lang=\"EN-US\" data-contrast=\"none\"><span class=\"NormalTextRun SCXW135398317 BCX0\"> atemberaubender Sonnenuntergang im Ionischen Meer. Schlendern Sie am Pier entlang und <\/span><\/span><span class=\"TrackChangeTextInsertion TrackedChange SCXW135398317 BCX0\"><span class=\"TextRun SCXW135398317 BCX0\" lang=\"EN-US\" xml:lang=\"EN-US\" data-contrast=\"none\"><span class=\"NormalTextRun SCXW135398317 BCX0\">haben<\/span><\/span><\/span><span class=\"TextRun SCXW135398317 BCX0\" lang=\"EN-US\" xml:lang=\"EN-US\" data-contrast=\"none\"><span class=\"NormalTextRun SCXW135398317 BCX0\"> Abendessen in einem der Restaurants am sch\u00f6nen Yachthafen oder R\u00fcckkehr <\/span><\/span><span class=\"TrackChangeTextInsertion TrackedChange SCXW135398317 BCX0\"><span class=\"TextRun SCXW135398317 BCX0\" lang=\"EN-US\" xml:lang=\"EN-US\" data-contrast=\"none\"><span class=\"NormalTextRun SCXW135398317 BCX0\">bis hin zu<\/span><\/span><\/span><span class=\"TextRun SCXW135398317 BCX0\" lang=\"EN-US\" xml:lang=\"EN-US\" data-contrast=\"none\"><span class=\"NormalTextRun SCXW135398317 BCX0\">\u00a0das Boot auf ein Glas Wein mit unseren Komplimenten<\/span><\/span>.<\/p>\n<p style=\"text-align: left;\"><strong>Parga Tageskreuzfahrt<\/strong><\/p>\n<p style=\"text-align: left;\"><span class=\"TextRun SCXW101877615 BCX0\" lang=\"EN-US\" xml:lang=\"EN-US\" data-contrast=\"none\"><span class=\"NormalTextRun SCXW101877615 BCX0\">Genie\u00dfen Sie die <\/span><span class=\"NormalTextRun SCXW101877615 BCX0\">kristallklare<\/span><span class=\"NormalTextRun SCXW101877615 BCX0\"> Wasser der atemberaubenden Str\u00e4nde von Parga und die bildsch\u00f6nen<\/span><\/span><span class=\"TrackChangeTextInsertion TrackedChange SCXW101877615 BCX0\"><span class=\"TextRun SCXW101877615 BCX0\" lang=\"EN-US\" xml:lang=\"EN-US\" data-contrast=\"none\"><span class=\"NormalTextRun SCXW101877615 BCX0\">erfekt<\/span><\/span><\/span><span class=\"TextRun SCXW101877615 BCX0\" lang=\"EN-US\" xml:lang=\"EN-US\" data-contrast=\"none\"><span class=\"NormalTextRun SCXW101877615 BCX0\">\u00a0Sch\u00f6nheit seiner hellen <\/span><span class=\"NormalTextRun SCXW101877615 BCX0\">farbig<\/span><span class=\"NormalTextRun SCXW101877615 BCX0\"> H\u00e4user. Spazieren Sie durch die engen Gassen und besuchen Sie das pr\u00e4chtige venezianische Schloss<\/span><\/span>.<\/p>\n<p style=\"text-align: left;\"><strong>Parga-Sonnenuntergangs-Kreuzfahrt<\/strong><\/p>\n<p style=\"text-align: left;\"><span class=\"TextRun SCXW109515390 BCX0\" lang=\"EN-US\" xml:lang=\"EN-US\" data-contrast=\"none\"><span class=\"NormalTextRun SCXW109515390 BCX0\">Der perfekte Abschluss eines Tages. Fahren Sie mit dem Boot ins sch\u00f6ne Parga, um den Sonnenuntergang im Ionischen Meer zu genie\u00dfen. <\/span><\/span><span class=\"TextRun SCXW109515390 BCX0\" lang=\"EN-US\" xml:lang=\"EN-US\" data-contrast=\"none\"><span class=\"NormalTextRun SCXW109515390 BCX0\">Genie\u00dfen Sie <\/span><\/span><span class=\"TrackChangeTextInsertion TrackedChange SCXW109515390 BCX0\"><span class=\"TextRun SCXW109515390 BCX0\" lang=\"EN-US\" xml:lang=\"EN-US\" data-contrast=\"none\"><span class=\"NormalTextRun SCXW109515390 BCX0\">der Stadt <\/span><\/span><\/span><span class=\"TextRun SCXW109515390 BCX0\" lang=\"EN-US\" xml:lang=\"EN-US\" data-contrast=\"none\"><span class=\"NormalTextRun SCXW109515390 BCX0\">Bild<\/span><\/span><span class=\"TrackChangeTextInsertion TrackedChange SCXW109515390 BCX0\"><span class=\"TextRun SCXW109515390 BCX0\" lang=\"EN-US\" xml:lang=\"EN-US\" data-contrast=\"none\"><span class=\"NormalTextRun SCXW109515390 BCX0\">sque<\/span><\/span><\/span><span class=\"TextRun SCXW109515390 BCX0\" lang=\"EN-US\" xml:lang=\"EN-US\" data-contrast=\"none\"><span class=\"NormalTextRun SCXW109515390 BCX0\">\u00a0Sch\u00f6nheit mit <\/span><\/span><span class=\"TrackChangeTextInsertion TrackedChange SCXW109515390 BCX0\"><span class=\"TextRun SCXW109515390 BCX0\" lang=\"EN-US\" xml:lang=\"EN-US\" data-contrast=\"none\"><span class=\"NormalTextRun SCXW109515390 BCX0\">seine <\/span><\/span><\/span><span class=\"TextRun SCXW109515390 BCX0\" lang=\"EN-US\" xml:lang=\"EN-US\" data-contrast=\"none\"><span class=\"NormalTextRun SCXW109515390 BCX0\">hell <\/span><span class=\"SpellingError SCXW109515390 BCX0\">farbig<\/span><span class=\"NormalTextRun SCXW109515390 BCX0\"> H\u00e4user, enge Gassen und eine lebhafte Promenade mit Ouzo-Bars und Caf\u00e9s. Die venezianische Burg, die die Stadt \u00fcberragt, ist der ideale Ort, um einen Drink zu genie\u00dfen und die unglaubliche Aussicht zu bewundern.<\/span><\/span><\/p>\n<p style=\"text-align: left;\"><strong>Korfu Stadt und Syvota Inseln Kreuzfahrt<\/strong><\/p>\n<p style=\"text-align: left;\"><span class=\"TextRun SCXW229591366 BCX0\" lang=\"EL-GR\" xml:lang=\"EL-GR\" data-contrast=\"none\"><span class=\"SpellingError SCXW229591366 BCX0\">Erkunden Sie<\/span><span class=\"NormalTextRun SCXW229591366 BCX0\"> die <\/span><span class=\"SpellingError SCXW229591366 BCX0\">Attraktionen<\/span><span class=\"NormalTextRun SCXW229591366 BCX0\"> von <\/span><span class=\"SpellingError SCXW229591366 BCX0\">Korfu's<\/span> <span class=\"SpellingError SCXW229591366 BCX0\">Muss man gesehen haben<\/span> <span class=\"SpellingError SCXW229591366 BCX0\">Alte<\/span> <span class=\"SpellingError SCXW229591366 BCX0\">Stadt<\/span><span class=\"NormalTextRun SCXW229591366 BCX0\">, <\/span><\/span><span class=\"TrackChangeTextInsertion TrackedChange SCXW229591366 BCX0\"><span class=\"TextRun SCXW229591366 BCX0\" lang=\"EL-GR\" xml:lang=\"EL-GR\" data-contrast=\"none\"><span class=\"NormalTextRun SCXW229591366 BCX0\">eine UNESCO-Welt <\/span><span class=\"SpellingError SCXW229591366 BCX0\">Herit<\/span><\/span><\/span><span class=\"TrackChangeTextInsertion TrackedChange SCXW229591366 BCX0\"><span class=\"TextRun SCXW229591366 BCX0\" lang=\"EL-GR\" xml:lang=\"EL-GR\" data-contrast=\"none\"><span class=\"SpellingError SCXW229591366 BCX0\">Alter<\/span> <span class=\"SpellingError SCXW229591366 BCX0\">Website<\/span> <\/span><\/span><span class=\"TextRun SCXW229591366 BCX0\" lang=\"EL-GR\" xml:lang=\"EL-GR\" data-contrast=\"none\"><span class=\"SpellingError SCXW229591366 BCX0\">eingeweicht<\/span><span class=\"NormalTextRun SCXW229591366 BCX0\"> in <\/span><span class=\"SpellingError SCXW229591366 BCX0\">Geschichte<\/span><span class=\"NormalTextRun SCXW229591366 BCX0\"> und <\/span><span class=\"SpellingError SCXW229591366 BCX0\">Angebot<\/span> <span class=\"SpellingError SCXW229591366 BCX0\">gro\u00dfartig<\/span> <span class=\"SpellingError SCXW229591366 BCX0\">Einkaufen<\/span><span class=\"NormalTextRun SCXW229591366 BCX0\"> und <\/span><span class=\"SpellingError SCXW229591366 BCX0\">Essen<\/span><span class=\"NormalTextRun SCXW229591366 BCX0\">. <\/span><span class=\"SpellingError SCXW229591366 BCX0\">Cool<\/span> <span class=\"SpellingError SCXW229591366 BCX0\">unten<\/span> <span class=\"SpellingError SCXW229591366 BCX0\">mit<\/span><span class=\"NormalTextRun SCXW229591366 BCX0\"> a <\/span><span class=\"SpellingError SCXW229591366 BCX0\">Schwimmen<\/span> <span class=\"SpellingError SCXW229591366 BCX0\">unter<\/span> <span class=\"SpellingError SCXW229591366 BCX0\">eine<\/span><span class=\"NormalTextRun SCXW229591366 BCX0\"> der <\/span><\/span><span class=\"TrackChangeTextInsertion TrackedChange SCXW229591366 BCX0\"><span class=\"TextRun SCXW229591366 BCX0\" lang=\"EL-GR\" xml:lang=\"EL-GR\" data-contrast=\"none\"><span class=\"SpellingError SCXW229591366 BCX0\">in der N\u00e4he<\/span><\/span><\/span><span class=\"TextRun SCXW229591366 BCX0\" lang=\"EL-GR\" xml:lang=\"EL-GR\" data-contrast=\"none\"><span class=\"NormalTextRun SCXW229591366 BCX0\">\u00a0einsame Str\u00e4nde<\/span><\/span>.<\/p>\n<p style=\"text-align: left;\">Wenden Sie sich vor Ihrer Ankunft oder w\u00e4hrend Ihres Aufenthalts an unser Exclusives-Services-Team, um Ihr unvergessliches Abenteuer zu buchen, indem Sie das untenstehende Formular ausf\u00fcllen.<\/p>","protected":false},"excerpt":{"rendered":"<p>Experience the best of the Ionian islands through our handpicked\u00a0selection\u00a0of cruises. Paxos, Antipaxos and the Blue Caves Cruise Swim in the turquoise waters of Antipaxos island, whose sandy blue water coves are reminiscent of the Caribbean and visit the famous Blue Caves and picturesque Paxos island. Syvota Islands and the Blue Lagoon Cruise Discover pristine [&#8230;]<\/p>\n<p><a class=\"btn btn-secondary understrap-read-more-link\" href=\"https:\/\/www.marbella.gr\/de\/the-destinations\/parga\/private-yacht-cruises\/\">Read More&#8230;<span class=\"screen-reader-text\"> from Private yacht cruises<\/span><\/a><\/p>\n","protected":false},"author":11,"featured_media":2989,"parent":2276,"menu_order":0,"comment_status":"closed","ping_status":"closed","template":"","meta":{"_acf_changed":false,"footnotes":""},"class_list":["post-2528","page","type-page","status-publish","has-post-thumbnail","hentry"],"acf":[],"yoast_head":"<!-- This site is optimized with the Yoast SEO plugin v27.4 - https:\/\/yoast.com\/product\/yoast-seo-wordpress\/ -->\n<title>Private Yacht Cruises in Parga, Greece | Mar-Bella Collection<\/title>\n<meta name=\"description\" content=\"Explore the Stunning Ionian Sea: Embark on Our Carefully Curated Private Yacht Cruises from Parga, Greece &amp; Experience Breathtaking Scenery.\" \/>\n<meta name=\"robots\" content=\"index, follow, max-snippet:-1, max-image-preview:large, max-video-preview:-1\" \/>\n<link rel=\"canonical\" href=\"https:\/\/www.marbella.gr\/de\/the-destinations\/parga\/private-yacht-cruises\/\" \/>\n<meta property=\"og:locale\" content=\"de_DE\" \/>\n<meta property=\"og:type\" content=\"article\" \/>\n<meta property=\"og:title\" content=\"Private Yacht Cruises in Parga, Greece | Mar-Bella Collection\" \/>\n<meta property=\"og:description\" content=\"Explore the Stunning Ionian Sea: Embark on Our Carefully Curated Private Yacht Cruises from Parga, Greece &amp; Experience Breathtaking Scenery.\" \/>\n<meta property=\"og:url\" content=\"https:\/\/www.marbella.gr\/de\/the-destinations\/parga\/private-yacht-cruises\/\" \/>\n<meta property=\"og:site_name\" content=\"Mar-Bella Collection\" \/>\n<meta property=\"article:modified_time\" content=\"2025-03-04T09:53:06+00:00\" \/>\n<meta property=\"og:image\" content=\"https:\/\/www.marbella.gr\/app\/uploads\/2023\/05\/elix21-0663-1300x700-1.jpg\" \/>\n\t<meta property=\"og:image:width\" content=\"1300\" \/>\n\t<meta property=\"og:image:height\" content=\"700\" \/>\n\t<meta property=\"og:image:type\" content=\"image\/jpeg\" \/>\n<meta name=\"twitter:card\" content=\"summary_large_image\" \/>\n<meta name=\"twitter:label1\" content=\"Gesch\u00e4tzte Lesezeit\" \/>\n\t<meta name=\"twitter:data1\" content=\"2\u00a0Minuten\" \/>\n<!-- \/ Yoast SEO plugin. -->","yoast_head_json":{"title":"Private Yacht-Kreuzfahrten in Parga, Griechenland | Mar-Bella Collection","description":"Entdecken Sie das atemberaubende Ionische Meer: Gehen Sie an Bord unserer sorgf\u00e4ltig zusammengestellten privaten Yachtkreuzfahrten ab Parga, Griechenland und erleben Sie atemberaubende Landschaften.","robots":{"index":"index","follow":"follow","max-snippet":"max-snippet:-1","max-image-preview":"max-image-preview:large","max-video-preview":"max-video-preview:-1"},"canonical":"https:\/\/www.marbella.gr\/de\/the-destinations\/parga\/private-yacht-cruises\/","og_locale":"de_DE","og_type":"article","og_title":"Private Yacht Cruises in Parga, Greece | Mar-Bella Collection","og_description":"Explore the Stunning Ionian Sea: Embark on Our Carefully Curated Private Yacht Cruises from Parga, Greece & Experience Breathtaking Scenery.","og_url":"https:\/\/www.marbella.gr\/de\/the-destinations\/parga\/private-yacht-cruises\/","og_site_name":"Mar-Bella Collection","article_modified_time":"2025-03-04T09:53:06+00:00","og_image":[{"width":1300,"height":700,"url":"https:\/\/www.marbella.gr\/app\/uploads\/2023\/05\/elix21-0663-1300x700-1.jpg","type":"image\/jpeg"}],"twitter_card":"summary_large_image","twitter_misc":{"Gesch\u00e4tzte Lesezeit":"2\u00a0Minuten"},"schema":{"@context":"https:\/\/schema.org","@graph":[{"@type":"WebPage","@id":"https:\/\/www.marbella.gr\/the-destinations\/parga\/private-yacht-cruises\/","url":"https:\/\/www.marbella.gr\/the-destinations\/parga\/private-yacht-cruises\/","name":"Private Yacht-Kreuzfahrten in Parga, Griechenland | Mar-Bella Collection","isPartOf":{"@id":"https:\/\/www.marbella.gr\/#website"},"primaryImageOfPage":{"@id":"https:\/\/www.marbella.gr\/the-destinations\/parga\/private-yacht-cruises\/#primaryimage"},"image":{"@id":"https:\/\/www.marbella.gr\/the-destinations\/parga\/private-yacht-cruises\/#primaryimage"},"thumbnailUrl":"https:\/\/www.marbella.gr\/app\/uploads\/2023\/05\/elix21-0663-1300x700-1.jpg","datePublished":"2023-05-29T06:53:36+00:00","dateModified":"2025-03-04T09:53:06+00:00","description":"Entdecken Sie das atemberaubende Ionische Meer: Gehen Sie an Bord unserer sorgf\u00e4ltig zusammengestellten privaten Yachtkreuzfahrten ab Parga, Griechenland und erleben Sie atemberaubende Landschaften.","breadcrumb":{"@id":"https:\/\/www.marbella.gr\/the-destinations\/parga\/private-yacht-cruises\/#breadcrumb"},"inLanguage":"de","potentialAction":[{"@type":"ReadAction","target":["https:\/\/www.marbella.gr\/the-destinations\/parga\/private-yacht-cruises\/"]}]},{"@type":"ImageObject","inLanguage":"de","@id":"https:\/\/www.marbella.gr\/the-destinations\/parga\/private-yacht-cruises\/#primaryimage","url":"https:\/\/www.marbella.gr\/app\/uploads\/2023\/05\/elix21-0663-1300x700-1.jpg","contentUrl":"https:\/\/www.marbella.gr\/app\/uploads\/2023\/05\/elix21-0663-1300x700-1.jpg","width":1300,"height":700,"caption":"Discover Mar-Bella Collection - 5 star hotels in Corfu, Parga Greece"},{"@type":"BreadcrumbList","@id":"https:\/\/www.marbella.gr\/the-destinations\/parga\/private-yacht-cruises\/#breadcrumb","itemListElement":[{"@type":"ListItem","position":1,"name":"Home","item":"https:\/\/www.marbella.gr\/"},{"@type":"ListItem","position":2,"name":"The Destinations","item":"https:\/\/www.marbella.gr\/the-destinations\/"},{"@type":"ListItem","position":3,"name":"Parga","item":"https:\/\/www.marbella.gr\/the-destinations\/parga\/"},{"@type":"ListItem","position":4,"name":"Private yacht cruises"}]},{"@type":"WebSite","@id":"https:\/\/www.marbella.gr\/#website","url":"https:\/\/www.marbella.gr\/","name":"MarBella","description":"Eine Familie von Hotels, die Sie mit dem wundersch\u00f6nen Ionischen Meer verbindet","publisher":{"@id":"https:\/\/www.marbella.gr\/#organization"},"alternateName":"MarBella","potentialAction":[{"@type":"SearchAction","target":{"@type":"EntryPoint","urlTemplate":"https:\/\/www.marbella.gr\/?s={search_term_string}"},"query-input":{"@type":"PropertyValueSpecification","valueRequired":true,"valueName":"search_term_string"}}],"inLanguage":"de"},{"@type":"Organization","@id":"https:\/\/www.marbella.gr\/#organization","name":"MarBella","url":"https:\/\/www.marbella.gr\/","logo":{"@type":"ImageObject","inLanguage":"de","@id":"https:\/\/www.marbella.gr\/#\/schema\/logo\/image\/","url":"https:\/\/www.marbella.gr\/app\/uploads\/2023\/06\/Marbella-collection.png","contentUrl":"https:\/\/www.marbella.gr\/app\/uploads\/2023\/06\/Marbella-collection.png","width":230,"height":75,"caption":"MarBella"},"image":{"@id":"https:\/\/www.marbella.gr\/#\/schema\/logo\/image\/"}}]}},"_links":{"self":[{"href":"https:\/\/www.marbella.gr\/de\/wp-json\/wp\/v2\/pages\/2528","targetHints":{"allow":["GET"]}}],"collection":[{"href":"https:\/\/www.marbella.gr\/de\/wp-json\/wp\/v2\/pages"}],"about":[{"href":"https:\/\/www.marbella.gr\/de\/wp-json\/wp\/v2\/types\/page"}],"author":[{"embeddable":true,"href":"https:\/\/www.marbella.gr\/de\/wp-json\/wp\/v2\/users\/11"}],"replies":[{"embeddable":true,"href":"https:\/\/www.marbella.gr\/de\/wp-json\/wp\/v2\/comments?post=2528"}],"version-history":[{"count":18,"href":"https:\/\/www.marbella.gr\/de\/wp-json\/wp\/v2\/pages\/2528\/revisions"}],"predecessor-version":[{"id":9833,"href":"https:\/\/www.marbella.gr\/de\/wp-json\/wp\/v2\/pages\/2528\/revisions\/9833"}],"up":[{"embeddable":true,"href":"https:\/\/www.marbella.gr\/de\/wp-json\/wp\/v2\/pages\/2276"}],"wp:featuredmedia":[{"embeddable":true,"href":"https:\/\/www.marbella.gr\/de\/wp-json\/wp\/v2\/media\/2989"}],"wp:attachment":[{"href":"https:\/\/www.marbella.gr\/de\/wp-json\/wp\/v2\/media?parent=2528"}],"curies":[{"name":"wp","href":"https:\/\/api.w.org\/{rel}","templated":true}]}}