{"id":3090,"date":"2023-06-02T08:46:13","date_gmt":"2023-06-02T08:46:13","guid":{"rendered":"https:\/\/www.marbella.gr\/partnerships-copy\/"},"modified":"2025-01-27T08:48:07","modified_gmt":"2025-01-27T08:48:07","slug":"refresh-your-body-and-mind","status":"publish","type":"page","link":"https:\/\/www.marbella.gr\/de\/partnerships\/refresh-your-body-and-mind\/","title":{"rendered":"Erfrischen Sie Ihren K\u00f6rper und Geist"},"content":{"rendered":"<p style=\"text-align: left;\">Wir sind der Meinung, dass Sie auch im Urlaub Zugang zu gro\u00dfartigen Fitness- und Wellnessangeboten haben sollten, damit Sie sich optimal erholen und mit voll aufgeladenen Batterien nach Hause zur\u00fcckkehren k\u00f6nnen. Gemeinsam mit der Sportagentur Oyogo starten wir eine neue Reihe von Pop-up-Fitnesswochen, die w\u00e4hrend der gesamten Sommersaison 2023 stattfinden und Ihnen ein spannendes Angebot an kostenlosen Wellness- und Fitnessveranstaltungen und -kursen bieten. Diese Programme sind die perfekte Erg\u00e4nzung zu unserem wundersch\u00f6nen Strandresort und werden Ihnen dabei helfen, am Ende Ihres Aufenthalts bei uns neue Kr\u00e4fte zu sammeln und sich wirklich erfrischt zu f\u00fchlen.<\/p>","protected":false},"excerpt":{"rendered":"<p>We believe that you should have access to great fitness and well-being while away on holiday so you can get the best rest and return back home with batteries fully charged. Together with Oyogo sports agency, we are launching a new series of pop-up fitness weeks taking place throughout the 2023 summer season to bring [&#8230;]<\/p>\n<p><a class=\"btn btn-secondary understrap-read-more-link\" href=\"https:\/\/www.marbella.gr\/de\/partnerships\/refresh-your-body-and-mind\/\">Read More&#8230;<span class=\"screen-reader-text\"> from Refresh your body and mind<\/span><\/a><\/p>\n","protected":false},"author":11,"featured_media":5669,"parent":1034,"menu_order":0,"comment_status":"closed","ping_status":"closed","template":"","meta":{"_acf_changed":false,"footnotes":""},"class_list":["post-3090","page","type-page","status-publish","has-post-thumbnail","hentry"],"acf":[],"yoast_head":"<!-- This site is optimized with the Yoast SEO plugin v27.5 - https:\/\/yoast.com\/product\/yoast-seo-wordpress\/ -->\n<title>Partnerships for refreshing body and mind | Mar-Bella Collection<\/title>\n<meta name=\"description\" content=\"The Summer 2023 partnerships at Mar-Bella Collection featured internationally renowned fitness instructor courses, designed to rejuvenate both body and mind.\" \/>\n<meta name=\"robots\" content=\"index, follow, max-snippet:-1, max-image-preview:large, max-video-preview:-1\" \/>\n<link rel=\"canonical\" href=\"https:\/\/www.marbella.gr\/de\/partnerships\/refresh-your-body-and-mind\/\" \/>\n<meta property=\"og:locale\" content=\"de_DE\" \/>\n<meta property=\"og:type\" content=\"article\" \/>\n<meta property=\"og:title\" content=\"Partnerships for refreshing body and mind | Mar-Bella Collection\" \/>\n<meta property=\"og:description\" content=\"The Summer 2023 partnerships at Mar-Bella Collection featured internationally renowned fitness instructor courses, designed to rejuvenate both body and mind.\" \/>\n<meta property=\"og:url\" content=\"https:\/\/www.marbella.gr\/de\/partnerships\/refresh-your-body-and-mind\/\" \/>\n<meta property=\"og:site_name\" content=\"Mar-Bella Collection\" \/>\n<meta property=\"article:modified_time\" content=\"2025-01-27T08:48:07+00:00\" \/>\n<meta property=\"og:image\" content=\"https:\/\/www.marbella.gr\/app\/uploads\/2023\/07\/oyogo.jpg\" \/>\n\t<meta property=\"og:image:width\" content=\"2000\" \/>\n\t<meta property=\"og:image:height\" content=\"1125\" \/>\n\t<meta property=\"og:image:type\" content=\"image\/jpeg\" \/>\n<meta name=\"twitter:card\" content=\"summary_large_image\" \/>\n<meta name=\"twitter:label1\" content=\"Gesch\u00e4tzte Lesezeit\" \/>\n\t<meta name=\"twitter:data1\" content=\"1\u00a0Minute\" \/>\n<!-- \/ Yoast SEO plugin. -->","yoast_head_json":{"title":"Partnerschaften zur Erfrischung von K\u00f6rper und Geist | Mar-Bella Collection","description":"Die Partnerschaften im Sommer 2023 in der Mar-Bella Collection boten Kurse f\u00fcr international anerkannte Fitnesstrainer an, um K\u00f6rper und Geist zu verj\u00fcngen.","robots":{"index":"index","follow":"follow","max-snippet":"max-snippet:-1","max-image-preview":"max-image-preview:large","max-video-preview":"max-video-preview:-1"},"canonical":"https:\/\/www.marbella.gr\/de\/partnerships\/refresh-your-body-and-mind\/","og_locale":"de_DE","og_type":"article","og_title":"Partnerships for refreshing body and mind | Mar-Bella Collection","og_description":"The Summer 2023 partnerships at Mar-Bella Collection featured internationally renowned fitness instructor courses, designed to rejuvenate both body and mind.","og_url":"https:\/\/www.marbella.gr\/de\/partnerships\/refresh-your-body-and-mind\/","og_site_name":"Mar-Bella Collection","article_modified_time":"2025-01-27T08:48:07+00:00","og_image":[{"width":2000,"height":1125,"url":"https:\/\/www.marbella.gr\/app\/uploads\/2023\/07\/oyogo.jpg","type":"image\/jpeg"}],"twitter_card":"summary_large_image","twitter_misc":{"Gesch\u00e4tzte Lesezeit":"1\u00a0Minute"},"schema":{"@context":"https:\/\/schema.org","@graph":[{"@type":"WebPage","@id":"https:\/\/www.marbella.gr\/partnerships\/refresh-your-body-and-mind\/","url":"https:\/\/www.marbella.gr\/partnerships\/refresh-your-body-and-mind\/","name":"Partnerschaften zur Erfrischung von K\u00f6rper und Geist | Mar-Bella Collection","isPartOf":{"@id":"https:\/\/www.marbella.gr\/#website"},"primaryImageOfPage":{"@id":"https:\/\/www.marbella.gr\/partnerships\/refresh-your-body-and-mind\/#primaryimage"},"image":{"@id":"https:\/\/www.marbella.gr\/partnerships\/refresh-your-body-and-mind\/#primaryimage"},"thumbnailUrl":"https:\/\/www.marbella.gr\/app\/uploads\/2023\/07\/oyogo.jpg","datePublished":"2023-06-02T08:46:13+00:00","dateModified":"2025-01-27T08:48:07+00:00","description":"Die Partnerschaften im Sommer 2023 in der Mar-Bella Collection boten Kurse f\u00fcr international anerkannte Fitnesstrainer an, um K\u00f6rper und Geist zu verj\u00fcngen.","breadcrumb":{"@id":"https:\/\/www.marbella.gr\/partnerships\/refresh-your-body-and-mind\/#breadcrumb"},"inLanguage":"de","potentialAction":[{"@type":"ReadAction","target":["https:\/\/www.marbella.gr\/partnerships\/refresh-your-body-and-mind\/"]}]},{"@type":"ImageObject","inLanguage":"de","@id":"https:\/\/www.marbella.gr\/partnerships\/refresh-your-body-and-mind\/#primaryimage","url":"https:\/\/www.marbella.gr\/app\/uploads\/2023\/07\/oyogo.jpg","contentUrl":"https:\/\/www.marbella.gr\/app\/uploads\/2023\/07\/oyogo.jpg","width":2000,"height":1125,"caption":"Discover Mar-Bella Collection - 5 star hotels in Corfu, Parga Greece"},{"@type":"BreadcrumbList","@id":"https:\/\/www.marbella.gr\/partnerships\/refresh-your-body-and-mind\/#breadcrumb","itemListElement":[{"@type":"ListItem","position":1,"name":"Home","item":"https:\/\/www.marbella.gr\/"},{"@type":"ListItem","position":2,"name":"Partnerships","item":"https:\/\/www.marbella.gr\/partnerships\/"},{"@type":"ListItem","position":3,"name":"Refresh your body and mind"}]},{"@type":"WebSite","@id":"https:\/\/www.marbella.gr\/#website","url":"https:\/\/www.marbella.gr\/","name":"MarBella","description":"Eine Familie von Hotels, die Sie mit dem wundersch\u00f6nen Ionischen Meer verbindet","publisher":{"@id":"https:\/\/www.marbella.gr\/#organization"},"alternateName":"MarBella","potentialAction":[{"@type":"SearchAction","target":{"@type":"EntryPoint","urlTemplate":"https:\/\/www.marbella.gr\/?s={search_term_string}"},"query-input":{"@type":"PropertyValueSpecification","valueRequired":true,"valueName":"search_term_string"}}],"inLanguage":"de"},{"@type":"Organization","@id":"https:\/\/www.marbella.gr\/#organization","name":"MarBella","url":"https:\/\/www.marbella.gr\/","logo":{"@type":"ImageObject","inLanguage":"de","@id":"https:\/\/www.marbella.gr\/#\/schema\/logo\/image\/","url":"https:\/\/www.marbella.gr\/app\/uploads\/2023\/06\/Marbella-collection.png","contentUrl":"https:\/\/www.marbella.gr\/app\/uploads\/2023\/06\/Marbella-collection.png","width":230,"height":75,"caption":"MarBella"},"image":{"@id":"https:\/\/www.marbella.gr\/#\/schema\/logo\/image\/"}}]}},"_links":{"self":[{"href":"https:\/\/www.marbella.gr\/de\/wp-json\/wp\/v2\/pages\/3090","targetHints":{"allow":["GET"]}}],"collection":[{"href":"https:\/\/www.marbella.gr\/de\/wp-json\/wp\/v2\/pages"}],"about":[{"href":"https:\/\/www.marbella.gr\/de\/wp-json\/wp\/v2\/types\/page"}],"author":[{"embeddable":true,"href":"https:\/\/www.marbella.gr\/de\/wp-json\/wp\/v2\/users\/11"}],"replies":[{"embeddable":true,"href":"https:\/\/www.marbella.gr\/de\/wp-json\/wp\/v2\/comments?post=3090"}],"version-history":[{"count":22,"href":"https:\/\/www.marbella.gr\/de\/wp-json\/wp\/v2\/pages\/3090\/revisions"}],"predecessor-version":[{"id":9238,"href":"https:\/\/www.marbella.gr\/de\/wp-json\/wp\/v2\/pages\/3090\/revisions\/9238"}],"up":[{"embeddable":true,"href":"https:\/\/www.marbella.gr\/de\/wp-json\/wp\/v2\/pages\/1034"}],"wp:featuredmedia":[{"embeddable":true,"href":"https:\/\/www.marbella.gr\/de\/wp-json\/wp\/v2\/media\/5669"}],"wp:attachment":[{"href":"https:\/\/www.marbella.gr\/de\/wp-json\/wp\/v2\/media?parent=3090"}],"curies":[{"name":"wp","href":"https:\/\/api.w.org\/{rel}","templated":true}]}}