{"id":3091,"date":"2023-06-02T08:46:37","date_gmt":"2023-06-02T08:46:37","guid":{"rendered":"https:\/\/www.marbella.gr\/partnerships-copy-copy\/"},"modified":"2025-01-27T08:42:28","modified_gmt":"2025-01-27T08:42:28","slug":"worldwide-kids","status":"publish","type":"page","link":"https:\/\/www.marbella.gr\/de\/partnerships\/worldwide-kids\/","title":{"rendered":"Worldwide Kids"},"content":{"rendered":"<p>Worldwide Kids ist einer der weltweit f\u00fchrenden Anbieter f\u00fcr die Entwicklung und Gestaltung von Kinderclubs. Sie glauben an die Schaffung spannender, einzigartiger Umgebungen, die f\u00fcr alle zug\u00e4nglich sind und in denen Kinder Spa\u00df haben und sich entfalten k\u00f6nnen.<\/p>\n<p>Sie sind leidenschaftlich bem\u00fcht, Kindern aller Altersgruppen die M\u00f6glichkeit zu geben, durch Aktivit\u00e4ten und Interaktionen zu erforschen, zu gestalten und sich zu entwickeln. Und die Sicherheit Ihrer Kinder steht bei allem, was sie tun, im Mittelpunkt, damit Eltern sicher sein k\u00f6nnen, dass sie in jedem unserer familienfreundlichen Hotels in den allerbesten H\u00e4nden sind.<\/p>\n<p>Mit ihrer fachkundigen Hilfe sind wir in der Lage, eine hervorragende Kinderbetreuung in unseren Kinderclubs im MarBella und Elix zu gew\u00e4hrleisten. Worldwide Kids hat auch eine gro\u00dfe Rolle bei der Neugestaltung unseres brandneuen, umweltfreundlichen Kinderclubs Grasshoppers im MarBella gespielt, der bei unseren kleinen G\u00e4sten und ihren Eltern sehr beliebt ist.<\/p>","protected":false},"excerpt":{"rendered":"<p>Worldwide Kids are one of the world\u2019s leading provider of kids\u2019 clubs concept development and design. They believe in creating exciting, unique environments accessible to all, where children can have fun and flourish. They are passionate in providing opportunities for children of all ages to explore, create and develop through activities and interactions. And the [&#8230;]<\/p>\n<p><a class=\"btn btn-secondary understrap-read-more-link\" href=\"https:\/\/www.marbella.gr\/de\/partnerships\/worldwide-kids\/\">Read More&#8230;<span class=\"screen-reader-text\"> from Worldwide Kids<\/span><\/a><\/p>\n","protected":false},"author":11,"featured_media":5216,"parent":1034,"menu_order":0,"comment_status":"closed","ping_status":"closed","template":"","meta":{"_acf_changed":false,"footnotes":""},"class_list":["post-3091","page","type-page","status-publish","has-post-thumbnail","hentry"],"acf":[],"yoast_head":"<!-- This site is optimized with the Yoast SEO plugin v27.5 - https:\/\/yoast.com\/product\/yoast-seo-wordpress\/ -->\n<title>Worldwide Kids for excellence in childcare | Mar-Bella Collection<\/title>\n<meta name=\"description\" content=\"At Mar-Bella Collection, our young guests have the time of their lives with Worldwide Kids, a leading international provider in childcare services for resorts.\" \/>\n<meta name=\"robots\" content=\"index, follow, max-snippet:-1, max-image-preview:large, max-video-preview:-1\" \/>\n<link rel=\"canonical\" href=\"https:\/\/www.marbella.gr\/de\/partnerships\/worldwide-kids\/\" \/>\n<meta property=\"og:locale\" content=\"de_DE\" \/>\n<meta property=\"og:type\" content=\"article\" \/>\n<meta property=\"og:title\" content=\"Worldwide Kids for excellence in childcare | Mar-Bella Collection\" \/>\n<meta property=\"og:description\" content=\"At Mar-Bella Collection, our young guests have the time of their lives with Worldwide Kids, a leading international provider in childcare services for resorts.\" \/>\n<meta property=\"og:url\" content=\"https:\/\/www.marbella.gr\/de\/partnerships\/worldwide-kids\/\" \/>\n<meta property=\"og:site_name\" content=\"Mar-Bella Collection\" \/>\n<meta property=\"article:modified_time\" content=\"2025-01-27T08:42:28+00:00\" \/>\n<meta property=\"og:image\" content=\"https:\/\/www.marbella.gr\/app\/uploads\/2023\/06\/marbella22-0621-scaled.jpg\" \/>\n\t<meta property=\"og:image:width\" content=\"2560\" \/>\n\t<meta property=\"og:image:height\" content=\"1708\" \/>\n\t<meta property=\"og:image:type\" content=\"image\/jpeg\" \/>\n<meta name=\"twitter:card\" content=\"summary_large_image\" \/>\n<meta name=\"twitter:label1\" content=\"Gesch\u00e4tzte Lesezeit\" \/>\n\t<meta name=\"twitter:data1\" content=\"1\u00a0Minute\" \/>\n<!-- \/ Yoast SEO plugin. -->","yoast_head_json":{"title":"Worldwide Kids f\u00fcr herausragende Leistungen in der Kinderbetreuung | Mar-Bella Collection","description":"In der Mar-Bella Collection haben unsere kleinen G\u00e4ste die Zeit ihres Lebens mit Worldwide Kids, einem f\u00fchrenden internationalen Anbieter von Kinderbetreuungsdiensten f\u00fcr Resorts.","robots":{"index":"index","follow":"follow","max-snippet":"max-snippet:-1","max-image-preview":"max-image-preview:large","max-video-preview":"max-video-preview:-1"},"canonical":"https:\/\/www.marbella.gr\/de\/partnerships\/worldwide-kids\/","og_locale":"de_DE","og_type":"article","og_title":"Worldwide Kids for excellence in childcare | Mar-Bella Collection","og_description":"At Mar-Bella Collection, our young guests have the time of their lives with Worldwide Kids, a leading international provider in childcare services for resorts.","og_url":"https:\/\/www.marbella.gr\/de\/partnerships\/worldwide-kids\/","og_site_name":"Mar-Bella Collection","article_modified_time":"2025-01-27T08:42:28+00:00","og_image":[{"width":2560,"height":1708,"url":"https:\/\/www.marbella.gr\/app\/uploads\/2023\/06\/marbella22-0621-scaled.jpg","type":"image\/jpeg"}],"twitter_card":"summary_large_image","twitter_misc":{"Gesch\u00e4tzte Lesezeit":"1\u00a0Minute"},"schema":{"@context":"https:\/\/schema.org","@graph":[{"@type":"WebPage","@id":"https:\/\/www.marbella.gr\/partnerships\/worldwide-kids\/","url":"https:\/\/www.marbella.gr\/partnerships\/worldwide-kids\/","name":"Worldwide Kids f\u00fcr herausragende Leistungen in der Kinderbetreuung | Mar-Bella Collection","isPartOf":{"@id":"https:\/\/www.marbella.gr\/#website"},"primaryImageOfPage":{"@id":"https:\/\/www.marbella.gr\/partnerships\/worldwide-kids\/#primaryimage"},"image":{"@id":"https:\/\/www.marbella.gr\/partnerships\/worldwide-kids\/#primaryimage"},"thumbnailUrl":"https:\/\/www.marbella.gr\/app\/uploads\/2023\/06\/marbella22-0621-scaled.jpg","datePublished":"2023-06-02T08:46:37+00:00","dateModified":"2025-01-27T08:42:28+00:00","description":"In der Mar-Bella Collection haben unsere kleinen G\u00e4ste die Zeit ihres Lebens mit Worldwide Kids, einem f\u00fchrenden internationalen Anbieter von Kinderbetreuungsdiensten f\u00fcr Resorts.","breadcrumb":{"@id":"https:\/\/www.marbella.gr\/partnerships\/worldwide-kids\/#breadcrumb"},"inLanguage":"de","potentialAction":[{"@type":"ReadAction","target":["https:\/\/www.marbella.gr\/partnerships\/worldwide-kids\/"]}]},{"@type":"ImageObject","inLanguage":"de","@id":"https:\/\/www.marbella.gr\/partnerships\/worldwide-kids\/#primaryimage","url":"https:\/\/www.marbella.gr\/app\/uploads\/2023\/06\/marbella22-0621-scaled.jpg","contentUrl":"https:\/\/www.marbella.gr\/app\/uploads\/2023\/06\/marbella22-0621-scaled.jpg","width":2560,"height":1708,"caption":"Discover Mar-Bella Collection - 5 star hotels in Corfu, Parga Greece"},{"@type":"BreadcrumbList","@id":"https:\/\/www.marbella.gr\/partnerships\/worldwide-kids\/#breadcrumb","itemListElement":[{"@type":"ListItem","position":1,"name":"Home","item":"https:\/\/www.marbella.gr\/"},{"@type":"ListItem","position":2,"name":"Partnerships","item":"https:\/\/www.marbella.gr\/partnerships\/"},{"@type":"ListItem","position":3,"name":"Worldwide Kids"}]},{"@type":"WebSite","@id":"https:\/\/www.marbella.gr\/#website","url":"https:\/\/www.marbella.gr\/","name":"MarBella","description":"Eine Familie von Hotels, die Sie mit dem wundersch\u00f6nen Ionischen Meer verbindet","publisher":{"@id":"https:\/\/www.marbella.gr\/#organization"},"alternateName":"MarBella","potentialAction":[{"@type":"SearchAction","target":{"@type":"EntryPoint","urlTemplate":"https:\/\/www.marbella.gr\/?s={search_term_string}"},"query-input":{"@type":"PropertyValueSpecification","valueRequired":true,"valueName":"search_term_string"}}],"inLanguage":"de"},{"@type":"Organization","@id":"https:\/\/www.marbella.gr\/#organization","name":"MarBella","url":"https:\/\/www.marbella.gr\/","logo":{"@type":"ImageObject","inLanguage":"de","@id":"https:\/\/www.marbella.gr\/#\/schema\/logo\/image\/","url":"https:\/\/www.marbella.gr\/app\/uploads\/2023\/06\/Marbella-collection.png","contentUrl":"https:\/\/www.marbella.gr\/app\/uploads\/2023\/06\/Marbella-collection.png","width":230,"height":75,"caption":"MarBella"},"image":{"@id":"https:\/\/www.marbella.gr\/#\/schema\/logo\/image\/"}}]}},"_links":{"self":[{"href":"https:\/\/www.marbella.gr\/de\/wp-json\/wp\/v2\/pages\/3091","targetHints":{"allow":["GET"]}}],"collection":[{"href":"https:\/\/www.marbella.gr\/de\/wp-json\/wp\/v2\/pages"}],"about":[{"href":"https:\/\/www.marbella.gr\/de\/wp-json\/wp\/v2\/types\/page"}],"author":[{"embeddable":true,"href":"https:\/\/www.marbella.gr\/de\/wp-json\/wp\/v2\/users\/11"}],"replies":[{"embeddable":true,"href":"https:\/\/www.marbella.gr\/de\/wp-json\/wp\/v2\/comments?post=3091"}],"version-history":[{"count":7,"href":"https:\/\/www.marbella.gr\/de\/wp-json\/wp\/v2\/pages\/3091\/revisions"}],"predecessor-version":[{"id":9235,"href":"https:\/\/www.marbella.gr\/de\/wp-json\/wp\/v2\/pages\/3091\/revisions\/9235"}],"up":[{"embeddable":true,"href":"https:\/\/www.marbella.gr\/de\/wp-json\/wp\/v2\/pages\/1034"}],"wp:featuredmedia":[{"embeddable":true,"href":"https:\/\/www.marbella.gr\/de\/wp-json\/wp\/v2\/media\/5216"}],"wp:attachment":[{"href":"https:\/\/www.marbella.gr\/de\/wp-json\/wp\/v2\/media?parent=3091"}],"curies":[{"name":"wp","href":"https:\/\/api.w.org\/{rel}","templated":true}]}}