{"id":3093,"date":"2023-06-02T08:46:39","date_gmt":"2023-06-02T08:46:39","guid":{"rendered":"https:\/\/www.marbella.gr\/partnerships-copy-copy-3\/"},"modified":"2025-01-27T08:49:18","modified_gmt":"2025-01-27T08:49:18","slug":"explore-the-outside","status":"publish","type":"page","link":"https:\/\/www.marbella.gr\/de\/partnerships\/explore-the-outside\/","title":{"rendered":"Erkunden Sie den Au\u00dfenbereich"},"content":{"rendered":"<p>Explore the Outside ist spezialisiert auf Abenteuer- und Sportaktivit\u00e4ten sowie auf entspannte Freizeiterlebnisse in der Natur. Indem sie ihr Wissen und ihre Erfahrungen mit anderen teilen, schaffen sie die unvergesslichsten und lohnendsten Ausfl\u00fcge f\u00fcr unsere G\u00e4ste in Elix, die die Gegend erkunden und vollst\u00e4ndig erleben m\u00f6chten.<\/p>\n<p>Sie verf\u00fcgen \u00fcber un\u00fcbertroffene Ortskenntnisse, so dass unsere G\u00e4ste sich darauf freuen k\u00f6nnen, einige der bestgeh\u00fcteten Geheimnisse der Region zu entdecken. Explore the Outside bietet einzigartige Routen, professionelle F\u00fchrer und hochwertige Ausr\u00fcstung.<\/p>\n<p>Aus diesem Grund k\u00f6nnen sie unseren G\u00e4sten unvergleichliche Bootsausfl\u00fcge und Kreuzfahrten rund um Korfu, Sivota, Parga und Paxos\/Antipaxos anbieten - damit die G\u00e4ste versteckte Str\u00e4nde, malerische Buchten und Griechenland von seiner sch\u00f6nsten Seite erleben k\u00f6nnen. Sie bieten auch eine ganze Reihe von Wassersportarten sowie organisierte und gef\u00fchrte Wander- und Fahrradtouren an.<\/p>","protected":false},"excerpt":{"rendered":"<p>Explore the Outside specialize in adventure and sports activities as well as more relaxed outdoor leisure experiences. By sharing their knowledge and insights they create the most memorable and rewarding trips for our guests at Elix that want to explore and fully experience the local area. They come armed with unmatched local knowledge, so our [&#8230;]<\/p>\n<p><a class=\"btn btn-secondary understrap-read-more-link\" href=\"https:\/\/www.marbella.gr\/de\/partnerships\/explore-the-outside\/\">Read More&#8230;<span class=\"screen-reader-text\"> from Explore the outside<\/span><\/a><\/p>\n","protected":false},"author":11,"featured_media":5389,"parent":1034,"menu_order":0,"comment_status":"closed","ping_status":"closed","template":"","meta":{"_acf_changed":false,"footnotes":""},"class_list":["post-3093","page","type-page","status-publish","has-post-thumbnail","hentry"],"acf":[],"yoast_head":"<!-- This site is optimized with the Yoast SEO plugin v27.4 - https:\/\/yoast.com\/product\/yoast-seo-wordpress\/ -->\n<title>Discover adventure with Explore the Outside | Mar-Bella Collection<\/title>\n<meta name=\"description\" content=\"Explore the Outside: Specialists in thrilling adventures and leisure experiences, creating unforgettable trips for Elix guests to experience the local area.\" \/>\n<meta name=\"robots\" content=\"index, follow, max-snippet:-1, max-image-preview:large, max-video-preview:-1\" \/>\n<link rel=\"canonical\" href=\"https:\/\/www.marbella.gr\/de\/partnerships\/explore-the-outside\/\" \/>\n<meta property=\"og:locale\" content=\"de_DE\" \/>\n<meta property=\"og:type\" content=\"article\" \/>\n<meta property=\"og:title\" content=\"Discover adventure with Explore the Outside | Mar-Bella Collection\" \/>\n<meta property=\"og:description\" content=\"Explore the Outside: Specialists in thrilling adventures and leisure experiences, creating unforgettable trips for Elix guests to experience the local area.\" \/>\n<meta property=\"og:url\" content=\"https:\/\/www.marbella.gr\/de\/partnerships\/explore-the-outside\/\" \/>\n<meta property=\"og:site_name\" content=\"Mar-Bella Collection\" \/>\n<meta property=\"article:modified_time\" content=\"2025-01-27T08:49:18+00:00\" \/>\n<meta property=\"og:image\" content=\"https:\/\/www.marbella.gr\/app\/uploads\/2023\/07\/2022_10-Marbella_Day-01-3065_v1_CMYK.jpg\" \/>\n\t<meta property=\"og:image:width\" content=\"1920\" \/>\n\t<meta property=\"og:image:height\" content=\"1281\" \/>\n\t<meta property=\"og:image:type\" content=\"image\/jpeg\" \/>\n<meta name=\"twitter:card\" content=\"summary_large_image\" \/>\n<meta name=\"twitter:label1\" content=\"Gesch\u00e4tzte Lesezeit\" \/>\n\t<meta name=\"twitter:data1\" content=\"1\u00a0Minute\" \/>\n<!-- \/ Yoast SEO plugin. -->","yoast_head_json":{"title":"Entdecken Sie das Abenteuer mit Explore the Outside | Mar-Bella Collection","description":"Erkunden Sie die Umgebung: Spezialisten f\u00fcr aufregende Abenteuer und Freizeiterlebnisse, die den Elix-G\u00e4sten unvergessliche Ausfl\u00fcge in die n\u00e4here Umgebung erm\u00f6glichen.","robots":{"index":"index","follow":"follow","max-snippet":"max-snippet:-1","max-image-preview":"max-image-preview:large","max-video-preview":"max-video-preview:-1"},"canonical":"https:\/\/www.marbella.gr\/de\/partnerships\/explore-the-outside\/","og_locale":"de_DE","og_type":"article","og_title":"Discover adventure with Explore the Outside | Mar-Bella Collection","og_description":"Explore the Outside: Specialists in thrilling adventures and leisure experiences, creating unforgettable trips for Elix guests to experience the local area.","og_url":"https:\/\/www.marbella.gr\/de\/partnerships\/explore-the-outside\/","og_site_name":"Mar-Bella Collection","article_modified_time":"2025-01-27T08:49:18+00:00","og_image":[{"width":1920,"height":1281,"url":"https:\/\/www.marbella.gr\/app\/uploads\/2023\/07\/2022_10-Marbella_Day-01-3065_v1_CMYK.jpg","type":"image\/jpeg"}],"twitter_card":"summary_large_image","twitter_misc":{"Gesch\u00e4tzte Lesezeit":"1\u00a0Minute"},"schema":{"@context":"https:\/\/schema.org","@graph":[{"@type":"WebPage","@id":"https:\/\/www.marbella.gr\/partnerships\/explore-the-outside\/","url":"https:\/\/www.marbella.gr\/partnerships\/explore-the-outside\/","name":"Entdecken Sie das Abenteuer mit Explore the Outside | Mar-Bella Collection","isPartOf":{"@id":"https:\/\/www.marbella.gr\/#website"},"primaryImageOfPage":{"@id":"https:\/\/www.marbella.gr\/partnerships\/explore-the-outside\/#primaryimage"},"image":{"@id":"https:\/\/www.marbella.gr\/partnerships\/explore-the-outside\/#primaryimage"},"thumbnailUrl":"https:\/\/www.marbella.gr\/app\/uploads\/2023\/07\/2022_10-Marbella_Day-01-3065_v1_CMYK.jpg","datePublished":"2023-06-02T08:46:39+00:00","dateModified":"2025-01-27T08:49:18+00:00","description":"Erkunden Sie die Umgebung: Spezialisten f\u00fcr aufregende Abenteuer und Freizeiterlebnisse, die den Elix-G\u00e4sten unvergessliche Ausfl\u00fcge in die n\u00e4here Umgebung erm\u00f6glichen.","breadcrumb":{"@id":"https:\/\/www.marbella.gr\/partnerships\/explore-the-outside\/#breadcrumb"},"inLanguage":"de","potentialAction":[{"@type":"ReadAction","target":["https:\/\/www.marbella.gr\/partnerships\/explore-the-outside\/"]}]},{"@type":"ImageObject","inLanguage":"de","@id":"https:\/\/www.marbella.gr\/partnerships\/explore-the-outside\/#primaryimage","url":"https:\/\/www.marbella.gr\/app\/uploads\/2023\/07\/2022_10-Marbella_Day-01-3065_v1_CMYK.jpg","contentUrl":"https:\/\/www.marbella.gr\/app\/uploads\/2023\/07\/2022_10-Marbella_Day-01-3065_v1_CMYK.jpg","width":1920,"height":1281,"caption":"Discover Mar-Bella Collection - 5 star hotels in Corfu, Parga Greece"},{"@type":"BreadcrumbList","@id":"https:\/\/www.marbella.gr\/partnerships\/explore-the-outside\/#breadcrumb","itemListElement":[{"@type":"ListItem","position":1,"name":"Home","item":"https:\/\/www.marbella.gr\/"},{"@type":"ListItem","position":2,"name":"Partnerships","item":"https:\/\/www.marbella.gr\/partnerships\/"},{"@type":"ListItem","position":3,"name":"Explore the outside"}]},{"@type":"WebSite","@id":"https:\/\/www.marbella.gr\/#website","url":"https:\/\/www.marbella.gr\/","name":"MarBella","description":"Eine Familie von Hotels, die Sie mit dem wundersch\u00f6nen Ionischen Meer verbindet","publisher":{"@id":"https:\/\/www.marbella.gr\/#organization"},"alternateName":"MarBella","potentialAction":[{"@type":"SearchAction","target":{"@type":"EntryPoint","urlTemplate":"https:\/\/www.marbella.gr\/?s={search_term_string}"},"query-input":{"@type":"PropertyValueSpecification","valueRequired":true,"valueName":"search_term_string"}}],"inLanguage":"de"},{"@type":"Organization","@id":"https:\/\/www.marbella.gr\/#organization","name":"MarBella","url":"https:\/\/www.marbella.gr\/","logo":{"@type":"ImageObject","inLanguage":"de","@id":"https:\/\/www.marbella.gr\/#\/schema\/logo\/image\/","url":"https:\/\/www.marbella.gr\/app\/uploads\/2023\/06\/Marbella-collection.png","contentUrl":"https:\/\/www.marbella.gr\/app\/uploads\/2023\/06\/Marbella-collection.png","width":230,"height":75,"caption":"MarBella"},"image":{"@id":"https:\/\/www.marbella.gr\/#\/schema\/logo\/image\/"}}]}},"_links":{"self":[{"href":"https:\/\/www.marbella.gr\/de\/wp-json\/wp\/v2\/pages\/3093","targetHints":{"allow":["GET"]}}],"collection":[{"href":"https:\/\/www.marbella.gr\/de\/wp-json\/wp\/v2\/pages"}],"about":[{"href":"https:\/\/www.marbella.gr\/de\/wp-json\/wp\/v2\/types\/page"}],"author":[{"embeddable":true,"href":"https:\/\/www.marbella.gr\/de\/wp-json\/wp\/v2\/users\/11"}],"replies":[{"embeddable":true,"href":"https:\/\/www.marbella.gr\/de\/wp-json\/wp\/v2\/comments?post=3093"}],"version-history":[{"count":7,"href":"https:\/\/www.marbella.gr\/de\/wp-json\/wp\/v2\/pages\/3093\/revisions"}],"predecessor-version":[{"id":9240,"href":"https:\/\/www.marbella.gr\/de\/wp-json\/wp\/v2\/pages\/3093\/revisions\/9240"}],"up":[{"embeddable":true,"href":"https:\/\/www.marbella.gr\/de\/wp-json\/wp\/v2\/pages\/1034"}],"wp:featuredmedia":[{"embeddable":true,"href":"https:\/\/www.marbella.gr\/de\/wp-json\/wp\/v2\/media\/5389"}],"wp:attachment":[{"href":"https:\/\/www.marbella.gr\/de\/wp-json\/wp\/v2\/media?parent=3093"}],"curies":[{"name":"wp","href":"https:\/\/api.w.org\/{rel}","templated":true}]}}