{"id":3125,"date":"2023-06-02T09:24:38","date_gmt":"2023-06-02T09:24:38","guid":{"rendered":"https:\/\/www.marbella.gr\/sustainability-copy-2\/"},"modified":"2024-01-19T16:44:41","modified_gmt":"2024-01-19T16:44:41","slug":"environmental-activities","status":"publish","type":"page","link":"https:\/\/www.marbella.gr\/de\/sustainability\/environmental-activities\/","title":{"rendered":"Umweltaktivit\u00e4ten"},"content":{"rendered":"<p style=\"text-align: left;\">In allen unseren Hotels finden eine Reihe von umweltorientierten Aktivit\u00e4ten statt:<\/p>\n<ul>\n<li style=\"text-align: left;\"><strong>\u00d6kologisch ausgerichtete Bildungsaktivit\u00e4ten<\/strong>\u00a0f\u00fcr unsere j\u00fcngeren G\u00e4ste im Rahmen unserer Kinderclubs, die von Worldwide Kids betrieben werden, um Kindern den Kontakt zur Natur zu vermitteln. Dazu geh\u00f6ren M\u00fcllsammeln am Strand, Sicherheitsseminare durch unsere Rettungsschwimmer, Basteln mit wiederverwertbaren Materialien und vieles mehr.<\/li>\n<li style=\"text-align: left;\"><strong>Die mobile App der Mar-Bella-Kollektion<\/strong>\u00a0bietet viele Ideen, um die nat\u00fcrliche Sch\u00f6nheit unserer Umgebung zu erkunden, und ermutigt die G\u00e4ste, nahe gelegene traditionelle D\u00f6rfer, Str\u00e4nde und Orte von historischer, kultureller und \u00f6kologischer Bedeutung zu entdecken.<\/li>\n<li style=\"text-align: left;\"><strong>Wassersportaktivit\u00e4ten wie Kanufahren, Stand Up Paddleboarding und Tauchen oder Schnorcheln\u00a0<\/strong>bieten den G\u00e4sten die M\u00f6glichkeit, die Unterwassersch\u00e4tze von Poseidonia bei MarBella und Nido zu besichtigen und den gesamten Meeresreichtum des Ionischen Meeres zu genie\u00dfen.<\/li>\n<li style=\"text-align: left;\"><strong>Traditionelle Kaikis und Jachtservices<\/strong>\u00a0bieten Zugang zu den nahe gelegenen Str\u00e4nden und erm\u00f6glichen es den G\u00e4sten, die nat\u00fcrliche Sch\u00f6nheit der umliegenden K\u00fcste zu erkunden.<\/li>\n<li style=\"text-align: left;\"><strong>Wanderaktivit\u00e4ten und Lauftreffs<\/strong>\u00a0sind regelm\u00e4\u00dfig in Betrieb und laden die G\u00e4ste ein, mit der Natur in Kontakt zu kommen.<\/li>\n<li style=\"text-align: left;\"><strong>Einfacher Zugang zum Fahrradverleih<\/strong>\u00a0erm\u00f6glicht es den G\u00e4sten, nahegelegene D\u00f6rfer zu besuchen und sich mit der lokalen Kultur und den Br\u00e4uchen vertraut zu machen.<\/li>\n<\/ul>","protected":false},"excerpt":{"rendered":"<p>A range of Environmental oriented activities take place in all of our hotels: Eco-focused educational activities\u00a0for our younger guests as part of our Kids Clubs offering operated by Worldwide Kids to help children connect with nature. These include collecting waste from the beach, safety seminars by our lifeguards, arts &amp; crafts using recyclable materials and [&#8230;]<\/p>\n<p><a class=\"btn btn-secondary understrap-read-more-link\" href=\"https:\/\/www.marbella.gr\/de\/sustainability\/environmental-activities\/\">Read More&#8230;<span class=\"screen-reader-text\"> from Environmental Activities<\/span><\/a><\/p>\n","protected":false},"author":11,"featured_media":3150,"parent":1036,"menu_order":0,"comment_status":"closed","ping_status":"closed","template":"","meta":{"_acf_changed":false,"footnotes":""},"class_list":["post-3125","page","type-page","status-publish","has-post-thumbnail","hentry"],"acf":[],"yoast_head":"<!-- This site is optimized with the Yoast SEO plugin v27.4 - https:\/\/yoast.com\/product\/yoast-seo-wordpress\/ -->\n<title>Enviromental, Eco- friendly Activities | Mar-Bella Collection<\/title>\n<meta name=\"description\" content=\"Engage in eco-friendly activities at our hotels, from Kids Club environmental education to water sports, hiking, and bike rentals.\" \/>\n<meta name=\"robots\" content=\"index, follow, max-snippet:-1, max-image-preview:large, max-video-preview:-1\" \/>\n<link rel=\"canonical\" href=\"https:\/\/www.marbella.gr\/de\/sustainability\/environmental-activities\/\" \/>\n<meta property=\"og:locale\" content=\"de_DE\" \/>\n<meta property=\"og:type\" content=\"article\" \/>\n<meta property=\"og:title\" content=\"Enviromental, Eco- friendly Activities | Mar-Bella Collection\" \/>\n<meta property=\"og:description\" content=\"Engage in eco-friendly activities at our hotels, from Kids Club environmental education to water sports, hiking, and bike rentals.\" \/>\n<meta property=\"og:url\" content=\"https:\/\/www.marbella.gr\/de\/sustainability\/environmental-activities\/\" \/>\n<meta property=\"og:site_name\" content=\"Mar-Bella Collection\" \/>\n<meta property=\"article:modified_time\" content=\"2024-01-19T16:44:41+00:00\" \/>\n<meta property=\"og:image\" content=\"https:\/\/www.marbella.gr\/app\/uploads\/2023\/06\/bike-1-1300x700-1.jpg\" \/>\n\t<meta property=\"og:image:width\" content=\"1300\" \/>\n\t<meta property=\"og:image:height\" content=\"700\" \/>\n\t<meta property=\"og:image:type\" content=\"image\/jpeg\" \/>\n<meta name=\"twitter:card\" content=\"summary_large_image\" \/>\n<meta name=\"twitter:label1\" content=\"Gesch\u00e4tzte Lesezeit\" \/>\n\t<meta name=\"twitter:data1\" content=\"2\u00a0Minuten\" \/>\n<!-- \/ Yoast SEO plugin. -->","yoast_head_json":{"title":"Umweltfreundliche, \u00f6kologische Aktivit\u00e4ten | Mar-Bella Collection","description":"Nehmen Sie an umweltfreundlichen Aktivit\u00e4ten in unseren Hotels teil, von der Umwelterziehung im Kids Club bis hin zu Wassersport, Wandern und Fahrradverleih.","robots":{"index":"index","follow":"follow","max-snippet":"max-snippet:-1","max-image-preview":"max-image-preview:large","max-video-preview":"max-video-preview:-1"},"canonical":"https:\/\/www.marbella.gr\/de\/sustainability\/environmental-activities\/","og_locale":"de_DE","og_type":"article","og_title":"Enviromental, Eco- friendly Activities | Mar-Bella Collection","og_description":"Engage in eco-friendly activities at our hotels, from Kids Club environmental education to water sports, hiking, and bike rentals.","og_url":"https:\/\/www.marbella.gr\/de\/sustainability\/environmental-activities\/","og_site_name":"Mar-Bella Collection","article_modified_time":"2024-01-19T16:44:41+00:00","og_image":[{"width":1300,"height":700,"url":"https:\/\/www.marbella.gr\/app\/uploads\/2023\/06\/bike-1-1300x700-1.jpg","type":"image\/jpeg"}],"twitter_card":"summary_large_image","twitter_misc":{"Gesch\u00e4tzte Lesezeit":"2\u00a0Minuten"},"schema":{"@context":"https:\/\/schema.org","@graph":[{"@type":"WebPage","@id":"https:\/\/www.marbella.gr\/sustainability\/environmental-activities\/","url":"https:\/\/www.marbella.gr\/sustainability\/environmental-activities\/","name":"Umweltfreundliche, \u00f6kologische Aktivit\u00e4ten | Mar-Bella Collection","isPartOf":{"@id":"https:\/\/www.marbella.gr\/#website"},"primaryImageOfPage":{"@id":"https:\/\/www.marbella.gr\/sustainability\/environmental-activities\/#primaryimage"},"image":{"@id":"https:\/\/www.marbella.gr\/sustainability\/environmental-activities\/#primaryimage"},"thumbnailUrl":"https:\/\/www.marbella.gr\/app\/uploads\/2023\/06\/bike-1-1300x700-1.jpg","datePublished":"2023-06-02T09:24:38+00:00","dateModified":"2024-01-19T16:44:41+00:00","description":"Nehmen Sie an umweltfreundlichen Aktivit\u00e4ten in unseren Hotels teil, von der Umwelterziehung im Kids Club bis hin zu Wassersport, Wandern und Fahrradverleih.","breadcrumb":{"@id":"https:\/\/www.marbella.gr\/sustainability\/environmental-activities\/#breadcrumb"},"inLanguage":"de","potentialAction":[{"@type":"ReadAction","target":["https:\/\/www.marbella.gr\/sustainability\/environmental-activities\/"]}]},{"@type":"ImageObject","inLanguage":"de","@id":"https:\/\/www.marbella.gr\/sustainability\/environmental-activities\/#primaryimage","url":"https:\/\/www.marbella.gr\/app\/uploads\/2023\/06\/bike-1-1300x700-1.jpg","contentUrl":"https:\/\/www.marbella.gr\/app\/uploads\/2023\/06\/bike-1-1300x700-1.jpg","width":1300,"height":700,"caption":"Discover Mar-Bella Collection - 5 star hotels in Corfu, Parga Greece"},{"@type":"BreadcrumbList","@id":"https:\/\/www.marbella.gr\/sustainability\/environmental-activities\/#breadcrumb","itemListElement":[{"@type":"ListItem","position":1,"name":"Home","item":"https:\/\/www.marbella.gr\/"},{"@type":"ListItem","position":2,"name":"Environmental &#038; Social Responsibility","item":"https:\/\/www.marbella.gr\/sustainability\/"},{"@type":"ListItem","position":3,"name":"Environmental Activities"}]},{"@type":"WebSite","@id":"https:\/\/www.marbella.gr\/#website","url":"https:\/\/www.marbella.gr\/","name":"MarBella","description":"Eine Familie von Hotels, die Sie mit dem wundersch\u00f6nen Ionischen Meer verbindet","publisher":{"@id":"https:\/\/www.marbella.gr\/#organization"},"alternateName":"MarBella","potentialAction":[{"@type":"SearchAction","target":{"@type":"EntryPoint","urlTemplate":"https:\/\/www.marbella.gr\/?s={search_term_string}"},"query-input":{"@type":"PropertyValueSpecification","valueRequired":true,"valueName":"search_term_string"}}],"inLanguage":"de"},{"@type":"Organization","@id":"https:\/\/www.marbella.gr\/#organization","name":"MarBella","url":"https:\/\/www.marbella.gr\/","logo":{"@type":"ImageObject","inLanguage":"de","@id":"https:\/\/www.marbella.gr\/#\/schema\/logo\/image\/","url":"https:\/\/www.marbella.gr\/app\/uploads\/2023\/06\/Marbella-collection.png","contentUrl":"https:\/\/www.marbella.gr\/app\/uploads\/2023\/06\/Marbella-collection.png","width":230,"height":75,"caption":"MarBella"},"image":{"@id":"https:\/\/www.marbella.gr\/#\/schema\/logo\/image\/"}}]}},"_links":{"self":[{"href":"https:\/\/www.marbella.gr\/de\/wp-json\/wp\/v2\/pages\/3125","targetHints":{"allow":["GET"]}}],"collection":[{"href":"https:\/\/www.marbella.gr\/de\/wp-json\/wp\/v2\/pages"}],"about":[{"href":"https:\/\/www.marbella.gr\/de\/wp-json\/wp\/v2\/types\/page"}],"author":[{"embeddable":true,"href":"https:\/\/www.marbella.gr\/de\/wp-json\/wp\/v2\/users\/11"}],"replies":[{"embeddable":true,"href":"https:\/\/www.marbella.gr\/de\/wp-json\/wp\/v2\/comments?post=3125"}],"version-history":[{"count":7,"href":"https:\/\/www.marbella.gr\/de\/wp-json\/wp\/v2\/pages\/3125\/revisions"}],"predecessor-version":[{"id":5184,"href":"https:\/\/www.marbella.gr\/de\/wp-json\/wp\/v2\/pages\/3125\/revisions\/5184"}],"up":[{"embeddable":true,"href":"https:\/\/www.marbella.gr\/de\/wp-json\/wp\/v2\/pages\/1036"}],"wp:featuredmedia":[{"embeddable":true,"href":"https:\/\/www.marbella.gr\/de\/wp-json\/wp\/v2\/media\/3150"}],"wp:attachment":[{"href":"https:\/\/www.marbella.gr\/de\/wp-json\/wp\/v2\/media?parent=3125"}],"curies":[{"name":"wp","href":"https:\/\/api.w.org\/{rel}","templated":true}]}}