{"id":3220,"date":"2023-06-02T14:22:00","date_gmt":"2023-06-02T14:22:00","guid":{"rendered":"https:\/\/www.marbella.gr\/?page_id=3220"},"modified":"2025-09-19T12:29:45","modified_gmt":"2025-09-19T09:29:45","slug":"signature-life","status":"publish","type":"page","link":"https:\/\/www.marbella.gr\/de\/hotels\/marbella-corfu\/signature-life\/","title":{"rendered":"Unterschrift Leben Korfu"},"content":{"rendered":"<p style=\"text-align: left;\">Manchmal m\u00f6chte man einfach etwas ganz Besonderes erleben. Als Signature Life-Gast im MarBella k\u00f6nnen Sie diese kleinen luxuri\u00f6sen Details und den erweiterten Service genie\u00dfen, die Ihr Erlebnis auf ein noch h\u00f6heres Niveau heben. Sie k\u00f6nnen die Vorteile von Signature Life genie\u00dfen, wenn Sie buchen <span data-teams=\"true\"><strong>in einer unserer Junior-Suiten oder h\u00f6her<\/strong> Zimmertyp im MarBella f\u00fcr 7 N\u00e4chte oder mehr.<\/span><\/p>\n<ul style=\"font-weight: 400;\">\n<li data-charcodes=\"8226\" data-font=\"Arial,Sans-Serif\" data-buautonum=\"8\" data-margin=\"270\" data-aria-posinset=\"1\" data-aria-level=\"1\"><span data-scheme-color=\"@002FB3,,\" data-usefontface=\"true\" data-contrast=\"none\">Kostenloses fr\u00fches Einchecken \/ sp\u00e4tes Auschecken (je nach <\/span><span data-scheme-color=\"@002FB3,,\" data-usefontface=\"true\" data-contrast=\"none\">Verf\u00fcgbarkeit)<\/span>\u200b<\/li>\n<li data-charcodes=\"8226\" data-font=\"Arial,Sans-Serif\" data-buautonum=\"8\" data-margin=\"270\" data-aria-posinset=\"3\" data-aria-level=\"1\"><span data-scheme-color=\"@002FB3,,\" data-usefontface=\"true\" data-contrast=\"none\">Premium-Willkommensgru\u00df in der Suite<\/span>\u200b<\/li>\n<li data-charcodes=\"8226\" data-font=\"Arial,Sans-Serif\" data-buautonum=\"8\" data-margin=\"270\" data-aria-posinset=\"5\" data-aria-level=\"1\"><span data-scheme-color=\"@002FB3,,\" data-usefontface=\"true\" data-contrast=\"none\">Men\u00fc Kissenauswahl<\/span>\u200b<\/li>\n<li data-charcodes=\"8226\" data-font=\"Arial,Sans-Serif\" data-buautonum=\"8\" data-margin=\"270\" data-aria-posinset=\"7\" data-aria-level=\"1\"><span data-scheme-color=\"@002FB3,,\" data-usefontface=\"true\" data-contrast=\"none\">T\u00e4glicher Turndown-Service<\/span>\u200b<\/li>\n<li data-charcodes=\"8226\" data-font=\"Arial,Sans-Serif\" data-buautonum=\"8\" data-margin=\"270\" data-aria-posinset=\"9\" data-aria-level=\"1\"><span data-scheme-color=\"@002FB3,,\" data-usefontface=\"true\" data-contrast=\"none\">Kostenlose Strandtasche mit Markenzeichen<\/span>\u200b<\/li>\n<li data-charcodes=\"8226\" data-font=\"Arial,Sans-Serif\" data-buautonum=\"8\" data-margin=\"270\" data-aria-posinset=\"11\" data-aria-level=\"1\"><span data-scheme-color=\"@002FB3,,\" data-usefontface=\"true\" data-contrast=\"none\">Kostenlose Geschenke f\u00fcr Kinder<\/span>\u200b<\/li>\n<\/ul>\n<p><em>Signature Life-G\u00e4ste werden weiterhin ermutigt, sich f\u00fcr das MC Rewards-Treueprogramm anzumelden, um Mitgliedschaftspunkte zu sammeln und bei zuk\u00fcnftigen Aufenthalten in einem der Hotels der Mar-Bella Collection von den Vorteilen des Programms zu profitieren. <\/em><\/p>","protected":false},"excerpt":{"rendered":"<p>Sometimes you just want things to be extra special. Being a Signature Life guest at MarBella means you can enjoy those little touches of luxury and enhanced service that elevate your experience to an even higher level. You can enjoy Signature life benefits when you book in one of our Junior Suites or higher room [&#8230;]<\/p>\n<p><a class=\"btn btn-secondary understrap-read-more-link\" href=\"https:\/\/www.marbella.gr\/de\/hotels\/marbella-corfu\/signature-life\/\">Read More&#8230;<span class=\"screen-reader-text\"> from Signature Life Corfu<\/span><\/a><\/p>\n","protected":false},"author":5,"featured_media":0,"parent":797,"menu_order":0,"comment_status":"closed","ping_status":"closed","template":"","meta":{"_acf_changed":false,"footnotes":""},"class_list":["post-3220","page","type-page","status-publish","hentry"],"acf":[],"yoast_head":"<!-- This site is optimized with the Yoast SEO plugin v27.2 - https:\/\/yoast.com\/product\/yoast-seo-wordpress\/ -->\n<title>Signature Life services for exclusive Corfu stays | MarBella<\/title>\n<meta name=\"description\" content=\"At MarBella you can upgrade your holiday in Corfu with Signature Life services, benefits &amp; perks for added comfort, convenience and pampering.\" \/>\n<meta name=\"robots\" content=\"index, follow, max-snippet:-1, max-image-preview:large, max-video-preview:-1\" \/>\n<link rel=\"canonical\" href=\"https:\/\/www.marbella.gr\/de\/hotels\/marbella-corfu\/signature-life\/\" \/>\n<meta property=\"og:locale\" content=\"de_DE\" \/>\n<meta property=\"og:type\" content=\"article\" \/>\n<meta property=\"og:title\" content=\"Signature Life services for exclusive Corfu stays | MarBella\" \/>\n<meta property=\"og:description\" content=\"At MarBella you can upgrade your holiday in Corfu with Signature Life services, benefits &amp; perks for added comfort, convenience and pampering.\" \/>\n<meta property=\"og:url\" content=\"https:\/\/www.marbella.gr\/de\/hotels\/marbella-corfu\/signature-life\/\" \/>\n<meta property=\"og:site_name\" content=\"Mar-Bella Collection\" \/>\n<meta property=\"article:modified_time\" content=\"2025-09-19T09:29:45+00:00\" \/>\n<meta property=\"og:image\" content=\"https:\/\/www.marbella.gr\/app\/uploads\/2024\/05\/Elix_Water-Sports-2-scaled.jpg\" \/>\n\t<meta property=\"og:image:width\" content=\"2560\" \/>\n\t<meta property=\"og:image:height\" content=\"1705\" \/>\n\t<meta property=\"og:image:type\" content=\"image\/jpeg\" \/>\n<meta name=\"twitter:card\" content=\"summary_large_image\" \/>\n<meta name=\"twitter:label1\" content=\"Gesch\u00e4tzte Lesezeit\" \/>\n\t<meta name=\"twitter:data1\" content=\"1\u00a0Minute\" \/>\n<!-- \/ Yoast SEO plugin. -->","yoast_head_json":{"title":"Signature Life Dienstleistungen f\u00fcr exklusive Aufenthalte auf Korfu | MarBella","description":"Im MarBella k\u00f6nnen Sie Ihren Urlaub auf Korfu mit den Signature Life Services, Vorteilen und Verg\u00fcnstigungen aufwerten, die f\u00fcr zus\u00e4tzlichen Komfort, Bequemlichkeit und Verw\u00f6hnung sorgen.","robots":{"index":"index","follow":"follow","max-snippet":"max-snippet:-1","max-image-preview":"max-image-preview:large","max-video-preview":"max-video-preview:-1"},"canonical":"https:\/\/www.marbella.gr\/de\/hotels\/marbella-corfu\/signature-life\/","og_locale":"de_DE","og_type":"article","og_title":"Signature Life services for exclusive Corfu stays | MarBella","og_description":"At MarBella you can upgrade your holiday in Corfu with Signature Life services, benefits & perks for added comfort, convenience and pampering.","og_url":"https:\/\/www.marbella.gr\/de\/hotels\/marbella-corfu\/signature-life\/","og_site_name":"Mar-Bella Collection","article_modified_time":"2025-09-19T09:29:45+00:00","og_image":[{"width":2560,"height":1705,"url":"https:\/\/www.marbella.gr\/app\/uploads\/2024\/05\/Elix_Water-Sports-2-scaled.jpg","type":"image\/jpeg"}],"twitter_card":"summary_large_image","twitter_misc":{"Gesch\u00e4tzte Lesezeit":"1\u00a0Minute"},"schema":{"@context":"https:\/\/schema.org","@graph":[{"@type":"WebPage","@id":"https:\/\/www.marbella.gr\/hotels\/marbella-corfu\/signature-life\/","url":"https:\/\/www.marbella.gr\/hotels\/marbella-corfu\/signature-life\/","name":"Signature Life Dienstleistungen f\u00fcr exklusive Aufenthalte auf Korfu | MarBella","isPartOf":{"@id":"https:\/\/www.marbella.gr\/#website"},"datePublished":"2023-06-02T14:22:00+00:00","dateModified":"2025-09-19T09:29:45+00:00","description":"Im MarBella k\u00f6nnen Sie Ihren Urlaub auf Korfu mit den Signature Life Services, Vorteilen und Verg\u00fcnstigungen aufwerten, die f\u00fcr zus\u00e4tzlichen Komfort, Bequemlichkeit und Verw\u00f6hnung sorgen.","breadcrumb":{"@id":"https:\/\/www.marbella.gr\/hotels\/marbella-corfu\/signature-life\/#breadcrumb"},"inLanguage":"de","potentialAction":[{"@type":"ReadAction","target":["https:\/\/www.marbella.gr\/hotels\/marbella-corfu\/signature-life\/"]}]},{"@type":"BreadcrumbList","@id":"https:\/\/www.marbella.gr\/hotels\/marbella-corfu\/signature-life\/#breadcrumb","itemListElement":[{"@type":"ListItem","position":1,"name":"Home","item":"https:\/\/www.marbella.gr\/"},{"@type":"ListItem","position":2,"name":"Hotels","item":"https:\/\/www.marbella.gr\/hotels\/"},{"@type":"ListItem","position":3,"name":"MarBella","item":"https:\/\/www.marbella.gr\/hotels\/marbella-corfu\/"},{"@type":"ListItem","position":4,"name":"Signature Life Corfu"}]},{"@type":"WebSite","@id":"https:\/\/www.marbella.gr\/#website","url":"https:\/\/www.marbella.gr\/","name":"MarBella","description":"Eine Familie von Hotels, die Sie mit dem wundersch\u00f6nen Ionischen Meer verbindet","publisher":{"@id":"https:\/\/www.marbella.gr\/#organization"},"alternateName":"MarBella","potentialAction":[{"@type":"SearchAction","target":{"@type":"EntryPoint","urlTemplate":"https:\/\/www.marbella.gr\/?s={search_term_string}"},"query-input":{"@type":"PropertyValueSpecification","valueRequired":true,"valueName":"search_term_string"}}],"inLanguage":"de"},{"@type":"Organization","@id":"https:\/\/www.marbella.gr\/#organization","name":"MarBella","url":"https:\/\/www.marbella.gr\/","logo":{"@type":"ImageObject","inLanguage":"de","@id":"https:\/\/www.marbella.gr\/#\/schema\/logo\/image\/","url":"https:\/\/www.marbella.gr\/app\/uploads\/2023\/06\/Marbella-collection.png","contentUrl":"https:\/\/www.marbella.gr\/app\/uploads\/2023\/06\/Marbella-collection.png","width":230,"height":75,"caption":"MarBella"},"image":{"@id":"https:\/\/www.marbella.gr\/#\/schema\/logo\/image\/"}}]}},"_links":{"self":[{"href":"https:\/\/www.marbella.gr\/de\/wp-json\/wp\/v2\/pages\/3220","targetHints":{"allow":["GET"]}}],"collection":[{"href":"https:\/\/www.marbella.gr\/de\/wp-json\/wp\/v2\/pages"}],"about":[{"href":"https:\/\/www.marbella.gr\/de\/wp-json\/wp\/v2\/types\/page"}],"author":[{"embeddable":true,"href":"https:\/\/www.marbella.gr\/de\/wp-json\/wp\/v2\/users\/5"}],"replies":[{"embeddable":true,"href":"https:\/\/www.marbella.gr\/de\/wp-json\/wp\/v2\/comments?post=3220"}],"version-history":[{"count":36,"href":"https:\/\/www.marbella.gr\/de\/wp-json\/wp\/v2\/pages\/3220\/revisions"}],"predecessor-version":[{"id":10972,"href":"https:\/\/www.marbella.gr\/de\/wp-json\/wp\/v2\/pages\/3220\/revisions\/10972"}],"up":[{"embeddable":true,"href":"https:\/\/www.marbella.gr\/de\/wp-json\/wp\/v2\/pages\/797"}],"wp:attachment":[{"href":"https:\/\/www.marbella.gr\/de\/wp-json\/wp\/v2\/media?parent=3220"}],"curies":[{"name":"wp","href":"https:\/\/api.w.org\/{rel}","templated":true}]}}