{"id":3224,"date":"2023-06-02T14:23:53","date_gmt":"2023-06-02T14:23:53","guid":{"rendered":"https:\/\/www.marbella.gr\/hotels\/marbella-corfu\/signature-suites-copy\/"},"modified":"2025-09-19T12:33:41","modified_gmt":"2025-09-19T09:33:41","slug":"signature-life","status":"publish","type":"page","link":"https:\/\/www.marbella.gr\/de\/hotels\/marbella-elix\/signature-life\/","title":{"rendered":"Unterschrift Lebenselixier"},"content":{"rendered":"<p style=\"text-align: left;\">Wenn man an einem so au\u00dfergew\u00f6hnlichen Ort wie Elix wohnt, ist es gut, sich das Beste zu g\u00f6nnen, was es zu bieten hat. Als Signature-Life-Gast k\u00f6nnen Sie sich auf kleine, zauberhafte Extras freuen, die Ihren Aufenthalt bereichern. B<span data-teams=\"true\">ook <strong>eine Junior Suite oder eine h\u00f6here Zimmerkategorie<\/strong> f\u00fcr sieben oder mehr N\u00e4chte und genie\u00dfen:\u00a0<\/span><\/p>\n<ul>\n<li data-charcodes=\"8226\" data-font=\"Arial,Sans-Serif\" data-buautonum=\"8\" data-margin=\"270\" data-aria-posinset=\"1\" data-aria-level=\"1\"><span data-scheme-color=\"@002FB3,,\" data-usefontface=\"true\" data-contrast=\"none\">Kostenloses fr\u00fches Einchecken \/ sp\u00e4tes Auschecken (je nach <\/span><span data-scheme-color=\"@002FB3,,\" data-usefontface=\"true\" data-contrast=\"none\">Verf\u00fcgbarkeit)<\/span>\u200b<\/li>\n<li data-charcodes=\"8226\" data-font=\"Arial,Sans-Serif\" data-buautonum=\"8\" data-margin=\"270\" data-aria-posinset=\"3\" data-aria-level=\"1\"><span data-scheme-color=\"@002FB3,,\" data-usefontface=\"true\" data-contrast=\"none\">Premium-Willkommensgru\u00df in der Suite<\/span>\u200b<\/li>\n<li data-charcodes=\"8226\" data-font=\"Arial,Sans-Serif\" data-buautonum=\"8\" data-margin=\"270\" data-aria-posinset=\"5\" data-aria-level=\"1\"><span data-scheme-color=\"@002FB3,,\" data-usefontface=\"true\" data-contrast=\"none\">Men\u00fc Kissenauswahl<\/span>\u200b<\/li>\n<li data-charcodes=\"8226\" data-font=\"Arial,Sans-Serif\" data-buautonum=\"8\" data-margin=\"270\" data-aria-posinset=\"7\" data-aria-level=\"1\"><span data-scheme-color=\"@002FB3,,\" data-usefontface=\"true\" data-contrast=\"none\">T\u00e4glicher Turndown-Service<\/span>\u200b<\/li>\n<li data-charcodes=\"8226\" data-font=\"Arial,Sans-Serif\" data-buautonum=\"8\" data-margin=\"270\" data-aria-posinset=\"9\" data-aria-level=\"1\"><span data-scheme-color=\"@002FB3,,\" data-usefontface=\"true\" data-contrast=\"none\">Kostenlose Strandtasche mit Markenzeichen<\/span>\u200b<\/li>\n<li data-charcodes=\"8226\" data-font=\"Arial,Sans-Serif\" data-buautonum=\"8\" data-margin=\"270\" data-aria-posinset=\"11\" data-aria-level=\"1\"><span data-scheme-color=\"@002FB3,,\" data-usefontface=\"true\" data-contrast=\"none\">Kostenlose Geschenke f\u00fcr Kinder<\/span><\/li>\n<\/ul>\n<p><em>Signature Life-G\u00e4ste werden weiterhin ermutigt, sich f\u00fcr das MC Rewards-Treueprogramm anzumelden, um Mitgliedschaftspunkte zu sammeln und bei zuk\u00fcnftigen Aufenthalten in einem der Hotels der Mar-Bella Collection von den Vorteilen des Programms zu profitieren. <\/em><\/p>","protected":false},"excerpt":{"rendered":"<p>When you\u2019re staying at such an exceptional destination as Elix, it\u2019s good to treat yourself to the very best it has to offer. As a Signature Life guest you can expect little touches of magic added to your stay. Book a Junior Suite or higher room type for seven nights or more and enjoy:\u00a0 Complimentary [&#8230;]<\/p>\n<p><a class=\"btn btn-secondary understrap-read-more-link\" href=\"https:\/\/www.marbella.gr\/de\/hotels\/marbella-elix\/signature-life\/\">Read More&#8230;<span class=\"screen-reader-text\"> from Signature Life Elix<\/span><\/a><\/p>\n","protected":false},"author":5,"featured_media":0,"parent":385,"menu_order":0,"comment_status":"closed","ping_status":"closed","template":"","meta":{"_acf_changed":false,"footnotes":""},"class_list":["post-3224","page","type-page","status-publish","hentry"],"acf":[],"yoast_head":"<!-- This site is optimized with the Yoast SEO plugin v27.5 - https:\/\/yoast.com\/product\/yoast-seo-wordpress\/ -->\n<title>Signature Life - Benefits &amp; Perks | Elix, Mar-Bella Collection<\/title>\n<meta name=\"description\" content=\"At Elix, you can upgrade your holiday in Parga with Signature Life services, benefits &amp; perks for added comfort, convenience and pampering.\" \/>\n<meta name=\"robots\" content=\"index, follow, max-snippet:-1, max-image-preview:large, max-video-preview:-1\" \/>\n<link rel=\"canonical\" href=\"https:\/\/www.marbella.gr\/de\/hotels\/marbella-elix\/signature-life\/\" \/>\n<meta property=\"og:locale\" content=\"de_DE\" \/>\n<meta property=\"og:type\" content=\"article\" \/>\n<meta property=\"og:title\" content=\"Signature Life - Benefits &amp; Perks | Elix, Mar-Bella Collection\" \/>\n<meta property=\"og:description\" content=\"At Elix, you can upgrade your holiday in Parga with Signature Life services, benefits &amp; perks for added comfort, convenience and pampering.\" \/>\n<meta property=\"og:url\" content=\"https:\/\/www.marbella.gr\/de\/hotels\/marbella-elix\/signature-life\/\" \/>\n<meta property=\"og:site_name\" content=\"Mar-Bella Collection\" \/>\n<meta property=\"article:modified_time\" content=\"2025-09-19T09:33:41+00:00\" \/>\n<meta property=\"og:image\" content=\"https:\/\/www.marbella.gr\/app\/uploads\/2024\/05\/Elix_Water-Sports-2-scaled.jpg\" \/>\n\t<meta property=\"og:image:width\" content=\"2560\" \/>\n\t<meta property=\"og:image:height\" content=\"1705\" \/>\n\t<meta property=\"og:image:type\" content=\"image\/jpeg\" \/>\n<meta name=\"twitter:card\" content=\"summary_large_image\" \/>\n<meta name=\"twitter:label1\" content=\"Gesch\u00e4tzte Lesezeit\" \/>\n\t<meta name=\"twitter:data1\" content=\"1\u00a0Minute\" \/>\n<!-- \/ Yoast SEO plugin. -->","yoast_head_json":{"title":"Signature Life - Vorteile &amp; Verg\u00fcnstigungen | Elix, Mar-Bella Collection","description":"Bei Elix k\u00f6nnen Sie Ihren Urlaub in Parga mit Signature Life Services, Vorteilen und Verg\u00fcnstigungen f\u00fcr zus\u00e4tzlichen Komfort, Bequemlichkeit und Verw\u00f6hnung aufwerten.","robots":{"index":"index","follow":"follow","max-snippet":"max-snippet:-1","max-image-preview":"max-image-preview:large","max-video-preview":"max-video-preview:-1"},"canonical":"https:\/\/www.marbella.gr\/de\/hotels\/marbella-elix\/signature-life\/","og_locale":"de_DE","og_type":"article","og_title":"Signature Life - Benefits & Perks | Elix, Mar-Bella Collection","og_description":"At Elix, you can upgrade your holiday in Parga with Signature Life services, benefits & perks for added comfort, convenience and pampering.","og_url":"https:\/\/www.marbella.gr\/de\/hotels\/marbella-elix\/signature-life\/","og_site_name":"Mar-Bella Collection","article_modified_time":"2025-09-19T09:33:41+00:00","og_image":[{"width":2560,"height":1705,"url":"https:\/\/www.marbella.gr\/app\/uploads\/2024\/05\/Elix_Water-Sports-2-scaled.jpg","type":"image\/jpeg"}],"twitter_card":"summary_large_image","twitter_misc":{"Gesch\u00e4tzte Lesezeit":"1\u00a0Minute"},"schema":{"@context":"https:\/\/schema.org","@graph":[{"@type":"WebPage","@id":"https:\/\/www.marbella.gr\/hotels\/marbella-elix\/signature-life\/","url":"https:\/\/www.marbella.gr\/hotels\/marbella-elix\/signature-life\/","name":"Signature Life - Vorteile &amp; Verg\u00fcnstigungen | Elix, Mar-Bella Collection","isPartOf":{"@id":"https:\/\/www.marbella.gr\/#website"},"datePublished":"2023-06-02T14:23:53+00:00","dateModified":"2025-09-19T09:33:41+00:00","description":"Bei Elix k\u00f6nnen Sie Ihren Urlaub in Parga mit Signature Life Services, Vorteilen und Verg\u00fcnstigungen f\u00fcr zus\u00e4tzlichen Komfort, Bequemlichkeit und Verw\u00f6hnung aufwerten.","breadcrumb":{"@id":"https:\/\/www.marbella.gr\/hotels\/marbella-elix\/signature-life\/#breadcrumb"},"inLanguage":"de","potentialAction":[{"@type":"ReadAction","target":["https:\/\/www.marbella.gr\/hotels\/marbella-elix\/signature-life\/"]}]},{"@type":"BreadcrumbList","@id":"https:\/\/www.marbella.gr\/hotels\/marbella-elix\/signature-life\/#breadcrumb","itemListElement":[{"@type":"ListItem","position":1,"name":"Home","item":"https:\/\/www.marbella.gr\/"},{"@type":"ListItem","position":2,"name":"Hotels","item":"https:\/\/www.marbella.gr\/hotels\/"},{"@type":"ListItem","position":3,"name":"Elix","item":"https:\/\/www.marbella.gr\/hotels\/marbella-elix\/"},{"@type":"ListItem","position":4,"name":"Signature Life Elix"}]},{"@type":"WebSite","@id":"https:\/\/www.marbella.gr\/#website","url":"https:\/\/www.marbella.gr\/","name":"MarBella","description":"Eine Familie von Hotels, die Sie mit dem wundersch\u00f6nen Ionischen Meer verbindet","publisher":{"@id":"https:\/\/www.marbella.gr\/#organization"},"alternateName":"MarBella","potentialAction":[{"@type":"SearchAction","target":{"@type":"EntryPoint","urlTemplate":"https:\/\/www.marbella.gr\/?s={search_term_string}"},"query-input":{"@type":"PropertyValueSpecification","valueRequired":true,"valueName":"search_term_string"}}],"inLanguage":"de"},{"@type":"Organization","@id":"https:\/\/www.marbella.gr\/#organization","name":"MarBella","url":"https:\/\/www.marbella.gr\/","logo":{"@type":"ImageObject","inLanguage":"de","@id":"https:\/\/www.marbella.gr\/#\/schema\/logo\/image\/","url":"https:\/\/www.marbella.gr\/app\/uploads\/2023\/06\/Marbella-collection.png","contentUrl":"https:\/\/www.marbella.gr\/app\/uploads\/2023\/06\/Marbella-collection.png","width":230,"height":75,"caption":"MarBella"},"image":{"@id":"https:\/\/www.marbella.gr\/#\/schema\/logo\/image\/"}}]}},"_links":{"self":[{"href":"https:\/\/www.marbella.gr\/de\/wp-json\/wp\/v2\/pages\/3224","targetHints":{"allow":["GET"]}}],"collection":[{"href":"https:\/\/www.marbella.gr\/de\/wp-json\/wp\/v2\/pages"}],"about":[{"href":"https:\/\/www.marbella.gr\/de\/wp-json\/wp\/v2\/types\/page"}],"author":[{"embeddable":true,"href":"https:\/\/www.marbella.gr\/de\/wp-json\/wp\/v2\/users\/5"}],"replies":[{"embeddable":true,"href":"https:\/\/www.marbella.gr\/de\/wp-json\/wp\/v2\/comments?post=3224"}],"version-history":[{"count":29,"href":"https:\/\/www.marbella.gr\/de\/wp-json\/wp\/v2\/pages\/3224\/revisions"}],"predecessor-version":[{"id":10975,"href":"https:\/\/www.marbella.gr\/de\/wp-json\/wp\/v2\/pages\/3224\/revisions\/10975"}],"up":[{"embeddable":true,"href":"https:\/\/www.marbella.gr\/de\/wp-json\/wp\/v2\/pages\/385"}],"wp:attachment":[{"href":"https:\/\/www.marbella.gr\/de\/wp-json\/wp\/v2\/media?parent=3224"}],"curies":[{"name":"wp","href":"https:\/\/api.w.org\/{rel}","templated":true}]}}