{"id":385,"date":"2023-03-10T13:57:18","date_gmt":"2023-03-10T13:57:18","guid":{"rendered":"https:\/\/marbella.wdev\/?page_id=385"},"modified":"2026-02-10T13:48:23","modified_gmt":"2026-02-10T11:48:23","slug":"marbella-elix","status":"publish","type":"page","link":"https:\/\/www.marbella.gr\/de\/hotels\/marbella-elix\/","title":{"rendered":"Elix"},"content":{"rendered":"<p>Oberhalb des atemberaubenden Karavostasi-Strandes mit weitem Blick \u00fcber das Ionische Meer ist das Elix ein einzigartiges Juwel. Es ist ebenso luxuri\u00f6s wie abenteuerlich und wurde von Cond\u00e9 Nast Traveller in die Hotlist 2022 aufgenommen.<\/p>\n<p>Das kristallklare Wasser und die unber\u00fchrten Pinienw\u00e4lder rund um Elix machen es zu einem nat\u00fcrlichen Spielplatz. Ein Erlebnis, das Sie dazu einl\u00e4dt, der digitalen Welt zu entfliehen und die Natur zu erkunden. Es erwarten Sie Wanderungen, Radtouren und Wassersportarten, und das alles mit magischem Blick auf die Inseln Paxos, Antipaxos und Korfu. Private Touren f\u00fchren Sie zu den wichtigsten Sehensw\u00fcrdigkeiten und in die griechische Wildnis.<\/p>\n<p>Die privaten Infinity-Pools bieten eine unglaubliche Aussicht. Der Tennisplatz hei\u00dft Anf\u00e4nger und Profis willkommen. Der Fitnessraum und das Spa sind f\u00fcr Ihre Fitness und Gl\u00fcckseligkeit da. Karavostasi, einer der besten Str\u00e4nde Griechenlands, ist \u00fcber eine private Standseilbahn oder einen naturbelassenen Weg zu erreichen.  Unser Restaurant liefert Ihnen auf Wunsch erfrischende Getr\u00e4nke und Snacks an Ihren Platz im Sand.<\/p>\n<p>Die Suiten und Zimmer sind ger\u00e4umig und lichtdurchflutet und mit einem Dekor ausgestattet, das an das Erbe der Region erinnert. Obwohl Sie Ihren privaten Pool oder Ihre Terrasse nur schwer verlassen werden k\u00f6nnen, werden Sie in unseren Restaurants mit griechischen und italienischen Gerichten \u00e0 la carte verw\u00f6hnt oder mit frischen mediterranen Buffets und einer einzigartigen Atmosph\u00e4re belohnt.<\/p>\n<p>Wenn die Sonne untergeht und Sie von dem Sternenhimmel umgeben sind, mit einem k\u00fchlen Glas in der Hand, werden Sie sich eins f\u00fchlen mit der Magie unseres wundervollen Ortes.<\/p>\n<p><img loading=\"lazy\" decoding=\"async\" class=\"aligncenter  wp-image-9924\" src=\"https:\/\/www.marbella.gr\/app\/uploads\/2025\/12\/nl-medium-24.png\" alt=\"\" width=\"1169\" height=\"684\" \/>Das Elix-Video ansehen <span style=\"text-decoration: underline;\"><strong><a href=\"https:\/\/www.marbella.gr\/de\/app\/uploads\/2023\/07\/elix-WEB-UP-12-MBS.mp4\/\" target=\"_blank\" rel=\"noopener\">hier<\/a><\/strong><\/span><\/p>\n<p>&nbsp;<\/p>","protected":false},"excerpt":{"rendered":"<p>Above the stunning Karavostasi beach with wide views across the Ionian Sea, Elix is a rare find. As luxurious as it is adventurous, it starred in Cond\u00e9 Nast Traveller&#8217;s 2022 Hotlist. The crystal-clear waters and pristine pine forests surrounding Elix make it a natural playground. An experience that invites you to escape the digital world [&#8230;]<\/p>\n<p><a class=\"btn btn-secondary understrap-read-more-link\" href=\"https:\/\/www.marbella.gr\/de\/hotels\/marbella-elix\/\">Read More&#8230;<span class=\"screen-reader-text\"> from Elix<\/span><\/a><\/p>\n","protected":false},"author":1,"featured_media":8763,"parent":793,"menu_order":4,"comment_status":"closed","ping_status":"closed","template":"page-templates\/hotel.php","meta":{"_acf_changed":false,"footnotes":""},"class_list":["post-385","page","type-page","status-publish","has-post-thumbnail","hentry"],"acf":[],"yoast_head":"<!-- This site is optimized with the Yoast SEO plugin v27.4 - https:\/\/yoast.com\/product\/yoast-seo-wordpress\/ -->\n<title>Elix by Mar-Bella Collection: Exquisite 5-star hotel in Parga, Greece<\/title>\n<meta name=\"description\" content=\"Escape to luxury at Elix by Mar-Bella Collection , a 5-star hotel in Parga, Greece. Experience exquisite tranquility by the azure Ionian sea.\" \/>\n<meta name=\"robots\" content=\"index, follow, max-snippet:-1, max-image-preview:large, max-video-preview:-1\" \/>\n<link rel=\"canonical\" href=\"https:\/\/www.marbella.gr\/de\/hotels\/marbella-elix\/\" \/>\n<meta property=\"og:locale\" content=\"de_DE\" \/>\n<meta property=\"og:type\" content=\"article\" \/>\n<meta property=\"og:title\" content=\"Elix by Mar-Bella Collection: Exquisite 5-star hotel in Parga, Greece\" \/>\n<meta property=\"og:description\" content=\"Escape to luxury at Elix by Mar-Bella Collection , a 5-star hotel in Parga, Greece. Experience exquisite tranquility by the azure Ionian sea.\" \/>\n<meta property=\"og:url\" content=\"https:\/\/www.marbella.gr\/de\/hotels\/marbella-elix\/\" \/>\n<meta property=\"og:site_name\" content=\"Mar-Bella Collection\" \/>\n<meta property=\"article:modified_time\" content=\"2026-02-10T11:48:23+00:00\" \/>\n<meta property=\"og:image\" content=\"https:\/\/www.marbella.gr\/app\/uploads\/2024\/11\/Hero-Elix-1.jpg\" \/>\n\t<meta property=\"og:image:width\" content=\"1920\" \/>\n\t<meta property=\"og:image:height\" content=\"1080\" \/>\n\t<meta property=\"og:image:type\" content=\"image\/jpeg\" \/>\n<meta name=\"twitter:card\" content=\"summary_large_image\" \/>\n<meta name=\"twitter:label1\" content=\"Gesch\u00e4tzte Lesezeit\" \/>\n\t<meta name=\"twitter:data1\" content=\"2\u00a0Minuten\" \/>\n<!-- \/ Yoast SEO plugin. -->","yoast_head_json":{"title":"Elix by Mar-Bella Kollektion: Exquisites 5-Sterne-Hotel in Parga, Griechenland","description":"Entfliehen Sie dem Luxus im Elix by Mar-Bella Collection , einem 5-Sterne-Hotel in Parga, Griechenland. Erleben Sie exquisite Ruhe am azurblauen Ionischen Meer.","robots":{"index":"index","follow":"follow","max-snippet":"max-snippet:-1","max-image-preview":"max-image-preview:large","max-video-preview":"max-video-preview:-1"},"canonical":"https:\/\/www.marbella.gr\/de\/hotels\/marbella-elix\/","og_locale":"de_DE","og_type":"article","og_title":"Elix by Mar-Bella Collection: Exquisite 5-star hotel in Parga, Greece","og_description":"Escape to luxury at Elix by Mar-Bella Collection , a 5-star hotel in Parga, Greece. Experience exquisite tranquility by the azure Ionian sea.","og_url":"https:\/\/www.marbella.gr\/de\/hotels\/marbella-elix\/","og_site_name":"Mar-Bella Collection","article_modified_time":"2026-02-10T11:48:23+00:00","og_image":[{"width":1920,"height":1080,"url":"https:\/\/www.marbella.gr\/app\/uploads\/2024\/11\/Hero-Elix-1.jpg","type":"image\/jpeg"}],"twitter_card":"summary_large_image","twitter_misc":{"Gesch\u00e4tzte Lesezeit":"2\u00a0Minuten"},"schema":{"@context":"https:\/\/schema.org","@graph":[{"@type":"WebPage","@id":"https:\/\/www.marbella.gr\/hotels\/marbella-elix\/","url":"https:\/\/www.marbella.gr\/hotels\/marbella-elix\/","name":"Elix by Mar-Bella Kollektion: Exquisites 5-Sterne-Hotel in Parga, Griechenland","isPartOf":{"@id":"https:\/\/www.marbella.gr\/#website"},"primaryImageOfPage":{"@id":"https:\/\/www.marbella.gr\/hotels\/marbella-elix\/#primaryimage"},"image":{"@id":"https:\/\/www.marbella.gr\/hotels\/marbella-elix\/#primaryimage"},"thumbnailUrl":"https:\/\/www.marbella.gr\/app\/uploads\/2024\/11\/Hero-Elix-1.jpg","datePublished":"2023-03-10T13:57:18+00:00","dateModified":"2026-02-10T11:48:23+00:00","description":"Entfliehen Sie dem Luxus im Elix by Mar-Bella Collection , einem 5-Sterne-Hotel in Parga, Griechenland. Erleben Sie exquisite Ruhe am azurblauen Ionischen Meer.","breadcrumb":{"@id":"https:\/\/www.marbella.gr\/hotels\/marbella-elix\/#breadcrumb"},"inLanguage":"de","potentialAction":[{"@type":"ReadAction","target":["https:\/\/www.marbella.gr\/hotels\/marbella-elix\/"]}]},{"@type":"ImageObject","inLanguage":"de","@id":"https:\/\/www.marbella.gr\/hotels\/marbella-elix\/#primaryimage","url":"https:\/\/www.marbella.gr\/app\/uploads\/2024\/11\/Hero-Elix-1.jpg","contentUrl":"https:\/\/www.marbella.gr\/app\/uploads\/2024\/11\/Hero-Elix-1.jpg","width":1920,"height":1080,"caption":"Discover Mar-Bella Collection - 5 star hotels in Corfu, Parga Greece"},{"@type":"BreadcrumbList","@id":"https:\/\/www.marbella.gr\/hotels\/marbella-elix\/#breadcrumb","itemListElement":[{"@type":"ListItem","position":1,"name":"Home","item":"https:\/\/www.marbella.gr\/"},{"@type":"ListItem","position":2,"name":"Hotels","item":"https:\/\/www.marbella.gr\/hotels\/"},{"@type":"ListItem","position":3,"name":"Elix"}]},{"@type":"WebSite","@id":"https:\/\/www.marbella.gr\/#website","url":"https:\/\/www.marbella.gr\/","name":"MarBella","description":"Eine Familie von Hotels, die Sie mit dem wundersch\u00f6nen Ionischen Meer verbindet","publisher":{"@id":"https:\/\/www.marbella.gr\/#organization"},"alternateName":"MarBella","potentialAction":[{"@type":"SearchAction","target":{"@type":"EntryPoint","urlTemplate":"https:\/\/www.marbella.gr\/?s={search_term_string}"},"query-input":{"@type":"PropertyValueSpecification","valueRequired":true,"valueName":"search_term_string"}}],"inLanguage":"de"},{"@type":"Organization","@id":"https:\/\/www.marbella.gr\/#organization","name":"MarBella","url":"https:\/\/www.marbella.gr\/","logo":{"@type":"ImageObject","inLanguage":"de","@id":"https:\/\/www.marbella.gr\/#\/schema\/logo\/image\/","url":"https:\/\/www.marbella.gr\/app\/uploads\/2023\/06\/Marbella-collection.png","contentUrl":"https:\/\/www.marbella.gr\/app\/uploads\/2023\/06\/Marbella-collection.png","width":230,"height":75,"caption":"MarBella"},"image":{"@id":"https:\/\/www.marbella.gr\/#\/schema\/logo\/image\/"}}]}},"_links":{"self":[{"href":"https:\/\/www.marbella.gr\/de\/wp-json\/wp\/v2\/pages\/385","targetHints":{"allow":["GET"]}}],"collection":[{"href":"https:\/\/www.marbella.gr\/de\/wp-json\/wp\/v2\/pages"}],"about":[{"href":"https:\/\/www.marbella.gr\/de\/wp-json\/wp\/v2\/types\/page"}],"author":[{"embeddable":true,"href":"https:\/\/www.marbella.gr\/de\/wp-json\/wp\/v2\/users\/1"}],"replies":[{"embeddable":true,"href":"https:\/\/www.marbella.gr\/de\/wp-json\/wp\/v2\/comments?post=385"}],"version-history":[{"count":61,"href":"https:\/\/www.marbella.gr\/de\/wp-json\/wp\/v2\/pages\/385\/revisions"}],"predecessor-version":[{"id":13770,"href":"https:\/\/www.marbella.gr\/de\/wp-json\/wp\/v2\/pages\/385\/revisions\/13770"}],"up":[{"embeddable":true,"href":"https:\/\/www.marbella.gr\/de\/wp-json\/wp\/v2\/pages\/793"}],"wp:featuredmedia":[{"embeddable":true,"href":"https:\/\/www.marbella.gr\/de\/wp-json\/wp\/v2\/media\/8763"}],"wp:attachment":[{"href":"https:\/\/www.marbella.gr\/de\/wp-json\/wp\/v2\/media?parent=385"}],"curies":[{"name":"wp","href":"https:\/\/api.w.org\/{rel}","templated":true}]}}