{"id":3866,"date":"2023-06-15T11:45:01","date_gmt":"2023-06-15T11:45:01","guid":{"rendered":"https:\/\/www.marbella.gr\/hotels\/marbella-corfu\/whats-included\/dining-bars-copy\/"},"modified":"2026-03-13T10:43:36","modified_gmt":"2026-03-13T08:43:36","slug":"gastronomy","status":"publish","type":"page","link":"https:\/\/www.marbella.gr\/de\/hotels\/marbella-corfu\/gastronomy\/","title":{"rendered":"Essen &amp; Trinken"},"content":{"rendered":"<p style=\"text-align: center;\">Vom lebensbejahenden Fr\u00fchst\u00fcck bis zum mediterranen Buffet - im MarBella gibt es so viel, um auch den gr\u00f6\u00dften Hunger zu stillen. Entdecken Sie die authentische mediterrane, franz\u00f6sische und panasiatische K\u00fcche, zubereitet aus den besten Zutaten, den erlesensten Fleischsorten und Fisch und Meeresfr\u00fcchten direkt vom Kai. Erg\u00e4nzt wird das Ganze durch eine beeindruckende Wein- und Getr\u00e4nkekarte und den f\u00fcr uns typischen freundlichen Service. Au\u00dferdem werden w\u00e4hrend der gesamten Saison Weinverkostungen angeboten!<\/p>\n<p style=\"text-align: center;\">We also offer a Little Explorers menu specially designed for our youngest guests, with nutritious dishes portioned for little appetites.<\/p>","protected":false},"excerpt":{"rendered":"<p>From life-affirming breakfasts to Mediterranean buffets, there\u2019s so much to satisfy the biggest of appetites at MarBella. Explore authentic Mediterranean, French and Pan Asian cuisine prepared using the finest ingredients, the choicest cuts of meat, and fish and seafood straight off the quay. All complemented by an impressive list of wines and drinks, and our [&#8230;]<\/p>\n<p><a class=\"btn btn-secondary understrap-read-more-link\" href=\"https:\/\/www.marbella.gr\/de\/hotels\/marbella-corfu\/gastronomy\/\">Read More&#8230;<span class=\"screen-reader-text\"> from Dine &#038; Drink<\/span><\/a><\/p>\n","protected":false},"author":18,"featured_media":8568,"parent":797,"menu_order":0,"comment_status":"closed","ping_status":"closed","template":"","meta":{"_acf_changed":false,"footnotes":""},"class_list":["post-3866","page","type-page","status-publish","has-post-thumbnail","hentry"],"acf":[],"yoast_head":"<!-- This site is optimized with the Yoast SEO plugin v27.2 - https:\/\/yoast.com\/product\/yoast-seo-wordpress\/ -->\n<title>Dine &amp; Drink - MarBella<\/title>\n<meta name=\"description\" content=\"Satisfy your cravings with an array of Mediterranean delights, from Greek to Italian and more, all crafted from the finest ingredients, paired with fine wines, and served with our signature friendly hospitality.\" \/>\n<meta name=\"robots\" content=\"index, follow, max-snippet:-1, max-image-preview:large, max-video-preview:-1\" \/>\n<link rel=\"canonical\" href=\"https:\/\/www.marbella.gr\/de\/hotels\/marbella-corfu\/gastronomy\/\" \/>\n<meta property=\"og:locale\" content=\"de_DE\" \/>\n<meta property=\"og:type\" content=\"article\" \/>\n<meta property=\"og:title\" content=\"Dine &amp; Drink - MarBella\" \/>\n<meta property=\"og:description\" content=\"Satisfy your cravings with an array of Mediterranean delights, from Greek to Italian and more, all crafted from the finest ingredients, paired with fine wines, and served with our signature friendly hospitality.\" \/>\n<meta property=\"og:url\" content=\"https:\/\/www.marbella.gr\/de\/hotels\/marbella-corfu\/gastronomy\/\" \/>\n<meta property=\"og:site_name\" content=\"Mar-Bella Collection\" \/>\n<meta property=\"article:modified_time\" content=\"2026-03-13T08:43:36+00:00\" \/>\n<meta property=\"og:image\" content=\"https:\/\/www.marbella.gr\/app\/uploads\/2024\/11\/MarBella_Deck_Restaurant-10-scaled.jpg\" \/>\n\t<meta property=\"og:image:width\" content=\"2560\" \/>\n\t<meta property=\"og:image:height\" content=\"1920\" \/>\n\t<meta property=\"og:image:type\" content=\"image\/jpeg\" \/>\n<meta name=\"twitter:card\" content=\"summary_large_image\" \/>\n<meta name=\"twitter:label1\" content=\"Gesch\u00e4tzte Lesezeit\" \/>\n\t<meta name=\"twitter:data1\" content=\"1\u00a0Minute\" \/>\n<!-- \/ Yoast SEO plugin. -->","yoast_head_json":{"title":"Essen &amp; Trinken - MarBella","description":"Stillen Sie Ihren Hunger mit einer Auswahl an mediterranen K\u00f6stlichkeiten, von griechisch bis italienisch und mehr, die alle aus den feinsten Zutaten zubereitet, mit erlesenen Weinen gepaart und mit unserer charakteristischen freundlichen Gastfreundschaft serviert werden.","robots":{"index":"index","follow":"follow","max-snippet":"max-snippet:-1","max-image-preview":"max-image-preview:large","max-video-preview":"max-video-preview:-1"},"canonical":"https:\/\/www.marbella.gr\/de\/hotels\/marbella-corfu\/gastronomy\/","og_locale":"de_DE","og_type":"article","og_title":"Dine & Drink - MarBella","og_description":"Satisfy your cravings with an array of Mediterranean delights, from Greek to Italian and more, all crafted from the finest ingredients, paired with fine wines, and served with our signature friendly hospitality.","og_url":"https:\/\/www.marbella.gr\/de\/hotels\/marbella-corfu\/gastronomy\/","og_site_name":"Mar-Bella Collection","article_modified_time":"2026-03-13T08:43:36+00:00","og_image":[{"width":2560,"height":1920,"url":"https:\/\/www.marbella.gr\/app\/uploads\/2024\/11\/MarBella_Deck_Restaurant-10-scaled.jpg","type":"image\/jpeg"}],"twitter_card":"summary_large_image","twitter_misc":{"Gesch\u00e4tzte Lesezeit":"1\u00a0Minute"},"schema":{"@context":"https:\/\/schema.org","@graph":[{"@type":"WebPage","@id":"https:\/\/www.marbella.gr\/hotels\/marbella-corfu\/gastronomy\/","url":"https:\/\/www.marbella.gr\/hotels\/marbella-corfu\/gastronomy\/","name":"Essen &amp; Trinken - MarBella","isPartOf":{"@id":"https:\/\/www.marbella.gr\/#website"},"primaryImageOfPage":{"@id":"https:\/\/www.marbella.gr\/hotels\/marbella-corfu\/gastronomy\/#primaryimage"},"image":{"@id":"https:\/\/www.marbella.gr\/hotels\/marbella-corfu\/gastronomy\/#primaryimage"},"thumbnailUrl":"https:\/\/www.marbella.gr\/app\/uploads\/2024\/11\/MarBella_Deck_Restaurant-10-scaled.jpg","datePublished":"2023-06-15T11:45:01+00:00","dateModified":"2026-03-13T08:43:36+00:00","description":"Stillen Sie Ihren Hunger mit einer Auswahl an mediterranen K\u00f6stlichkeiten, von griechisch bis italienisch und mehr, die alle aus den feinsten Zutaten zubereitet, mit erlesenen Weinen gepaart und mit unserer charakteristischen freundlichen Gastfreundschaft serviert werden.","breadcrumb":{"@id":"https:\/\/www.marbella.gr\/hotels\/marbella-corfu\/gastronomy\/#breadcrumb"},"inLanguage":"de","potentialAction":[{"@type":"ReadAction","target":["https:\/\/www.marbella.gr\/hotels\/marbella-corfu\/gastronomy\/"]}]},{"@type":"ImageObject","inLanguage":"de","@id":"https:\/\/www.marbella.gr\/hotels\/marbella-corfu\/gastronomy\/#primaryimage","url":"https:\/\/www.marbella.gr\/app\/uploads\/2024\/11\/MarBella_Deck_Restaurant-10-scaled.jpg","contentUrl":"https:\/\/www.marbella.gr\/app\/uploads\/2024\/11\/MarBella_Deck_Restaurant-10-scaled.jpg","width":2560,"height":1920,"caption":"Discover Mar-Bella Collection - 5 star hotels in Corfu, Parga Greece"},{"@type":"BreadcrumbList","@id":"https:\/\/www.marbella.gr\/hotels\/marbella-corfu\/gastronomy\/#breadcrumb","itemListElement":[{"@type":"ListItem","position":1,"name":"Home","item":"https:\/\/www.marbella.gr\/"},{"@type":"ListItem","position":2,"name":"Hotels","item":"https:\/\/www.marbella.gr\/hotels\/"},{"@type":"ListItem","position":3,"name":"MarBella","item":"https:\/\/www.marbella.gr\/hotels\/marbella-corfu\/"},{"@type":"ListItem","position":4,"name":"Dine &#038; Drink"}]},{"@type":"WebSite","@id":"https:\/\/www.marbella.gr\/#website","url":"https:\/\/www.marbella.gr\/","name":"MarBella","description":"Eine Familie von Hotels, die Sie mit dem wundersch\u00f6nen Ionischen Meer verbindet","publisher":{"@id":"https:\/\/www.marbella.gr\/#organization"},"alternateName":"MarBella","potentialAction":[{"@type":"SearchAction","target":{"@type":"EntryPoint","urlTemplate":"https:\/\/www.marbella.gr\/?s={search_term_string}"},"query-input":{"@type":"PropertyValueSpecification","valueRequired":true,"valueName":"search_term_string"}}],"inLanguage":"de"},{"@type":"Organization","@id":"https:\/\/www.marbella.gr\/#organization","name":"MarBella","url":"https:\/\/www.marbella.gr\/","logo":{"@type":"ImageObject","inLanguage":"de","@id":"https:\/\/www.marbella.gr\/#\/schema\/logo\/image\/","url":"https:\/\/www.marbella.gr\/app\/uploads\/2023\/06\/Marbella-collection.png","contentUrl":"https:\/\/www.marbella.gr\/app\/uploads\/2023\/06\/Marbella-collection.png","width":230,"height":75,"caption":"MarBella"},"image":{"@id":"https:\/\/www.marbella.gr\/#\/schema\/logo\/image\/"}}]}},"_links":{"self":[{"href":"https:\/\/www.marbella.gr\/de\/wp-json\/wp\/v2\/pages\/3866","targetHints":{"allow":["GET"]}}],"collection":[{"href":"https:\/\/www.marbella.gr\/de\/wp-json\/wp\/v2\/pages"}],"about":[{"href":"https:\/\/www.marbella.gr\/de\/wp-json\/wp\/v2\/types\/page"}],"author":[{"embeddable":true,"href":"https:\/\/www.marbella.gr\/de\/wp-json\/wp\/v2\/users\/18"}],"replies":[{"embeddable":true,"href":"https:\/\/www.marbella.gr\/de\/wp-json\/wp\/v2\/comments?post=3866"}],"version-history":[{"count":55,"href":"https:\/\/www.marbella.gr\/de\/wp-json\/wp\/v2\/pages\/3866\/revisions"}],"predecessor-version":[{"id":14127,"href":"https:\/\/www.marbella.gr\/de\/wp-json\/wp\/v2\/pages\/3866\/revisions\/14127"}],"up":[{"embeddable":true,"href":"https:\/\/www.marbella.gr\/de\/wp-json\/wp\/v2\/pages\/797"}],"wp:featuredmedia":[{"embeddable":true,"href":"https:\/\/www.marbella.gr\/de\/wp-json\/wp\/v2\/media\/8568"}],"wp:attachment":[{"href":"https:\/\/www.marbella.gr\/de\/wp-json\/wp\/v2\/media?parent=3866"}],"curies":[{"name":"wp","href":"https:\/\/api.w.org\/{rel}","templated":true}]}}