{"id":4576,"date":"2023-06-20T12:35:30","date_gmt":"2023-06-20T12:35:30","guid":{"rendered":"https:\/\/www.marbella.gr\/hotels\/marbella-elix\/signature-suites-copy-copy\/"},"modified":"2024-08-30T10:19:49","modified_gmt":"2024-08-30T10:19:49","slug":"premium-all-inclusive","status":"publish","type":"page","link":"https:\/\/www.marbella.gr\/de\/hotels\/marbella-elix\/premium-all-inclusive\/","title":{"rendered":"Premium Alles Inklusive"},"content":{"rendered":"<p style=\"text-align: left;\">F\u00fcr den besten All-Inclusive-Urlaub in Parga, Griechenland, checken Sie bei Elix ein und erleben Sie einen entspannten Rundum-Urlaub mit unserem Premium All Inclusive-Angebot. Heben Sie Ihr Urlaubserlebnis auf ein v\u00f6llig neues Niveau, bei dem praktisch alles - von Mahlzeiten und Getr\u00e4nken bis hin zu einer breiten Palette t\u00e4glicher Aktivit\u00e4ten f\u00fcr alle Altersgruppen - in den urspr\u00fcnglichen Kosten f\u00fcr Ihren Urlaub enthalten ist.<\/p>\n<p style=\"text-align: left;\">Alles, was Sie tun m\u00fcssen, ist, sich zu entspannen und Spa\u00df zu haben. Hier ist ein Vorgeschmack auf das, was Sie w\u00e4hrend Ihres Premium-All-inclusive-Urlaubs in Parga, Griechenland, im Elix ohne Aufpreis erwarten k\u00f6nnen.<\/p>\n<ul style=\"text-align: left;\">\n<li>Willkommensgru\u00df auf dem Zimmer mit Obst und Wein<\/li>\n<li>Minibar - wird einmal pro Woche kostenlos aufgef\u00fcllt<\/li>\n<li>Ganzt\u00e4gige Mahlzeiten und Getr\u00e4nke<\/li>\n<li>Dine-Out* zur Erkundung der lokalen K\u00fcche im nahe gelegenen Dorf<\/li>\n<li>Dine Around und erweiterte Speisem\u00f6glichkeiten<\/li>\n<li>Markengetr\u00e4nke einschlie\u00dflich Cocktails w\u00e4hrend der \u00d6ffnungszeiten der Bars<\/li>\n<li>Gro\u00dfes Angebot an griechischen und internationalen Weinsorten in den Restaurants<\/li>\n<li>Unbegrenzte Nutzung der Eisdiele<\/li>\n<li>Eine gro\u00dfe Auswahl an Indoor- und Outdoor-Aktivit\u00e4ten<\/li>\n<li>1 x 30 Minuten kostenlose Nutzung von Kanus oder Tretbooten nach Verf\u00fcgbarkeit pro Zimmer, pro Tag<\/li>\n<li>Kostenlose Strandt\u00fccher, Liegen und Sonnenschirme am Strand und am Swimmingpool<\/li>\n<li>Fitnessprogramm &amp; Nutzung von Fitnessraum, Sauna und Hammam<\/li>\n<li>Benutzung der Tennispl\u00e4tze<\/li>\n<li>Aktivit\u00e4ten Spielbereich<\/li>\n<li>Kinderbetreuung f\u00fcr Kinder von 4-12 Jahren<\/li>\n<li>Abendliches Programm mit Live-Musik<\/li>\n<\/ul>\n<p style=\"text-align: left;\">* <span class=\"ui-provider a b c d e f g h i j k l m n o p q r s t u v w x y z ab ac ae af ag ah ai aj ak\" dir=\"ltr\">Ausw\u00e4rts essen: Entdecken Sie die lokale K\u00fcche mit einem fabelhaften Abendessen in einem sorgf\u00e4ltig ausgew\u00e4hlten Restaurant in der Umgebung. G\u00fcltig f\u00fcr einen Mindestaufenthalt von 7 N\u00e4chten\u00a0<\/span><\/p>","protected":false},"excerpt":{"rendered":"<p>For the best all-inclusive holidays in Parga, Greece check in to Elix for a most relaxing all-round holiday with our Premium All Inclusive offering. Take your vacation experience to a totally new level, where virtually everything \u2013 from meals and drinks to a wide range of daily activities for all ages \u2013 is covered in [&#8230;]<\/p>\n<p><a class=\"btn btn-secondary understrap-read-more-link\" href=\"https:\/\/www.marbella.gr\/de\/hotels\/marbella-elix\/premium-all-inclusive\/\">Read More&#8230;<span class=\"screen-reader-text\"> from Premium All Inclusive<\/span><\/a><\/p>\n","protected":false},"author":18,"featured_media":0,"parent":385,"menu_order":0,"comment_status":"closed","ping_status":"closed","template":"","meta":{"_acf_changed":false,"footnotes":""},"class_list":["post-4576","page","type-page","status-publish","hentry"],"acf":[],"yoast_head":"<!-- This site is optimized with the Yoast SEO plugin v27.5 - https:\/\/yoast.com\/product\/yoast-seo-wordpress\/ -->\n<title>Premium All inclusive holidays to Parga Greece | Elix, Mar-Bella<\/title>\n<meta name=\"description\" content=\"Have you been dreaming of all inclusive holidays to Parga, Greece? Well, Elix is the best choice for an incredible Ionian seaside holiday.\" \/>\n<meta name=\"robots\" content=\"index, follow, max-snippet:-1, max-image-preview:large, max-video-preview:-1\" \/>\n<link rel=\"canonical\" href=\"https:\/\/www.marbella.gr\/de\/hotels\/marbella-elix\/premium-all-inclusive\/\" \/>\n<meta property=\"og:locale\" content=\"de_DE\" \/>\n<meta property=\"og:type\" content=\"article\" \/>\n<meta property=\"og:title\" content=\"Premium All inclusive holidays to Parga Greece | Elix, Mar-Bella\" \/>\n<meta property=\"og:description\" content=\"Have you been dreaming of all inclusive holidays to Parga, Greece? Well, Elix is the best choice for an incredible Ionian seaside holiday.\" \/>\n<meta property=\"og:url\" content=\"https:\/\/www.marbella.gr\/de\/hotels\/marbella-elix\/premium-all-inclusive\/\" \/>\n<meta property=\"og:site_name\" content=\"Mar-Bella Collection\" \/>\n<meta property=\"article:modified_time\" content=\"2024-08-30T10:19:49+00:00\" \/>\n<meta property=\"og:image\" content=\"https:\/\/www.marbella.gr\/app\/uploads\/2024\/05\/Elix_Water-Sports-2-scaled.jpg\" \/>\n\t<meta property=\"og:image:width\" content=\"2560\" \/>\n\t<meta property=\"og:image:height\" content=\"1705\" \/>\n\t<meta property=\"og:image:type\" content=\"image\/jpeg\" \/>\n<meta name=\"twitter:card\" content=\"summary_large_image\" \/>\n<meta name=\"twitter:label1\" content=\"Gesch\u00e4tzte Lesezeit\" \/>\n\t<meta name=\"twitter:data1\" content=\"2\u00a0Minuten\" \/>\n<!-- \/ Yoast SEO plugin. -->","yoast_head_json":{"title":"Premium All inclusive Urlaub in Parga Griechenland | Elix, Mar-Bella","description":"Haben Sie schon lange von einem All-Inclusive-Urlaub in Parga, Griechenland, getr\u00e4umt? Nun, Elix ist die beste Wahl f\u00fcr einen unglaublichen Urlaub am Ionischen Meer.","robots":{"index":"index","follow":"follow","max-snippet":"max-snippet:-1","max-image-preview":"max-image-preview:large","max-video-preview":"max-video-preview:-1"},"canonical":"https:\/\/www.marbella.gr\/de\/hotels\/marbella-elix\/premium-all-inclusive\/","og_locale":"de_DE","og_type":"article","og_title":"Premium All inclusive holidays to Parga Greece | Elix, Mar-Bella","og_description":"Have you been dreaming of all inclusive holidays to Parga, Greece? Well, Elix is the best choice for an incredible Ionian seaside holiday.","og_url":"https:\/\/www.marbella.gr\/de\/hotels\/marbella-elix\/premium-all-inclusive\/","og_site_name":"Mar-Bella Collection","article_modified_time":"2024-08-30T10:19:49+00:00","og_image":[{"width":2560,"height":1705,"url":"https:\/\/www.marbella.gr\/app\/uploads\/2024\/05\/Elix_Water-Sports-2-scaled.jpg","type":"image\/jpeg"}],"twitter_card":"summary_large_image","twitter_misc":{"Gesch\u00e4tzte Lesezeit":"2\u00a0Minuten"},"schema":{"@context":"https:\/\/schema.org","@graph":[{"@type":"WebPage","@id":"https:\/\/www.marbella.gr\/hotels\/marbella-elix\/premium-all-inclusive\/","url":"https:\/\/www.marbella.gr\/hotels\/marbella-elix\/premium-all-inclusive\/","name":"Premium All inclusive Urlaub in Parga Griechenland | Elix, Mar-Bella","isPartOf":{"@id":"https:\/\/www.marbella.gr\/#website"},"datePublished":"2023-06-20T12:35:30+00:00","dateModified":"2024-08-30T10:19:49+00:00","description":"Haben Sie schon lange von einem All-Inclusive-Urlaub in Parga, Griechenland, getr\u00e4umt? Nun, Elix ist die beste Wahl f\u00fcr einen unglaublichen Urlaub am Ionischen Meer.","breadcrumb":{"@id":"https:\/\/www.marbella.gr\/hotels\/marbella-elix\/premium-all-inclusive\/#breadcrumb"},"inLanguage":"de","potentialAction":[{"@type":"ReadAction","target":["https:\/\/www.marbella.gr\/hotels\/marbella-elix\/premium-all-inclusive\/"]}]},{"@type":"BreadcrumbList","@id":"https:\/\/www.marbella.gr\/hotels\/marbella-elix\/premium-all-inclusive\/#breadcrumb","itemListElement":[{"@type":"ListItem","position":1,"name":"Home","item":"https:\/\/www.marbella.gr\/"},{"@type":"ListItem","position":2,"name":"Hotels","item":"https:\/\/www.marbella.gr\/hotels\/"},{"@type":"ListItem","position":3,"name":"Elix","item":"https:\/\/www.marbella.gr\/hotels\/marbella-elix\/"},{"@type":"ListItem","position":4,"name":"Premium All Inclusive"}]},{"@type":"WebSite","@id":"https:\/\/www.marbella.gr\/#website","url":"https:\/\/www.marbella.gr\/","name":"MarBella","description":"Eine Familie von Hotels, die Sie mit dem wundersch\u00f6nen Ionischen Meer verbindet","publisher":{"@id":"https:\/\/www.marbella.gr\/#organization"},"alternateName":"MarBella","potentialAction":[{"@type":"SearchAction","target":{"@type":"EntryPoint","urlTemplate":"https:\/\/www.marbella.gr\/?s={search_term_string}"},"query-input":{"@type":"PropertyValueSpecification","valueRequired":true,"valueName":"search_term_string"}}],"inLanguage":"de"},{"@type":"Organization","@id":"https:\/\/www.marbella.gr\/#organization","name":"MarBella","url":"https:\/\/www.marbella.gr\/","logo":{"@type":"ImageObject","inLanguage":"de","@id":"https:\/\/www.marbella.gr\/#\/schema\/logo\/image\/","url":"https:\/\/www.marbella.gr\/app\/uploads\/2023\/06\/Marbella-collection.png","contentUrl":"https:\/\/www.marbella.gr\/app\/uploads\/2023\/06\/Marbella-collection.png","width":230,"height":75,"caption":"MarBella"},"image":{"@id":"https:\/\/www.marbella.gr\/#\/schema\/logo\/image\/"}}]}},"_links":{"self":[{"href":"https:\/\/www.marbella.gr\/de\/wp-json\/wp\/v2\/pages\/4576","targetHints":{"allow":["GET"]}}],"collection":[{"href":"https:\/\/www.marbella.gr\/de\/wp-json\/wp\/v2\/pages"}],"about":[{"href":"https:\/\/www.marbella.gr\/de\/wp-json\/wp\/v2\/types\/page"}],"author":[{"embeddable":true,"href":"https:\/\/www.marbella.gr\/de\/wp-json\/wp\/v2\/users\/18"}],"replies":[{"embeddable":true,"href":"https:\/\/www.marbella.gr\/de\/wp-json\/wp\/v2\/comments?post=4576"}],"version-history":[{"count":8,"href":"https:\/\/www.marbella.gr\/de\/wp-json\/wp\/v2\/pages\/4576\/revisions"}],"predecessor-version":[{"id":8060,"href":"https:\/\/www.marbella.gr\/de\/wp-json\/wp\/v2\/pages\/4576\/revisions\/8060"}],"up":[{"embeddable":true,"href":"https:\/\/www.marbella.gr\/de\/wp-json\/wp\/v2\/pages\/385"}],"wp:attachment":[{"href":"https:\/\/www.marbella.gr\/de\/wp-json\/wp\/v2\/media?parent=4576"}],"curies":[{"name":"wp","href":"https:\/\/api.w.org\/{rel}","templated":true}]}}