{"id":5008,"date":"2023-06-26T08:40:16","date_gmt":"2023-06-26T08:40:16","guid":{"rendered":"https:\/\/www.marbella.gr\/hotels\/marbella-elix\/premium-all-inclusive-copy\/"},"modified":"2025-01-28T15:32:15","modified_gmt":"2025-01-28T15:32:15","slug":"connecting-to-water","status":"publish","type":"page","link":"https:\/\/www.marbella.gr\/de\/hotels\/marbella-elix\/connecting-to-water\/","title":{"rendered":"Anschluss an Wasser Elix"},"content":{"rendered":"<p>Das Elix liegt ruhig auf einer Anh\u00f6he, eingebettet in die atemberaubenden Blaut\u00f6ne des Himmels und des Meeres. Die Lobbyterrasse ist perfekt, um die weiten Ausblicke und die unendlichen goldenen Str\u00e4nde von Karavostasi zu genie\u00dfen. Das Abenteuer ruft mit einer Auswahl an Wassersportarten, die f\u00fcr alle G\u00e4ste geeignet sind. Oder wagen Sie sich in die Ferne, um die versteckten Str\u00e4nde, H\u00f6hlen und verlockenden Inseln zu erkunden, die dieses herrliche Reiseziel umgeben.<\/p>","protected":false},"excerpt":{"rendered":"<p>Sitting serenely on high, Elix is immersed between the stunning blues of the sky and sea. The lobby terrace is perfect for showcasing the sweeping vistas and unending golden shores of Karavostasi beach. Adventure calls with a choice of watersports to suit all our guests. Or venture further afield to explore the hidden beaches, caves [&#8230;]<\/p>\n<p><a class=\"btn btn-secondary understrap-read-more-link\" href=\"https:\/\/www.marbella.gr\/de\/hotels\/marbella-elix\/connecting-to-water\/\">Read More&#8230;<span class=\"screen-reader-text\"> from Connecting to water Elix<\/span><\/a><\/p>\n","protected":false},"author":18,"featured_media":0,"parent":385,"menu_order":0,"comment_status":"closed","ping_status":"closed","template":"","meta":{"_acf_changed":false,"footnotes":""},"class_list":["post-5008","page","type-page","status-publish","hentry"],"acf":[],"yoast_head":"<!-- This site is optimized with the Yoast SEO plugin v27.4 - https:\/\/yoast.com\/product\/yoast-seo-wordpress\/ -->\n<title>Connecting with Water | Elix by Mar-Bella Collection<\/title>\n<meta name=\"description\" content=\"Elix by Mar-Bella Collection sits high on a cliff above the golden Karavostasi beach in Parga, for endless Ionian sea views and jaw-dropping infinity pools.\" \/>\n<meta name=\"robots\" content=\"index, follow, max-snippet:-1, max-image-preview:large, max-video-preview:-1\" \/>\n<link rel=\"canonical\" href=\"https:\/\/www.marbella.gr\/de\/hotels\/marbella-elix\/connecting-to-water\/\" \/>\n<meta property=\"og:locale\" content=\"de_DE\" \/>\n<meta property=\"og:type\" content=\"article\" \/>\n<meta property=\"og:title\" content=\"Connecting with Water | Elix by Mar-Bella Collection\" \/>\n<meta property=\"og:description\" content=\"Elix by Mar-Bella Collection sits high on a cliff above the golden Karavostasi beach in Parga, for endless Ionian sea views and jaw-dropping infinity pools.\" \/>\n<meta property=\"og:url\" content=\"https:\/\/www.marbella.gr\/de\/hotels\/marbella-elix\/connecting-to-water\/\" \/>\n<meta property=\"og:site_name\" content=\"Mar-Bella Collection\" \/>\n<meta property=\"article:modified_time\" content=\"2025-01-28T15:32:15+00:00\" \/>\n<meta property=\"og:image\" content=\"https:\/\/www.marbella.gr\/app\/uploads\/2024\/05\/Elix_Water-Sports-2-scaled.jpg\" \/>\n\t<meta property=\"og:image:width\" content=\"2560\" \/>\n\t<meta property=\"og:image:height\" content=\"1705\" \/>\n\t<meta property=\"og:image:type\" content=\"image\/jpeg\" \/>\n<meta name=\"twitter:card\" content=\"summary_large_image\" \/>\n<meta name=\"twitter:label1\" content=\"Gesch\u00e4tzte Lesezeit\" \/>\n\t<meta name=\"twitter:data1\" content=\"1\u00a0Minute\" \/>\n<!-- \/ Yoast SEO plugin. -->","yoast_head_json":{"title":"Die Verbindung mit dem Wasser | Elix by Mar-Bella Kollektion","description":"Das Elix by Mar-Bella Collection liegt hoch auf einer Klippe \u00fcber dem goldenen Karavostasi-Strand in Parga und bietet endlose Ausblicke auf das Ionische Meer und atemberaubende Infinity-Pools.","robots":{"index":"index","follow":"follow","max-snippet":"max-snippet:-1","max-image-preview":"max-image-preview:large","max-video-preview":"max-video-preview:-1"},"canonical":"https:\/\/www.marbella.gr\/de\/hotels\/marbella-elix\/connecting-to-water\/","og_locale":"de_DE","og_type":"article","og_title":"Connecting with Water | Elix by Mar-Bella Collection","og_description":"Elix by Mar-Bella Collection sits high on a cliff above the golden Karavostasi beach in Parga, for endless Ionian sea views and jaw-dropping infinity pools.","og_url":"https:\/\/www.marbella.gr\/de\/hotels\/marbella-elix\/connecting-to-water\/","og_site_name":"Mar-Bella Collection","article_modified_time":"2025-01-28T15:32:15+00:00","og_image":[{"width":2560,"height":1705,"url":"https:\/\/www.marbella.gr\/app\/uploads\/2024\/05\/Elix_Water-Sports-2-scaled.jpg","type":"image\/jpeg"}],"twitter_card":"summary_large_image","twitter_misc":{"Gesch\u00e4tzte Lesezeit":"1\u00a0Minute"},"schema":{"@context":"https:\/\/schema.org","@graph":[{"@type":"WebPage","@id":"https:\/\/www.marbella.gr\/hotels\/marbella-elix\/connecting-to-water\/","url":"https:\/\/www.marbella.gr\/hotels\/marbella-elix\/connecting-to-water\/","name":"Die Verbindung mit dem Wasser | Elix by Mar-Bella Kollektion","isPartOf":{"@id":"https:\/\/www.marbella.gr\/#website"},"datePublished":"2023-06-26T08:40:16+00:00","dateModified":"2025-01-28T15:32:15+00:00","description":"Das Elix by Mar-Bella Collection liegt hoch auf einer Klippe \u00fcber dem goldenen Karavostasi-Strand in Parga und bietet endlose Ausblicke auf das Ionische Meer und atemberaubende Infinity-Pools.","breadcrumb":{"@id":"https:\/\/www.marbella.gr\/hotels\/marbella-elix\/connecting-to-water\/#breadcrumb"},"inLanguage":"de","potentialAction":[{"@type":"ReadAction","target":["https:\/\/www.marbella.gr\/hotels\/marbella-elix\/connecting-to-water\/"]}]},{"@type":"BreadcrumbList","@id":"https:\/\/www.marbella.gr\/hotels\/marbella-elix\/connecting-to-water\/#breadcrumb","itemListElement":[{"@type":"ListItem","position":1,"name":"Home","item":"https:\/\/www.marbella.gr\/"},{"@type":"ListItem","position":2,"name":"Hotels","item":"https:\/\/www.marbella.gr\/hotels\/"},{"@type":"ListItem","position":3,"name":"Elix","item":"https:\/\/www.marbella.gr\/hotels\/marbella-elix\/"},{"@type":"ListItem","position":4,"name":"Connecting to water Elix"}]},{"@type":"WebSite","@id":"https:\/\/www.marbella.gr\/#website","url":"https:\/\/www.marbella.gr\/","name":"MarBella","description":"Eine Familie von Hotels, die Sie mit dem wundersch\u00f6nen Ionischen Meer verbindet","publisher":{"@id":"https:\/\/www.marbella.gr\/#organization"},"alternateName":"MarBella","potentialAction":[{"@type":"SearchAction","target":{"@type":"EntryPoint","urlTemplate":"https:\/\/www.marbella.gr\/?s={search_term_string}"},"query-input":{"@type":"PropertyValueSpecification","valueRequired":true,"valueName":"search_term_string"}}],"inLanguage":"de"},{"@type":"Organization","@id":"https:\/\/www.marbella.gr\/#organization","name":"MarBella","url":"https:\/\/www.marbella.gr\/","logo":{"@type":"ImageObject","inLanguage":"de","@id":"https:\/\/www.marbella.gr\/#\/schema\/logo\/image\/","url":"https:\/\/www.marbella.gr\/app\/uploads\/2023\/06\/Marbella-collection.png","contentUrl":"https:\/\/www.marbella.gr\/app\/uploads\/2023\/06\/Marbella-collection.png","width":230,"height":75,"caption":"MarBella"},"image":{"@id":"https:\/\/www.marbella.gr\/#\/schema\/logo\/image\/"}}]}},"_links":{"self":[{"href":"https:\/\/www.marbella.gr\/de\/wp-json\/wp\/v2\/pages\/5008","targetHints":{"allow":["GET"]}}],"collection":[{"href":"https:\/\/www.marbella.gr\/de\/wp-json\/wp\/v2\/pages"}],"about":[{"href":"https:\/\/www.marbella.gr\/de\/wp-json\/wp\/v2\/types\/page"}],"author":[{"embeddable":true,"href":"https:\/\/www.marbella.gr\/de\/wp-json\/wp\/v2\/users\/18"}],"replies":[{"embeddable":true,"href":"https:\/\/www.marbella.gr\/de\/wp-json\/wp\/v2\/comments?post=5008"}],"version-history":[{"count":9,"href":"https:\/\/www.marbella.gr\/de\/wp-json\/wp\/v2\/pages\/5008\/revisions"}],"predecessor-version":[{"id":9281,"href":"https:\/\/www.marbella.gr\/de\/wp-json\/wp\/v2\/pages\/5008\/revisions\/9281"}],"up":[{"embeddable":true,"href":"https:\/\/www.marbella.gr\/de\/wp-json\/wp\/v2\/pages\/385"}],"wp:attachment":[{"href":"https:\/\/www.marbella.gr\/de\/wp-json\/wp\/v2\/media?parent=5008"}],"curies":[{"name":"wp","href":"https:\/\/api.w.org\/{rel}","templated":true}]}}