{"id":6088,"date":"2023-10-05T08:46:27","date_gmt":"2023-10-05T08:46:27","guid":{"rendered":"https:\/\/www.marbella.gr\/download-our-app-copy\/"},"modified":"2024-11-07T13:20:05","modified_gmt":"2024-11-07T13:20:05","slug":"a-family-of-hotels-connecting-you-to-the-beautiful-ionian-sea","status":"publish","type":"page","link":"https:\/\/www.marbella.gr\/de\/a-family-of-hotels-connecting-you-to-the-beautiful-ionian-sea\/","title":{"rendered":"Eine Familie von Hotels, die Sie mit dem wundersch\u00f6nen Ionischen Meer verbindet"},"content":{"rendered":"<p>Die Mar-Bella Collection ist eine in Familienbesitz befindliche Gruppe von drei Luxushotels am Ionischen Meer in Griechenland, die alle sorgf\u00e4ltig auf die sich st\u00e4ndig \u00e4ndernden Bed\u00fcrfnisse der G\u00e4ste in den verschiedenen Lebensphasen abgestimmt sind. Sehen Sie unser <a href=\"https:\/\/www.youtube.com\/watch?v=aNtW6Pzbwww\" target=\"_blank\" rel=\"noopener\"><strong>Video<\/strong><\/a><\/p>","protected":false},"excerpt":{"rendered":"<p>Mar-Bella Collection is a family-owned group of three luxury hotels dotted around the Ionian Sea in Greece, all carefully curated to suit the ever-changing needs of guests across different stages of their life. View our video [&#8230;]<\/p>\n<p><a class=\"btn btn-secondary understrap-read-more-link\" href=\"https:\/\/www.marbella.gr\/de\/a-family-of-hotels-connecting-you-to-the-beautiful-ionian-sea\/\">Read More&#8230;<span class=\"screen-reader-text\"> from A family of hotels connecting you to the beautiful Ionian Sea<\/span><\/a><\/p>\n","protected":false},"author":18,"featured_media":0,"parent":0,"menu_order":0,"comment_status":"closed","ping_status":"closed","template":"","meta":{"_acf_changed":false,"footnotes":""},"class_list":["post-6088","page","type-page","status-publish","hentry"],"acf":[],"yoast_head":"<!-- This site is optimized with the Yoast SEO plugin v27.2 - https:\/\/yoast.com\/product\/yoast-seo-wordpress\/ -->\n<title>A family of hotels connecting you to the beautiful Ionian Sea - Mar-Bella Collection<\/title>\n<meta name=\"robots\" content=\"index, follow, max-snippet:-1, max-image-preview:large, max-video-preview:-1\" \/>\n<link rel=\"canonical\" href=\"https:\/\/www.marbella.gr\/de\/download-our-app\/\" \/>\n<meta property=\"og:locale\" content=\"de_DE\" \/>\n<meta property=\"og:type\" content=\"article\" \/>\n<meta property=\"og:title\" content=\"A family of hotels connecting you to the beautiful Ionian Sea - Mar-Bella Collection\" \/>\n<meta property=\"og:description\" content=\"Mar-Bella Collection is a family-owned group of three luxury hotels dotted around the Ionian Sea in Greece, all carefully curated to suit the ever-changing needs of guests across different stages of their life. View our video [...]Read More... from A family of hotels connecting you to the beautiful Ionian Sea\" \/>\n<meta property=\"og:url\" content=\"https:\/\/www.marbella.gr\/de\/download-our-app\/\" \/>\n<meta property=\"og:site_name\" content=\"Mar-Bella Collection\" \/>\n<meta property=\"article:modified_time\" content=\"2024-11-07T13:20:05+00:00\" \/>\n<meta property=\"og:image\" content=\"https:\/\/www.marbella.gr\/app\/uploads\/2024\/05\/Elix_Water-Sports-2-scaled.jpg\" \/>\n\t<meta property=\"og:image:width\" content=\"2560\" \/>\n\t<meta property=\"og:image:height\" content=\"1705\" \/>\n\t<meta property=\"og:image:type\" content=\"image\/jpeg\" \/>\n<meta name=\"twitter:card\" content=\"summary_large_image\" \/>\n<meta name=\"twitter:label1\" content=\"Gesch\u00e4tzte Lesezeit\" \/>\n\t<meta name=\"twitter:data1\" content=\"1\u00a0Minute\" \/>\n<!-- \/ Yoast SEO plugin. -->","yoast_head_json":{"title":"Eine Familie von Hotels, die Sie mit dem wundersch\u00f6nen Ionischen Meer verbindet - Mar-Bella Collection","robots":{"index":"index","follow":"follow","max-snippet":"max-snippet:-1","max-image-preview":"max-image-preview:large","max-video-preview":"max-video-preview:-1"},"canonical":"https:\/\/www.marbella.gr\/de\/download-our-app\/","og_locale":"de_DE","og_type":"article","og_title":"A family of hotels connecting you to the beautiful Ionian Sea - Mar-Bella Collection","og_description":"Mar-Bella Collection is a family-owned group of three luxury hotels dotted around the Ionian Sea in Greece, all carefully curated to suit the ever-changing needs of guests across different stages of their life. View our video [...]Read More... from A family of hotels connecting you to the beautiful Ionian Sea","og_url":"https:\/\/www.marbella.gr\/de\/download-our-app\/","og_site_name":"Mar-Bella Collection","article_modified_time":"2024-11-07T13:20:05+00:00","og_image":[{"width":2560,"height":1705,"url":"https:\/\/www.marbella.gr\/app\/uploads\/2024\/05\/Elix_Water-Sports-2-scaled.jpg","type":"image\/jpeg"}],"twitter_card":"summary_large_image","twitter_misc":{"Gesch\u00e4tzte Lesezeit":"1\u00a0Minute"},"schema":{"@context":"https:\/\/schema.org","@graph":[{"@type":"WebPage","@id":"https:\/\/www.marbella.gr\/a-family-of-hotels-connecting-you-to-the-beautiful-ionian-sea\/","url":"https:\/\/www.marbella.gr\/download-our-app\/","name":"Eine Familie von Hotels, die Sie mit dem wundersch\u00f6nen Ionischen Meer verbindet - Mar-Bella Collection","isPartOf":{"@id":"https:\/\/www.marbella.gr\/#website"},"datePublished":"2023-10-05T08:46:27+00:00","dateModified":"2024-11-07T13:20:05+00:00","breadcrumb":{"@id":"https:\/\/www.marbella.gr\/download-our-app\/#breadcrumb"},"inLanguage":"de","potentialAction":[{"@type":"ReadAction","target":["https:\/\/www.marbella.gr\/download-our-app\/"]}]},{"@type":"BreadcrumbList","@id":"https:\/\/www.marbella.gr\/download-our-app\/#breadcrumb","itemListElement":[{"@type":"ListItem","position":1,"name":"Home","item":"https:\/\/www.marbella.gr\/"},{"@type":"ListItem","position":2,"name":"A family of hotels connecting you to the beautiful Ionian Sea"}]},{"@type":"WebSite","@id":"https:\/\/www.marbella.gr\/#website","url":"https:\/\/www.marbella.gr\/","name":"MarBella","description":"Eine Familie von Hotels, die Sie mit dem wundersch\u00f6nen Ionischen Meer verbindet","publisher":{"@id":"https:\/\/www.marbella.gr\/#organization"},"alternateName":"MarBella","potentialAction":[{"@type":"SearchAction","target":{"@type":"EntryPoint","urlTemplate":"https:\/\/www.marbella.gr\/?s={search_term_string}"},"query-input":{"@type":"PropertyValueSpecification","valueRequired":true,"valueName":"search_term_string"}}],"inLanguage":"de"},{"@type":"Organization","@id":"https:\/\/www.marbella.gr\/#organization","name":"MarBella","url":"https:\/\/www.marbella.gr\/","logo":{"@type":"ImageObject","inLanguage":"de","@id":"https:\/\/www.marbella.gr\/#\/schema\/logo\/image\/","url":"https:\/\/www.marbella.gr\/app\/uploads\/2023\/06\/Marbella-collection.png","contentUrl":"https:\/\/www.marbella.gr\/app\/uploads\/2023\/06\/Marbella-collection.png","width":230,"height":75,"caption":"MarBella"},"image":{"@id":"https:\/\/www.marbella.gr\/#\/schema\/logo\/image\/"}}]}},"_links":{"self":[{"href":"https:\/\/www.marbella.gr\/de\/wp-json\/wp\/v2\/pages\/6088","targetHints":{"allow":["GET"]}}],"collection":[{"href":"https:\/\/www.marbella.gr\/de\/wp-json\/wp\/v2\/pages"}],"about":[{"href":"https:\/\/www.marbella.gr\/de\/wp-json\/wp\/v2\/types\/page"}],"author":[{"embeddable":true,"href":"https:\/\/www.marbella.gr\/de\/wp-json\/wp\/v2\/users\/18"}],"replies":[{"embeddable":true,"href":"https:\/\/www.marbella.gr\/de\/wp-json\/wp\/v2\/comments?post=6088"}],"version-history":[{"count":29,"href":"https:\/\/www.marbella.gr\/de\/wp-json\/wp\/v2\/pages\/6088\/revisions"}],"predecessor-version":[{"id":8441,"href":"https:\/\/www.marbella.gr\/de\/wp-json\/wp\/v2\/pages\/6088\/revisions\/8441"}],"wp:attachment":[{"href":"https:\/\/www.marbella.gr\/de\/wp-json\/wp\/v2\/media?parent=6088"}],"curies":[{"name":"wp","href":"https:\/\/api.w.org\/{rel}","templated":true}]}}